{"id":6427,"date":"2020-03-25T08:45:58","date_gmt":"2020-03-25T07:45:58","guid":{"rendered":"http:\/\/cpl14.fr\/?page_id=6427"},"modified":"2020-03-27T13:13:49","modified_gmt":"2020-03-27T12:13:49","slug":"marianne-de-cocteau","status":"publish","type":"page","link":"https:\/\/cpl14.fr\/?page_id=6427","title":{"rendered":"Marianne de Cocteau"},"content":{"rendered":"<p><img loading=\"lazy\" decoding=\"async\" class=\"size-full wp-image-6677 aligncenter\" src=\"http:\/\/cpl14.fr\/wp-content\/uploads\/2020\/03\/marianne-de-cocteau-1282.jpg\" alt=\"\" width=\"300\" height=\"379\" srcset=\"https:\/\/cpl14.fr\/wp-content\/uploads\/2020\/03\/marianne-de-cocteau-1282.jpg 300w, https:\/\/cpl14.fr\/wp-content\/uploads\/2020\/03\/marianne-de-cocteau-1282-237x300.jpg 237w\" sizes=\"auto, (max-width: 300px) 100vw, 300px\" \/><\/p>\n<p>Emis en 1961, ce timbre est uniquement tir\u00e9 en feuille de 100, sur papier normal ou azur\u00e9.<\/p>\n<p>Avec ce timbre, nous rencontrons un nouveau motif dans la n\u00e9cessit\u00e9 de cr\u00e9er un nouveau poin\u00e7on pour un m\u00eame timbre. Ce timbre imprim\u00e9 au d\u00e9but sur presse TD3 (3 couleurs) au Type I, sera imprim\u00e9 sur presse TD6 (6 couleurs) \u00e0 partir de 1966. Et comme les 2 machines n&rsquo;ont pas le m\u00eame principe de fonctionnement, il faut refaire un poin\u00e7on pour la TD6&#8230; ce sera le Type II.<\/p>\n<h4>Type I<\/h4>\n<p><img loading=\"lazy\" decoding=\"async\" class=\"size-full wp-image-6432 aligncenter\" src=\"http:\/\/cpl14.fr\/wp-content\/uploads\/2020\/03\/TI-1.jpg\" alt=\"\" width=\"500\" height=\"375\" srcset=\"https:\/\/cpl14.fr\/wp-content\/uploads\/2020\/03\/TI-1.jpg 500w, https:\/\/cpl14.fr\/wp-content\/uploads\/2020\/03\/TI-1-300x225.jpg 300w, https:\/\/cpl14.fr\/wp-content\/uploads\/2020\/03\/TI-1-326x245.jpg 326w, https:\/\/cpl14.fr\/wp-content\/uploads\/2020\/03\/TI-1-80x60.jpg 80w\" sizes=\"auto, (max-width: 500px) 100vw, 500px\" \/><\/p>\n<p>&nbsp;<\/p>\n<h4>Type II<\/h4>\n<p>dans le Type II, une \u00ab\u00a0corne\u00a0\u00bb apparait sur le 2 de la valeur faciale:<\/p>\n<p><img loading=\"lazy\" decoding=\"async\" class=\"size-full wp-image-6433 aligncenter\" src=\"http:\/\/cpl14.fr\/wp-content\/uploads\/2020\/03\/TII-1.jpg\" alt=\"\" width=\"500\" height=\"375\" srcset=\"https:\/\/cpl14.fr\/wp-content\/uploads\/2020\/03\/TII-1.jpg 500w, https:\/\/cpl14.fr\/wp-content\/uploads\/2020\/03\/TII-1-300x225.jpg 300w, https:\/\/cpl14.fr\/wp-content\/uploads\/2020\/03\/TII-1-326x245.jpg 326w, https:\/\/cpl14.fr\/wp-content\/uploads\/2020\/03\/TII-1-80x60.jpg 80w\" sizes=\"auto, (max-width: 500px) 100vw, 500px\" \/><\/p>\n<p>&nbsp;<\/p>\n<p>collection B. Bonnet<\/p>\n<p>&nbsp;<\/p>\n<p style=\"text-align: right;\"><a href=\"http:\/\/cpl14.fr\/?p=1150\">retour vers l&rsquo;article Types et Etats<\/a><\/p>\n","protected":false},"excerpt":{"rendered":"<div class=\"mh-excerpt\"><p>Emis en 1961, ce timbre est uniquement tir\u00e9 en feuille de 100, sur papier normal ou azur\u00e9. Avec ce timbre, nous rencontrons un nouveau motif <a class=\"mh-excerpt-more\" href=\"https:\/\/cpl14.fr\/?page_id=6427\" title=\"Marianne de Cocteau\">[&#8230;]<\/a><\/p>\n<\/div>","protected":false},"author":1,"featured_media":0,"parent":0,"menu_order":0,"comment_status":"closed","ping_status":"closed","template":"","meta":{"footnotes":""},"class_list":["post-6427","page","type-page","status-publish","hentry"],"_links":{"self":[{"href":"https:\/\/cpl14.fr\/index.php?rest_route=\/wp\/v2\/pages\/6427","targetHints":{"allow":["GET"]}}],"collection":[{"href":"https:\/\/cpl14.fr\/index.php?rest_route=\/wp\/v2\/pages"}],"about":[{"href":"https:\/\/cpl14.fr\/index.php?rest_route=\/wp\/v2\/types\/page"}],"author":[{"embeddable":true,"href":"https:\/\/cpl14.fr\/index.php?rest_route=\/wp\/v2\/users\/1"}],"replies":[{"embeddable":true,"href":"https:\/\/cpl14.fr\/index.php?rest_route=%2Fwp%2Fv2%2Fcomments&post=6427"}],"version-history":[{"count":6,"href":"https:\/\/cpl14.fr\/index.php?rest_route=\/wp\/v2\/pages\/6427\/revisions"}],"predecessor-version":[{"id":6678,"href":"https:\/\/cpl14.fr\/index.php?rest_route=\/wp\/v2\/pages\/6427\/revisions\/6678"}],"wp:attachment":[{"href":"https:\/\/cpl14.fr\/index.php?rest_route=%2Fwp%2Fv2%2Fmedia&parent=6427"}],"curies":[{"name":"wp","href":"https:\/\/api.w.org\/{rel}","templated":true}]}}