{"id":6441,"date":"2020-03-25T09:39:23","date_gmt":"2020-03-25T08:39:23","guid":{"rendered":"http:\/\/cpl14.fr\/?page_id=6441"},"modified":"2020-03-25T12:01:22","modified_gmt":"2020-03-25T11:01:22","slug":"marianne-de-muller-6f-rouge-orange","status":"publish","type":"page","link":"https:\/\/cpl14.fr\/?page_id=6441","title":{"rendered":"Marianne de Muller 6F rouge-orange"},"content":{"rendered":"<p>Le 6F Marianne de Muller est un timbre particulier. C&rsquo;est un timbre sp\u00e9cialement \u00e9mis pour les distributeurs de timbre!<\/p>\n<p>Plut\u00f4t qu&rsquo;une longue explication, la reproduction du livre de J. Storch sera plus adapt\u00e9e:<\/p>\n<p><img loading=\"lazy\" decoding=\"async\" class=\"size-full wp-image-6475 aligncenter\" src=\"http:\/\/cpl14.fr\/wp-content\/uploads\/2020\/03\/storch-page-1.jpg\" alt=\"\" width=\"900\" height=\"1217\" srcset=\"https:\/\/cpl14.fr\/wp-content\/uploads\/2020\/03\/storch-page-1.jpg 900w, https:\/\/cpl14.fr\/wp-content\/uploads\/2020\/03\/storch-page-1-222x300.jpg 222w, https:\/\/cpl14.fr\/wp-content\/uploads\/2020\/03\/storch-page-1-768x1039.jpg 768w, https:\/\/cpl14.fr\/wp-content\/uploads\/2020\/03\/storch-page-1-757x1024.jpg 757w\" sizes=\"auto, (max-width: 900px) 100vw, 900px\" \/><\/p>\n<p><img loading=\"lazy\" decoding=\"async\" class=\"size-full wp-image-6474 aligncenter\" src=\"http:\/\/cpl14.fr\/wp-content\/uploads\/2020\/03\/storch-page-2.jpg\" alt=\"\" width=\"900\" height=\"1342\" srcset=\"https:\/\/cpl14.fr\/wp-content\/uploads\/2020\/03\/storch-page-2.jpg 900w, https:\/\/cpl14.fr\/wp-content\/uploads\/2020\/03\/storch-page-2-201x300.jpg 201w, https:\/\/cpl14.fr\/wp-content\/uploads\/2020\/03\/storch-page-2-768x1145.jpg 768w, https:\/\/cpl14.fr\/wp-content\/uploads\/2020\/03\/storch-page-2-687x1024.jpg 687w\" sizes=\"auto, (max-width: 900px) 100vw, 900px\" \/><\/p>\n<p>J. Storch nous dit donc roulette et bandes de 5 sans pr\u00e9ciser le sens des bandes&#8230;<\/p>\n<p>Les documents suivant provenant des archives de Michel Catherine nous apportent des informations importantes:<\/p>\n<p><img loading=\"lazy\" decoding=\"async\" class=\"size-full wp-image-6476 aligncenter\" src=\"http:\/\/cpl14.fr\/wp-content\/uploads\/2020\/03\/19-juin-56.jpg\" alt=\"\" width=\"900\" height=\"1129\" srcset=\"https:\/\/cpl14.fr\/wp-content\/uploads\/2020\/03\/19-juin-56.jpg 900w, https:\/\/cpl14.fr\/wp-content\/uploads\/2020\/03\/19-juin-56-239x300.jpg 239w, https:\/\/cpl14.fr\/wp-content\/uploads\/2020\/03\/19-juin-56-768x963.jpg 768w, https:\/\/cpl14.fr\/wp-content\/uploads\/2020\/03\/19-juin-56-816x1024.jpg 816w\" sizes=\"auto, (max-width: 900px) 100vw, 900px\" \/><\/p>\n<p><img loading=\"lazy\" decoding=\"async\" class=\"size-full wp-image-6477 aligncenter\" src=\"http:\/\/cpl14.fr\/wp-content\/uploads\/2020\/03\/26-juillet-56.jpg\" alt=\"\" width=\"900\" height=\"1150\" srcset=\"https:\/\/cpl14.fr\/wp-content\/uploads\/2020\/03\/26-juillet-56.jpg 900w, https:\/\/cpl14.fr\/wp-content\/uploads\/2020\/03\/26-juillet-56-235x300.jpg 235w, https:\/\/cpl14.fr\/wp-content\/uploads\/2020\/03\/26-juillet-56-768x981.jpg 768w, https:\/\/cpl14.fr\/wp-content\/uploads\/2020\/03\/26-juillet-56-801x1024.jpg 801w\" sizes=\"auto, (max-width: 900px) 100vw, 900px\" \/><\/p>\n<p>Dans ces 2 courriers, les bandes sont repr\u00e9sent\u00e9es horizontales&#8230; mais en regardant de pr\u00e8s, ce sont des reconstitutions, les bandes ne sont pas continues!<\/p>\n<p>Alors quid des bandes de 5? le distributeur distribuait 5 timbres de roulette? ou une bande pr\u00e9-\u00e9gren\u00e9e de 5 timbres horizontaux?<\/p>\n<p>Ces distributeurs ont \u00e9t\u00e9 install\u00e9s dans des lieux touristiques&#8230; pour Deauville, toute l&rsquo;ann\u00e9e \u00e0 la gare, et 4 mois d&rsquo;\u00e9t\u00e9 sur la plage<\/p>\n<p><img loading=\"lazy\" decoding=\"async\" class=\"size-full wp-image-6481 aligncenter\" src=\"http:\/\/cpl14.fr\/wp-content\/uploads\/2020\/03\/19-juin-56-extrait.jpg\" alt=\"\" width=\"617\" height=\"249\" srcset=\"https:\/\/cpl14.fr\/wp-content\/uploads\/2020\/03\/19-juin-56-extrait.jpg 617w, https:\/\/cpl14.fr\/wp-content\/uploads\/2020\/03\/19-juin-56-extrait-300x121.jpg 300w\" sizes=\"auto, (max-width: 617px) 100vw, 617px\" \/><\/p>\n<p>mais \u00e0 Deauville, le climat normand eu raison des distributeurs&#8230; les timbres n&rsquo;aiment pas l&rsquo;humidit\u00e9!<\/p>\n<p><img loading=\"lazy\" decoding=\"async\" class=\"size-full wp-image-6478 aligncenter\" src=\"http:\/\/cpl14.fr\/wp-content\/uploads\/2020\/03\/cp-michel.jpg\" alt=\"\" width=\"900\" height=\"1250\" srcset=\"https:\/\/cpl14.fr\/wp-content\/uploads\/2020\/03\/cp-michel.jpg 900w, https:\/\/cpl14.fr\/wp-content\/uploads\/2020\/03\/cp-michel-216x300.jpg 216w, https:\/\/cpl14.fr\/wp-content\/uploads\/2020\/03\/cp-michel-768x1067.jpg 768w, https:\/\/cpl14.fr\/wp-content\/uploads\/2020\/03\/cp-michel-737x1024.jpg 737w\" sizes=\"auto, (max-width: 900px) 100vw, 900px\" \/><\/p>\n<p>collection M. Catherine<\/p>\n<p style=\"text-align: right;\"><a href=\"http:\/\/cpl14.fr\/?page_id=6344\">retour au chapitre Muller<\/a><\/p>\n","protected":false},"excerpt":{"rendered":"<div class=\"mh-excerpt\"><p>Le 6F Marianne de Muller est un timbre particulier. C&rsquo;est un timbre sp\u00e9cialement \u00e9mis pour les distributeurs de timbre! Plut\u00f4t qu&rsquo;une longue explication, la reproduction <a class=\"mh-excerpt-more\" href=\"https:\/\/cpl14.fr\/?page_id=6441\" title=\"Marianne de Muller 6F rouge-orange\">[&#8230;]<\/a><\/p>\n<\/div>","protected":false},"author":1,"featured_media":0,"parent":0,"menu_order":0,"comment_status":"closed","ping_status":"closed","template":"","meta":{"footnotes":""},"class_list":["post-6441","page","type-page","status-publish","hentry"],"_links":{"self":[{"href":"https:\/\/cpl14.fr\/index.php?rest_route=\/wp\/v2\/pages\/6441","targetHints":{"allow":["GET"]}}],"collection":[{"href":"https:\/\/cpl14.fr\/index.php?rest_route=\/wp\/v2\/pages"}],"about":[{"href":"https:\/\/cpl14.fr\/index.php?rest_route=\/wp\/v2\/types\/page"}],"author":[{"embeddable":true,"href":"https:\/\/cpl14.fr\/index.php?rest_route=\/wp\/v2\/users\/1"}],"replies":[{"embeddable":true,"href":"https:\/\/cpl14.fr\/index.php?rest_route=%2Fwp%2Fv2%2Fcomments&post=6441"}],"version-history":[{"count":5,"href":"https:\/\/cpl14.fr\/index.php?rest_route=\/wp\/v2\/pages\/6441\/revisions"}],"predecessor-version":[{"id":6482,"href":"https:\/\/cpl14.fr\/index.php?rest_route=\/wp\/v2\/pages\/6441\/revisions\/6482"}],"wp:attachment":[{"href":"https:\/\/cpl14.fr\/index.php?rest_route=%2Fwp%2Fv2%2Fmedia&parent=6441"}],"curies":[{"name":"wp","href":"https:\/\/api.w.org\/{rel}","templated":true}]}}