{"id":6485,"date":"2020-03-26T07:23:08","date_gmt":"2020-03-26T06:23:08","guid":{"rendered":"http:\/\/cpl14.fr\/?page_id=6485"},"modified":"2020-03-26T07:42:20","modified_gmt":"2020-03-26T06:42:20","slug":"12f-vert-jaune","status":"publish","type":"page","link":"https:\/\/cpl14.fr\/?page_id=6485","title":{"rendered":"12F vert-jaune"},"content":{"rendered":"<p>Ce timbre est le seul en France \u00e0 avoir \u00e9t\u00e9 commercialis\u00e9 uniquement en \u00ab\u00a0carnet non confectionn\u00e9\u00a0\u00bb!<\/p>\n<p>Destin\u00e9 \u00e0 l&rsquo;affranchissement des cartes postales, il se pr\u00e9sente en feuillet de 10 et est vendu au guichet des bureaux de poste, un croquis montre comment en faire un carnet pli\u00e9&#8230; tr\u00e8s artisanal!<\/p>\n<p><img loading=\"lazy\" decoding=\"async\" class=\"size-full wp-image-6491 aligncenter\" src=\"http:\/\/cpl14.fr\/wp-content\/uploads\/2020\/03\/bloc.jpg\" alt=\"\" width=\"620\" height=\"900\" srcset=\"https:\/\/cpl14.fr\/wp-content\/uploads\/2020\/03\/bloc.jpg 620w, https:\/\/cpl14.fr\/wp-content\/uploads\/2020\/03\/bloc-207x300.jpg 207w\" sizes=\"auto, (max-width: 620px) 100vw, 620px\" \/><\/p>\n<p><img loading=\"lazy\" decoding=\"async\" class=\"size-full wp-image-6492 aligncenter\" src=\"http:\/\/cpl14.fr\/wp-content\/uploads\/2020\/03\/cp.jpg\" alt=\"\" width=\"900\" height=\"601\" srcset=\"https:\/\/cpl14.fr\/wp-content\/uploads\/2020\/03\/cp.jpg 900w, https:\/\/cpl14.fr\/wp-content\/uploads\/2020\/03\/cp-300x200.jpg 300w, https:\/\/cpl14.fr\/wp-content\/uploads\/2020\/03\/cp-768x513.jpg 768w\" sizes=\"auto, (max-width: 900px) 100vw, 900px\" \/><\/p>\n<p>&nbsp;<\/p>\n<p>collection Michel Catherine<\/p>\n<p>&nbsp;<\/p>\n<p style=\"text-align: right;\"><a href=\"http:\/\/cpl14.fr\/?page_id=6344\">retour au chapitre Muller<\/a><\/p>\n","protected":false},"excerpt":{"rendered":"<div class=\"mh-excerpt\"><p>Ce timbre est le seul en France \u00e0 avoir \u00e9t\u00e9 commercialis\u00e9 uniquement en \u00ab\u00a0carnet non confectionn\u00e9\u00a0\u00bb! Destin\u00e9 \u00e0 l&rsquo;affranchissement des cartes postales, il se pr\u00e9sente <a class=\"mh-excerpt-more\" href=\"https:\/\/cpl14.fr\/?page_id=6485\" title=\"12F vert-jaune\">[&#8230;]<\/a><\/p>\n<\/div>","protected":false},"author":1,"featured_media":0,"parent":0,"menu_order":0,"comment_status":"closed","ping_status":"closed","template":"","meta":{"footnotes":""},"class_list":["post-6485","page","type-page","status-publish","hentry"],"_links":{"self":[{"href":"https:\/\/cpl14.fr\/index.php?rest_route=\/wp\/v2\/pages\/6485","targetHints":{"allow":["GET"]}}],"collection":[{"href":"https:\/\/cpl14.fr\/index.php?rest_route=\/wp\/v2\/pages"}],"about":[{"href":"https:\/\/cpl14.fr\/index.php?rest_route=\/wp\/v2\/types\/page"}],"author":[{"embeddable":true,"href":"https:\/\/cpl14.fr\/index.php?rest_route=\/wp\/v2\/users\/1"}],"replies":[{"embeddable":true,"href":"https:\/\/cpl14.fr\/index.php?rest_route=%2Fwp%2Fv2%2Fcomments&post=6485"}],"version-history":[{"count":3,"href":"https:\/\/cpl14.fr\/index.php?rest_route=\/wp\/v2\/pages\/6485\/revisions"}],"predecessor-version":[{"id":6493,"href":"https:\/\/cpl14.fr\/index.php?rest_route=\/wp\/v2\/pages\/6485\/revisions\/6493"}],"wp:attachment":[{"href":"https:\/\/cpl14.fr\/index.php?rest_route=%2Fwp%2Fv2%2Fmedia&parent=6485"}],"curies":[{"name":"wp","href":"https:\/\/api.w.org\/{rel}","templated":true}]}}