{"id":6496,"date":"2020-03-26T08:37:53","date_gmt":"2020-03-26T07:37:53","guid":{"rendered":"http:\/\/cpl14.fr\/?page_id=6496"},"modified":"2020-03-26T09:39:39","modified_gmt":"2020-03-26T08:39:39","slug":"souvenirs-de-sa-vie","status":"publish","type":"page","link":"https:\/\/cpl14.fr\/?page_id=6496","title":{"rendered":"Souvenirs de sa vie"},"content":{"rendered":"<p>Il existe peu d&rsquo;images authentiques de la vie de Th\u00e9r\u00e8se, des photographies d&rsquo;\u00e9poque peu nombreuses sont conserv\u00e9es aux archives du Carmel et sont repr\u00e9sent\u00e9es dans les livres de r\u00e9f\u00e9rence abondamment publi\u00e9s (voir bibliographie)<br \/>\nCe que nous traitons ici, ne concerne que les images, souvent d&rsquo;imagination, reconstitution ou dessin qui ont \u00e9t\u00e9 mises \u00e0 disposition du public. Il s&rsquo;agit soit de cartes postales, soit de divers petits formats nomm\u00e9s couramment \u00ab\u00a0images pieuses\u00a0\u00bb.<\/p>\n<p><img loading=\"lazy\" decoding=\"async\" class=\" wp-image-6500 aligncenter\" src=\"http:\/\/cpl14.fr\/wp-content\/uploads\/2020\/03\/1-4.jpg\" alt=\"\" width=\"465\" height=\"699\" srcset=\"https:\/\/cpl14.fr\/wp-content\/uploads\/2020\/03\/1-4.jpg 532w, https:\/\/cpl14.fr\/wp-content\/uploads\/2020\/03\/1-4-200x300.jpg 200w\" sizes=\"auto, (max-width: 465px) 100vw, 465px\" \/><\/p>\n<p>Cette premi\u00e8re image est importante, c&rsquo;est en v\u00e9rit\u00e9 la premi\u00e8re impression visionnaire de Th\u00e9r\u00e8se, enfant, avant le Miracle de la gu\u00e9rison.<br \/>\nCette vision nomm\u00e9e souvent \u00ab\u00a0LE SILLON LUMINEUX\u00a0\u00bb se retrouvera ensuite dans tous ses \u00e9crits.<\/p>\n<h5>L&rsquo;enfance de Th\u00e9r\u00e8se<\/h5>\n<p><img loading=\"lazy\" decoding=\"async\" class=\" wp-image-6501 aligncenter\" src=\"http:\/\/cpl14.fr\/wp-content\/uploads\/2020\/03\/2-2.jpg\" alt=\"\" width=\"419\" height=\"701\" srcset=\"https:\/\/cpl14.fr\/wp-content\/uploads\/2020\/03\/2-2.jpg 478w, https:\/\/cpl14.fr\/wp-content\/uploads\/2020\/03\/2-2-179x300.jpg 179w\" sizes=\"auto, (max-width: 419px) 100vw, 419px\" \/><\/p>\n<p><img loading=\"lazy\" decoding=\"async\" class=\" wp-image-6502 aligncenter\" src=\"http:\/\/cpl14.fr\/wp-content\/uploads\/2020\/03\/3-1.jpg\" alt=\"\" width=\"701\" height=\"438\" srcset=\"https:\/\/cpl14.fr\/wp-content\/uploads\/2020\/03\/3-1.jpg 800w, https:\/\/cpl14.fr\/wp-content\/uploads\/2020\/03\/3-1-300x188.jpg 300w, https:\/\/cpl14.fr\/wp-content\/uploads\/2020\/03\/3-1-768x480.jpg 768w\" sizes=\"auto, (max-width: 701px) 100vw, 701px\" \/><\/p>\n<p><img loading=\"lazy\" decoding=\"async\" class=\" wp-image-6503 aligncenter\" src=\"http:\/\/cpl14.fr\/wp-content\/uploads\/2020\/03\/4-1.jpg\" alt=\"\" width=\"257\" height=\"699\" srcset=\"https:\/\/cpl14.fr\/wp-content\/uploads\/2020\/03\/4-1.jpg 294w, https:\/\/cpl14.fr\/wp-content\/uploads\/2020\/03\/4-1-110x300.jpg 110w\" sizes=\"auto, (max-width: 257px) 100vw, 257px\" \/><\/p>\n<p>&nbsp;<\/p>\n<h5>L&rsquo;apparition de la vierge et le miracle de 1883.<\/h5>\n<h5><img loading=\"lazy\" decoding=\"async\" class=\" wp-image-6504 aligncenter\" src=\"http:\/\/cpl14.fr\/wp-content\/uploads\/2020\/03\/5-1.jpg\" alt=\"\" width=\"917\" height=\"700\" srcset=\"https:\/\/cpl14.fr\/wp-content\/uploads\/2020\/03\/5-1.jpg 1048w, https:\/\/cpl14.fr\/wp-content\/uploads\/2020\/03\/5-1-300x229.jpg 300w, https:\/\/cpl14.fr\/wp-content\/uploads\/2020\/03\/5-1-768x586.jpg 768w, https:\/\/cpl14.fr\/wp-content\/uploads\/2020\/03\/5-1-1024x782.jpg 1024w, https:\/\/cpl14.fr\/wp-content\/uploads\/2020\/03\/5-1-80x60.jpg 80w\" sizes=\"auto, (max-width: 917px) 100vw, 917px\" \/><\/h5>\n<h5>L&rsquo;\u00e9cole, au Pensionnat des B\u00e9n\u00e9dictines de Lisieux<\/h5>\n<h5><img loading=\"lazy\" decoding=\"async\" class=\" wp-image-6505 aligncenter\" src=\"http:\/\/cpl14.fr\/wp-content\/uploads\/2020\/03\/6-1.jpg\" alt=\"\" width=\"699\" height=\"445\" srcset=\"https:\/\/cpl14.fr\/wp-content\/uploads\/2020\/03\/6-1.jpg 800w, https:\/\/cpl14.fr\/wp-content\/uploads\/2020\/03\/6-1-300x191.jpg 300w, https:\/\/cpl14.fr\/wp-content\/uploads\/2020\/03\/6-1-768x489.jpg 768w\" sizes=\"auto, (max-width: 699px) 100vw, 699px\" \/><\/h5>\n<h5>Une jolie image gouach\u00e9e<\/h5>\n<p><img loading=\"lazy\" decoding=\"async\" class=\" wp-image-6506 aligncenter\" src=\"http:\/\/cpl14.fr\/wp-content\/uploads\/2020\/03\/7-2.jpg\" alt=\"\" width=\"494\" height=\"698\" srcset=\"https:\/\/cpl14.fr\/wp-content\/uploads\/2020\/03\/7-2.jpg 566w, https:\/\/cpl14.fr\/wp-content\/uploads\/2020\/03\/7-2-212x300.jpg 212w\" sizes=\"auto, (max-width: 494px) 100vw, 494px\" \/><\/p>\n<p>&nbsp;<\/p>\n<h5>La premi\u00e8re communion le 8 mai 1884, et son r\u00e9cit<\/h5>\n<p><img loading=\"lazy\" decoding=\"async\" class=\" wp-image-6507 aligncenter\" src=\"http:\/\/cpl14.fr\/wp-content\/uploads\/2020\/03\/10-2.jpg\" alt=\"\" width=\"455\" height=\"702\" srcset=\"https:\/\/cpl14.fr\/wp-content\/uploads\/2020\/03\/10-2.jpg 500w, https:\/\/cpl14.fr\/wp-content\/uploads\/2020\/03\/10-2-195x300.jpg 195w\" sizes=\"auto, (max-width: 455px) 100vw, 455px\" \/><\/p>\n<p><img loading=\"lazy\" decoding=\"async\" class=\"size-full wp-image-6514 aligncenter\" src=\"http:\/\/cpl14.fr\/wp-content\/uploads\/2020\/03\/9..jpg\" alt=\"\" width=\"644\" height=\"504\" srcset=\"https:\/\/cpl14.fr\/wp-content\/uploads\/2020\/03\/9..jpg 644w, https:\/\/cpl14.fr\/wp-content\/uploads\/2020\/03\/9.-300x235.jpg 300w\" sizes=\"auto, (max-width: 644px) 100vw, 644px\" \/><\/p>\n<p><img loading=\"lazy\" decoding=\"async\" class=\"size-full wp-image-6510 aligncenter\" src=\"http:\/\/cpl14.fr\/wp-content\/uploads\/2020\/03\/8-2.jpg\" alt=\"\" width=\"600\" height=\"953\" srcset=\"https:\/\/cpl14.fr\/wp-content\/uploads\/2020\/03\/8-2.jpg 600w, https:\/\/cpl14.fr\/wp-content\/uploads\/2020\/03\/8-2-189x300.jpg 189w\" sizes=\"auto, (max-width: 600px) 100vw, 600px\" \/><\/p>\n<p>&nbsp;<\/p>\n<h5>Une enfance \u00ab\u00a0prot\u00e9g\u00e9e\u00a0\u00bb<\/h5>\n<p>Tr\u00e8s proche de son p\u00e8re, Th\u00e9r\u00e8se verra Paris et Notre-Dame-des-Victoires, o\u00f9 son p\u00e8re allait prier chaque fois qu&rsquo;il se rendait \u00e0 Paris pour ses affaires.<\/p>\n<p><img loading=\"lazy\" decoding=\"async\" class=\"size-full wp-image-6516 aligncenter\" src=\"http:\/\/cpl14.fr\/wp-content\/uploads\/2020\/03\/11..jpg\" alt=\"\" width=\"454\" height=\"700\" srcset=\"https:\/\/cpl14.fr\/wp-content\/uploads\/2020\/03\/11..jpg 454w, https:\/\/cpl14.fr\/wp-content\/uploads\/2020\/03\/11.-195x300.jpg 195w\" sizes=\"auto, (max-width: 454px) 100vw, 454px\" \/><br \/>\nLe grand moment de cette adolescence sera sans aucun doute le voyage en Italie, avec la rencontre du Pape, essentielle dans l&rsquo;histoire de Th\u00e9r\u00e8se : nous en reparlerons&#8230;<\/p>\n<p><img loading=\"lazy\" decoding=\"async\" class=\"size-full wp-image-6517 aligncenter\" src=\"http:\/\/cpl14.fr\/wp-content\/uploads\/2020\/03\/12-1.jpg\" alt=\"\" width=\"375\" height=\"700\" srcset=\"https:\/\/cpl14.fr\/wp-content\/uploads\/2020\/03\/12-1.jpg 375w, https:\/\/cpl14.fr\/wp-content\/uploads\/2020\/03\/12-1-161x300.jpg 161w\" sizes=\"auto, (max-width: 375px) 100vw, 375px\" \/><\/p>\n<p>C&rsquo;est apr\u00e8s la rencontre du Pape, que Th\u00e9r\u00e8se demandera \u00e0 son p\u00e8re autorisation de rentrer au Carmel.<br \/>\nLes images de cet \u00e9v\u00e9nement sont innombrables, bien \u00e9videmment.<\/p>\n<p><img loading=\"lazy\" decoding=\"async\" class=\"size-full wp-image-6519 aligncenter\" src=\"http:\/\/cpl14.fr\/wp-content\/uploads\/2020\/03\/13.jpg\" alt=\"\" width=\"450\" height=\"700\" srcset=\"https:\/\/cpl14.fr\/wp-content\/uploads\/2020\/03\/13.jpg 450w, https:\/\/cpl14.fr\/wp-content\/uploads\/2020\/03\/13-193x300.jpg 193w\" sizes=\"auto, (max-width: 450px) 100vw, 450px\" \/><\/p>\n<p><img loading=\"lazy\" decoding=\"async\" class=\"size-full wp-image-6520 aligncenter\" src=\"http:\/\/cpl14.fr\/wp-content\/uploads\/2020\/03\/14.jpg\" alt=\"\" width=\"444\" height=\"700\" srcset=\"https:\/\/cpl14.fr\/wp-content\/uploads\/2020\/03\/14.jpg 444w, https:\/\/cpl14.fr\/wp-content\/uploads\/2020\/03\/14-190x300.jpg 190w\" sizes=\"auto, (max-width: 444px) 100vw, 444px\" \/>\u00a0\u00a0 <img loading=\"lazy\" decoding=\"async\" class=\"size-full wp-image-6523 aligncenter\" src=\"http:\/\/cpl14.fr\/wp-content\/uploads\/2020\/03\/17.jpg\" alt=\"\" width=\"700\" height=\"439\" srcset=\"https:\/\/cpl14.fr\/wp-content\/uploads\/2020\/03\/17.jpg 700w, https:\/\/cpl14.fr\/wp-content\/uploads\/2020\/03\/17-300x188.jpg 300w\" sizes=\"auto, (max-width: 700px) 100vw, 700px\" \/><\/p>\n<p><img loading=\"lazy\" decoding=\"async\" class=\"size-full wp-image-6518 aligncenter\" src=\"http:\/\/cpl14.fr\/wp-content\/uploads\/2020\/03\/18.jpg\" alt=\"\" width=\"317\" height=\"500\" srcset=\"https:\/\/cpl14.fr\/wp-content\/uploads\/2020\/03\/18.jpg 317w, https:\/\/cpl14.fr\/wp-content\/uploads\/2020\/03\/18-190x300.jpg 190w\" sizes=\"auto, (max-width: 317px) 100vw, 317px\" \/><\/p>\n<p><img loading=\"lazy\" decoding=\"async\" class=\"size-full wp-image-6525 aligncenter\" src=\"http:\/\/cpl14.fr\/wp-content\/uploads\/2020\/03\/19.jpg\" alt=\"\" width=\"606\" height=\"500\" srcset=\"https:\/\/cpl14.fr\/wp-content\/uploads\/2020\/03\/19.jpg 606w, https:\/\/cpl14.fr\/wp-content\/uploads\/2020\/03\/19-300x248.jpg 300w\" sizes=\"auto, (max-width: 606px) 100vw, 606px\" \/><\/p>\n<p>&nbsp;<\/p>\n<h5>\u00a0\u00bb APRES MA MORT TOUT LE MONDE M&rsquo;AIMERA\u00a0\u00bb<\/h5>\n<p>Th\u00e9r\u00e8se est gravement malade (de la tuberculose) . Elle a d\u00e9j\u00e0 compris qu&rsquo;elle va mourir, elle accompagne cette fin \u00ab\u00a0programm\u00e9e\u00a0\u00bb de nombreux \u00e9crits dont la c\u00e9l\u00e8bre phrase ici illustr\u00e9e de la PLUIE DE ROSES.<\/p>\n<p><img loading=\"lazy\" decoding=\"async\" class=\"size-full wp-image-6526 aligncenter\" src=\"http:\/\/cpl14.fr\/wp-content\/uploads\/2020\/03\/20.jpg\" alt=\"\" width=\"394\" height=\"700\" srcset=\"https:\/\/cpl14.fr\/wp-content\/uploads\/2020\/03\/20.jpg 394w, https:\/\/cpl14.fr\/wp-content\/uploads\/2020\/03\/20-169x300.jpg 169w\" sizes=\"auto, (max-width: 394px) 100vw, 394px\" \/><\/p>\n<p><img loading=\"lazy\" decoding=\"async\" class=\"size-full wp-image-6528 aligncenter\" src=\"http:\/\/cpl14.fr\/wp-content\/uploads\/2020\/03\/22.jpg\" alt=\"\" width=\"1000\" height=\"703\" srcset=\"https:\/\/cpl14.fr\/wp-content\/uploads\/2020\/03\/22.jpg 1000w, https:\/\/cpl14.fr\/wp-content\/uploads\/2020\/03\/22-300x211.jpg 300w, https:\/\/cpl14.fr\/wp-content\/uploads\/2020\/03\/22-768x540.jpg 768w\" sizes=\"auto, (max-width: 1000px) 100vw, 1000px\" \/><\/p>\n<p>L&rsquo;image illustr\u00e9e d&rsquo;un drapeau repr\u00e9sente l&rsquo;id\u00e9e que Th\u00e9r\u00e8se deviendra Patronne de la France (et aussi plus tard Docteur de l&rsquo;Eglise).<\/p>\n<p><img loading=\"lazy\" decoding=\"async\" class=\"size-full wp-image-6527 aligncenter\" src=\"http:\/\/cpl14.fr\/wp-content\/uploads\/2020\/03\/21.jpg\" alt=\"\" width=\"404\" height=\"700\" srcset=\"https:\/\/cpl14.fr\/wp-content\/uploads\/2020\/03\/21.jpg 404w, https:\/\/cpl14.fr\/wp-content\/uploads\/2020\/03\/21-173x300.jpg 173w\" sizes=\"auto, (max-width: 404px) 100vw, 404px\" \/><\/p>\n<p>Cette image \u00e9galement tr\u00e8s patriotique n&rsquo;est pas sans rappeler la passion de Th\u00e9r\u00e8se pour Jeanne d&rsquo;Arc, autre patronne de la France.<\/p>\n<h5>30 septembre 1897<\/h5>\n<p>Le dernier soupir de Th\u00e9r\u00e8se.<br \/>\nQuelques vues, assez peu diffus\u00e9es \u00e0 l&rsquo;\u00e9poque, principalement des cartes postales.<\/p>\n<p>&nbsp;<\/p>\n<p><img loading=\"lazy\" decoding=\"async\" class=\"size-full wp-image-6534 aligncenter\" src=\"http:\/\/cpl14.fr\/wp-content\/uploads\/2020\/03\/23.jpg\" alt=\"\" width=\"900\" height=\"440\" srcset=\"https:\/\/cpl14.fr\/wp-content\/uploads\/2020\/03\/23.jpg 900w, https:\/\/cpl14.fr\/wp-content\/uploads\/2020\/03\/23-300x147.jpg 300w, https:\/\/cpl14.fr\/wp-content\/uploads\/2020\/03\/23-768x375.jpg 768w\" sizes=\"auto, (max-width: 900px) 100vw, 900px\" \/><\/p>\n<p><img loading=\"lazy\" decoding=\"async\" class=\"size-full wp-image-6535 aligncenter\" src=\"http:\/\/cpl14.fr\/wp-content\/uploads\/2020\/03\/24.jpg\" alt=\"\" width=\"452\" height=\"700\" srcset=\"https:\/\/cpl14.fr\/wp-content\/uploads\/2020\/03\/24.jpg 452w, https:\/\/cpl14.fr\/wp-content\/uploads\/2020\/03\/24-194x300.jpg 194w\" sizes=\"auto, (max-width: 452px) 100vw, 452px\" \/><\/p>\n<p><img loading=\"lazy\" decoding=\"async\" class=\"size-full wp-image-6533 aligncenter\" src=\"http:\/\/cpl14.fr\/wp-content\/uploads\/2020\/03\/27.jpg\" alt=\"\" width=\"700\" height=\"455\" srcset=\"https:\/\/cpl14.fr\/wp-content\/uploads\/2020\/03\/27.jpg 700w, https:\/\/cpl14.fr\/wp-content\/uploads\/2020\/03\/27-300x195.jpg 300w\" sizes=\"auto, (max-width: 700px) 100vw, 700px\" \/><\/p>\n<p><img loading=\"lazy\" decoding=\"async\" class=\"size-full wp-image-6536 aligncenter\" src=\"http:\/\/cpl14.fr\/wp-content\/uploads\/2020\/03\/25.jpg\" alt=\"\" width=\"700\" height=\"445\" srcset=\"https:\/\/cpl14.fr\/wp-content\/uploads\/2020\/03\/25.jpg 700w, https:\/\/cpl14.fr\/wp-content\/uploads\/2020\/03\/25-300x191.jpg 300w\" sizes=\"auto, (max-width: 700px) 100vw, 700px\" \/><\/p>\n<p><img loading=\"lazy\" decoding=\"async\" class=\"size-full wp-image-6537 aligncenter\" src=\"http:\/\/cpl14.fr\/wp-content\/uploads\/2020\/03\/26.jpg\" alt=\"\" width=\"700\" height=\"466\" srcset=\"https:\/\/cpl14.fr\/wp-content\/uploads\/2020\/03\/26.jpg 700w, https:\/\/cpl14.fr\/wp-content\/uploads\/2020\/03\/26-300x200.jpg 300w\" sizes=\"auto, (max-width: 700px) 100vw, 700px\" \/><\/p>\n<p style=\"text-align: center;\">Ce moment est aussi celui o\u00f9 Th\u00e9r\u00e8se entre dans l&rsquo;\u00e9ternit\u00e9, et vient r\u00e9sonner comme notre titre, pour la suite de cette collection d&rsquo;images:<br \/>\n\u00a0\u00bb LA VIE DE THERESE DEPUIS SA MORT\u00a0\u00bb<\/p>\n<p>&nbsp;<\/p>\n<p style=\"text-align: right;\"><a href=\"http:\/\/cpl14.fr\/?p=259\">retour \u00e0 l&rsquo;article Ste Th\u00e9r\u00e9se<\/a><\/p>\n","protected":false},"excerpt":{"rendered":"<div class=\"mh-excerpt\"><p>Il existe peu d&rsquo;images authentiques de la vie de Th\u00e9r\u00e8se, des photographies d&rsquo;\u00e9poque peu nombreuses sont conserv\u00e9es aux archives du Carmel et sont repr\u00e9sent\u00e9es dans <a class=\"mh-excerpt-more\" href=\"https:\/\/cpl14.fr\/?page_id=6496\" title=\"Souvenirs de sa vie\">[&#8230;]<\/a><\/p>\n<\/div>","protected":false},"author":1,"featured_media":0,"parent":0,"menu_order":0,"comment_status":"closed","ping_status":"closed","template":"","meta":{"footnotes":""},"class_list":["post-6496","page","type-page","status-publish","hentry"],"_links":{"self":[{"href":"https:\/\/cpl14.fr\/index.php?rest_route=\/wp\/v2\/pages\/6496","targetHints":{"allow":["GET"]}}],"collection":[{"href":"https:\/\/cpl14.fr\/index.php?rest_route=\/wp\/v2\/pages"}],"about":[{"href":"https:\/\/cpl14.fr\/index.php?rest_route=\/wp\/v2\/types\/page"}],"author":[{"embeddable":true,"href":"https:\/\/cpl14.fr\/index.php?rest_route=\/wp\/v2\/users\/1"}],"replies":[{"embeddable":true,"href":"https:\/\/cpl14.fr\/index.php?rest_route=%2Fwp%2Fv2%2Fcomments&post=6496"}],"version-history":[{"count":6,"href":"https:\/\/cpl14.fr\/index.php?rest_route=\/wp\/v2\/pages\/6496\/revisions"}],"predecessor-version":[{"id":6538,"href":"https:\/\/cpl14.fr\/index.php?rest_route=\/wp\/v2\/pages\/6496\/revisions\/6538"}],"wp:attachment":[{"href":"https:\/\/cpl14.fr\/index.php?rest_route=%2Fwp%2Fv2%2Fmedia&parent=6496"}],"curies":[{"name":"wp","href":"https:\/\/api.w.org\/{rel}","templated":true}]}}