{"id":6561,"date":"2020-03-27T07:01:31","date_gmt":"2020-03-27T06:01:31","guid":{"rendered":"http:\/\/cpl14.fr\/?page_id=6561"},"modified":"2020-03-27T08:51:11","modified_gmt":"2020-03-27T07:51:11","slug":"images-pieuses-et-reliques","status":"publish","type":"page","link":"https:\/\/cpl14.fr\/?page_id=6561","title":{"rendered":"Images pieuses et reliques"},"content":{"rendered":"<h3>Images pieuses<\/h3>\n<p>Les images de Th\u00e9r\u00e8se dites \u00ab\u00a0images pieuses\u00a0\u00bb sont tr\u00e8s nombreuses, vous en avez d\u00e9j\u00e0 vu quelques unes, nous ne pr\u00e9sentons en compl\u00e9ment que quelques beaux sujets .<\/p>\n<p style=\"text-align: left;\">Cette premi\u00e8re image en forme de signet, est gouach\u00e9e sur cellulo\u00efd, avec ajout coll\u00e9 d&rsquo;un mini portrait. Ces images peintes \u00e9taient fabriqu\u00e9es par les religieuses.<\/p>\n<p style=\"text-align: center;\">\u00a0\u00bb Souvenir d&rsquo;une bonne retraite\u00a0\u00bb (spirituelle dans ce cas) au Carmel Ste Anne de Lanester, mai 1932.<\/p>\n<p style=\"text-align: left;\">Les images dat\u00e9es et clairement identifi\u00e9es sont les plus int\u00e9ressantes.<\/p>\n<p><img loading=\"lazy\" decoding=\"async\" class=\"size-full wp-image-6562 aligncenter\" src=\"http:\/\/cpl14.fr\/wp-content\/uploads\/2020\/03\/20200326_101916_resized.jpg\" alt=\"\" width=\"298\" height=\"700\" srcset=\"https:\/\/cpl14.fr\/wp-content\/uploads\/2020\/03\/20200326_101916_resized.jpg 298w, https:\/\/cpl14.fr\/wp-content\/uploads\/2020\/03\/20200326_101916_resized-128x300.jpg 128w\" sizes=\"auto, (max-width: 298px) 100vw, 298px\" \/><\/p>\n<p>&nbsp;<\/p>\n<p>Au format d&rsquo;une carte postale, montage artisanal d&rsquo;un collage ensuite gouach\u00e9 . Souvenir de communion sur bristol \u00ab\u00a0cir\u00e9\u00a0\u00bb (imitation lisse du cellulo\u00efd)<\/p>\n<p style=\"text-align: center;\">\u00ab\u00a0Souvenir de ma communion \u00e0 l&rsquo;\u00e9glise notre dame des Alpes le 11 mai 1941\u00a0\u00bb<br \/>\n(Au crayon sign\u00e9 Yvonne BOTTOT)<\/p>\n<p style=\"text-align: left;\">Un prix au crayon indique que cette image \u00e9tait vendue 2.75, \u00e0 comparer au prix des timbres Iris ou P\u00e9tain.<\/p>\n<p><img loading=\"lazy\" decoding=\"async\" class=\"size-full wp-image-6571 aligncenter\" src=\"http:\/\/cpl14.fr\/wp-content\/uploads\/2020\/03\/2-3.jpg\" alt=\"\" width=\"456\" height=\"700\" srcset=\"https:\/\/cpl14.fr\/wp-content\/uploads\/2020\/03\/2-3.jpg 456w, https:\/\/cpl14.fr\/wp-content\/uploads\/2020\/03\/2-3-195x300.jpg 195w\" sizes=\"auto, (max-width: 456px) 100vw, 456px\" \/><\/p>\n<p>&nbsp;<\/p>\n<p>Nous livrons ensuite 4 pages enti\u00e8res, pour montrer la grande diversit\u00e9 des \u00ab\u00a0possibles\u00a0\u00bb . Nombre d&rsquo;images sont des d\u00e9pliants, avec textes de Th\u00e9r\u00e8se, pri\u00e8res, neuvaines&#8230; ici toutes diff\u00e9rentes.<br \/>\nL&rsquo;esprit du collectionneur, hors d\u00e9monstrations historiques ou religieuses, est de trouver des variantes ou des curiosit\u00e9s. Cette collection est relativement simple, la complication vient dans les d\u00e9tails.<\/p>\n<p><img loading=\"lazy\" decoding=\"async\" class=\"alignnone size-full wp-image-6572\" src=\"http:\/\/cpl14.fr\/wp-content\/uploads\/2020\/03\/6-2.jpg\" alt=\"\" width=\"900\" height=\"621\" srcset=\"https:\/\/cpl14.fr\/wp-content\/uploads\/2020\/03\/6-2.jpg 900w, https:\/\/cpl14.fr\/wp-content\/uploads\/2020\/03\/6-2-300x207.jpg 300w, https:\/\/cpl14.fr\/wp-content\/uploads\/2020\/03\/6-2-768x530.jpg 768w\" sizes=\"auto, (max-width: 900px) 100vw, 900px\" \/><\/p>\n<p><img loading=\"lazy\" decoding=\"async\" class=\"alignnone size-full wp-image-6573\" src=\"http:\/\/cpl14.fr\/wp-content\/uploads\/2020\/03\/3-2.jpg\" alt=\"\" width=\"900\" height=\"624\" srcset=\"https:\/\/cpl14.fr\/wp-content\/uploads\/2020\/03\/3-2.jpg 900w, https:\/\/cpl14.fr\/wp-content\/uploads\/2020\/03\/3-2-300x208.jpg 300w, https:\/\/cpl14.fr\/wp-content\/uploads\/2020\/03\/3-2-768x532.jpg 768w\" sizes=\"auto, (max-width: 900px) 100vw, 900px\" \/><\/p>\n<p><img loading=\"lazy\" decoding=\"async\" class=\"alignnone size-full wp-image-6574\" src=\"http:\/\/cpl14.fr\/wp-content\/uploads\/2020\/03\/4-2.jpg\" alt=\"\" width=\"900\" height=\"631\" srcset=\"https:\/\/cpl14.fr\/wp-content\/uploads\/2020\/03\/4-2.jpg 900w, https:\/\/cpl14.fr\/wp-content\/uploads\/2020\/03\/4-2-300x210.jpg 300w, https:\/\/cpl14.fr\/wp-content\/uploads\/2020\/03\/4-2-768x538.jpg 768w\" sizes=\"auto, (max-width: 900px) 100vw, 900px\" \/><\/p>\n<p><img loading=\"lazy\" decoding=\"async\" class=\"alignnone size-full wp-image-6575\" src=\"http:\/\/cpl14.fr\/wp-content\/uploads\/2020\/03\/5-2.jpg\" alt=\"\" width=\"900\" height=\"628\" srcset=\"https:\/\/cpl14.fr\/wp-content\/uploads\/2020\/03\/5-2.jpg 900w, https:\/\/cpl14.fr\/wp-content\/uploads\/2020\/03\/5-2-300x209.jpg 300w, https:\/\/cpl14.fr\/wp-content\/uploads\/2020\/03\/5-2-768x536.jpg 768w\" sizes=\"auto, (max-width: 900px) 100vw, 900px\" \/><\/p>\n<p>&nbsp;<\/p>\n<p>Notre derni\u00e8re vue multiple met en \u00e9vidence, dans le contexte lexovien, la pr\u00e9sence de la cr\u00e9atrice originelle des Carm\u00e9lites, qui est Sainte Th\u00e9r\u00e8se d&rsquo;Avila.<br \/>\nLes visiteurs et p\u00e8lerins la retrouveront dans tous les lieux carm\u00e9lites, et en grande place dans notre Basilique de Lisieux.<br \/>\nNotez au passage, avec le timbre, que le th\u00e8me philat\u00e9lique de Sainte Th\u00e9r\u00e8se fera plus tard l&rsquo;objet d&rsquo;une \u00e9tude bien distincte.<\/p>\n<p><img loading=\"lazy\" decoding=\"async\" class=\"size-full wp-image-6576 aligncenter\" src=\"http:\/\/cpl14.fr\/wp-content\/uploads\/2020\/03\/7-3.jpg\" alt=\"\" width=\"700\" height=\"1171\" srcset=\"https:\/\/cpl14.fr\/wp-content\/uploads\/2020\/03\/7-3.jpg 700w, https:\/\/cpl14.fr\/wp-content\/uploads\/2020\/03\/7-3-179x300.jpg 179w, https:\/\/cpl14.fr\/wp-content\/uploads\/2020\/03\/7-3-612x1024.jpg 612w\" sizes=\"auto, (max-width: 700px) 100vw, 700px\" \/><\/p>\n<p>&nbsp;<\/p>\n<h3>Reliques<\/h3>\n<p>Dans cette repr\u00e9sentation d&rsquo;une page enti\u00e8re, et de quelques d\u00e9tails, nous,avons relev\u00e9 les th\u00e9matiques suivantes :<br \/>\n. \u00c9toffe ayant touch\u00e9 \u00e0 la sainte<br \/>\n. \u00c9toffe ayant touch\u00e9 les reliques<br \/>\n. Laine de l&rsquo;oreiller de soeur Th\u00e9r\u00e8se de l&rsquo;Enfant J\u00e9sus<br \/>\n. P\u00e9tales de roses d\u00e9pos\u00e9s sur la Chasse<br \/>\n. P\u00e9tale ayant touch\u00e9 aux reliques<\/p>\n<p><img loading=\"lazy\" decoding=\"async\" class=\"size-full wp-image-6583 aligncenter\" src=\"http:\/\/cpl14.fr\/wp-content\/uploads\/2020\/03\/8-3.jpg\" alt=\"\" width=\"900\" height=\"646\" srcset=\"https:\/\/cpl14.fr\/wp-content\/uploads\/2020\/03\/8-3.jpg 900w, https:\/\/cpl14.fr\/wp-content\/uploads\/2020\/03\/8-3-300x215.jpg 300w, https:\/\/cpl14.fr\/wp-content\/uploads\/2020\/03\/8-3-768x551.jpg 768w\" sizes=\"auto, (max-width: 900px) 100vw, 900px\" \/><br \/>\nLes reliques qui sont envelopp\u00e9es dans des sachets d&rsquo;\u00e9toffe sont nomm\u00e9s \u00ab\u00a0scapulaires\u00a0\u00bb ou \u00ab\u00a0scapulaire de d\u00e9votion\u00a0\u00bb : ils sont destin\u00e9s \u00e0 \u00eatre port\u00e9s, soit autour du cou avec un ruban ou cha\u00eenette, soit cousus ou accroch\u00e9s au v\u00eatement.<br \/>\nOn peut \u00e9videmment en trouver de nombreux saints, de tous les p\u00e8lerinages du Monde !<\/p>\n<p><img loading=\"lazy\" decoding=\"async\" class=\"size-full wp-image-6584 aligncenter\" src=\"http:\/\/cpl14.fr\/wp-content\/uploads\/2020\/03\/11-2.jpg\" alt=\"\" width=\"393\" height=\"500\" srcset=\"https:\/\/cpl14.fr\/wp-content\/uploads\/2020\/03\/11-2.jpg 393w, https:\/\/cpl14.fr\/wp-content\/uploads\/2020\/03\/11-2-236x300.jpg 236w\" sizes=\"auto, (max-width: 393px) 100vw, 393px\" \/><\/p>\n<p><img loading=\"lazy\" decoding=\"async\" class=\"size-full wp-image-6585 aligncenter\" src=\"http:\/\/cpl14.fr\/wp-content\/uploads\/2020\/03\/9-2.jpg\" alt=\"\" width=\"450\" height=\"295\" srcset=\"https:\/\/cpl14.fr\/wp-content\/uploads\/2020\/03\/9-2.jpg 450w, https:\/\/cpl14.fr\/wp-content\/uploads\/2020\/03\/9-2-300x197.jpg 300w\" sizes=\"auto, (max-width: 450px) 100vw, 450px\" \/><\/p>\n<p><img loading=\"lazy\" decoding=\"async\" class=\"size-full wp-image-6586 aligncenter\" src=\"http:\/\/cpl14.fr\/wp-content\/uploads\/2020\/03\/10-3.jpg\" alt=\"\" width=\"356\" height=\"450\" srcset=\"https:\/\/cpl14.fr\/wp-content\/uploads\/2020\/03\/10-3.jpg 356w, https:\/\/cpl14.fr\/wp-content\/uploads\/2020\/03\/10-3-237x300.jpg 237w\" sizes=\"auto, (max-width: 356px) 100vw, 356px\" \/><\/p>\n<p>Cette liste est tr\u00e8s certainement incompl\u00e8te, voyez la relique suivante, qui terminera ce paragraphe.<\/p>\n<p>Vous en retrouvez aussi avec des m\u00e9dailles et les souvenirs du P\u00e8re BROTTIER <a href=\"http:\/\/cpl14.fr\/?page_id=6591\">(voir \u00e0 ce chapitre)<\/a><\/p>\n<p>Cette derni\u00e8re relique est probablement la plus rare ?<br \/>\nPeu diffus\u00e9e, et aussi tr\u00e8s conserv\u00e9e par un nombre relativement restreint de personnes&#8230;? nous ne le savons pas.<br \/>\nCombien de morceaux de cette pr\u00e9cieuse relique ?<\/p>\n<p><img loading=\"lazy\" decoding=\"async\" class=\"size-full wp-image-6594 aligncenter\" src=\"http:\/\/cpl14.fr\/wp-content\/uploads\/2020\/03\/12-2.jpg\" alt=\"\" width=\"600\" height=\"754\" srcset=\"https:\/\/cpl14.fr\/wp-content\/uploads\/2020\/03\/12-2.jpg 600w, https:\/\/cpl14.fr\/wp-content\/uploads\/2020\/03\/12-2-239x300.jpg 239w\" sizes=\"auto, (max-width: 600px) 100vw, 600px\" \/><\/p>\n<p>Elle fait r\u00e9f\u00e9rence \u00e0 un \u00e9v\u00e9nement majeur, qui fut l&rsquo;exhumation de Th\u00e9r\u00e8se en 1923.<br \/>\nVous retrouverez ce sujet important dans la suite de ce site \u00e0 \u00ab\u00a0\u00c9v\u00e8nements et comm\u00e9morations\u00a0\u00bb<\/p>\n<p>&nbsp;<\/p>\n<p style=\"text-align: right;\"><a href=\"http:\/\/cpl14.fr\/?p=259\">retour au chapitre Ste Th\u00e9r\u00e9se<\/a><\/p>\n<p>&nbsp;<\/p>\n","protected":false},"excerpt":{"rendered":"<div class=\"mh-excerpt\"><p>Images pieuses Les images de Th\u00e9r\u00e8se dites \u00ab\u00a0images pieuses\u00a0\u00bb sont tr\u00e8s nombreuses, vous en avez d\u00e9j\u00e0 vu quelques unes, nous ne pr\u00e9sentons en compl\u00e9ment que <a class=\"mh-excerpt-more\" href=\"https:\/\/cpl14.fr\/?page_id=6561\" title=\"Images pieuses et reliques\">[&#8230;]<\/a><\/p>\n<\/div>","protected":false},"author":1,"featured_media":0,"parent":0,"menu_order":0,"comment_status":"closed","ping_status":"closed","template":"","meta":{"footnotes":""},"class_list":["post-6561","page","type-page","status-publish","hentry"],"_links":{"self":[{"href":"https:\/\/cpl14.fr\/index.php?rest_route=\/wp\/v2\/pages\/6561","targetHints":{"allow":["GET"]}}],"collection":[{"href":"https:\/\/cpl14.fr\/index.php?rest_route=\/wp\/v2\/pages"}],"about":[{"href":"https:\/\/cpl14.fr\/index.php?rest_route=\/wp\/v2\/types\/page"}],"author":[{"embeddable":true,"href":"https:\/\/cpl14.fr\/index.php?rest_route=\/wp\/v2\/users\/1"}],"replies":[{"embeddable":true,"href":"https:\/\/cpl14.fr\/index.php?rest_route=%2Fwp%2Fv2%2Fcomments&post=6561"}],"version-history":[{"count":9,"href":"https:\/\/cpl14.fr\/index.php?rest_route=\/wp\/v2\/pages\/6561\/revisions"}],"predecessor-version":[{"id":6605,"href":"https:\/\/cpl14.fr\/index.php?rest_route=\/wp\/v2\/pages\/6561\/revisions\/6605"}],"wp:attachment":[{"href":"https:\/\/cpl14.fr\/index.php?rest_route=%2Fwp%2Fv2%2Fmedia&parent=6561"}],"curies":[{"name":"wp","href":"https:\/\/api.w.org\/{rel}","templated":true}]}}