{"id":6579,"date":"2020-03-27T08:12:23","date_gmt":"2020-03-27T07:12:23","guid":{"rendered":"http:\/\/cpl14.fr\/?page_id=6579"},"modified":"2020-03-27T12:01:32","modified_gmt":"2020-03-27T11:01:32","slug":"les-reliques","status":"publish","type":"page","link":"https:\/\/cpl14.fr\/?page_id=6579","title":{"rendered":"Sa famille"},"content":{"rendered":"<p>Th\u00e9r\u00e8se est n\u00e9e le 2 janvier 1873, \u00e0 Alen\u00e7on, comme l&rsquo;indique cette plaque au balcon de la maison familiale.<\/p>\n<p><img loading=\"lazy\" decoding=\"async\" class=\"size-full wp-image-6609 aligncenter\" src=\"http:\/\/cpl14.fr\/wp-content\/uploads\/2020\/03\/1-5.jpg\" alt=\"\" width=\"500\" height=\"395\" srcset=\"https:\/\/cpl14.fr\/wp-content\/uploads\/2020\/03\/1-5.jpg 500w, https:\/\/cpl14.fr\/wp-content\/uploads\/2020\/03\/1-5-300x237.jpg 300w\" sizes=\"auto, (max-width: 500px) 100vw, 500px\" \/><br \/>\nNous pr\u00e9sentons une vue ancienne, et une vue moderne des ann\u00e9es 80.<\/p>\n<p><img loading=\"lazy\" decoding=\"async\" class=\"size-full wp-image-6611 aligncenter\" src=\"http:\/\/cpl14.fr\/wp-content\/uploads\/2020\/03\/2-4.jpg\" alt=\"\" width=\"466\" height=\"700\" srcset=\"https:\/\/cpl14.fr\/wp-content\/uploads\/2020\/03\/2-4.jpg 466w, https:\/\/cpl14.fr\/wp-content\/uploads\/2020\/03\/2-4-200x300.jpg 200w\" sizes=\"auto, (max-width: 466px) 100vw, 466px\" \/><\/p>\n<p><img loading=\"lazy\" decoding=\"async\" class=\"size-full wp-image-6610 aligncenter\" src=\"http:\/\/cpl14.fr\/wp-content\/uploads\/2020\/03\/3-3.jpg\" alt=\"\" width=\"700\" height=\"494\" srcset=\"https:\/\/cpl14.fr\/wp-content\/uploads\/2020\/03\/3-3.jpg 700w, https:\/\/cpl14.fr\/wp-content\/uploads\/2020\/03\/3-3-300x212.jpg 300w\" sizes=\"auto, (max-width: 700px) 100vw, 700px\" \/><br \/>\nLes images de sa famille seront peu nombreuses, pour diff\u00e9rentes raisons:<br \/>\n. A l&rsquo;\u00e9poque de Th\u00e9r\u00e8se au Carmel, aucune image ne circule&#8230; elle est inconnue. Seulement pendant la guerre de 1914.1918 des \u00e9l\u00e9ments vont appara\u00eetre (Nous en reparlerons).<br \/>\n. A partir du proc\u00e8s en b\u00e9atification, sa b\u00e9atification, puis la canonisation, c&rsquo;est Th\u00e9r\u00e8se seule qui sera couverte de gloire et d&rsquo;honneurs. C&rsquo;est bien normal, et les nombreux sujets sur la Basilique, le Carmel, et les \u00ab\u00a0grands \u00e9v\u00e9nements\u00a0\u00bb vont venir coiffer le sujet, sans que la famille ne puisse \u00eatre mise en valeur.<\/p>\n<h5>Avec ses parents<\/h5>\n<p>Deux images seulement vont \u00e9merger de la masse de documents, pour illustrer ses parents, les voici extraites de cartes postales.<\/p>\n<p><img loading=\"lazy\" decoding=\"async\" class=\"size-full wp-image-6613 aligncenter\" src=\"http:\/\/cpl14.fr\/wp-content\/uploads\/2020\/03\/4-3.jpg\" alt=\"\" width=\"569\" height=\"700\" srcset=\"https:\/\/cpl14.fr\/wp-content\/uploads\/2020\/03\/4-3.jpg 569w, https:\/\/cpl14.fr\/wp-content\/uploads\/2020\/03\/4-3-244x300.jpg 244w\" sizes=\"auto, (max-width: 569px) 100vw, 569px\" \/><\/p>\n<p><img loading=\"lazy\" decoding=\"async\" class=\"size-full wp-image-6612 aligncenter\" src=\"http:\/\/cpl14.fr\/wp-content\/uploads\/2020\/03\/5-3.jpg\" alt=\"\" width=\"551\" height=\"700\" srcset=\"https:\/\/cpl14.fr\/wp-content\/uploads\/2020\/03\/5-3.jpg 551w, https:\/\/cpl14.fr\/wp-content\/uploads\/2020\/03\/5-3-236x300.jpg 236w\" sizes=\"auto, (max-width: 551px) 100vw, 551px\" \/><\/p>\n<p>Celle qui repr\u00e9sente son p\u00e8re est une peinture.<br \/>\nOn s&rsquo;arr\u00eatera sur la troisi\u00e8me image, qui repr\u00e9sente en carte postale ancienne la statue de Alliot, dans le jardin des \u00ab\u00a0Buissonnets\u00a0\u00bb pour constater la grande ressemblance du profil de Th\u00e9r\u00e8se avec sa m\u00e8re. (<a href=\"http:\/\/cpl14.fr\/?page_id=6616\">Voyez Les Buissonnets<\/a>)<\/p>\n<p><img loading=\"lazy\" decoding=\"async\" class=\"size-full wp-image-6614 aligncenter\" src=\"http:\/\/cpl14.fr\/wp-content\/uploads\/2020\/03\/6-3.jpg\" alt=\"\" width=\"700\" height=\"525\" srcset=\"https:\/\/cpl14.fr\/wp-content\/uploads\/2020\/03\/6-3.jpg 700w, https:\/\/cpl14.fr\/wp-content\/uploads\/2020\/03\/6-3-300x225.jpg 300w, https:\/\/cpl14.fr\/wp-content\/uploads\/2020\/03\/6-3-678x509.jpg 678w, https:\/\/cpl14.fr\/wp-content\/uploads\/2020\/03\/6-3-326x245.jpg 326w, https:\/\/cpl14.fr\/wp-content\/uploads\/2020\/03\/6-3-80x60.jpg 80w\" sizes=\"auto, (max-width: 700px) 100vw, 700px\" \/><\/p>\n<p>Les photos et images de la famille, et principalement des soeurs de Th\u00e9r\u00e8se, font partie du patrimoine th\u00e9r\u00e9sien et sont la propri\u00e9t\u00e9 du Sanctuaire et du P\u00e8lerinage de Lisieux.<br \/>\nCes images connues, reproduites dans tous les bons ouvrages, sont aussi reproduites en cartes postales \u00e0 la disposition du public et des p\u00e8lerins, sous des droits bien l\u00e9gitimes.<br \/>\nNous n&rsquo;en poss\u00e9dons aucune, qui soit carte postale ou image ancienne libre de publications (quoique souvent visibles sur de nombreux sites moins respectueux que nous).<\/p>\n<p>La seule image que nous nous permettons, est tellement publique et pouvant \u00eatre photographi\u00e9e partout, y compris au fronton de la Basilique, qu&rsquo;il nous para\u00eet possible de vous la montrer .<\/p>\n<p><img loading=\"lazy\" decoding=\"async\" class=\"size-full wp-image-6620 aligncenter\" src=\"http:\/\/cpl14.fr\/wp-content\/uploads\/2020\/03\/7-4.jpg\" alt=\"\" width=\"700\" height=\"560\" srcset=\"https:\/\/cpl14.fr\/wp-content\/uploads\/2020\/03\/7-4.jpg 700w, https:\/\/cpl14.fr\/wp-content\/uploads\/2020\/03\/7-4-300x240.jpg 300w\" sizes=\"auto, (max-width: 700px) 100vw, 700px\" \/><br \/>\nElle repr\u00e9sente Louis et Z\u00e9lie Martin<br \/>\n. Mari\u00e9s le 13 juillet 1858<br \/>\n. B\u00e9atifi\u00e9s le 19 octobre 2008<br \/>\n. Canonis\u00e9s le 18 octobre 2015<\/p>\n<p>Lisieux est ainsi devenue la seule ville au Monde li\u00e9e \u00e0 trois Saints de la m\u00eame famille ! Et \u00e7a n&rsquo;est peut-\u00eatre pas termin\u00e9&#8230;<\/p>\n<p>&nbsp;<\/p>\n<p style=\"text-align: right;\"><a href=\"http:\/\/cpl14.fr\/?p=259\">retour \u00e0 l&rsquo;article Ste Th\u00e9r\u00e9se<\/a><\/p>\n","protected":false},"excerpt":{"rendered":"<div class=\"mh-excerpt\"><p>Th\u00e9r\u00e8se est n\u00e9e le 2 janvier 1873, \u00e0 Alen\u00e7on, comme l&rsquo;indique cette plaque au balcon de la maison familiale. Nous pr\u00e9sentons une vue ancienne, et <a class=\"mh-excerpt-more\" href=\"https:\/\/cpl14.fr\/?page_id=6579\" title=\"Sa famille\">[&#8230;]<\/a><\/p>\n<\/div>","protected":false},"author":1,"featured_media":0,"parent":0,"menu_order":0,"comment_status":"closed","ping_status":"closed","template":"","meta":{"footnotes":""},"class_list":["post-6579","page","type-page","status-publish","hentry"],"_links":{"self":[{"href":"https:\/\/cpl14.fr\/index.php?rest_route=\/wp\/v2\/pages\/6579","targetHints":{"allow":["GET"]}}],"collection":[{"href":"https:\/\/cpl14.fr\/index.php?rest_route=\/wp\/v2\/pages"}],"about":[{"href":"https:\/\/cpl14.fr\/index.php?rest_route=\/wp\/v2\/types\/page"}],"author":[{"embeddable":true,"href":"https:\/\/cpl14.fr\/index.php?rest_route=\/wp\/v2\/users\/1"}],"replies":[{"embeddable":true,"href":"https:\/\/cpl14.fr\/index.php?rest_route=%2Fwp%2Fv2%2Fcomments&post=6579"}],"version-history":[{"count":7,"href":"https:\/\/cpl14.fr\/index.php?rest_route=\/wp\/v2\/pages\/6579\/revisions"}],"predecessor-version":[{"id":6622,"href":"https:\/\/cpl14.fr\/index.php?rest_route=\/wp\/v2\/pages\/6579\/revisions\/6622"}],"wp:attachment":[{"href":"https:\/\/cpl14.fr\/index.php?rest_route=%2Fwp%2Fv2%2Fmedia&parent=6579"}],"curies":[{"name":"wp","href":"https:\/\/api.w.org\/{rel}","templated":true}]}}