{"id":6588,"date":"2020-03-27T08:23:02","date_gmt":"2020-03-27T07:23:02","guid":{"rendered":"http:\/\/cpl14.fr\/?page_id=6588"},"modified":"2020-04-13T12:40:14","modified_gmt":"2020-04-13T10:40:14","slug":"evenements-et-commemorations","status":"publish","type":"page","link":"https:\/\/cpl14.fr\/?page_id=6588","title":{"rendered":"\u00e9v\u00e9nements et comm\u00e9morations"},"content":{"rendered":"<p>Les f\u00eates de 1923 pour la b\u00e9atification, sont le moment de l&rsquo;exhumation de Th\u00e9r\u00e8se, pour la ramener au Carmel.<br \/>\nSur ces premi\u00e8res images (toutes sont des cartes postales authentiques) l&rsquo;arriv\u00e9e des personnalit\u00e9s \u00e0 la gare de Lisieux.<\/p>\n<p>L&rsquo;homme au chapeau est Dennis Dougherty, Cardinal de Philadelphie.<\/p>\n<p><img loading=\"lazy\" decoding=\"async\" class=\"size-full wp-image-6849 aligncenter\" src=\"http:\/\/cpl14.fr\/wp-content\/uploads\/2020\/04\/5-3.jpg\" alt=\"\" width=\"900\" height=\"698\" srcset=\"https:\/\/cpl14.fr\/wp-content\/uploads\/2020\/04\/5-3.jpg 900w, https:\/\/cpl14.fr\/wp-content\/uploads\/2020\/04\/5-3-300x233.jpg 300w, https:\/\/cpl14.fr\/wp-content\/uploads\/2020\/04\/5-3-768x596.jpg 768w\" sizes=\"auto, (max-width: 900px) 100vw, 900px\" \/><\/p>\n<p><img loading=\"lazy\" decoding=\"async\" class=\"size-full wp-image-6850 aligncenter\" src=\"http:\/\/cpl14.fr\/wp-content\/uploads\/2020\/04\/6-3.jpg\" alt=\"\" width=\"700\" height=\"435\" srcset=\"https:\/\/cpl14.fr\/wp-content\/uploads\/2020\/04\/6-3.jpg 700w, https:\/\/cpl14.fr\/wp-content\/uploads\/2020\/04\/6-3-300x186.jpg 300w\" sizes=\"auto, (max-width: 700px) 100vw, 700px\" \/><\/p>\n<p>Toutes ces cartes photos sont authentiques et assez rares, et leur prix peut parfois surprendre, suivant la beaut\u00e9 du sujet. C&rsquo;est pourquoi les acheteurs doivent \u00eatre prudents et se m\u00e9fier des retirages, voire simples copies modernes.<br \/>\nPour vous aider, voici le verso:<br \/>\n. La marque d&rsquo;\u00e9diteur est une t\u00eate de cheval vers la gauche, dans un fer \u00e0 cheval .<br \/>\n. En dessous le E majuscule ne figure pas sur tous les tirages.<br \/>\n. Se m\u00e9fier des dos vierges, non cartes postales, 99% de copies.<\/p>\n<p><img loading=\"lazy\" decoding=\"async\" class=\"size-full wp-image-6851 aligncenter\" src=\"http:\/\/cpl14.fr\/wp-content\/uploads\/2020\/04\/7-3.jpg\" alt=\"\" width=\"700\" height=\"422\" srcset=\"https:\/\/cpl14.fr\/wp-content\/uploads\/2020\/04\/7-3.jpg 700w, https:\/\/cpl14.fr\/wp-content\/uploads\/2020\/04\/7-3-300x181.jpg 300w\" sizes=\"auto, (max-width: 700px) 100vw, 700px\" \/><\/p>\n<p>Une vue g\u00e9n\u00e9rale des cartes postales possibles:<br \/>\n. Vous y reconnaitrez la Chasse du Br\u00e9sil, les rues de Lisieux, l&rsquo;escalier de Saint Jacques, l&rsquo;entr\u00e9e au Carmel.<\/p>\n<p>Ces photos multiples, avec les suivantes pr\u00eatent \u00e0 confusion, nous y avons tous \u00e9t\u00e9 pi\u00e9g\u00e9s, chacun \u00e0 notre tour. Suivant les jours o\u00f9 elles ont \u00e9t\u00e9 prises, la voiture n&rsquo;est pas d\u00e9cor\u00e9e de la m\u00eame mani\u00e8re .<br \/>\nCertaines fois la calandre avant est nue, d&rsquo;autres fois orn\u00e9e d&rsquo;une armoirie .<br \/>\nNous vous les livrons telles que trouv\u00e9es. Il faut noter que deux c\u00e9r\u00e9monies se sont suivies, l&rsquo;une en mai, 1e triduum et l&rsquo;autre en ao\u00fbt, 2e triduum.<br \/>\n(Triduum : suite de 3 journ\u00e9es de c\u00e9r\u00e9monies consacr\u00e9es \u00e0 un Saint ou Sainte).<br \/>\nNos cartes portaient une date au crayon de mai 1923, qui fut gomm\u00e9e (en laissant l&rsquo;ann\u00e9e!) ceci laissant supposer qu&rsquo;elles seraient du mois d&rsquo;ao\u00fbt, mais des clich\u00e9s de mai, peuvent avoir \u00e9t\u00e9 revendus d\u00e9but Ao\u00fbt?<\/p>\n<p><img loading=\"lazy\" decoding=\"async\" class=\"size-full wp-image-6845 aligncenter\" src=\"http:\/\/cpl14.fr\/wp-content\/uploads\/2020\/04\/1-3.jpg\" alt=\"\" width=\"900\" height=\"645\" srcset=\"https:\/\/cpl14.fr\/wp-content\/uploads\/2020\/04\/1-3.jpg 900w, https:\/\/cpl14.fr\/wp-content\/uploads\/2020\/04\/1-3-300x215.jpg 300w, https:\/\/cpl14.fr\/wp-content\/uploads\/2020\/04\/1-3-768x550.jpg 768w\" sizes=\"auto, (max-width: 900px) 100vw, 900px\" \/><\/p>\n<p><img loading=\"lazy\" decoding=\"async\" class=\"size-full wp-image-6846 aligncenter\" src=\"http:\/\/cpl14.fr\/wp-content\/uploads\/2020\/04\/2-3.jpg\" alt=\"\" width=\"700\" height=\"416\" srcset=\"https:\/\/cpl14.fr\/wp-content\/uploads\/2020\/04\/2-3.jpg 700w, https:\/\/cpl14.fr\/wp-content\/uploads\/2020\/04\/2-3-300x178.jpg 300w\" sizes=\"auto, (max-width: 700px) 100vw, 700px\" \/><\/p>\n<p><img loading=\"lazy\" decoding=\"async\" class=\"size-full wp-image-6847 aligncenter\" src=\"http:\/\/cpl14.fr\/wp-content\/uploads\/2020\/04\/3-3.jpg\" alt=\"\" width=\"700\" height=\"438\" srcset=\"https:\/\/cpl14.fr\/wp-content\/uploads\/2020\/04\/3-3.jpg 700w, https:\/\/cpl14.fr\/wp-content\/uploads\/2020\/04\/3-3-300x188.jpg 300w\" sizes=\"auto, (max-width: 700px) 100vw, 700px\" \/><\/p>\n<p>De cette tr\u00e8s belle photo, avec la voiture de la Chasse, je vais me permettre un \u00e9cart tr\u00e8s personnel.<br \/>\nAu verso de cette carte ma maman avait \u00e9crit \u00a0\u00bb abb\u00e9 HARDY\u00a0\u00bb ? Il est \u00e0 cette \u00e9poque le Chapelain du Carmel.<br \/>\nPlus tard, il fut le cur\u00e9 de Trouville, et c&rsquo;est lui qui a mari\u00e9 mes parents en 1937 ! (Michel CATHERINE).<br \/>\nRegardez bien, on le voit aussi sur plusieurs autres photos (le jeune pr\u00eatre debout dans la voiture).<\/p>\n<p><img loading=\"lazy\" decoding=\"async\" class=\"size-full wp-image-6848 aligncenter\" src=\"http:\/\/cpl14.fr\/wp-content\/uploads\/2020\/04\/4-3.jpg\" alt=\"\" width=\"700\" height=\"443\" srcset=\"https:\/\/cpl14.fr\/wp-content\/uploads\/2020\/04\/4-3.jpg 700w, https:\/\/cpl14.fr\/wp-content\/uploads\/2020\/04\/4-3-300x190.jpg 300w\" sizes=\"auto, (max-width: 700px) 100vw, 700px\" \/><\/p>\n<p>La carte o\u00f9 nous montrons l&rsquo;abb\u00e9 Hardy sur la voiture est \u00e9crite, et dat\u00e9e du 15 ao\u00fbt 23: ont-ils eu le temps de prendre de nouveaux clich\u00e9s, et de les vendre? le dos \u00e9tant imprim\u00e9 A.GOUPIL- Carte-Photo. 30, rue de la Paix. LISIEUX.<br \/>\nPhoto du verso: texte \u00e0 lire !<\/p>\n<p><img loading=\"lazy\" decoding=\"async\" class=\"size-full wp-image-7032 aligncenter\" src=\"http:\/\/cpl14.fr\/wp-content\/uploads\/2020\/04\/20200411_155808_resized.jpg\" alt=\"\" width=\"700\" height=\"465\" srcset=\"https:\/\/cpl14.fr\/wp-content\/uploads\/2020\/04\/20200411_155808_resized.jpg 700w, https:\/\/cpl14.fr\/wp-content\/uploads\/2020\/04\/20200411_155808_resized-300x199.jpg 300w\" sizes=\"auto, (max-width: 700px) 100vw, 700px\" \/><\/p>\n<p>Cependant il faut noter que le site officiel des \u00ab\u00a0Archives du Carmel\u00a0\u00bb donne une chronologie qui ne cite pas les f\u00eates du mois d&rsquo;ao\u00fbt?<br \/>\nEt Dougherty seulement en 1925 ?<\/p>\n<p>Nous laissons aux historiens le soin de pr\u00e9ciser l&rsquo;histoire, et ses diff\u00e9rences, notre propos de collectionneurs n&rsquo;est que de montrer ce que l&rsquo;on peut trouver, avec les manques, les lacunes ou les oublis. Pour ceux qui veulent voir plus de d\u00e9tails <a href=\"http:\/\/www.archives-carmel-lisieux.fr\/carmel\/index.php\/apres-1897\">voici le lien du Carmel<\/a>.<\/p>\n<p style=\"text-align: center;\">.<\/p>\n<p>Les processions avec sortie de la Chasse du Carmel sont des \u00e9v\u00e9nements majeurs de l&rsquo;histoire th\u00e9r\u00e8sienne.<br \/>\nIci, une carte postale, image non dat\u00e9e que nous allons retrouver dans la suite de notre sujet.<\/p>\n<p><img loading=\"lazy\" decoding=\"async\" class=\"size-full wp-image-6852 aligncenter\" src=\"http:\/\/cpl14.fr\/wp-content\/uploads\/2020\/04\/8-3.jpg\" alt=\"\" width=\"700\" height=\"452\" srcset=\"https:\/\/cpl14.fr\/wp-content\/uploads\/2020\/04\/8-3.jpg 700w, https:\/\/cpl14.fr\/wp-content\/uploads\/2020\/04\/8-3-300x194.jpg 300w\" sizes=\"auto, (max-width: 700px) 100vw, 700px\" \/><\/p>\n<p>La procession de 1925 vient comm\u00e9morer dans ce d\u00e9fil\u00e9 en ville, la canonisation de Th\u00e9r\u00e8se.<br \/>\nCes cartes sont rares, la s\u00e9rie est de 20 cartes (Nous en avons 18) le compl\u00e9ment sera fourni par Francis MARTIN qui poss\u00e8de une s\u00e9rie compl\u00e8te !<br \/>\nIl s&rsquo;agit de cartes st\u00e9r\u00e9o \u00e0 regarder dans un appareil ad\u00e9quat afin d&rsquo;obtenir une impression de relief.<br \/>\nAttention certains appareils portables pour photos st\u00e9r\u00e9o du d\u00e9but du si\u00e8cle ne sont pas compatibles avec le format 9&#215;14 des cartes postales. Chaque format et chaque fabricant avait son type d&rsquo;appareil!<\/p>\n<p><img loading=\"lazy\" decoding=\"async\" class=\"size-full wp-image-6853 aligncenter\" src=\"http:\/\/cpl14.fr\/wp-content\/uploads\/2020\/04\/9-2.jpg\" alt=\"\" width=\"900\" height=\"724\" srcset=\"https:\/\/cpl14.fr\/wp-content\/uploads\/2020\/04\/9-2.jpg 900w, https:\/\/cpl14.fr\/wp-content\/uploads\/2020\/04\/9-2-300x241.jpg 300w, https:\/\/cpl14.fr\/wp-content\/uploads\/2020\/04\/9-2-768x618.jpg 768w\" sizes=\"auto, (max-width: 900px) 100vw, 900px\" \/>\u00a0 <img loading=\"lazy\" decoding=\"async\" class=\"size-full wp-image-6855 aligncenter\" src=\"http:\/\/cpl14.fr\/wp-content\/uploads\/2020\/04\/11-2.jpg\" alt=\"\" width=\"900\" height=\"644\" srcset=\"https:\/\/cpl14.fr\/wp-content\/uploads\/2020\/04\/11-2.jpg 900w, https:\/\/cpl14.fr\/wp-content\/uploads\/2020\/04\/11-2-300x215.jpg 300w, https:\/\/cpl14.fr\/wp-content\/uploads\/2020\/04\/11-2-768x550.jpg 768w\" sizes=\"auto, (max-width: 900px) 100vw, 900px\" \/><\/p>\n<p><img loading=\"lazy\" decoding=\"async\" class=\"size-full wp-image-6854 aligncenter\" src=\"http:\/\/cpl14.fr\/wp-content\/uploads\/2020\/04\/10-2.jpg\" alt=\"\" width=\"900\" height=\"662\" srcset=\"https:\/\/cpl14.fr\/wp-content\/uploads\/2020\/04\/10-2.jpg 900w, https:\/\/cpl14.fr\/wp-content\/uploads\/2020\/04\/10-2-300x221.jpg 300w, https:\/\/cpl14.fr\/wp-content\/uploads\/2020\/04\/10-2-768x565.jpg 768w, https:\/\/cpl14.fr\/wp-content\/uploads\/2020\/04\/10-2-80x60.jpg 80w\" sizes=\"auto, (max-width: 900px) 100vw, 900px\" \/><\/p>\n<p><img loading=\"lazy\" decoding=\"async\" class=\"size-full wp-image-6856 aligncenter\" src=\"http:\/\/cpl14.fr\/wp-content\/uploads\/2020\/04\/12-1.jpg\" alt=\"\" width=\"700\" height=\"874\" srcset=\"https:\/\/cpl14.fr\/wp-content\/uploads\/2020\/04\/12-1.jpg 700w, https:\/\/cpl14.fr\/wp-content\/uploads\/2020\/04\/12-1-240x300.jpg 240w\" sizes=\"auto, (max-width: 700px) 100vw, 700px\" \/><\/p>\n<p>Francis MARTIN ajoute ici les 2 cartes manquantes (9 et 20 de la s\u00e9rie des processions qui \u00e9tait des photocopies ci-dessus)&#8230;<\/p>\n<p><img loading=\"lazy\" decoding=\"async\" class=\"size-full wp-image-6874 aligncenter\" src=\"http:\/\/cpl14.fr\/wp-content\/uploads\/2020\/04\/20200402_162642_resized.jpg\" alt=\"\" width=\"700\" height=\"452\" srcset=\"https:\/\/cpl14.fr\/wp-content\/uploads\/2020\/04\/20200402_162642_resized.jpg 700w, https:\/\/cpl14.fr\/wp-content\/uploads\/2020\/04\/20200402_162642_resized-300x194.jpg 300w\" sizes=\"auto, (max-width: 700px) 100vw, 700px\" \/><\/p>\n<p><img loading=\"lazy\" decoding=\"async\" class=\"size-full wp-image-6875 aligncenter\" src=\"http:\/\/cpl14.fr\/wp-content\/uploads\/2020\/04\/20200402_162905.jpg\" alt=\"\" width=\"700\" height=\"419\" srcset=\"https:\/\/cpl14.fr\/wp-content\/uploads\/2020\/04\/20200402_162905.jpg 700w, https:\/\/cpl14.fr\/wp-content\/uploads\/2020\/04\/20200402_162905-300x180.jpg 300w\" sizes=\"auto, (max-width: 700px) 100vw, 700px\" \/><\/p>\n<p>Toutes les cartes sont repr\u00e9sent\u00e9es, bien visibles \u00e0 l&rsquo;agrandissement.<\/p>\n<p>Ainsi qu&rsquo; une autre s\u00e9rie st\u00e9r\u00e9o nomm\u00e9e<br \/>\n\u00a0\u00bb LES RUES PAVOISEES \u00a0\u00bb<br \/>\nEt quelques bonnes cartes compl\u00e9mentaires \u00e0 notre sujet.<br \/>\nCollection Francis MARTIN<\/p>\n<p><img loading=\"lazy\" decoding=\"async\" class=\"size-full wp-image-6878 aligncenter\" src=\"http:\/\/cpl14.fr\/wp-content\/uploads\/2020\/04\/11.5.jpg\" alt=\"\" width=\"900\" height=\"593\" srcset=\"https:\/\/cpl14.fr\/wp-content\/uploads\/2020\/04\/11.5.jpg 900w, https:\/\/cpl14.fr\/wp-content\/uploads\/2020\/04\/11.5-300x198.jpg 300w, https:\/\/cpl14.fr\/wp-content\/uploads\/2020\/04\/11.5-768x506.jpg 768w\" sizes=\"auto, (max-width: 900px) 100vw, 900px\" \/><\/p>\n<p><img loading=\"lazy\" decoding=\"async\" class=\"size-full wp-image-6879 aligncenter\" src=\"http:\/\/cpl14.fr\/wp-content\/uploads\/2020\/04\/11.4.jpg\" alt=\"\" width=\"900\" height=\"1226\" srcset=\"https:\/\/cpl14.fr\/wp-content\/uploads\/2020\/04\/11.4.jpg 900w, https:\/\/cpl14.fr\/wp-content\/uploads\/2020\/04\/11.4-220x300.jpg 220w, https:\/\/cpl14.fr\/wp-content\/uploads\/2020\/04\/11.4-768x1046.jpg 768w, https:\/\/cpl14.fr\/wp-content\/uploads\/2020\/04\/11.4-752x1024.jpg 752w\" sizes=\"auto, (max-width: 900px) 100vw, 900px\" \/><\/p>\n<p style=\"text-align: center;\">.<\/p>\n<div>Le dernier \u00e9v\u00e9nement de cette s\u00e9rie avant la guerre de 1939 -1945, est le Congr\u00e8s Eucharistique de 1937, qui se joint \u00e0 la B\u00e9n\u00e9diction\u00a0\u00bb de la Basilique. Sur cette premi\u00e8re page, carte postale, 2 images avec pri\u00e8re, 2 vignettes diff\u00e9rentes ainsi qu&rsquo;un bon de soutien de 50F .(L&rsquo;image au centre est une d\u00e9calcomanie, plus r\u00e9cente).<br \/>\nLa \u00ab\u00a0Cons\u00e9cration\u00a0\u00bb de la Basilique interviendra, elle, seulement en 1954.<\/div>\n<div><img loading=\"lazy\" decoding=\"async\" class=\"size-full wp-image-6866 aligncenter\" src=\"http:\/\/cpl14.fr\/wp-content\/uploads\/2020\/04\/16-1.jpg\" alt=\"\" width=\"900\" height=\"646\" srcset=\"https:\/\/cpl14.fr\/wp-content\/uploads\/2020\/04\/16-1.jpg 900w, https:\/\/cpl14.fr\/wp-content\/uploads\/2020\/04\/16-1-300x215.jpg 300w, https:\/\/cpl14.fr\/wp-content\/uploads\/2020\/04\/16-1-768x551.jpg 768w\" sizes=\"auto, (max-width: 900px) 100vw, 900px\" \/><\/div>\n<p style=\"text-align: center;\">.<\/p>\n<p>Une Basilique est d\u00e9di\u00e9e \u00e0 un Saint ou Sainte et ses reliques. Pour \u00eatre \u00ab\u00a0Consacr\u00e9e\u00a0\u00bb sous ce terme il faut une d\u00e9cision du Pape, ainsi que sa pr\u00e9sence ou son repr\u00e9sentant&#8230; elle re\u00e7oit dans un premier temps, la \u00ab\u00a0B\u00e9n\u00e9diction\u00a0\u00bb . Une Basilique a pr\u00e9s\u00e9ance sur toutes les \u00e9glises du dioc\u00e8se sauf la Cath\u00e9drale: \u00e0 Lisieux Cath\u00e9drale Saint Pierre. Dans\u00a0 cette image vous voyez l&rsquo;arriv\u00e9e du L\u00e9gat du Pape Pie XI, le Cardinal Pacelli \u00e0 Paris, Gare de Lyon le 9 juillet 1937. (Le P\u00e8lerin)<\/p>\n<p><img loading=\"lazy\" decoding=\"async\" class=\"size-full wp-image-6857 aligncenter\" src=\"http:\/\/cpl14.fr\/wp-content\/uploads\/2020\/04\/13-2.jpg\" alt=\"\" width=\"900\" height=\"650\" srcset=\"https:\/\/cpl14.fr\/wp-content\/uploads\/2020\/04\/13-2.jpg 900w, https:\/\/cpl14.fr\/wp-content\/uploads\/2020\/04\/13-2-300x217.jpg 300w, https:\/\/cpl14.fr\/wp-content\/uploads\/2020\/04\/13-2-768x555.jpg 768w\" sizes=\"auto, (max-width: 900px) 100vw, 900px\" \/><\/p>\n<div id=\"ox-9b7f2f191c\">\n<div>Le journal bien connu LE PELERIN a consacr\u00e9 un num\u00e9ro \u00e0 cet \u00e9v\u00e9nement : n\u00b03148 du 25 juillet 1937<\/div>\n<div>Outre la grande image centrale vue ci-dessus, la couverture et 2 pages sont consacr\u00e9es \u00e0 cet \u00e9v\u00e8nement.<\/div>\n<div><\/div>\n<div><img loading=\"lazy\" decoding=\"async\" class=\"size-full wp-image-6858 aligncenter\" src=\"http:\/\/cpl14.fr\/wp-content\/uploads\/2020\/04\/14.jpg\" alt=\"\" width=\"900\" height=\"639\" srcset=\"https:\/\/cpl14.fr\/wp-content\/uploads\/2020\/04\/14.jpg 900w, https:\/\/cpl14.fr\/wp-content\/uploads\/2020\/04\/14-300x213.jpg 300w, https:\/\/cpl14.fr\/wp-content\/uploads\/2020\/04\/14-768x545.jpg 768w\" sizes=\"auto, (max-width: 900px) 100vw, 900px\" \/><\/div>\n<div><img loading=\"lazy\" decoding=\"async\" class=\"size-full wp-image-6859 aligncenter\" src=\"http:\/\/cpl14.fr\/wp-content\/uploads\/2020\/04\/15.jpg\" alt=\"\" width=\"450\" height=\"600\" srcset=\"https:\/\/cpl14.fr\/wp-content\/uploads\/2020\/04\/15.jpg 450w, https:\/\/cpl14.fr\/wp-content\/uploads\/2020\/04\/15-225x300.jpg 225w\" sizes=\"auto, (max-width: 450px) 100vw, 450px\" \/><\/div>\n<\/div>\n<div><\/div>\n<div>Pour ces f\u00eates de la cons\u00e9cration, toutes les portes de Lisieux avaient \u00e9t\u00e9 orn\u00e9es d&rsquo;arches d\u00e9coratives:<\/div>\n<div><\/div>\n<div id=\"ox-9b7f2f191c\">\n<div><img loading=\"lazy\" decoding=\"async\" class=\"size-full wp-image-6840 aligncenter\" src=\"http:\/\/cpl14.fr\/wp-content\/uploads\/2020\/04\/13-1.jpg\" alt=\"\" width=\"700\" height=\"461\" srcset=\"https:\/\/cpl14.fr\/wp-content\/uploads\/2020\/04\/13-1.jpg 700w, https:\/\/cpl14.fr\/wp-content\/uploads\/2020\/04\/13-1-300x198.jpg 300w\" sizes=\"auto, (max-width: 700px) 100vw, 700px\" \/><\/div>\n<div style=\"text-align: center;\">.<\/div>\n<div><\/div>\n<\/div>\n<p>&nbsp;<\/p>\n<p>&nbsp;<\/p>\n<p style=\"text-align: right;\"><a href=\"http:\/\/cpl14.fr\/?p=259\">retour \u00e0 l&rsquo;article Ste Th\u00e9r\u00e9se<\/a><\/p>\n","protected":false},"excerpt":{"rendered":"<div class=\"mh-excerpt\"><p>Les f\u00eates de 1923 pour la b\u00e9atification, sont le moment de l&rsquo;exhumation de Th\u00e9r\u00e8se, pour la ramener au Carmel. Sur ces premi\u00e8res images (toutes sont <a class=\"mh-excerpt-more\" href=\"https:\/\/cpl14.fr\/?page_id=6588\" title=\"\u00e9v\u00e9nements et comm\u00e9morations\">[&#8230;]<\/a><\/p>\n<\/div>","protected":false},"author":1,"featured_media":0,"parent":0,"menu_order":0,"comment_status":"closed","ping_status":"closed","template":"","meta":{"footnotes":""},"class_list":["post-6588","page","type-page","status-publish","hentry"],"_links":{"self":[{"href":"https:\/\/cpl14.fr\/index.php?rest_route=\/wp\/v2\/pages\/6588","targetHints":{"allow":["GET"]}}],"collection":[{"href":"https:\/\/cpl14.fr\/index.php?rest_route=\/wp\/v2\/pages"}],"about":[{"href":"https:\/\/cpl14.fr\/index.php?rest_route=\/wp\/v2\/types\/page"}],"author":[{"embeddable":true,"href":"https:\/\/cpl14.fr\/index.php?rest_route=\/wp\/v2\/users\/1"}],"replies":[{"embeddable":true,"href":"https:\/\/cpl14.fr\/index.php?rest_route=%2Fwp%2Fv2%2Fcomments&post=6588"}],"version-history":[{"count":14,"href":"https:\/\/cpl14.fr\/index.php?rest_route=\/wp\/v2\/pages\/6588\/revisions"}],"predecessor-version":[{"id":7035,"href":"https:\/\/cpl14.fr\/index.php?rest_route=\/wp\/v2\/pages\/6588\/revisions\/7035"}],"wp:attachment":[{"href":"https:\/\/cpl14.fr\/index.php?rest_route=%2Fwp%2Fv2%2Fmedia&parent=6588"}],"curies":[{"name":"wp","href":"https:\/\/api.w.org\/{rel}","templated":true}]}}