{"id":6591,"date":"2020-03-27T08:25:24","date_gmt":"2020-03-27T07:25:24","guid":{"rendered":"http:\/\/cpl14.fr\/?page_id=6591"},"modified":"2020-03-27T08:25:24","modified_gmt":"2020-03-27T07:25:24","slug":"medailles","status":"publish","type":"page","link":"https:\/\/cpl14.fr\/?page_id=6591","title":{"rendered":"M\u00e9dailles"},"content":{"rendered":"<p>(en cours d\u2019\u00e9criture)<\/p>\n<p>&nbsp;<\/p>\n<p style=\"text-align: right;\"><a href=\"http:\/\/cpl14.fr\/?p=259\">retour \u00e0 l&rsquo;article Ste Th\u00e9r\u00e9se<\/a><\/p>\n","protected":false},"excerpt":{"rendered":"<div class=\"mh-excerpt\"><p>(en cours d\u2019\u00e9criture) &nbsp; retour \u00e0 l&rsquo;article Ste Th\u00e9r\u00e9se<\/p>\n<\/div>","protected":false},"author":1,"featured_media":0,"parent":0,"menu_order":0,"comment_status":"closed","ping_status":"closed","template":"","meta":{"footnotes":""},"class_list":["post-6591","page","type-page","status-publish","hentry"],"_links":{"self":[{"href":"https:\/\/cpl14.fr\/index.php?rest_route=\/wp\/v2\/pages\/6591","targetHints":{"allow":["GET"]}}],"collection":[{"href":"https:\/\/cpl14.fr\/index.php?rest_route=\/wp\/v2\/pages"}],"about":[{"href":"https:\/\/cpl14.fr\/index.php?rest_route=\/wp\/v2\/types\/page"}],"author":[{"embeddable":true,"href":"https:\/\/cpl14.fr\/index.php?rest_route=\/wp\/v2\/users\/1"}],"replies":[{"embeddable":true,"href":"https:\/\/cpl14.fr\/index.php?rest_route=%2Fwp%2Fv2%2Fcomments&post=6591"}],"version-history":[{"count":1,"href":"https:\/\/cpl14.fr\/index.php?rest_route=\/wp\/v2\/pages\/6591\/revisions"}],"predecessor-version":[{"id":6592,"href":"https:\/\/cpl14.fr\/index.php?rest_route=\/wp\/v2\/pages\/6591\/revisions\/6592"}],"wp:attachment":[{"href":"https:\/\/cpl14.fr\/index.php?rest_route=%2Fwp%2Fv2%2Fmedia&parent=6591"}],"curies":[{"name":"wp","href":"https:\/\/api.w.org\/{rel}","templated":true}]}}