{"id":6683,"date":"2020-03-30T08:35:45","date_gmt":"2020-03-30T06:35:45","guid":{"rendered":"http:\/\/cpl14.fr\/?page_id=6683"},"modified":"2020-04-13T12:46:09","modified_gmt":"2020-04-13T10:46:09","slug":"gravures-et-diverses-illustrations","status":"publish","type":"page","link":"https:\/\/cpl14.fr\/?page_id=6683","title":{"rendered":"Gravures et diverses illustrations"},"content":{"rendered":"<p>Dans cette derni\u00e8re partie, du premier chapitre consacr\u00e9 \u00e0 l&rsquo;image de Th\u00e9r\u00e8se, nous allons vous pr\u00e9senter quelques \u00ab\u00a0th\u00e9matiques\u00a0\u00bb en lien proche avec notre histoire.<br \/>\nNous pla\u00e7ant toujours sur le seul plan de la \u00ab\u00a0Collection\u00a0\u00bb, ce d\u00e9but d&rsquo;inventaire pourra para\u00eetre h\u00e9t\u00e9roclite au prime abord, vous verrez sur la pr\u00e9sentation de pages enti\u00e8res qu&rsquo;il conserve une certaine unit\u00e9 d&rsquo;esprit et de curiosit\u00e9.<\/p>\n<p style=\"text-align: center;\">.<\/p>\n<h4>LA SAINTE-FACE<\/h4>\n<p>Sur une image pr\u00e9c\u00e9dente vous avez vu Th\u00e9r\u00e8se tenant dans sa main droite une image de la Sainte -Face.<br \/>\nL&rsquo;origine de la Sainte-Face est le voile de V\u00e9ronique, expos\u00e9 \u00e0 Saint Pierre de Rome, et qui en janvier 1849 devint lumineux et laissa apparaitre les traits de la Sainte Face !<br \/>\nLes images les plus connues, sont de Tours : Pourquoi ? Monsieur Dupont, homme de foi, installe dans son salon un tableau repr\u00e9sentant le voile de V\u00e9ronique&#8230; tr\u00e8s rapidement des miracles vont se produire devant la Sainte-Face et ce lieu va devenir une importante destination de p\u00e8lerinage.<br \/>\nApr\u00e8s le d\u00e9c\u00e8s de M.Dupont en 1876, est cr\u00e9\u00e9e la Confr\u00e9rie de la Sainte-Face. Monsieur Martin, inscrit ses 4 filles \u00e0 la Confr\u00e9rie. C&rsquo;est de ce lien fort que Th\u00e9r\u00e8se, prenant l&rsquo;habit le 10 janvier 1889, ajoute le nom de Sainte-Face \u00e0 Th\u00e9r\u00e8se de l&rsquo;Enfant-J\u00e9sus<\/p>\n<p>Ci-dessous, un simple format d&rsquo;image pieuse, assez classique.<\/p>\n<p><img loading=\"lazy\" decoding=\"async\" class=\" wp-image-6687 aligncenter\" src=\"http:\/\/cpl14.fr\/wp-content\/uploads\/2020\/03\/1-6.jpg\" alt=\"\" width=\"329\" height=\"500\" srcset=\"https:\/\/cpl14.fr\/wp-content\/uploads\/2020\/03\/1-6.jpg 461w, https:\/\/cpl14.fr\/wp-content\/uploads\/2020\/03\/1-6-198x300.jpg 198w\" sizes=\"auto, (max-width: 329px) 100vw, 329px\" \/><br \/>\nLe deuxi\u00e8me document plus int\u00e9ressant, est une Sainte-Face de Tours, elle en porte un cachet encr\u00e9 et le sceau de certification indiquant qu&rsquo;elle fut re\u00e7ue \u00ab\u00a0consacr\u00e9e\u00a0\u00bb sur place.<\/p>\n<p><img loading=\"lazy\" decoding=\"async\" class=\" wp-image-6688 aligncenter\" src=\"http:\/\/cpl14.fr\/wp-content\/uploads\/2020\/03\/2-5.jpg\" alt=\"\" width=\"525\" height=\"700\" srcset=\"https:\/\/cpl14.fr\/wp-content\/uploads\/2020\/03\/2-5.jpg 525w, https:\/\/cpl14.fr\/wp-content\/uploads\/2020\/03\/2-5-225x300.jpg 225w\" sizes=\"auto, (max-width: 525px) 100vw, 525px\" \/><br \/>\nCette image est imprim\u00e9e sur tissu de lin, ce qui est sa version la plus courante: le lin est le tissu \u00ab\u00a0des morts\u00a0\u00bb d&rsquo;o\u00f9 l&rsquo;origine du mot \u00ab\u00a0linceul\u00a0\u00bb, son tissage tr\u00e8s fin est serr\u00e9 lui conf\u00e9rant quelques propri\u00e9t\u00e9s prophylactiques.<br \/>\nCette particularit\u00e9 du tissu assez raide, est aussi favorable \u00e0 l&rsquo;imprimerie !<br \/>\nOn conna\u00eet nombre de versions et formats diff\u00e9rents, ainsi que des gravures, aussi de tous mod\u00e8les&#8230; il ne faut pas manquer de citer, assez ressemblantes, les Sainte-Face venant directement de l&rsquo;exemplaire de Rome. Plus anciennes et plus lointaines pour nous, on les trouve difficilement.<br \/>\nNous aurons l&rsquo;occasion ici d&rsquo;ajouter d&rsquo;autres images de ce th\u00e8me (class\u00e9es dans des collections diff\u00e9rentes).<\/p>\n<p>Un lien: <a href=\"http:\/\/leblogdumesnil.unblog.fr\/2015\/02\/17\/2015-29-de-la-devotion-a-la-sainte-face-de-notre-seigneur\/\">De la d\u00e9votion \u00e0 la Sainte Face de Notre-Seigneur<\/a><\/p>\n<p style=\"text-align: center;\">.<\/p>\n<h4>LE PERE BROTTIER<\/h4>\n<p>\u00c9l\u00e9ment important de l&rsquo;histoire Th\u00e9r\u00e8sienne, Le P\u00e8re BROTTIER s&rsquo;inscrit totalement dans la th\u00e9matique de l&rsquo;imagerie de Th\u00e9r\u00e8se. Nous les voyons m\u00eame ensemble r\u00e9unis dans des reliquaires. Pourtant ils ne se sont pas connus ni rencontr\u00e9s, sauf par les liens de la foi et de l&rsquo;esprit.<br \/>\nToute l&rsquo;inspiration du P\u00e8re Brottier dans son oeuvre de vie en est issue: La fondation des Orphelins Apprentis d&rsquo;Auteuil, \u00e0 Paris, Lisieux, et nombreuses villes de France est pr\u00e9sente d\u00e9j\u00e0 sur plusieurs sites. Nous vous sugg\u00e9rons celui-ci: <a href=\"https:\/\/www.notrehistoireavecmarie.com\/fr\/esc\/le-pere-brottier-disciple-de-sainte-therese\/\">Le P\u00e8re Brottier disciple de Ste Th\u00e9r\u00e9se<\/a><\/p>\n<p>Pour notre contribution voici quelques images:<br \/>\n. Le P\u00e8re Brottier en format d&rsquo;image<\/p>\n<p><img loading=\"lazy\" decoding=\"async\" class=\"size-full wp-image-6689 aligncenter\" src=\"http:\/\/cpl14.fr\/wp-content\/uploads\/2020\/03\/3-4.jpg\" alt=\"\" width=\"281\" height=\"500\" srcset=\"https:\/\/cpl14.fr\/wp-content\/uploads\/2020\/03\/3-4.jpg 281w, https:\/\/cpl14.fr\/wp-content\/uploads\/2020\/03\/3-4-169x300.jpg 169w\" sizes=\"auto, (max-width: 281px) 100vw, 281px\" \/><br \/>\n. 2 pages r\u00e9unies de nos albums<\/p>\n<p><img loading=\"lazy\" decoding=\"async\" class=\"size-full wp-image-6690 aligncenter\" src=\"http:\/\/cpl14.fr\/wp-content\/uploads\/2020\/03\/4-4.jpg\" alt=\"\" width=\"900\" height=\"632\" srcset=\"https:\/\/cpl14.fr\/wp-content\/uploads\/2020\/03\/4-4.jpg 900w, https:\/\/cpl14.fr\/wp-content\/uploads\/2020\/03\/4-4-300x211.jpg 300w, https:\/\/cpl14.fr\/wp-content\/uploads\/2020\/03\/4-4-768x539.jpg 768w\" sizes=\"auto, (max-width: 900px) 100vw, 900px\" \/><\/p>\n<p><img loading=\"lazy\" decoding=\"async\" class=\"size-full wp-image-6692 aligncenter\" src=\"http:\/\/cpl14.fr\/wp-content\/uploads\/2020\/03\/7-5.jpg\" alt=\"\" width=\"900\" height=\"629\" srcset=\"https:\/\/cpl14.fr\/wp-content\/uploads\/2020\/03\/7-5.jpg 900w, https:\/\/cpl14.fr\/wp-content\/uploads\/2020\/03\/7-5-300x210.jpg 300w, https:\/\/cpl14.fr\/wp-content\/uploads\/2020\/03\/7-5-768x537.jpg 768w\" sizes=\"auto, (max-width: 900px) 100vw, 900px\" \/><\/p>\n<p>. Un charmant \u00ab\u00a0carnet\u00a0\u00bb mixte avec m\u00e9daille de Th\u00e9r\u00e8se<\/p>\n<p><img loading=\"lazy\" decoding=\"async\" class=\"alignnone size-full wp-image-6691\" src=\"http:\/\/cpl14.fr\/wp-content\/uploads\/2020\/03\/5-4.jpg\" alt=\"\" width=\"700\" height=\"352\" srcset=\"https:\/\/cpl14.fr\/wp-content\/uploads\/2020\/03\/5-4.jpg 700w, https:\/\/cpl14.fr\/wp-content\/uploads\/2020\/03\/5-4-300x151.jpg 300w\" sizes=\"auto, (max-width: 700px) 100vw, 700px\" \/><\/p>\n<p><img loading=\"lazy\" decoding=\"async\" class=\"size-full wp-image-6693 aligncenter\" src=\"http:\/\/cpl14.fr\/wp-content\/uploads\/2020\/03\/6-4.jpg\" alt=\"\" width=\"700\" height=\"360\" srcset=\"https:\/\/cpl14.fr\/wp-content\/uploads\/2020\/03\/6-4.jpg 700w, https:\/\/cpl14.fr\/wp-content\/uploads\/2020\/03\/6-4-300x154.jpg 300w\" sizes=\"auto, (max-width: 700px) 100vw, 700px\" \/><br \/>\n. Et l&rsquo;in\u00e9vitable relique \u00ab\u00a0\u00e9toffe ayant touch\u00e9 au P\u00e8re Brottier\u00a0\u00bb<\/p>\n<p><img loading=\"lazy\" decoding=\"async\" class=\"size-full wp-image-6694 aligncenter\" src=\"http:\/\/cpl14.fr\/wp-content\/uploads\/2020\/03\/8-4.jpg\" alt=\"\" width=\"580\" height=\"500\" srcset=\"https:\/\/cpl14.fr\/wp-content\/uploads\/2020\/03\/8-4.jpg 580w, https:\/\/cpl14.fr\/wp-content\/uploads\/2020\/03\/8-4-300x259.jpg 300w\" sizes=\"auto, (max-width: 580px) 100vw, 580px\" \/><\/p>\n<p>. Les amateurs de vignettes (Erinophilie) reconna\u00eetront ce rare carnet de vignettes, vendu au profit des Orphelins d&rsquo;Auteuil&#8230; on doit pouvoir en rencontrer sur lettres d&rsquo;\u00e9poque ?<br \/>\nAttention : les vignettes anciennes n&rsquo;ont d&rsquo;int\u00e9r\u00eat r\u00e9\u00e9l que oblit\u00e9r\u00e9es d&rsquo;\u00e9poque, et non pas rajout\u00e9es comme on le voit souvent !<\/p>\n<p><img loading=\"lazy\" decoding=\"async\" class=\"alignnone size-full wp-image-6700\" src=\"http:\/\/cpl14.fr\/wp-content\/uploads\/2020\/03\/9.-1.jpg\" alt=\"\" width=\"700\" height=\"264\" srcset=\"https:\/\/cpl14.fr\/wp-content\/uploads\/2020\/03\/9.-1.jpg 700w, https:\/\/cpl14.fr\/wp-content\/uploads\/2020\/03\/9.-1-300x113.jpg 300w\" sizes=\"auto, (max-width: 700px) 100vw, 700px\" \/><\/p>\n<p><img loading=\"lazy\" decoding=\"async\" class=\"size-full wp-image-6698 aligncenter\" src=\"http:\/\/cpl14.fr\/wp-content\/uploads\/2020\/03\/10-4.jpg\" alt=\"\" width=\"700\" height=\"270\" srcset=\"https:\/\/cpl14.fr\/wp-content\/uploads\/2020\/03\/10-4.jpg 700w, https:\/\/cpl14.fr\/wp-content\/uploads\/2020\/03\/10-4-300x116.jpg 300w\" sizes=\"auto, (max-width: 700px) 100vw, 700px\" \/><\/p>\n<p><img loading=\"lazy\" decoding=\"async\" class=\"size-full wp-image-6699 aligncenter\" src=\"http:\/\/cpl14.fr\/wp-content\/uploads\/2020\/03\/11-3.jpg\" alt=\"\" width=\"349\" height=\"500\" srcset=\"https:\/\/cpl14.fr\/wp-content\/uploads\/2020\/03\/11-3.jpg 349w, https:\/\/cpl14.fr\/wp-content\/uploads\/2020\/03\/11-3-209x300.jpg 209w\" sizes=\"auto, (max-width: 349px) 100vw, 349px\" \/><\/p>\n<p style=\"text-align: center;\">.<\/p>\n<h4>LES CAHIERS D&rsquo;\u00c9COLE DE THERESE<\/h4>\n<p>Nous pr\u00e9sentons ce livre et en faisons volontiers la publicit\u00e9 ! Car il est remarquable et complet:<br \/>\nCet ouvrage est le catalogue d\u00e9taill\u00e9 des cahiers d&rsquo;\u00e9cole de Th\u00e9r\u00e8se qui sont conserv\u00e9s \u00e0 Lisieux, aux archives du CARMEL.<\/p>\n<p><img loading=\"lazy\" decoding=\"async\" class=\"size-full wp-image-6701 aligncenter\" src=\"http:\/\/cpl14.fr\/wp-content\/uploads\/2020\/03\/12-3.jpg\" alt=\"\" width=\"500\" height=\"588\" srcset=\"https:\/\/cpl14.fr\/wp-content\/uploads\/2020\/03\/12-3.jpg 500w, https:\/\/cpl14.fr\/wp-content\/uploads\/2020\/03\/12-3-255x300.jpg 255w\" sizes=\"auto, (max-width: 500px) 100vw, 500px\" \/><br \/>\nCeux qui nous connaissent bien, savent que nos collections r\u00e9servent de longue date une place tr\u00e8s importante \u00e0 l&rsquo;\u00e9cole et aux CAHIERS D&rsquo;\u00c9COLIERS.<br \/>\nPlusieurs milliers d&rsquo;exemplaires sont ici conserv\u00e9s et plus de 5000 \u00e9galement chez notre amie Julie \u00ab\u00a0\u00e9l\u00e8ve attentive\u00a0\u00bb (Julie PEREA, Pignan, H\u00e9rault ) qui est aussi membre du Cercle Philat\u00e9lique Lexovien.<br \/>\nCeci porte \u00e0 plus de 10.000 cahiers notre force de documentation, dans ces deux collections !<br \/>\nDans ce contexte, reproduire ici quelques cahiers qui sont les n\u00f4tres, est tout \u00e0 fait respectueux des \u00ab\u00a0droits\u00a0\u00bb du livre.<br \/>\nCet ouvrage est en vente aux magasins du P\u00e8lerinage (Basilique et Carmel de Lisieux) pour la modique somme de 6\u20ac ! Achetez-le sans h\u00e9sitation.<\/p>\n<p>Les cahiers de Th\u00e9r\u00e8se r\u00e9pertori\u00e9s sont au nombre de 25.<br \/>\n. Une grande premi\u00e8re partie est constitu\u00e9e de cahiers neutres du commerce<br \/>\n. Un second groupe est form\u00e9 de couvertures plus rigides, soit marbr\u00e9es ou imprim\u00e9es du nom de l&rsquo;\u00e9cole:<br \/>\nPENSIONNAT DES DAMES BENEDICTINES DE L&rsquo;ABBAYE DE LISIEUX<br \/>\n. Le dernier groupe est compos\u00e9 d&rsquo;un tout petit nombre de couvertures illustr\u00e9es et th\u00e9matiques :<br \/>\nC&rsquo;est cette derni\u00e8re cat\u00e9gorie \u00ab\u00a0illustr\u00e9e\u00a0\u00bb qui compose nos collections priv\u00e9es, et que nous pouvons ici vous montrer :<\/p>\n<p>. LE LEOPARD D\u00c9VORANT SA PROIE<br \/>\nN\u00b09 d&rsquo;histoire naturelle de Lebrun fils \u00e0 Paris, ici en rose p\u00e2le ( mauve chez Th\u00e9r\u00e8se) est le n\u00b0 20 du catalogue. Ce dernier est peut-\u00eatre post\u00e9rieur car il est \u00e9dit\u00e9 par Godchaux &amp; Cie Imprimeurs-Editeurs \u00e0 Paris.<br \/>\nLa gravure est identique et sign\u00e9e \u00a0\u00bb Susemihi \u00ab\u00a0.<\/p>\n<p><img loading=\"lazy\" decoding=\"async\" class=\"size-full wp-image-6703 aligncenter\" src=\"http:\/\/cpl14.fr\/wp-content\/uploads\/2020\/03\/14-1.jpg\" alt=\"\" width=\"800\" height=\"498\" srcset=\"https:\/\/cpl14.fr\/wp-content\/uploads\/2020\/03\/14-1.jpg 800w, https:\/\/cpl14.fr\/wp-content\/uploads\/2020\/03\/14-1-300x187.jpg 300w, https:\/\/cpl14.fr\/wp-content\/uploads\/2020\/03\/14-1-768x478.jpg 768w\" sizes=\"auto, (max-width: 800px) 100vw, 800px\" \/><\/p>\n<p>. LE TIGRE ET SES PETITS<br \/>\nN\u00b08 d&rsquo;histoire naturelle de l&rsquo;\u00e9diteur Lebrun fils \u00e0 Paris, ici en bleu p\u00e2le, correspond au cahier (vert) n\u00b023 du catalogue th\u00e9r\u00e8sien.<\/p>\n<p><img loading=\"lazy\" decoding=\"async\" class=\"size-full wp-image-6702 aligncenter\" src=\"http:\/\/cpl14.fr\/wp-content\/uploads\/2020\/03\/13-1.jpg\" alt=\"\" width=\"800\" height=\"512\" srcset=\"https:\/\/cpl14.fr\/wp-content\/uploads\/2020\/03\/13-1.jpg 800w, https:\/\/cpl14.fr\/wp-content\/uploads\/2020\/03\/13-1-300x192.jpg 300w, https:\/\/cpl14.fr\/wp-content\/uploads\/2020\/03\/13-1-768x492.jpg 768w\" sizes=\"auto, (max-width: 800px) 100vw, 800px\" \/><\/p>\n<p>CHARLEMAGNE VISITANT LES \u00c9COLES<br \/>\n. Notre mod\u00e8le est une variante rose p\u00e2le (vert au catalogue) avec un dos diff\u00e9rent : le notre est une table de multiplication, celui de Th\u00e9r\u00e8se un texte historique sur les carolingiens.<br \/>\nCe cahier n\u00b013 de Lebrun Fils est le n\u00b0 25 du catalogue.<\/p>\n<p><img loading=\"lazy\" decoding=\"async\" class=\"size-full wp-image-6704 aligncenter\" src=\"http:\/\/cpl14.fr\/wp-content\/uploads\/2020\/03\/15-1.jpg\" alt=\"\" width=\"800\" height=\"518\" srcset=\"https:\/\/cpl14.fr\/wp-content\/uploads\/2020\/03\/15-1.jpg 800w, https:\/\/cpl14.fr\/wp-content\/uploads\/2020\/03\/15-1-300x194.jpg 300w, https:\/\/cpl14.fr\/wp-content\/uploads\/2020\/03\/15-1-768x497.jpg 768w\" sizes=\"auto, (max-width: 800px) 100vw, 800px\" \/><br \/>\nLa gravure de TRICHON ici agrandie est absolument identique.<\/p>\n<p><img loading=\"lazy\" decoding=\"async\" class=\"size-full wp-image-6705 aligncenter\" src=\"http:\/\/cpl14.fr\/wp-content\/uploads\/2020\/03\/16-1.jpg\" alt=\"\" width=\"500\" height=\"500\" srcset=\"https:\/\/cpl14.fr\/wp-content\/uploads\/2020\/03\/16-1.jpg 500w, https:\/\/cpl14.fr\/wp-content\/uploads\/2020\/03\/16-1-150x150.jpg 150w, https:\/\/cpl14.fr\/wp-content\/uploads\/2020\/03\/16-1-300x300.jpg 300w\" sizes=\"auto, (max-width: 500px) 100vw, 500px\" \/><br \/>\nVous aurez \u00e9galement amusement \u00e0 observer une image chromo de GUERIN-BOUTRON apr\u00e8s 1900, faisant d\u00e9monstration du peu d&rsquo;imagination des illustrateurs \u00ab\u00a0industriels\u00a0\u00bb&#8230;<\/p>\n<p><img loading=\"lazy\" decoding=\"async\" class=\"size-full wp-image-6706 aligncenter\" src=\"http:\/\/cpl14.fr\/wp-content\/uploads\/2020\/03\/17-1.jpg\" alt=\"\" width=\"500\" height=\"317\" srcset=\"https:\/\/cpl14.fr\/wp-content\/uploads\/2020\/03\/17-1.jpg 500w, https:\/\/cpl14.fr\/wp-content\/uploads\/2020\/03\/17-1-300x190.jpg 300w\" sizes=\"auto, (max-width: 500px) 100vw, 500px\" \/><\/p>\n<p>tout est copi\u00e9 sur la gravure originale.<br \/>\nPour aller plus loin sur cette l\u00e9gende, voyez ce lien: <a href=\"http:\/\/his.nicolas.free.fr\/Dates\/Evenements\/PageEvenement.php?mnemo=CharlemagneEcole\">Charlemagne visite l&rsquo;\u00e9cole de son palais<\/a><\/p>\n<p>Pour compl\u00e9ter l&rsquo;imagerie des cahiers de Th\u00e9r\u00e8se nous pr\u00e9sentons :<\/p>\n<p>. L&rsquo;h\u00e9lamys, cahier num\u00e9ro 24 du catalogue, ici dans une couleur diff\u00e9rente gris-bleu<br \/>\nCelui de Th\u00e9r\u00e8se est de papier rose.<\/p>\n<p><img loading=\"lazy\" decoding=\"async\" class=\"size-full wp-image-7037 aligncenter\" src=\"http:\/\/cpl14.fr\/wp-content\/uploads\/2020\/04\/20200412_172414_resized.jpg\" alt=\"\" width=\"900\" height=\"585\" srcset=\"https:\/\/cpl14.fr\/wp-content\/uploads\/2020\/04\/20200412_172414_resized.jpg 900w, https:\/\/cpl14.fr\/wp-content\/uploads\/2020\/04\/20200412_172414_resized-300x195.jpg 300w, https:\/\/cpl14.fr\/wp-content\/uploads\/2020\/04\/20200412_172414_resized-768x499.jpg 768w\" sizes=\"auto, (max-width: 900px) 100vw, 900px\" \/><\/p>\n<p>. Le loup et l&rsquo;agneau, une des deux couvertures volantes d&rsquo;une seule feuille incompl\u00e8te du catalogue (Page 643)<br \/>\nNous avons plaisir \u00e0 vous montrer une couverture enti\u00e8re de ce cahier, le dos pr\u00e9sentant une publicit\u00e9 pour des accessoires de gymnastique. Sa couleur est gris-vert .<\/p>\n<p><img loading=\"lazy\" decoding=\"async\" class=\"size-full wp-image-7036 aligncenter\" src=\"http:\/\/cpl14.fr\/wp-content\/uploads\/2020\/04\/20200412_172350_resized.jpg\" alt=\"\" width=\"900\" height=\"578\" srcset=\"https:\/\/cpl14.fr\/wp-content\/uploads\/2020\/04\/20200412_172350_resized.jpg 900w, https:\/\/cpl14.fr\/wp-content\/uploads\/2020\/04\/20200412_172350_resized-300x193.jpg 300w, https:\/\/cpl14.fr\/wp-content\/uploads\/2020\/04\/20200412_172350_resized-768x493.jpg 768w\" sizes=\"auto, (max-width: 900px) 100vw, 900px\" \/><\/p>\n<p>Ces deux derniers documents sont de la<br \/>\nCollection Julie PEREA (membre du Cpl)<\/p>\n<p style=\"text-align: center;\">.<\/p>\n<h4>CALENDRIERS ET ALMANACHS<\/h4>\n<p>Cette cat\u00e9gorie d&rsquo;objets est tr\u00e8s abondante, et existe d\u00e8s les premi\u00e8res ann\u00e9es apr\u00e8s le d\u00e9c\u00e8s de Th\u00e9r\u00e8se.<br \/>\nLes calendriers existent toujours, et les \u00ab\u00a0donateurs\u00a0\u00bb du P\u00e8lerinage, aussi modestes soient-ils en re\u00e7oivent un chaque ann\u00e9e, ainsi que les jolies cartes de voeux (voyez un peu plus loin).<br \/>\nA noter cependant que les mod\u00e8les les plus anciens, avant 1960, ainsi que les grands almanachs sont particuli\u00e8rement difficiles \u00e0 trouver &#8230; les chineurs sont nombreux \u00e0 les rechercher ?<br \/>\nSont \u00e9galement recherch\u00e9s les exemplaires de la Revue trimestrielle \u00ab\u00a0Vie th\u00e9r\u00e9sienne\u00a0\u00bb, pour les ann\u00e9es les plus lointaines.<\/p>\n<p><img loading=\"lazy\" decoding=\"async\" class=\"size-full wp-image-6709 aligncenter\" src=\"http:\/\/cpl14.fr\/wp-content\/uploads\/2020\/03\/18-1.jpg\" alt=\"\" width=\"900\" height=\"647\" srcset=\"https:\/\/cpl14.fr\/wp-content\/uploads\/2020\/03\/18-1.jpg 900w, https:\/\/cpl14.fr\/wp-content\/uploads\/2020\/03\/18-1-300x216.jpg 300w, https:\/\/cpl14.fr\/wp-content\/uploads\/2020\/03\/18-1-768x552.jpg 768w\" sizes=\"auto, (max-width: 900px) 100vw, 900px\" \/><\/p>\n<p><img loading=\"lazy\" decoding=\"async\" class=\"size-full wp-image-6708 aligncenter\" src=\"http:\/\/cpl14.fr\/wp-content\/uploads\/2020\/03\/19-1.jpg\" alt=\"\" width=\"900\" height=\"606\" srcset=\"https:\/\/cpl14.fr\/wp-content\/uploads\/2020\/03\/19-1.jpg 900w, https:\/\/cpl14.fr\/wp-content\/uploads\/2020\/03\/19-1-300x202.jpg 300w, https:\/\/cpl14.fr\/wp-content\/uploads\/2020\/03\/19-1-768x517.jpg 768w\" sizes=\"auto, (max-width: 900px) 100vw, 900px\" \/><\/p>\n<p style=\"text-align: center;\">.<\/p>\n<h4>AUTRES LIEUX DU CULTE THERESIEN<\/h4>\n<p>Il peut \u00eatre int\u00e9ressant de r\u00e9unir quelques exemples d&rsquo;autres lieux, o\u00f9 vous pouvez voir le culte de Sainte Th\u00e9r\u00e8se, ou simplement sa statue !<br \/>\nTel ce bel exemple complet de COUDEKERQUE-BRANCHE :<br \/>\n. d&rsquo;une enveloppe avec 10 c Semeuse pr\u00e9oblit\u00e9r\u00e9, mandat, carte postale, image et grandes vignettes !<\/p>\n<p><img loading=\"lazy\" decoding=\"async\" class=\"size-full wp-image-6711 aligncenter\" src=\"http:\/\/cpl14.fr\/wp-content\/uploads\/2020\/03\/20-1.jpg\" alt=\"\" width=\"900\" height=\"675\" srcset=\"https:\/\/cpl14.fr\/wp-content\/uploads\/2020\/03\/20-1.jpg 900w, https:\/\/cpl14.fr\/wp-content\/uploads\/2020\/03\/20-1-300x225.jpg 300w, https:\/\/cpl14.fr\/wp-content\/uploads\/2020\/03\/20-1-768x576.jpg 768w, https:\/\/cpl14.fr\/wp-content\/uploads\/2020\/03\/20-1-678x509.jpg 678w, https:\/\/cpl14.fr\/wp-content\/uploads\/2020\/03\/20-1-326x245.jpg 326w, https:\/\/cpl14.fr\/wp-content\/uploads\/2020\/03\/20-1-80x60.jpg 80w\" sizes=\"auto, (max-width: 900px) 100vw, 900px\" \/><\/p>\n<p><img loading=\"lazy\" decoding=\"async\" class=\"size-full wp-image-6712 aligncenter\" src=\"http:\/\/cpl14.fr\/wp-content\/uploads\/2020\/03\/21-1.jpg\" alt=\"\" width=\"900\" height=\"628\" srcset=\"https:\/\/cpl14.fr\/wp-content\/uploads\/2020\/03\/21-1.jpg 900w, https:\/\/cpl14.fr\/wp-content\/uploads\/2020\/03\/21-1-300x209.jpg 300w, https:\/\/cpl14.fr\/wp-content\/uploads\/2020\/03\/21-1-768x536.jpg 768w\" sizes=\"auto, (max-width: 900px) 100vw, 900px\" \/><\/p>\n<p><img loading=\"lazy\" decoding=\"async\" class=\"size-full wp-image-6710 aligncenter\" src=\"http:\/\/cpl14.fr\/wp-content\/uploads\/2020\/03\/22-1.jpg\" alt=\"\" width=\"500\" height=\"635\" srcset=\"https:\/\/cpl14.fr\/wp-content\/uploads\/2020\/03\/22-1.jpg 500w, https:\/\/cpl14.fr\/wp-content\/uploads\/2020\/03\/22-1-236x300.jpg 236w\" sizes=\"auto, (max-width: 500px) 100vw, 500px\" \/><\/p>\n<p style=\"text-align: center;\">.<\/p>\n<p>Pourquoi ne pas sourire un peu \u00e0 ce Miracle (?) de la vue non construite de l&rsquo;\u00e9glise de LEOJAC-MONTAUBAN (Tarn-et-Garonne) ou de celle non reconstruite de CANAPVILLE (Calvados).<br \/>\nTout est possible.<\/p>\n<p><img loading=\"lazy\" decoding=\"async\" class=\"size-full wp-image-6713 aligncenter\" src=\"http:\/\/cpl14.fr\/wp-content\/uploads\/2020\/03\/23-1.jpg\" alt=\"\" width=\"700\" height=\"435\" srcset=\"https:\/\/cpl14.fr\/wp-content\/uploads\/2020\/03\/23-1.jpg 700w, https:\/\/cpl14.fr\/wp-content\/uploads\/2020\/03\/23-1-300x186.jpg 300w\" sizes=\"auto, (max-width: 700px) 100vw, 700px\" \/><\/p>\n<p><img loading=\"lazy\" decoding=\"async\" class=\"size-full wp-image-6714 aligncenter\" src=\"http:\/\/cpl14.fr\/wp-content\/uploads\/2020\/03\/24-1.jpg\" alt=\"\" width=\"700\" height=\"447\" srcset=\"https:\/\/cpl14.fr\/wp-content\/uploads\/2020\/03\/24-1.jpg 700w, https:\/\/cpl14.fr\/wp-content\/uploads\/2020\/03\/24-1-300x192.jpg 300w\" sizes=\"auto, (max-width: 700px) 100vw, 700px\" \/><\/p>\n<p>Et pourquoi pas plus loin ? Th\u00e9r\u00e8se est dans le Monde entier&#8230; ici au Vietnam, pas de cartes postales disponibles aux visiteurs. .. mais des photos et deux images reliques (\u00e9toffe ayant touch\u00e9 aux ossements) gentiment rapport\u00e9es il y a quelques ann\u00e9es par notre amie Agn\u00e8s M.<\/p>\n<p><img loading=\"lazy\" decoding=\"async\" class=\"size-full wp-image-6715 aligncenter\" src=\"http:\/\/cpl14.fr\/wp-content\/uploads\/2020\/03\/25-1.jpg\" alt=\"\" width=\"900\" height=\"620\" srcset=\"https:\/\/cpl14.fr\/wp-content\/uploads\/2020\/03\/25-1.jpg 900w, https:\/\/cpl14.fr\/wp-content\/uploads\/2020\/03\/25-1-300x207.jpg 300w, https:\/\/cpl14.fr\/wp-content\/uploads\/2020\/03\/25-1-768x529.jpg 768w\" sizes=\"auto, (max-width: 900px) 100vw, 900px\" \/><\/p>\n<p style=\"text-align: center;\">.<\/p>\n<p>Pour conclure aujourd&rsquo;hui ce chapitre, mais sans en finir&#8230;<br \/>\n. Les objets contemporains que sont les d\u00e9pliants, prospectus, publicit\u00e9s, cartes de voeux, signets, peuvent \u00eatre facilement collect\u00e9s gratuitement. Ils forment un ensemble de documentation compl\u00e9mentaire utile.<br \/>\nIci un \u00e9chantillon de ce que vous pouvez trouver.<\/p>\n<p><img loading=\"lazy\" decoding=\"async\" class=\"size-full wp-image-6716 aligncenter\" src=\"http:\/\/cpl14.fr\/wp-content\/uploads\/2020\/03\/28.jpg\" alt=\"\" width=\"900\" height=\"642\" srcset=\"https:\/\/cpl14.fr\/wp-content\/uploads\/2020\/03\/28.jpg 900w, https:\/\/cpl14.fr\/wp-content\/uploads\/2020\/03\/28-300x214.jpg 300w, https:\/\/cpl14.fr\/wp-content\/uploads\/2020\/03\/28-768x548.jpg 768w\" sizes=\"auto, (max-width: 900px) 100vw, 900px\" \/><\/p>\n<p><img loading=\"lazy\" decoding=\"async\" class=\"size-full wp-image-6717 aligncenter\" src=\"http:\/\/cpl14.fr\/wp-content\/uploads\/2020\/03\/26-1.jpg\" alt=\"\" width=\"900\" height=\"600\" srcset=\"https:\/\/cpl14.fr\/wp-content\/uploads\/2020\/03\/26-1.jpg 900w, https:\/\/cpl14.fr\/wp-content\/uploads\/2020\/03\/26-1-300x200.jpg 300w, https:\/\/cpl14.fr\/wp-content\/uploads\/2020\/03\/26-1-768x512.jpg 768w\" sizes=\"auto, (max-width: 900px) 100vw, 900px\" \/><\/p>\n<p><img loading=\"lazy\" decoding=\"async\" class=\"size-full wp-image-6718 aligncenter\" src=\"http:\/\/cpl14.fr\/wp-content\/uploads\/2020\/03\/27-1.jpg\" alt=\"\" width=\"900\" height=\"590\" srcset=\"https:\/\/cpl14.fr\/wp-content\/uploads\/2020\/03\/27-1.jpg 900w, https:\/\/cpl14.fr\/wp-content\/uploads\/2020\/03\/27-1-300x197.jpg 300w, https:\/\/cpl14.fr\/wp-content\/uploads\/2020\/03\/27-1-768x503.jpg 768w\" sizes=\"auto, (max-width: 900px) 100vw, 900px\" \/><\/p>\n<p><img loading=\"lazy\" decoding=\"async\" class=\"size-full wp-image-6720 aligncenter\" src=\"http:\/\/cpl14.fr\/wp-content\/uploads\/2020\/03\/29.jpg\" alt=\"\" width=\"900\" height=\"653\" srcset=\"https:\/\/cpl14.fr\/wp-content\/uploads\/2020\/03\/29.jpg 900w, https:\/\/cpl14.fr\/wp-content\/uploads\/2020\/03\/29-300x218.jpg 300w, https:\/\/cpl14.fr\/wp-content\/uploads\/2020\/03\/29-768x557.jpg 768w\" sizes=\"auto, (max-width: 900px) 100vw, 900px\" \/><\/p>\n<p>&nbsp;<\/p>\n<p>&nbsp;<\/p>\n<p style=\"text-align: right;\"><a href=\"http:\/\/cpl14.fr\/?p=259\">retour \u00e0 l&rsquo;article Ste Th\u00e9r\u00e9se<\/a><\/p>\n","protected":false},"excerpt":{"rendered":"<div class=\"mh-excerpt\"><p>Dans cette derni\u00e8re partie, du premier chapitre consacr\u00e9 \u00e0 l&rsquo;image de Th\u00e9r\u00e8se, nous allons vous pr\u00e9senter quelques \u00ab\u00a0th\u00e9matiques\u00a0\u00bb en lien proche avec notre histoire. Nous <a class=\"mh-excerpt-more\" href=\"https:\/\/cpl14.fr\/?page_id=6683\" title=\"Gravures et diverses illustrations\">[&#8230;]<\/a><\/p>\n<\/div>","protected":false},"author":1,"featured_media":0,"parent":0,"menu_order":0,"comment_status":"closed","ping_status":"closed","template":"","meta":{"footnotes":""},"class_list":["post-6683","page","type-page","status-publish","hentry"],"_links":{"self":[{"href":"https:\/\/cpl14.fr\/index.php?rest_route=\/wp\/v2\/pages\/6683","targetHints":{"allow":["GET"]}}],"collection":[{"href":"https:\/\/cpl14.fr\/index.php?rest_route=\/wp\/v2\/pages"}],"about":[{"href":"https:\/\/cpl14.fr\/index.php?rest_route=\/wp\/v2\/types\/page"}],"author":[{"embeddable":true,"href":"https:\/\/cpl14.fr\/index.php?rest_route=\/wp\/v2\/users\/1"}],"replies":[{"embeddable":true,"href":"https:\/\/cpl14.fr\/index.php?rest_route=%2Fwp%2Fv2%2Fcomments&post=6683"}],"version-history":[{"count":7,"href":"https:\/\/cpl14.fr\/index.php?rest_route=\/wp\/v2\/pages\/6683\/revisions"}],"predecessor-version":[{"id":7039,"href":"https:\/\/cpl14.fr\/index.php?rest_route=\/wp\/v2\/pages\/6683\/revisions\/7039"}],"wp:attachment":[{"href":"https:\/\/cpl14.fr\/index.php?rest_route=%2Fwp%2Fv2%2Fmedia&parent=6683"}],"curies":[{"name":"wp","href":"https:\/\/api.w.org\/{rel}","templated":true}]}}