{"id":6722,"date":"2020-03-30T14:21:27","date_gmt":"2020-03-30T12:21:27","guid":{"rendered":"http:\/\/cpl14.fr\/?page_id=6722"},"modified":"2020-04-04T15:14:58","modified_gmt":"2020-04-04T13:14:58","slug":"avion-survolant-marseille","status":"publish","type":"page","link":"https:\/\/cpl14.fr\/?page_id=6722","title":{"rendered":"Les Paix de Laurens"},"content":{"rendered":"<p>En 1932, suite \u00e0 l&rsquo;augmentation des tarifs int\u00e9rieurs du 6 avril et \u00e9tranger du 18 juillet, les s\u00e9ries en cours ne correspondent plus aux valeurs d&rsquo;affranchissement.<br \/>\nL&rsquo;administration d\u00e9cide de cr\u00e9er une nouvelle figure pour les valeurs moyennes, les petites valeurs restant \u00e0 l&rsquo;image de la Semeuse Cam\u00e9e.<br \/>\nCette nouvelle valeur remplacera les Semeuse, Pasteur et Berthelot de 30 centimes \u00e0 1,75 Franc.<br \/>\nLa m\u00e9moire de la guerre 14-18 est encore vive, et il est d\u00e9cid\u00e9 que la nouvelle image repr\u00e9sentera la Paix. C&rsquo;est la gravure de Paul Albert LAURENS qui sera choisie, la d\u00e9esse de la Paix brandissant un rameau d&rsquo;olivier.<\/p>\n<h4><a href=\"http:\/\/cpl14.fr\/?page_id=6751\">40c lilas (n\u00b0281)<\/a><\/h4>\n<h4><a href=\"http:\/\/cpl14.fr\/?page_id=6731\">50c rouge (n\u00b0283)<\/a><\/h4>\n<h4><a href=\"http:\/\/cpl14.fr\/?page_id=6761\">65c outremer (n\u00b0365)<\/a><\/h4>\n<h4><a href=\"http:\/\/cpl14.fr\/?page_id=6957\">90c outremer (n\u00b0368)<\/a><\/h4>\n<h4><a href=\"http:\/\/cpl14.fr\/?page_id=6944\">1fr orange (n\u00b0286)<\/a><\/h4>\n<h4><a href=\"http:\/\/cpl14.fr\/?page_id=6954\">80c\/1fr orange (n\u00b0359)<\/a><\/h4>\n<p>&nbsp;<\/p>\n<p style=\"text-align: right;\"><a href=\"http:\/\/cpl14.fr\/?p=1150\">retour \u00e0 l&rsquo;article Types et Etats<\/a><\/p>\n","protected":false},"excerpt":{"rendered":"<div class=\"mh-excerpt\"><p>En 1932, suite \u00e0 l&rsquo;augmentation des tarifs int\u00e9rieurs du 6 avril et \u00e9tranger du 18 juillet, les s\u00e9ries en cours ne correspondent plus aux valeurs <a class=\"mh-excerpt-more\" href=\"https:\/\/cpl14.fr\/?page_id=6722\" title=\"Les Paix de Laurens\">[&#8230;]<\/a><\/p>\n<\/div>","protected":false},"author":1,"featured_media":6736,"parent":0,"menu_order":0,"comment_status":"closed","ping_status":"closed","template":"","meta":{"footnotes":""},"class_list":["post-6722","page","type-page","status-publish","has-post-thumbnail","hentry"],"_links":{"self":[{"href":"https:\/\/cpl14.fr\/index.php?rest_route=\/wp\/v2\/pages\/6722","targetHints":{"allow":["GET"]}}],"collection":[{"href":"https:\/\/cpl14.fr\/index.php?rest_route=\/wp\/v2\/pages"}],"about":[{"href":"https:\/\/cpl14.fr\/index.php?rest_route=\/wp\/v2\/types\/page"}],"author":[{"embeddable":true,"href":"https:\/\/cpl14.fr\/index.php?rest_route=\/wp\/v2\/users\/1"}],"replies":[{"embeddable":true,"href":"https:\/\/cpl14.fr\/index.php?rest_route=%2Fwp%2Fv2%2Fcomments&post=6722"}],"version-history":[{"count":14,"href":"https:\/\/cpl14.fr\/index.php?rest_route=\/wp\/v2\/pages\/6722\/revisions"}],"predecessor-version":[{"id":6959,"href":"https:\/\/cpl14.fr\/index.php?rest_route=\/wp\/v2\/pages\/6722\/revisions\/6959"}],"wp:featuredmedia":[{"embeddable":true,"href":"https:\/\/cpl14.fr\/index.php?rest_route=\/wp\/v2\/media\/6736"}],"wp:attachment":[{"href":"https:\/\/cpl14.fr\/index.php?rest_route=%2Fwp%2Fv2%2Fmedia&parent=6722"}],"curies":[{"name":"wp","href":"https:\/\/api.w.org\/{rel}","templated":true}]}}