{"id":6731,"date":"2020-03-30T14:48:51","date_gmt":"2020-03-30T12:48:51","guid":{"rendered":"http:\/\/cpl14.fr\/?page_id=6731"},"modified":"2020-04-06T11:13:35","modified_gmt":"2020-04-06T09:13:35","slug":"50c-rouge","status":"publish","type":"page","link":"https:\/\/cpl14.fr\/?page_id=6731","title":{"rendered":"50c rouge"},"content":{"rendered":"<p>Emis en feuilles, en carnets et en roulettes, \u00e0 partir du 18 septembre 1932.<br \/>\nOn d\u00e9nombre 4 types principaux et 2 sous-types pour le Type II, soit 5 types au total.<br \/>\nLe type I est celui des premi\u00e8res feuilles, des premiers carnets de 1932, et des surcharg\u00e9s FM de 1933 et 1934<br \/>\nLe type IIA est celui des deuxi\u00e8mes carnets de 1933<br \/>\nLe type IIB est celui des roulettes \u00e9mises en 1933<br \/>\nLe type III est celui des deuxi\u00e8mes feuilles de 1935, des quatri\u00e8mes carnets de 1936 et des surcharg\u00e9s FM de 1935<br \/>\nEt le type IV pour des troisi\u00e8mes carnets de 1935<br \/>\nLes tr\u00e8s nombreux carnets comportent tous de la publicit\u00e9.<\/p>\n<h4>le type I<\/h4>\n<p>Sous la boucle de la ceinture, les plis de la robe sont continus<\/p>\n<p><img loading=\"lazy\" decoding=\"async\" class=\"size-full wp-image-6738 aligncenter\" src=\"http:\/\/cpl14.fr\/wp-content\/uploads\/2020\/03\/50-I.jpg\" alt=\"\" width=\"300\" height=\"300\" srcset=\"https:\/\/cpl14.fr\/wp-content\/uploads\/2020\/03\/50-I.jpg 300w, https:\/\/cpl14.fr\/wp-content\/uploads\/2020\/03\/50-I-150x150.jpg 150w\" sizes=\"auto, (max-width: 300px) 100vw, 300px\" \/><\/p>\n<p>le C de la valeur faciale est petit et r\u00e9gulier<\/p>\n<p><img loading=\"lazy\" decoding=\"async\" class=\"size-full wp-image-6741 aligncenter\" src=\"http:\/\/cpl14.fr\/wp-content\/uploads\/2020\/03\/1-7.jpg\" alt=\"\" width=\"400\" height=\"281\" srcset=\"https:\/\/cpl14.fr\/wp-content\/uploads\/2020\/03\/1-7.jpg 400w, https:\/\/cpl14.fr\/wp-content\/uploads\/2020\/03\/1-7-300x211.jpg 300w\" sizes=\"auto, (max-width: 400px) 100vw, 400px\" \/><\/p>\n<p>le filet bas du cadre est d&rsquo;\u00e9paisseur \u00e9gale sur la longueur (en th\u00e9orie)<\/p>\n<p><img loading=\"lazy\" decoding=\"async\" class=\"alignnone size-full wp-image-6744 aligncenter\" src=\"http:\/\/cpl14.fr\/wp-content\/uploads\/2020\/03\/TI-2.jpg\" alt=\"\" width=\"600\" height=\"228\" srcset=\"https:\/\/cpl14.fr\/wp-content\/uploads\/2020\/03\/TI-2.jpg 600w, https:\/\/cpl14.fr\/wp-content\/uploads\/2020\/03\/TI-2-300x114.jpg 300w\" sizes=\"auto, (max-width: 600px) 100vw, 600px\" \/><\/p>\n<h4 style=\"text-align: center;\">.<\/h4>\n<h4>le type II<\/h4>\n<p>Il y a bien un type II, mais les sous-types ne sont que des \u00e9tats<\/p>\n<h5>type II (g\u00e9n\u00e9ralit\u00e9s)<\/h5>\n<p>identique au type I pour les plis de la robe sous la ceinture et le bas du cadre, le type II se caract\u00e9rise par le C de la valeur faciale\u00a0 dont la branche du haut se referme et termine par une boule<\/p>\n<p><img loading=\"lazy\" decoding=\"async\" class=\"size-full wp-image-6742 aligncenter\" src=\"http:\/\/cpl14.fr\/wp-content\/uploads\/2020\/03\/2-6.jpg\" alt=\"\" width=\"400\" height=\"309\" srcset=\"https:\/\/cpl14.fr\/wp-content\/uploads\/2020\/03\/2-6.jpg 400w, https:\/\/cpl14.fr\/wp-content\/uploads\/2020\/03\/2-6-300x232.jpg 300w\" sizes=\"auto, (max-width: 400px) 100vw, 400px\" \/><\/p>\n<h5>type II \u00e9tat A<\/h5>\n<p>le type des carnets, sans particularit\u00e9s<\/p>\n<h5>type II \u00e9tat B<\/h5>\n<p>ce type est celui des roulettes, la premi\u00e8re caract\u00e9ristique est donc les dents verticales massicot\u00e9es<\/p>\n<p><img loading=\"lazy\" decoding=\"async\" class=\"size-full wp-image-6743 aligncenter\" src=\"http:\/\/cpl14.fr\/wp-content\/uploads\/2020\/03\/roul.jpg\" alt=\"\" width=\"600\" height=\"254\" srcset=\"https:\/\/cpl14.fr\/wp-content\/uploads\/2020\/03\/roul.jpg 600w, https:\/\/cpl14.fr\/wp-content\/uploads\/2020\/03\/roul-300x127.jpg 300w\" sizes=\"auto, (max-width: 600px) 100vw, 600px\" \/><\/p>\n<p>et la seconde est un renflement du cadre sous QUE-FRA de R\u00e9publique Fran\u00e7aise<\/p>\n<p><img loading=\"lazy\" decoding=\"async\" class=\"size-full wp-image-6745 aligncenter\" src=\"http:\/\/cpl14.fr\/wp-content\/uploads\/2020\/03\/roul-2.jpg\" alt=\"\" width=\"600\" height=\"203\" srcset=\"https:\/\/cpl14.fr\/wp-content\/uploads\/2020\/03\/roul-2.jpg 600w, https:\/\/cpl14.fr\/wp-content\/uploads\/2020\/03\/roul-2-300x102.jpg 300w\" sizes=\"auto, (max-width: 600px) 100vw, 600px\" \/><\/p>\n<p>mais il faut \u00eatre prudent sur ce signe distinctif car voici l&rsquo;\u00e9tat du filet sur un coin dat\u00e9 au type I de 1933<\/p>\n<p><img loading=\"lazy\" decoding=\"async\" class=\"size-full wp-image-6746 aligncenter\" src=\"http:\/\/cpl14.fr\/wp-content\/uploads\/2020\/03\/TI-3.jpg\" alt=\"\" width=\"600\" height=\"222\" srcset=\"https:\/\/cpl14.fr\/wp-content\/uploads\/2020\/03\/TI-3.jpg 600w, https:\/\/cpl14.fr\/wp-content\/uploads\/2020\/03\/TI-3-300x111.jpg 300w\" sizes=\"auto, (max-width: 600px) 100vw, 600px\" \/><\/p>\n<p style=\"text-align: center;\">.<\/p>\n<h4>Le type III<\/h4>\n<p>on identifie ce type aux plis de la robe sous la boucle de la ceinture. Le pli de droite est cass\u00e9, et il y a un petit pli suppl\u00e9mentaire entre les 2 plis<\/p>\n<p><img loading=\"lazy\" decoding=\"async\" class=\"size-full wp-image-6748 aligncenter\" src=\"http:\/\/cpl14.fr\/wp-content\/uploads\/2020\/03\/50-III-1.jpg\" alt=\"\" width=\"300\" height=\"300\" srcset=\"https:\/\/cpl14.fr\/wp-content\/uploads\/2020\/03\/50-III-1.jpg 300w, https:\/\/cpl14.fr\/wp-content\/uploads\/2020\/03\/50-III-1-150x150.jpg 150w\" sizes=\"auto, (max-width: 300px) 100vw, 300px\" \/><\/p>\n<p style=\"text-align: center;\">.<\/p>\n<h4>Le type IV<\/h4>\n<p>et ce dernier type se caract\u00e9rise par le pli de droite continu tout en ayant le petit pli entre les deux grands<\/p>\n<p><img loading=\"lazy\" decoding=\"async\" class=\"size-full wp-image-6749 aligncenter\" src=\"http:\/\/cpl14.fr\/wp-content\/uploads\/2020\/03\/50-IV-1.jpg\" alt=\"\" width=\"300\" height=\"300\" srcset=\"https:\/\/cpl14.fr\/wp-content\/uploads\/2020\/03\/50-IV-1.jpg 300w, https:\/\/cpl14.fr\/wp-content\/uploads\/2020\/03\/50-IV-1-150x150.jpg 150w\" sizes=\"auto, (max-width: 300px) 100vw, 300px\" \/><\/p>\n<p>&nbsp;<\/p>\n<p>collection B. BONNET<\/p>\n<p style=\"text-align: right;\"><a href=\"http:\/\/cpl14.fr\/?page_id=6722\">retour au chapitre Paix<\/a><\/p>\n","protected":false},"excerpt":{"rendered":"<div class=\"mh-excerpt\"><p>Emis en feuilles, en carnets et en roulettes, \u00e0 partir du 18 septembre 1932. On d\u00e9nombre 4 types principaux et 2 sous-types pour le Type <a class=\"mh-excerpt-more\" href=\"https:\/\/cpl14.fr\/?page_id=6731\" title=\"50c rouge\">[&#8230;]<\/a><\/p>\n<\/div>","protected":false},"author":1,"featured_media":6736,"parent":0,"menu_order":0,"comment_status":"closed","ping_status":"closed","template":"","meta":{"footnotes":""},"class_list":["post-6731","page","type-page","status-publish","has-post-thumbnail","hentry"],"_links":{"self":[{"href":"https:\/\/cpl14.fr\/index.php?rest_route=\/wp\/v2\/pages\/6731","targetHints":{"allow":["GET"]}}],"collection":[{"href":"https:\/\/cpl14.fr\/index.php?rest_route=\/wp\/v2\/pages"}],"about":[{"href":"https:\/\/cpl14.fr\/index.php?rest_route=\/wp\/v2\/types\/page"}],"author":[{"embeddable":true,"href":"https:\/\/cpl14.fr\/index.php?rest_route=\/wp\/v2\/users\/1"}],"replies":[{"embeddable":true,"href":"https:\/\/cpl14.fr\/index.php?rest_route=%2Fwp%2Fv2%2Fcomments&post=6731"}],"version-history":[{"count":6,"href":"https:\/\/cpl14.fr\/index.php?rest_route=\/wp\/v2\/pages\/6731\/revisions"}],"predecessor-version":[{"id":7015,"href":"https:\/\/cpl14.fr\/index.php?rest_route=\/wp\/v2\/pages\/6731\/revisions\/7015"}],"wp:featuredmedia":[{"embeddable":true,"href":"https:\/\/cpl14.fr\/index.php?rest_route=\/wp\/v2\/media\/6736"}],"wp:attachment":[{"href":"https:\/\/cpl14.fr\/index.php?rest_route=%2Fwp%2Fv2%2Fmedia&parent=6731"}],"curies":[{"name":"wp","href":"https:\/\/api.w.org\/{rel}","templated":true}]}}