{"id":6751,"date":"2020-03-30T16:17:53","date_gmt":"2020-03-30T14:17:53","guid":{"rendered":"http:\/\/cpl14.fr\/?page_id=6751"},"modified":"2020-04-06T11:11:55","modified_gmt":"2020-04-06T09:11:55","slug":"40c-lilas","status":"publish","type":"page","link":"https:\/\/cpl14.fr\/?page_id=6751","title":{"rendered":"40c lilas"},"content":{"rendered":"<p>Nous avons abord\u00e9 ce timbre pour respecter le classement des catalogues, mais l&rsquo;existence de 2 types pour ce timbre est controvers\u00e9.<\/p>\n<p>Il s&rsquo;agit plut\u00f4t de 2 pr\u00e9sentations d&rsquo;un m\u00eame type avec pr\u00e9sence de 2 \u00e9tats non constants.<\/p>\n<p>Certains catalogues signalent un r\u00e9tr\u00e9cissement de la barre m\u00e9diane du R de Fran\u00e7aise dans le type I qui est celui des feuilles. Mais pour avoir vu de grandes quantit\u00e9s de timbres, cet \u00e9tat est loin d&rsquo;\u00eatre constant.<\/p>\n<p>voici un type I&#8230; le R est normal!<\/p>\n<p><img loading=\"lazy\" decoding=\"async\" class=\"size-full wp-image-6759 aligncenter\" src=\"http:\/\/cpl14.fr\/wp-content\/uploads\/2020\/03\/281.jpg\" alt=\"\" width=\"400\" height=\"189\" srcset=\"https:\/\/cpl14.fr\/wp-content\/uploads\/2020\/03\/281.jpg 400w, https:\/\/cpl14.fr\/wp-content\/uploads\/2020\/03\/281-300x142.jpg 300w\" sizes=\"auto, (max-width: 400px) 100vw, 400px\" \/><\/p>\n<p>Dans le cas des timbres de roulette, la barre m\u00e9diane du R est d&rsquo;\u00e9paisseur constante. La principale distinction est que les timbres de roulette ont les dents verticales massicot\u00e9es.<\/p>\n<p>&nbsp;<\/p>\n<p>collection B. BONNET<\/p>\n<p style=\"text-align: right;\"><a href=\"http:\/\/cpl14.fr\/?page_id=6722\">retour au chapitre Paix<\/a><\/p>\n","protected":false},"excerpt":{"rendered":"<div class=\"mh-excerpt\"><p>Nous avons abord\u00e9 ce timbre pour respecter le classement des catalogues, mais l&rsquo;existence de 2 types pour ce timbre est controvers\u00e9. Il s&rsquo;agit plut\u00f4t de <a class=\"mh-excerpt-more\" href=\"https:\/\/cpl14.fr\/?page_id=6751\" title=\"40c lilas\">[&#8230;]<\/a><\/p>\n<\/div>","protected":false},"author":1,"featured_media":6756,"parent":0,"menu_order":0,"comment_status":"closed","ping_status":"closed","template":"","meta":{"footnotes":""},"class_list":["post-6751","page","type-page","status-publish","has-post-thumbnail","hentry"],"_links":{"self":[{"href":"https:\/\/cpl14.fr\/index.php?rest_route=\/wp\/v2\/pages\/6751","targetHints":{"allow":["GET"]}}],"collection":[{"href":"https:\/\/cpl14.fr\/index.php?rest_route=\/wp\/v2\/pages"}],"about":[{"href":"https:\/\/cpl14.fr\/index.php?rest_route=\/wp\/v2\/types\/page"}],"author":[{"embeddable":true,"href":"https:\/\/cpl14.fr\/index.php?rest_route=\/wp\/v2\/users\/1"}],"replies":[{"embeddable":true,"href":"https:\/\/cpl14.fr\/index.php?rest_route=%2Fwp%2Fv2%2Fcomments&post=6751"}],"version-history":[{"count":5,"href":"https:\/\/cpl14.fr\/index.php?rest_route=\/wp\/v2\/pages\/6751\/revisions"}],"predecessor-version":[{"id":7014,"href":"https:\/\/cpl14.fr\/index.php?rest_route=\/wp\/v2\/pages\/6751\/revisions\/7014"}],"wp:featuredmedia":[{"embeddable":true,"href":"https:\/\/cpl14.fr\/index.php?rest_route=\/wp\/v2\/media\/6756"}],"wp:attachment":[{"href":"https:\/\/cpl14.fr\/index.php?rest_route=%2Fwp%2Fv2%2Fmedia&parent=6751"}],"curies":[{"name":"wp","href":"https:\/\/api.w.org\/{rel}","templated":true}]}}