{"id":6761,"date":"2020-03-30T17:10:31","date_gmt":"2020-03-30T15:10:31","guid":{"rendered":"http:\/\/cpl14.fr\/?page_id=6761"},"modified":"2020-04-06T11:14:44","modified_gmt":"2020-04-06T09:14:44","slug":"65c-outremer","status":"publish","type":"page","link":"https:\/\/cpl14.fr\/?page_id=6761","title":{"rendered":"65c outremer"},"content":{"rendered":"<p>La 1\u00e8re \u00e9mission avait \u00e9t\u00e9 \u00e9mise de juillet 1932 \u00e0 novembre 1933.<\/p>\n<p>La 2\u00e9me s\u00e9rie est n\u00e9cessit\u00e9e par l&rsquo;augmentation des tarifs postaux du 12 juillet 1937 pour le tarif int\u00e9rieur et du 1 ao\u00fbt pour le tarif \u00e9tranger.<\/p>\n<p>1er timbre de la 2\u00e9me s\u00e9rie, ce timbre est \u00e9mis d\u00e8s le mois de septembre pour l&rsquo;affranchissement de la lettre de 1er \u00e9chelon au tarif int\u00e9rieur. Il est \u00e9mis sous forme de feuille, de carnet et de roulette.<br \/>\nOn d\u00e9nombre 3 types d&rsquo;apr\u00e8s les catalogues, il s&rsquo;agit plut\u00f4t de 3 \u00e9tats correspondants aux 3 formes d&rsquo;\u00e9missions, et en plus, ces trois \u00e9tats ne sont pas constants!<\/p>\n<p>-l&rsquo;Etat 1 pour le timbre provenant de feuille, d\u00e9fini par 2 points dans les plis de la robe (et par la ligne de lumi\u00e8re sous l&rsquo;avant-bras obstru\u00e9e)<\/p>\n<p><img loading=\"lazy\" decoding=\"async\" class=\"size-full wp-image-6933 aligncenter\" src=\"http:\/\/cpl14.fr\/wp-content\/uploads\/2020\/04\/65-I.jpg\" alt=\"\" width=\"500\" height=\"375\" srcset=\"https:\/\/cpl14.fr\/wp-content\/uploads\/2020\/04\/65-I.jpg 500w, https:\/\/cpl14.fr\/wp-content\/uploads\/2020\/04\/65-I-300x225.jpg 300w, https:\/\/cpl14.fr\/wp-content\/uploads\/2020\/04\/65-I-326x245.jpg 326w, https:\/\/cpl14.fr\/wp-content\/uploads\/2020\/04\/65-I-80x60.jpg 80w\" sizes=\"auto, (max-width: 500px) 100vw, 500px\" \/><\/p>\n<p style=\"text-align: center;\">je ne dois pas avoir beaucoup de timbres de feuilles! j&rsquo;ai du en passer beaucoup pour trouver ce beau clich\u00e9&#8230;<\/p>\n<p>&nbsp;<\/p>\n<p>-l&rsquo;Etat 2 pour le timbre provenant de carnet avec publicit\u00e9, d\u00e9fini par 1 point seul dans les plis de la robe (et par la ligne de lumi\u00e8re sous l&rsquo;avant-bras obstru\u00e9e seulement au niveau du poignet)&#8230;<\/p>\n<p>Alors que penser de l&rsquo;exemple ci-dessous?<\/p>\n<p><img loading=\"lazy\" decoding=\"async\" class=\"size-full wp-image-6934 aligncenter\" src=\"http:\/\/cpl14.fr\/wp-content\/uploads\/2020\/04\/65-II-pub.jpg\" alt=\"\" width=\"553\" height=\"337\" srcset=\"https:\/\/cpl14.fr\/wp-content\/uploads\/2020\/04\/65-II-pub.jpg 553w, https:\/\/cpl14.fr\/wp-content\/uploads\/2020\/04\/65-II-pub-300x183.jpg 300w\" sizes=\"auto, (max-width: 553px) 100vw, 553px\" \/><\/p>\n<p><img loading=\"lazy\" decoding=\"async\" class=\"size-full wp-image-6935 aligncenter\" src=\"http:\/\/cpl14.fr\/wp-content\/uploads\/2020\/04\/65-II.jpg\" alt=\"\" width=\"500\" height=\"375\" srcset=\"https:\/\/cpl14.fr\/wp-content\/uploads\/2020\/04\/65-II.jpg 500w, https:\/\/cpl14.fr\/wp-content\/uploads\/2020\/04\/65-II-300x225.jpg 300w, https:\/\/cpl14.fr\/wp-content\/uploads\/2020\/04\/65-II-326x245.jpg 326w, https:\/\/cpl14.fr\/wp-content\/uploads\/2020\/04\/65-II-80x60.jpg 80w\" sizes=\"auto, (max-width: 500px) 100vw, 500px\" \/><\/p>\n<p style=\"text-align: center;\">agrandissement du timbre de gauche&#8230; 2 petits points? et pas nets!<\/p>\n<p><img loading=\"lazy\" decoding=\"async\" class=\"size-full wp-image-6936 aligncenter\" src=\"http:\/\/cpl14.fr\/wp-content\/uploads\/2020\/04\/65-II.2.jpg\" alt=\"\" width=\"500\" height=\"375\" srcset=\"https:\/\/cpl14.fr\/wp-content\/uploads\/2020\/04\/65-II.2.jpg 500w, https:\/\/cpl14.fr\/wp-content\/uploads\/2020\/04\/65-II.2-300x225.jpg 300w, https:\/\/cpl14.fr\/wp-content\/uploads\/2020\/04\/65-II.2-326x245.jpg 326w, https:\/\/cpl14.fr\/wp-content\/uploads\/2020\/04\/65-II.2-80x60.jpg 80w\" sizes=\"auto, (max-width: 500px) 100vw, 500px\" \/><\/p>\n<p style=\"text-align: center;\">agrandissement du timbre du milieu&#8230; pas de point!<\/p>\n<p>&nbsp;<\/p>\n<p>-l&rsquo;Etat 3 pour le timbre provenant de roulette, d\u00e9fini par aucun points dans les plis de la robe, et la ligne de lumi\u00e8re bien nette sous l&rsquo;avant bras.<\/p>\n<p>alors que penser du timbre de cette lettre:<\/p>\n<p><img loading=\"lazy\" decoding=\"async\" class=\"size-full wp-image-6937 aligncenter\" src=\"http:\/\/cpl14.fr\/wp-content\/uploads\/2020\/04\/65-III-roulette.jpg\" alt=\"\" width=\"800\" height=\"612\" srcset=\"https:\/\/cpl14.fr\/wp-content\/uploads\/2020\/04\/65-III-roulette.jpg 800w, https:\/\/cpl14.fr\/wp-content\/uploads\/2020\/04\/65-III-roulette-300x230.jpg 300w, https:\/\/cpl14.fr\/wp-content\/uploads\/2020\/04\/65-III-roulette-768x588.jpg 768w, https:\/\/cpl14.fr\/wp-content\/uploads\/2020\/04\/65-III-roulette-80x60.jpg 80w\" sizes=\"auto, (max-width: 800px) 100vw, 800px\" \/><\/p>\n<p><img loading=\"lazy\" decoding=\"async\" class=\"size-full wp-image-6939 aligncenter\" src=\"http:\/\/cpl14.fr\/wp-content\/uploads\/2020\/04\/65-III.jpg\" alt=\"\" width=\"500\" height=\"375\" srcset=\"https:\/\/cpl14.fr\/wp-content\/uploads\/2020\/04\/65-III.jpg 500w, https:\/\/cpl14.fr\/wp-content\/uploads\/2020\/04\/65-III-300x225.jpg 300w, https:\/\/cpl14.fr\/wp-content\/uploads\/2020\/04\/65-III-326x245.jpg 326w, https:\/\/cpl14.fr\/wp-content\/uploads\/2020\/04\/65-III-80x60.jpg 80w\" sizes=\"auto, (max-width: 500px) 100vw, 500px\" \/><\/p>\n<p style=\"text-align: center;\">agrandissement du timbre de la lettre ci-dessus<\/p>\n<p style=\"text-align: center;\">ne serait-ce pas un point dans le pli de la robe?<\/p>\n<p>Le meilleur moyen de d\u00e9finir un timbre de roulette reste quand m\u00eame les dents verticales massicot\u00e9es!<\/p>\n<p><img loading=\"lazy\" decoding=\"async\" class=\"size-full wp-image-6938 aligncenter\" src=\"http:\/\/cpl14.fr\/wp-content\/uploads\/2020\/04\/65-III-gp.jpg\" alt=\"\" width=\"600\" height=\"554\" srcset=\"https:\/\/cpl14.fr\/wp-content\/uploads\/2020\/04\/65-III-gp.jpg 600w, https:\/\/cpl14.fr\/wp-content\/uploads\/2020\/04\/65-III-gp-300x277.jpg 300w\" sizes=\"auto, (max-width: 600px) 100vw, 600px\" \/><\/p>\n<p>&nbsp;<\/p>\n<p>Conclusion: ne cherchez ni types, ni \u00e9tats pour ce timbre! collectionnez le seul pour le timbre de feuille, avec sa bande pub pour le timbre de carnet, et avec ses dents massicot\u00e9es pour le timbre de roulette&#8230; Il n&rsquo;y a eu qu&rsquo;un poin\u00e7on!<\/p>\n<p>On peut m\u00eame trouver ces vari\u00e9t\u00e9s:<\/p>\n<p><img loading=\"lazy\" decoding=\"async\" class=\"size-full wp-image-6940 aligncenter\" src=\"http:\/\/cpl14.fr\/wp-content\/uploads\/2020\/04\/65-v1.jpg\" alt=\"\" width=\"500\" height=\"375\" srcset=\"https:\/\/cpl14.fr\/wp-content\/uploads\/2020\/04\/65-v1.jpg 500w, https:\/\/cpl14.fr\/wp-content\/uploads\/2020\/04\/65-v1-300x225.jpg 300w, https:\/\/cpl14.fr\/wp-content\/uploads\/2020\/04\/65-v1-326x245.jpg 326w, https:\/\/cpl14.fr\/wp-content\/uploads\/2020\/04\/65-v1-80x60.jpg 80w\" sizes=\"auto, (max-width: 500px) 100vw, 500px\" \/><\/p>\n<p style=\"text-align: center;\">point&#8230;trait&#8230;trait&#8230;<\/p>\n<p>&nbsp;<\/p>\n<p><img loading=\"lazy\" decoding=\"async\" class=\"size-full wp-image-6941 aligncenter\" src=\"http:\/\/cpl14.fr\/wp-content\/uploads\/2020\/04\/65-v2.jpg\" alt=\"\" width=\"500\" height=\"375\" srcset=\"https:\/\/cpl14.fr\/wp-content\/uploads\/2020\/04\/65-v2.jpg 500w, https:\/\/cpl14.fr\/wp-content\/uploads\/2020\/04\/65-v2-300x225.jpg 300w, https:\/\/cpl14.fr\/wp-content\/uploads\/2020\/04\/65-v2-326x245.jpg 326w, https:\/\/cpl14.fr\/wp-content\/uploads\/2020\/04\/65-v2-80x60.jpg 80w\" sizes=\"auto, (max-width: 500px) 100vw, 500px\" \/><\/p>\n<p style=\"text-align: center;\">point&#8230;trait&#8230;point&#8230;<\/p>\n<p>une vraie le\u00e7on de Morse!<\/p>\n<p>&nbsp;<\/p>\n<p>collection B. BONNET<\/p>\n<p style=\"text-align: right;\"><a href=\"http:\/\/cpl14.fr\/?page_id=6722\">retour au chapitre Paix<\/a><\/p>\n","protected":false},"excerpt":{"rendered":"<div class=\"mh-excerpt\"><p>La 1\u00e8re \u00e9mission avait \u00e9t\u00e9 \u00e9mise de juillet 1932 \u00e0 novembre 1933. La 2\u00e9me s\u00e9rie est n\u00e9cessit\u00e9e par l&rsquo;augmentation des tarifs postaux du 12 juillet <a class=\"mh-excerpt-more\" href=\"https:\/\/cpl14.fr\/?page_id=6761\" title=\"65c outremer\">[&#8230;]<\/a><\/p>\n<\/div>","protected":false},"author":1,"featured_media":6765,"parent":0,"menu_order":0,"comment_status":"closed","ping_status":"closed","template":"","meta":{"footnotes":""},"class_list":["post-6761","page","type-page","status-publish","has-post-thumbnail","hentry"],"_links":{"self":[{"href":"https:\/\/cpl14.fr\/index.php?rest_route=\/wp\/v2\/pages\/6761","targetHints":{"allow":["GET"]}}],"collection":[{"href":"https:\/\/cpl14.fr\/index.php?rest_route=\/wp\/v2\/pages"}],"about":[{"href":"https:\/\/cpl14.fr\/index.php?rest_route=\/wp\/v2\/types\/page"}],"author":[{"embeddable":true,"href":"https:\/\/cpl14.fr\/index.php?rest_route=\/wp\/v2\/users\/1"}],"replies":[{"embeddable":true,"href":"https:\/\/cpl14.fr\/index.php?rest_route=%2Fwp%2Fv2%2Fcomments&post=6761"}],"version-history":[{"count":7,"href":"https:\/\/cpl14.fr\/index.php?rest_route=\/wp\/v2\/pages\/6761\/revisions"}],"predecessor-version":[{"id":7016,"href":"https:\/\/cpl14.fr\/index.php?rest_route=\/wp\/v2\/pages\/6761\/revisions\/7016"}],"wp:featuredmedia":[{"embeddable":true,"href":"https:\/\/cpl14.fr\/index.php?rest_route=\/wp\/v2\/media\/6765"}],"wp:attachment":[{"href":"https:\/\/cpl14.fr\/index.php?rest_route=%2Fwp%2Fv2%2Fmedia&parent=6761"}],"curies":[{"name":"wp","href":"https:\/\/api.w.org\/{rel}","templated":true}]}}