{"id":6769,"date":"2020-04-01T08:51:03","date_gmt":"2020-04-01T06:51:03","guid":{"rendered":"http:\/\/cpl14.fr\/?page_id=6769"},"modified":"2020-04-01T09:50:13","modified_gmt":"2020-04-01T07:50:13","slug":"presentation-generale-du-monument","status":"publish","type":"page","link":"https:\/\/cpl14.fr\/?page_id=6769","title":{"rendered":"Pr\u00e9sentation g\u00e9n\u00e9rale du monument"},"content":{"rendered":"<h4>Pr\u00e9sentation, vue g\u00e9n\u00e9rale<\/h4>\n<p>Cette carte g\u00e9ante mesure 30 x 24 cm<\/p>\n<p><img loading=\"lazy\" decoding=\"async\" class=\"size-full wp-image-6774 aligncenter\" src=\"http:\/\/cpl14.fr\/wp-content\/uploads\/2020\/04\/1.jpg\" alt=\"\" width=\"900\" height=\"741\" srcset=\"https:\/\/cpl14.fr\/wp-content\/uploads\/2020\/04\/1.jpg 900w, https:\/\/cpl14.fr\/wp-content\/uploads\/2020\/04\/1-300x247.jpg 300w, https:\/\/cpl14.fr\/wp-content\/uploads\/2020\/04\/1-768x632.jpg 768w\" sizes=\"auto, (max-width: 900px) 100vw, 900px\" \/><\/p>\n<p>Apr\u00e8s son d\u00e9c\u00e8s le 30 septembre 1897, c&rsquo;est le 4 octobre qu&rsquo;un tr\u00e8s modeste cort\u00e8ge conduisit Th\u00e9r\u00e8se au cimeti\u00e8re de Lisieux&#8230; sur le cercueil simplement recouvert de terre, une pauvre croix de bois !<br \/>\nC&rsquo;est la publication de son \u00e9crit majeur \u00a0\u00bb L&rsquo;HISTOIRE D&rsquo;UNE AME \u00ab\u00a0, un an apr\u00e8s, qui va r\u00e9veiller le souvenir, pour l&rsquo;\u00e9ternit\u00e9.<br \/>\nC&rsquo;est le moment pour nous, avant d&rsquo;entrer dans la Basilique, de vous rappeler quelques dates cl\u00e9s:<\/p>\n<p>. 1906 : premier miracle d&rsquo;un s\u00e9minariste de Lisieux. L&rsquo;abb\u00e9 Anne<br \/>\n. 1909: travaux pr\u00e9liminaires de la cause de Th\u00e9r\u00e8se pour le proc\u00e8s en b\u00e9atification<br \/>\n. 1916: deuxi\u00e8me miracle \u00e0 Ustaritz (Basses Pyr\u00e9n\u00e9es ). Soeur Louise de Saint Germain<br \/>\n. 1923: le 26 mars, \u00a0\u00bb translation des restes de la Servante de Dieu\u00a0\u00bb au Carmel<br \/>\n. 1923: le 29 avril, B\u00e9atification<br \/>\n. 1923.1924: deux autres miracles sont reconnus aux Pays-Bas et en Italie<br \/>\n. 1925: le 17 mai canonisation de Th\u00e9r\u00e8se par le Pape PIE XI.<\/p>\n<p>SAINTE THERESE DE L&rsquo;ENFANT-JESUS ET DE LA SAINTE-FACE est alors le nom officiel.<br \/>\n1925: \u00e0 Lisieux, le 30 Septembre, le Cardinal VICO, L\u00e9gat du Pape s&rsquo;agenouille devant la ch\u00e2sse. Il d\u00e9pose une rose d&rsquo;or dans la main de la Sainte.<br \/>\n1927: le 14 d\u00e9cembre Th\u00e9r\u00e8se est proclam\u00e9e Patronne des Missions catholiques.<br \/>\n1929: 30 septembre, pose de la 1e pierre de la Basilique<br \/>\n1932: En juillet inauguration de la Crypte<br \/>\n1937: fin du gros oeuvre de la Basilique<br \/>\n1937: 11 juillet, discours de PIE XII \u00e0 l&rsquo;occasion du CONGRES EUCHARISTIQUE<br \/>\n1944: THERESE est proclam\u00e9e Patronne secondaire de la France, au m\u00eame titre que Jeanne d&rsquo;Arc.<br \/>\nCeci n&rsquo;est qu&rsquo;un simple r\u00e9sum\u00e9, vous retrouverez tous les \u00e9l\u00e9ments de d\u00e9tails dans les nombreux ouvrages consacr\u00e9s \u00e0 l&rsquo;histoire de Th\u00e9r\u00e8se.<br \/>\nCes dates vous seront utiles pour tous les sujets qui suivront.<\/p>\n<p>Pour les vues \u00ab\u00a0g\u00e9n\u00e9rales\u00a0\u00bb<br \/>\nVoici, en 3 cadres et 18 pages, un petit r\u00e9sum\u00e9 de ce qui peut se trouver le plus facilement, la Basilique de Lisieux se situant dans la p\u00e9riode moderne de la carte postale.<br \/>\nLa s\u00e9lection que nous proposons est une infime partie du possible. La production est \u00e9norme ! On estime \u00e0 plus de 1000 mod\u00e8les de plans diff\u00e9rents, les tirages avant 2000. Pour les parutions plus r\u00e9centes du XXIe si\u00e8cle, elles sont encore dans les pr\u00e9sentoirs.<br \/>\nPour dater vos cartes, les moyens les plus simples:<br \/>\n. Avant guerre 1939\/1945, format 9&#215;14 , et les couleurs sont des clich\u00e9s coloris\u00e9s.<br \/>\n. Apr\u00e8s guerre 1939\/1945, quelques noires glac\u00e9es en 9&#215;14 et on passe rapidement au format 10&#215;15, les couleurs sont authentiques, et les bords sont cr\u00e9nel\u00e9s.<br \/>\n. D\u00e8s les ann\u00e9es soixante, les bords sont droits<br \/>\n. Pour pr\u00e9ciser les dates, on peut examiner les automobiles, ainsi que le cachet de la Poste, et les timbres \u00e9videmment : attention toutefois aux d\u00e9calages possibles des dates. Toutes les voitures ne sont pas de l&rsquo;ann\u00e9e et certaines cartes restaient longtemps en kiosque !<\/p>\n<p><img loading=\"lazy\" decoding=\"async\" class=\"size-full wp-image-6775 aligncenter\" src=\"http:\/\/cpl14.fr\/wp-content\/uploads\/2020\/04\/2.jpg\" alt=\"\" width=\"900\" height=\"942\" srcset=\"https:\/\/cpl14.fr\/wp-content\/uploads\/2020\/04\/2.jpg 900w, https:\/\/cpl14.fr\/wp-content\/uploads\/2020\/04\/2-287x300.jpg 287w, https:\/\/cpl14.fr\/wp-content\/uploads\/2020\/04\/2-768x804.jpg 768w\" sizes=\"auto, (max-width: 900px) 100vw, 900px\" \/><\/p>\n<p><img loading=\"lazy\" decoding=\"async\" class=\"size-full wp-image-6776 aligncenter\" src=\"http:\/\/cpl14.fr\/wp-content\/uploads\/2020\/04\/3.jpg\" alt=\"\" width=\"900\" height=\"938\" srcset=\"https:\/\/cpl14.fr\/wp-content\/uploads\/2020\/04\/3.jpg 900w, https:\/\/cpl14.fr\/wp-content\/uploads\/2020\/04\/3-288x300.jpg 288w, https:\/\/cpl14.fr\/wp-content\/uploads\/2020\/04\/3-768x800.jpg 768w\" sizes=\"auto, (max-width: 900px) 100vw, 900px\" \/><\/p>\n<p><img loading=\"lazy\" decoding=\"async\" class=\"size-full wp-image-6777 aligncenter\" src=\"http:\/\/cpl14.fr\/wp-content\/uploads\/2020\/04\/4.jpg\" alt=\"\" width=\"900\" height=\"966\" srcset=\"https:\/\/cpl14.fr\/wp-content\/uploads\/2020\/04\/4.jpg 900w, https:\/\/cpl14.fr\/wp-content\/uploads\/2020\/04\/4-280x300.jpg 280w, https:\/\/cpl14.fr\/wp-content\/uploads\/2020\/04\/4-768x824.jpg 768w\" sizes=\"auto, (max-width: 900px) 100vw, 900px\" \/><\/p>\n<p style=\"text-align: center;\">.<\/p>\n<h4>La Crypte<\/h4>\n<p>Au d\u00e9but appel\u00e9e la \u00ab\u00a0Basilique inf\u00e9rieure\u00a0\u00bb , la Crypte fut naturellement construite et termin\u00e9e en premier, constituant une grande partie des fondations .<br \/>\nAutant la Basilique est \u00e9norme, imposante, majestueuse dans tous ses aspects, autant notre go\u00fbt personnel donnerait une pr\u00e9f\u00e9rence \u00e0 la crypte, l&rsquo;intimit\u00e9 du lieu, le calme du recueillement et l&rsquo;extr\u00eame douceur des couleurs des mosa\u00efques en font vraiment un lieu unique.<br \/>\nC&rsquo;est dans la crypte qu&rsquo;est expos\u00e9e d\u00e9sormais la grande Chasse des \u00e9poux Louis et Zelie MARTIN (Chasse offerte par l&rsquo;Irlande).<\/p>\n<p><img loading=\"lazy\" decoding=\"async\" class=\"size-full wp-image-6778 aligncenter\" src=\"http:\/\/cpl14.fr\/wp-content\/uploads\/2020\/04\/5.jpg\" alt=\"\" width=\"600\" height=\"988\" srcset=\"https:\/\/cpl14.fr\/wp-content\/uploads\/2020\/04\/5.jpg 600w, https:\/\/cpl14.fr\/wp-content\/uploads\/2020\/04\/5-182x300.jpg 182w\" sizes=\"auto, (max-width: 600px) 100vw, 600px\" \/><\/p>\n<p><img loading=\"lazy\" decoding=\"async\" class=\"size-full wp-image-6779 aligncenter\" src=\"http:\/\/cpl14.fr\/wp-content\/uploads\/2020\/04\/6.jpg\" alt=\"\" width=\"700\" height=\"449\" srcset=\"https:\/\/cpl14.fr\/wp-content\/uploads\/2020\/04\/6.jpg 700w, https:\/\/cpl14.fr\/wp-content\/uploads\/2020\/04\/6-300x192.jpg 300w\" sizes=\"auto, (max-width: 700px) 100vw, 700px\" \/><\/p>\n<p style=\"text-align: center;\">.<\/p>\n<h4>Le Chemin de Croix<\/h4>\n<p>Montant \u00e0 l&rsquo;ext\u00e9rieur droit, autour de la Basilique un important chemin de Croix, se termine au point culminant, d&rsquo;un remarquable calvaire.<br \/>\nOn peut redescendre par l&rsquo;autre all\u00e9e, donnant une vue diff\u00e9rente du monument.<\/p>\n<p><img loading=\"lazy\" decoding=\"async\" class=\"size-full wp-image-6780 aligncenter\" src=\"http:\/\/cpl14.fr\/wp-content\/uploads\/2020\/04\/7.jpg\" alt=\"\" width=\"900\" height=\"632\" srcset=\"https:\/\/cpl14.fr\/wp-content\/uploads\/2020\/04\/7.jpg 900w, https:\/\/cpl14.fr\/wp-content\/uploads\/2020\/04\/7-300x211.jpg 300w, https:\/\/cpl14.fr\/wp-content\/uploads\/2020\/04\/7-768x539.jpg 768w\" sizes=\"auto, (max-width: 900px) 100vw, 900px\" \/><\/p>\n<p><img loading=\"lazy\" decoding=\"async\" class=\"size-full wp-image-6781 aligncenter\" src=\"http:\/\/cpl14.fr\/wp-content\/uploads\/2020\/04\/8.jpg\" alt=\"\" width=\"700\" height=\"486\" srcset=\"https:\/\/cpl14.fr\/wp-content\/uploads\/2020\/04\/8.jpg 700w, https:\/\/cpl14.fr\/wp-content\/uploads\/2020\/04\/8-300x208.jpg 300w\" sizes=\"auto, (max-width: 700px) 100vw, 700px\" \/><\/p>\n<p style=\"text-align: center;\">.<\/p>\n<p>Enfin, si vous visitez Lisieux et sa Basilique en \u00e9t\u00e9, ne ratez pas la mont\u00e9e au D\u00f4me.<br \/>\nElle vous donne acc\u00e8s au parcours du promenoir int\u00e9rieur&#8230; simplement magique ! Puis plus haut encore, la vue ext\u00e9rieure, faisant le tour complet avec un panorama exceptionnel sur toute la r\u00e9gion.<br \/>\nLes photos ci-dessous ont \u00e9t\u00e9 prises par Francis MARTIN, lors d&rsquo;une visite entre amis.<\/p>\n<p><img loading=\"lazy\" decoding=\"async\" class=\"size-full wp-image-6786 aligncenter\" src=\"http:\/\/cpl14.fr\/wp-content\/uploads\/2020\/04\/11..jpg\" alt=\"\" width=\"700\" height=\"523\" srcset=\"https:\/\/cpl14.fr\/wp-content\/uploads\/2020\/04\/11..jpg 700w, https:\/\/cpl14.fr\/wp-content\/uploads\/2020\/04\/11.-300x224.jpg 300w, https:\/\/cpl14.fr\/wp-content\/uploads\/2020\/04\/11.-326x245.jpg 326w, https:\/\/cpl14.fr\/wp-content\/uploads\/2020\/04\/11.-80x60.jpg 80w\" sizes=\"auto, (max-width: 700px) 100vw, 700px\" \/><\/p>\n<p><img loading=\"lazy\" decoding=\"async\" class=\"size-full wp-image-6787 aligncenter\" src=\"http:\/\/cpl14.fr\/wp-content\/uploads\/2020\/04\/12..jpg\" alt=\"\" width=\"700\" height=\"523\" srcset=\"https:\/\/cpl14.fr\/wp-content\/uploads\/2020\/04\/12..jpg 700w, https:\/\/cpl14.fr\/wp-content\/uploads\/2020\/04\/12.-300x224.jpg 300w, https:\/\/cpl14.fr\/wp-content\/uploads\/2020\/04\/12.-326x245.jpg 326w, https:\/\/cpl14.fr\/wp-content\/uploads\/2020\/04\/12.-80x60.jpg 80w\" sizes=\"auto, (max-width: 700px) 100vw, 700px\" \/><\/p>\n<p><img loading=\"lazy\" decoding=\"async\" class=\"size-full wp-image-6789 aligncenter\" src=\"http:\/\/cpl14.fr\/wp-content\/uploads\/2020\/04\/10..jpg\" alt=\"\" width=\"700\" height=\"523\" srcset=\"https:\/\/cpl14.fr\/wp-content\/uploads\/2020\/04\/10..jpg 700w, https:\/\/cpl14.fr\/wp-content\/uploads\/2020\/04\/10.-300x224.jpg 300w, https:\/\/cpl14.fr\/wp-content\/uploads\/2020\/04\/10.-326x245.jpg 326w, https:\/\/cpl14.fr\/wp-content\/uploads\/2020\/04\/10.-80x60.jpg 80w\" sizes=\"auto, (max-width: 700px) 100vw, 700px\" \/><\/p>\n<p><img loading=\"lazy\" decoding=\"async\" class=\"size-full wp-image-6788 aligncenter\" src=\"http:\/\/cpl14.fr\/wp-content\/uploads\/2020\/04\/9..jpg\" alt=\"\" width=\"700\" height=\"523\" srcset=\"https:\/\/cpl14.fr\/wp-content\/uploads\/2020\/04\/9..jpg 700w, https:\/\/cpl14.fr\/wp-content\/uploads\/2020\/04\/9.-300x224.jpg 300w, https:\/\/cpl14.fr\/wp-content\/uploads\/2020\/04\/9.-326x245.jpg 326w, https:\/\/cpl14.fr\/wp-content\/uploads\/2020\/04\/9.-80x60.jpg 80w\" sizes=\"auto, (max-width: 700px) 100vw, 700px\" \/><\/p>\n<p>D\u00e9tail non anecdotique pour le site, et les lexoviens, cette bombe de juin 1944, non explos\u00e9e, et retrouv\u00e9e au pied de la Basilique&#8230; le centre ville de Lisieux \u00e9tant ras\u00e9 et incendi\u00e9 \u00e0 90% et le monument \u00e9pargn\u00e9.<\/p>\n<p><img loading=\"lazy\" decoding=\"async\" class=\"size-full wp-image-6790 aligncenter\" src=\"http:\/\/cpl14.fr\/wp-content\/uploads\/2020\/04\/13..jpg\" alt=\"\" width=\"700\" height=\"523\" srcset=\"https:\/\/cpl14.fr\/wp-content\/uploads\/2020\/04\/13..jpg 700w, https:\/\/cpl14.fr\/wp-content\/uploads\/2020\/04\/13.-300x224.jpg 300w, https:\/\/cpl14.fr\/wp-content\/uploads\/2020\/04\/13.-326x245.jpg 326w, https:\/\/cpl14.fr\/wp-content\/uploads\/2020\/04\/13.-80x60.jpg 80w\" sizes=\"auto, (max-width: 700px) 100vw, 700px\" \/><\/p>\n<p>&nbsp;<\/p>\n<p>&nbsp;<\/p>\n<p style=\"text-align: right;\"><a href=\"http:\/\/cpl14.fr\/?p=259\">retour \u00e0 l&rsquo;article Ste Th\u00e9r\u00e9se<\/a><\/p>\n","protected":false},"excerpt":{"rendered":"<div class=\"mh-excerpt\"><p>Pr\u00e9sentation, vue g\u00e9n\u00e9rale Cette carte g\u00e9ante mesure 30 x 24 cm Apr\u00e8s son d\u00e9c\u00e8s le 30 septembre 1897, c&rsquo;est le 4 octobre qu&rsquo;un tr\u00e8s modeste <a class=\"mh-excerpt-more\" href=\"https:\/\/cpl14.fr\/?page_id=6769\" title=\"Pr\u00e9sentation g\u00e9n\u00e9rale du monument\">[&#8230;]<\/a><\/p>\n<\/div>","protected":false},"author":1,"featured_media":0,"parent":0,"menu_order":0,"comment_status":"closed","ping_status":"closed","template":"","meta":{"footnotes":""},"class_list":["post-6769","page","type-page","status-publish","hentry"],"_links":{"self":[{"href":"https:\/\/cpl14.fr\/index.php?rest_route=\/wp\/v2\/pages\/6769","targetHints":{"allow":["GET"]}}],"collection":[{"href":"https:\/\/cpl14.fr\/index.php?rest_route=\/wp\/v2\/pages"}],"about":[{"href":"https:\/\/cpl14.fr\/index.php?rest_route=\/wp\/v2\/types\/page"}],"author":[{"embeddable":true,"href":"https:\/\/cpl14.fr\/index.php?rest_route=\/wp\/v2\/users\/1"}],"replies":[{"embeddable":true,"href":"https:\/\/cpl14.fr\/index.php?rest_route=%2Fwp%2Fv2%2Fcomments&post=6769"}],"version-history":[{"count":4,"href":"https:\/\/cpl14.fr\/index.php?rest_route=\/wp\/v2\/pages\/6769\/revisions"}],"predecessor-version":[{"id":6796,"href":"https:\/\/cpl14.fr\/index.php?rest_route=\/wp\/v2\/pages\/6769\/revisions\/6796"}],"wp:attachment":[{"href":"https:\/\/cpl14.fr\/index.php?rest_route=%2Fwp%2Fv2%2Fmedia&parent=6769"}],"curies":[{"name":"wp","href":"https:\/\/api.w.org\/{rel}","templated":true}]}}