{"id":6771,"date":"2020-04-01T08:51:47","date_gmt":"2020-04-01T06:51:47","guid":{"rendered":"http:\/\/cpl14.fr\/?page_id=6771"},"modified":"2020-04-02T09:27:28","modified_gmt":"2020-04-02T07:27:28","slug":"collecte-des-fonds-souscription-vignettes","status":"publish","type":"page","link":"https:\/\/cpl14.fr\/?page_id=6771","title":{"rendered":"Collecte des fonds, souscription, vignettes"},"content":{"rendered":"<p><img loading=\"lazy\" decoding=\"async\" class=\"size-full wp-image-6797 aligncenter\" src=\"http:\/\/cpl14.fr\/wp-content\/uploads\/2020\/04\/1-1.jpg\" alt=\"\" width=\"800\" height=\"516\" srcset=\"https:\/\/cpl14.fr\/wp-content\/uploads\/2020\/04\/1-1.jpg 800w, https:\/\/cpl14.fr\/wp-content\/uploads\/2020\/04\/1-1-300x194.jpg 300w, https:\/\/cpl14.fr\/wp-content\/uploads\/2020\/04\/1-1-768x495.jpg 768w\" sizes=\"auto, (max-width: 800px) 100vw, 800px\" \/><\/p>\n<p style=\"text-align: center;\">Texte de l&rsquo;office central de 1959<\/p>\n<p>Le petit extrait ci-dessus r\u00e9sume parfaitement la rapidit\u00e9 de la mise en oeuvre de la BASILIQUE. Il rappelle aussi quelques dates cl\u00e9.<br \/>\nD\u00e8s l&rsquo;instant T, la question du financement est pos\u00e9e. Nous allons l&rsquo;examiner avec divers documents en notre possession.<\/p>\n<p>Des bons de souscription vont \u00eatre lanc\u00e9s, ils sont nomm\u00e9s \u00ab\u00a0TITRE DE BIENFAITEUR\u00a0\u00bb pour le donateur.<br \/>\nNominatifs et dat\u00e9s, celui-ci de 1930 est parmi les premiers, nous verrons qu&rsquo;il en a exist\u00e9 beaucoup d&rsquo;autres.<\/p>\n<p><img loading=\"lazy\" decoding=\"async\" class=\"size-full wp-image-6799 aligncenter\" src=\"http:\/\/cpl14.fr\/wp-content\/uploads\/2020\/04\/2-1.jpg\" alt=\"\" width=\"700\" height=\"384\" srcset=\"https:\/\/cpl14.fr\/wp-content\/uploads\/2020\/04\/2-1.jpg 700w, https:\/\/cpl14.fr\/wp-content\/uploads\/2020\/04\/2-1-300x165.jpg 300w\" sizes=\"auto, (max-width: 700px) 100vw, 700px\" \/><br \/>\nDe cette premi\u00e8re s\u00e9rie de souscription, on conna\u00eet des valeurs faciales imprim\u00e9es de 100F jusqu&rsquo;\u00e0 1000F. 100F est une valeur courante.<br \/>\n1000F est rare car somme tr\u00e8s importante. Nous ne connaissons pas encore, \u00e0 l&rsquo;heure actuelle, toutes les faciales existantes.<br \/>\nLe document que vous voyez ici est en fait dat\u00e9 de Lisieux, il correspond au RE\u00c7U de la somme !<br \/>\nLes donataires pouvant \u00eatre de passage, ou par correspondance.<br \/>\nL&rsquo;explication d\u00e9finitive est au verso du document suivant: c&rsquo;est seulement \u00e0 partir de 100F qu&rsquo;on re\u00e7oit ce titre&#8230;<\/p>\n<p><img loading=\"lazy\" decoding=\"async\" class=\"size-full wp-image-6801 aligncenter\" src=\"http:\/\/cpl14.fr\/wp-content\/uploads\/2020\/04\/3-1.jpg\" alt=\"\" width=\"500\" height=\"595\" srcset=\"https:\/\/cpl14.fr\/wp-content\/uploads\/2020\/04\/3-1.jpg 500w, https:\/\/cpl14.fr\/wp-content\/uploads\/2020\/04\/3-1-252x300.jpg 252w\" sizes=\"auto, (max-width: 500px) 100vw, 500px\" \/><\/p>\n<p><img loading=\"lazy\" decoding=\"async\" class=\"size-full wp-image-6800 aligncenter\" src=\"http:\/\/cpl14.fr\/wp-content\/uploads\/2020\/04\/4-1.jpg\" alt=\"\" width=\"500\" height=\"600\" srcset=\"https:\/\/cpl14.fr\/wp-content\/uploads\/2020\/04\/4-1.jpg 500w, https:\/\/cpl14.fr\/wp-content\/uploads\/2020\/04\/4-1-250x300.jpg 250w\" sizes=\"auto, (max-width: 500px) 100vw, 500px\" \/><br \/>\nPour aller plus loin dans cette \u00e9tude, nous pr\u00e9senterons en fin de chapitre un ensemble de dons \u00e9tal\u00e9s sur plusieurs ann\u00e9es, par la m\u00eame famille, et regroupant des titres, de valeurs diff\u00e9rentes et dans des mod\u00e8les jamais vus par nous auparavant !<br \/>\nVous trouverez ce sujet sous l&rsquo;appellation :<br \/>\n. GENEREUX DONATEURS \u00a0\u00bb Le Fonds Beaufils\u00a0\u00bb<\/p>\n<p>La deuxi\u00e8me trace de recherche de dons, consiste \u00e0 envoyer publicit\u00e9s, d\u00e9pliants, prospectus de sollicitation, \u00e9galement distribu\u00e9s sur place aux p\u00e8lerins.<\/p>\n<p><img loading=\"lazy\" decoding=\"async\" class=\"size-full wp-image-6803 aligncenter\" src=\"http:\/\/cpl14.fr\/wp-content\/uploads\/2020\/04\/5-1.jpg\" alt=\"\" width=\"900\" height=\"648\" srcset=\"https:\/\/cpl14.fr\/wp-content\/uploads\/2020\/04\/5-1.jpg 900w, https:\/\/cpl14.fr\/wp-content\/uploads\/2020\/04\/5-1-300x216.jpg 300w, https:\/\/cpl14.fr\/wp-content\/uploads\/2020\/04\/5-1-768x553.jpg 768w\" sizes=\"auto, (max-width: 900px) 100vw, 900px\" \/><br \/>\nOn peut trouver aussi des cartes postales, c&rsquo;est alors le verso qui nous int\u00e9ressera en premier lieu.<br \/>\nEn voici deux, ce sont les seules collect\u00e9es par nous pour l&rsquo;instant !<\/p>\n<p><img loading=\"lazy\" decoding=\"async\" class=\"size-full wp-image-6806 aligncenter\" src=\"http:\/\/cpl14.fr\/wp-content\/uploads\/2020\/04\/7-1.jpg\" alt=\"\" width=\"490\" height=\"700\" srcset=\"https:\/\/cpl14.fr\/wp-content\/uploads\/2020\/04\/7-1.jpg 490w, https:\/\/cpl14.fr\/wp-content\/uploads\/2020\/04\/7-1-210x300.jpg 210w\" sizes=\"auto, (max-width: 490px) 100vw, 490px\" \/><img loading=\"lazy\" decoding=\"async\" class=\"size-full wp-image-6805 aligncenter\" src=\"http:\/\/cpl14.fr\/wp-content\/uploads\/2020\/04\/6-1.jpg\" alt=\"\" width=\"465\" height=\"700\" srcset=\"https:\/\/cpl14.fr\/wp-content\/uploads\/2020\/04\/6-1.jpg 465w, https:\/\/cpl14.fr\/wp-content\/uploads\/2020\/04\/6-1-199x300.jpg 199w\" sizes=\"auto, (max-width: 465px) 100vw, 465px\" \/><\/p>\n<p><img loading=\"lazy\" decoding=\"async\" class=\"size-full wp-image-6804 aligncenter\" src=\"http:\/\/cpl14.fr\/wp-content\/uploads\/2020\/04\/8-1.jpg\" alt=\"\" width=\"800\" height=\"423\" srcset=\"https:\/\/cpl14.fr\/wp-content\/uploads\/2020\/04\/8-1.jpg 800w, https:\/\/cpl14.fr\/wp-content\/uploads\/2020\/04\/8-1-300x159.jpg 300w, https:\/\/cpl14.fr\/wp-content\/uploads\/2020\/04\/8-1-768x406.jpg 768w\" sizes=\"auto, (max-width: 800px) 100vw, 800px\" \/><\/p>\n<p>&nbsp;<\/p>\n<p>. Des vignettes vont \u00eatre propos\u00e9es au public, pour les tout petits dons \u00ab\u00a0de passage\u00a0\u00bb: elles sont destin\u00e9es \u00e0 \u00eatre coll\u00e9es sur des cartes postales ou des lettres.<br \/>\nA cette \u00e9poque, bien que \u00ab\u00a0tol\u00e9r\u00e9es\u00a0\u00bb les vignettes sont peu aim\u00e9es par la Poste&#8230; ! De plus les acheteurs doivent pr\u00e9f\u00e9rer les garder en souvenir ?<br \/>\nLes trouver \u00ab\u00a0oblit\u00e9r\u00e9es sur carte ou lettre, n&rsquo;est pas si simple.<br \/>\nNotez enfin sur notre image, que deux s\u00e9ries de vignettes dans diverses couleurs furent imprim\u00e9es par deux imprimeries :<br \/>\n. L&rsquo; Heliogravure d&rsquo;art &#8211; Paris<br \/>\n. Novelio &#8211; Paris avec des \u00e9l\u00e9ments de texte ajout\u00e9s<\/p>\n<p><img loading=\"lazy\" decoding=\"async\" class=\"size-full wp-image-6807 aligncenter\" src=\"http:\/\/cpl14.fr\/wp-content\/uploads\/2020\/04\/9.jpg\" alt=\"\" width=\"800\" height=\"495\" srcset=\"https:\/\/cpl14.fr\/wp-content\/uploads\/2020\/04\/9.jpg 800w, https:\/\/cpl14.fr\/wp-content\/uploads\/2020\/04\/9-300x186.jpg 300w, https:\/\/cpl14.fr\/wp-content\/uploads\/2020\/04\/9-768x475.jpg 768w\" sizes=\"auto, (max-width: 800px) 100vw, 800px\" \/><\/p>\n<p>Les lettres avec vignettes pr\u00e9sent\u00e9es ensuite sont de la Collection Francis MARTIN.<\/p>\n<p><img loading=\"lazy\" decoding=\"async\" class=\"size-full wp-image-6808 aligncenter\" src=\"http:\/\/cpl14.fr\/wp-content\/uploads\/2020\/04\/10.jpg\" alt=\"\" width=\"900\" height=\"635\" srcset=\"https:\/\/cpl14.fr\/wp-content\/uploads\/2020\/04\/10.jpg 900w, https:\/\/cpl14.fr\/wp-content\/uploads\/2020\/04\/10-300x212.jpg 300w, https:\/\/cpl14.fr\/wp-content\/uploads\/2020\/04\/10-768x542.jpg 768w\" sizes=\"auto, (max-width: 900px) 100vw, 900px\" \/><\/p>\n<p><img loading=\"lazy\" decoding=\"async\" class=\"size-full wp-image-6809 aligncenter\" src=\"http:\/\/cpl14.fr\/wp-content\/uploads\/2020\/04\/13.jpg\" alt=\"\" width=\"800\" height=\"619\" srcset=\"https:\/\/cpl14.fr\/wp-content\/uploads\/2020\/04\/13.jpg 800w, https:\/\/cpl14.fr\/wp-content\/uploads\/2020\/04\/13-300x232.jpg 300w, https:\/\/cpl14.fr\/wp-content\/uploads\/2020\/04\/13-768x594.jpg 768w\" sizes=\"auto, (max-width: 800px) 100vw, 800px\" \/><\/p>\n<p><img loading=\"lazy\" decoding=\"async\" class=\"size-full wp-image-6810 aligncenter\" src=\"http:\/\/cpl14.fr\/wp-content\/uploads\/2020\/04\/11.jpg\" alt=\"\" width=\"700\" height=\"442\" srcset=\"https:\/\/cpl14.fr\/wp-content\/uploads\/2020\/04\/11.jpg 700w, https:\/\/cpl14.fr\/wp-content\/uploads\/2020\/04\/11-300x189.jpg 300w\" sizes=\"auto, (max-width: 700px) 100vw, 700px\" \/><\/p>\n<p><img loading=\"lazy\" decoding=\"async\" class=\"size-full wp-image-6822 aligncenter\" src=\"http:\/\/cpl14.fr\/wp-content\/uploads\/2020\/04\/12.-1.jpg\" alt=\"\" width=\"700\" height=\"448\" srcset=\"https:\/\/cpl14.fr\/wp-content\/uploads\/2020\/04\/12.-1.jpg 700w, https:\/\/cpl14.fr\/wp-content\/uploads\/2020\/04\/12.-1-300x192.jpg 300w\" sizes=\"auto, (max-width: 700px) 100vw, 700px\" \/><\/p>\n<div class=\"subject\" title=\"\" data-original-title=\"\"><\/div>\n<div id=\"ox-541b87054c\">\n<div>\u00a0 \u00a0D&rsquo;autres vignettes, pr\u00e9sent\u00e9es ici en extraits d&rsquo;un carnet complet, de plusieurs dimensions diff\u00e9rentes,\u00a0 nous semblent beaucoup moins diffus\u00e9es.<\/div>\n<div>Nous n&rsquo;en avons pas sur lettre *<\/div>\n<div><img loading=\"lazy\" decoding=\"async\" class=\"size-full wp-image-6814 aligncenter\" src=\"http:\/\/cpl14.fr\/wp-content\/uploads\/2020\/04\/14..jpg\" alt=\"\" width=\"900\" height=\"650\" srcset=\"https:\/\/cpl14.fr\/wp-content\/uploads\/2020\/04\/14..jpg 900w, https:\/\/cpl14.fr\/wp-content\/uploads\/2020\/04\/14.-300x217.jpg 300w, https:\/\/cpl14.fr\/wp-content\/uploads\/2020\/04\/14.-768x555.jpg 768w\" sizes=\"auto, (max-width: 900px) 100vw, 900px\" \/><\/div>\n<div><\/div>\n<div>Quelques agrandissements sont joints qui permettent de voir le montant de souscription de 1F, 2F et 5F.<\/div>\n<div><img loading=\"lazy\" decoding=\"async\" class=\"size-full wp-image-6815 aligncenter\" src=\"http:\/\/cpl14.fr\/wp-content\/uploads\/2020\/04\/15..jpg\" alt=\"\" width=\"500\" height=\"220\" srcset=\"https:\/\/cpl14.fr\/wp-content\/uploads\/2020\/04\/15..jpg 500w, https:\/\/cpl14.fr\/wp-content\/uploads\/2020\/04\/15.-300x132.jpg 300w\" sizes=\"auto, (max-width: 500px) 100vw, 500px\" \/><\/div>\n<div><img loading=\"lazy\" decoding=\"async\" class=\"size-full wp-image-6816 aligncenter\" src=\"http:\/\/cpl14.fr\/wp-content\/uploads\/2020\/04\/16.jpg\" alt=\"\" width=\"500\" height=\"213\" srcset=\"https:\/\/cpl14.fr\/wp-content\/uploads\/2020\/04\/16.jpg 500w, https:\/\/cpl14.fr\/wp-content\/uploads\/2020\/04\/16-300x128.jpg 300w\" sizes=\"auto, (max-width: 500px) 100vw, 500px\" \/><\/div>\n<div><img loading=\"lazy\" decoding=\"async\" class=\" wp-image-6817 aligncenter\" src=\"http:\/\/cpl14.fr\/wp-content\/uploads\/2020\/04\/17.jpg\" alt=\"\" width=\"200\" height=\"441\" srcset=\"https:\/\/cpl14.fr\/wp-content\/uploads\/2020\/04\/17.jpg 227w, https:\/\/cpl14.fr\/wp-content\/uploads\/2020\/04\/17-136x300.jpg 136w\" sizes=\"auto, (max-width: 200px) 100vw, 200px\" \/><\/div>\n<div><\/div>\n<div>La \u00ab\u00a0B\u00e9n\u00e9diction du Pape\u00a0\u00bb pr\u00e9sent\u00e9e sur la grande page correspond, dans la m\u00eame couleur, au verso des vignettes .<\/div>\n<div><\/div>\n<div><img loading=\"lazy\" decoding=\"async\" class=\"size-full wp-image-6818 aligncenter\" src=\"http:\/\/cpl14.fr\/wp-content\/uploads\/2020\/04\/18.jpg\" alt=\"\" width=\"700\" height=\"1072\" srcset=\"https:\/\/cpl14.fr\/wp-content\/uploads\/2020\/04\/18.jpg 700w, https:\/\/cpl14.fr\/wp-content\/uploads\/2020\/04\/18-196x300.jpg 196w, https:\/\/cpl14.fr\/wp-content\/uploads\/2020\/04\/18-669x1024.jpg 669w\" sizes=\"auto, (max-width: 700px) 100vw, 700px\" \/><\/div>\n<div><\/div>\n<div>* C&rsquo;est donc la une possible explication: pour utiliser ces vignettes, il fallait coller le Pape puis le faire dispara\u00eetre sous la vignette en le mettant sur une lettre! Impossible pour un bon Catholique.<\/div>\n<div><\/div>\n<div>Notez enfin que:<\/div>\n<div>.\u00a0 les vignettes ne sont pas gomm\u00e9es.<\/div>\n<div>. Le carnet entier pr\u00e9sentait les 3 valeurs.<\/div>\n<div>. En haut la couverture du carnet<\/div>\n<div>. Son verso nous donne les derniers d\u00e9tails : le montant total \u00e9tait de 100 F<\/div>\n<div>. Les agrafes anciennes sont enlev\u00e9es syst\u00e9matiquement par nous. En cas de rouille, elles ab\u00eement le document, et peuvent \u00e9galement traverser et porter atteinte \u00e0 la conservation d&rsquo;autres papiers pr\u00e9cieux.<\/div>\n<\/div>\n<div><\/div>\n<div>Pour cl\u00f4turer (peut-\u00eatre provisoirement ?) L&rsquo;\u00e9tude des vignettes, il nous faut montrer ce Carnet de vignettes plus r\u00e9centes :<\/div>\n<div><\/div>\n<div style=\"text-align: center;\"><img loading=\"lazy\" decoding=\"async\" class=\"alignnone size-full wp-image-6819\" src=\"http:\/\/cpl14.fr\/wp-content\/uploads\/2020\/04\/19.jpg\" alt=\"\" width=\"800\" height=\"534\" srcset=\"https:\/\/cpl14.fr\/wp-content\/uploads\/2020\/04\/19.jpg 800w, https:\/\/cpl14.fr\/wp-content\/uploads\/2020\/04\/19-300x200.jpg 300w, https:\/\/cpl14.fr\/wp-content\/uploads\/2020\/04\/19-768x513.jpg 768w\" sizes=\"auto, (max-width: 800px) 100vw, 800px\" \/><br \/>\nCarnet complet de 20 vignettes pour le spectacle \u00ab\u00a0SON ET LUMIERE\u00a0\u00bb de la fin des ann\u00e9es 50.<br \/>\nLa vignette isol\u00e9e, \u00e0 droite, nous indique une version identique en Nouveaux Francs (1960)<\/div>\n<div><\/div>\n<div><\/div>\n<p style=\"text-align: right;\"><a href=\"http:\/\/cpl14.fr\/?p=259\">retour \u00e0 l&rsquo;article Ste Th\u00e9r\u00e9se<\/a><\/p>\n<p>&nbsp;<\/p>\n","protected":false},"excerpt":{"rendered":"<div class=\"mh-excerpt\"><p>Texte de l&rsquo;office central de 1959 Le petit extrait ci-dessus r\u00e9sume parfaitement la rapidit\u00e9 de la mise en oeuvre de la BASILIQUE. Il rappelle aussi <a class=\"mh-excerpt-more\" href=\"https:\/\/cpl14.fr\/?page_id=6771\" title=\"Collecte des fonds, souscription, vignettes\">[&#8230;]<\/a><\/p>\n<\/div>","protected":false},"author":1,"featured_media":0,"parent":0,"menu_order":0,"comment_status":"closed","ping_status":"closed","template":"","meta":{"footnotes":""},"class_list":["post-6771","page","type-page","status-publish","hentry"],"_links":{"self":[{"href":"https:\/\/cpl14.fr\/index.php?rest_route=\/wp\/v2\/pages\/6771","targetHints":{"allow":["GET"]}}],"collection":[{"href":"https:\/\/cpl14.fr\/index.php?rest_route=\/wp\/v2\/pages"}],"about":[{"href":"https:\/\/cpl14.fr\/index.php?rest_route=\/wp\/v2\/types\/page"}],"author":[{"embeddable":true,"href":"https:\/\/cpl14.fr\/index.php?rest_route=\/wp\/v2\/users\/1"}],"replies":[{"embeddable":true,"href":"https:\/\/cpl14.fr\/index.php?rest_route=%2Fwp%2Fv2%2Fcomments&post=6771"}],"version-history":[{"count":5,"href":"https:\/\/cpl14.fr\/index.php?rest_route=\/wp\/v2\/pages\/6771\/revisions"}],"predecessor-version":[{"id":6823,"href":"https:\/\/cpl14.fr\/index.php?rest_route=\/wp\/v2\/pages\/6771\/revisions\/6823"}],"wp:attachment":[{"href":"https:\/\/cpl14.fr\/index.php?rest_route=%2Fwp%2Fv2%2Fmedia&parent=6771"}],"curies":[{"name":"wp","href":"https:\/\/api.w.org\/{rel}","templated":true}]}}