{"id":6824,"date":"2020-04-03T08:31:42","date_gmt":"2020-04-03T06:31:42","guid":{"rendered":"http:\/\/cpl14.fr\/?page_id=6824"},"modified":"2020-04-05T18:53:32","modified_gmt":"2020-04-05T16:53:32","slug":"construction","status":"publish","type":"page","link":"https:\/\/cpl14.fr\/?page_id=6824","title":{"rendered":"Construction"},"content":{"rendered":"<p>La construction de la Basilique, vu la masse du monument, fut extr\u00eamement rapide. Il faut tout au long de ces efforts informer les visiteurs, et les donateurs pour qu&rsquo;ils alimentent la suite des travaux.<\/p>\n<p><img loading=\"lazy\" decoding=\"async\" class=\"size-full wp-image-6828 aligncenter\" src=\"http:\/\/cpl14.fr\/wp-content\/uploads\/2020\/04\/1-2.jpg\" alt=\"\" width=\"900\" height=\"583\" srcset=\"https:\/\/cpl14.fr\/wp-content\/uploads\/2020\/04\/1-2.jpg 900w, https:\/\/cpl14.fr\/wp-content\/uploads\/2020\/04\/1-2-300x194.jpg 300w, https:\/\/cpl14.fr\/wp-content\/uploads\/2020\/04\/1-2-768x497.jpg 768w\" sizes=\"auto, (max-width: 900px) 100vw, 900px\" \/><\/p>\n<p><img loading=\"lazy\" decoding=\"async\" class=\"size-full wp-image-6829 aligncenter\" src=\"http:\/\/cpl14.fr\/wp-content\/uploads\/2020\/04\/2-2.jpg\" alt=\"\" width=\"900\" height=\"600\" srcset=\"https:\/\/cpl14.fr\/wp-content\/uploads\/2020\/04\/2-2.jpg 900w, https:\/\/cpl14.fr\/wp-content\/uploads\/2020\/04\/2-2-300x200.jpg 300w, https:\/\/cpl14.fr\/wp-content\/uploads\/2020\/04\/2-2-768x512.jpg 768w\" sizes=\"auto, (max-width: 900px) 100vw, 900px\" \/><br \/>\nCe document est pr\u00e9cieux dans ce sens, il montre les objectifs et des dates pr\u00e9cises d&rsquo;\u00e9volution.<br \/>\nOn peut le situer juste apr\u00e8s P\u00e2ques de 1934&#8230; l&rsquo;objectif majeur restant le grand Congr\u00e8s Eucharistique de 1937 .<\/p>\n<p>Peu d&rsquo;images authentiques, sauf celles reproduites sur des cartes postales modernes, par divers \u00e9diteurs.<br \/>\n. La premi\u00e8re pierre<\/p>\n<p><img loading=\"lazy\" decoding=\"async\" class=\"size-full wp-image-6830 aligncenter\" src=\"http:\/\/cpl14.fr\/wp-content\/uploads\/2020\/04\/3-2.jpg\" alt=\"\" width=\"700\" height=\"457\" srcset=\"https:\/\/cpl14.fr\/wp-content\/uploads\/2020\/04\/3-2.jpg 700w, https:\/\/cpl14.fr\/wp-content\/uploads\/2020\/04\/3-2-300x196.jpg 300w\" sizes=\"auto, (max-width: 700px) 100vw, 700px\" \/><br \/>\n. Le d\u00e9but des travaux, avec les ouvriers en pause, et \u00a0\u00bb en pose\u00a0\u00bb !<\/p>\n<p><img loading=\"lazy\" decoding=\"async\" class=\"size-full wp-image-6831 aligncenter\" src=\"http:\/\/cpl14.fr\/wp-content\/uploads\/2020\/04\/4-2.jpg\" alt=\"\" width=\"700\" height=\"469\" srcset=\"https:\/\/cpl14.fr\/wp-content\/uploads\/2020\/04\/4-2.jpg 700w, https:\/\/cpl14.fr\/wp-content\/uploads\/2020\/04\/4-2-300x201.jpg 300w\" sizes=\"auto, (max-width: 700px) 100vw, 700px\" \/><\/p>\n<p>De la construction trois autres tirages modernes.<br \/>\nIls montrent diff\u00e9rentes \u00e9tapes de la construction , la troisi\u00e8me tr\u00e8s proche de la date du document de 1934 pr\u00e9sent\u00e9 en d\u00e9but d&rsquo;article.<\/p>\n<p><img loading=\"lazy\" decoding=\"async\" class=\"size-full wp-image-6832 aligncenter\" src=\"http:\/\/cpl14.fr\/wp-content\/uploads\/2020\/04\/5-2.jpg\" alt=\"\" width=\"700\" height=\"447\" srcset=\"https:\/\/cpl14.fr\/wp-content\/uploads\/2020\/04\/5-2.jpg 700w, https:\/\/cpl14.fr\/wp-content\/uploads\/2020\/04\/5-2-300x192.jpg 300w\" sizes=\"auto, (max-width: 700px) 100vw, 700px\" \/><\/p>\n<p><img loading=\"lazy\" decoding=\"async\" class=\"size-full wp-image-7012 aligncenter\" src=\"http:\/\/cpl14.fr\/wp-content\/uploads\/2020\/04\/7.-1.jpg\" alt=\"\" width=\"700\" height=\"460\" srcset=\"https:\/\/cpl14.fr\/wp-content\/uploads\/2020\/04\/7.-1.jpg 700w, https:\/\/cpl14.fr\/wp-content\/uploads\/2020\/04\/7.-1-300x197.jpg 300w\" sizes=\"auto, (max-width: 700px) 100vw, 700px\" \/><\/p>\n<p><img loading=\"lazy\" decoding=\"async\" class=\"size-full wp-image-6833 aligncenter\" src=\"http:\/\/cpl14.fr\/wp-content\/uploads\/2020\/04\/6-2.jpg\" alt=\"\" width=\"700\" height=\"474\" srcset=\"https:\/\/cpl14.fr\/wp-content\/uploads\/2020\/04\/6-2.jpg 700w, https:\/\/cpl14.fr\/wp-content\/uploads\/2020\/04\/6-2-300x203.jpg 300w\" sizes=\"auto, (max-width: 700px) 100vw, 700px\" \/><\/p>\n<p>Les seules vues vraiment d&rsquo;\u00e9poque, que l&rsquo;on puisse trouver, sont des cartes postales originales des ann\u00e9es 30.<br \/>\nPeu communes, ces 5 cartes vous montrent des vues g\u00e9n\u00e9rales de l&rsquo;\u00e9volution des travaux.<br \/>\nAvis aux chineurs: si par bonheur vous rencontrez des photos authentiques, ramassez les ! Attention toutefois aux retirages sans valeur, sauf documentaire.<\/p>\n<p>Les cartes ci-dessous sont de la Collection de M. Francis MARTIN<\/p>\n<p><img loading=\"lazy\" decoding=\"async\" class=\"size-full wp-image-6835 aligncenter\" src=\"http:\/\/cpl14.fr\/wp-content\/uploads\/2020\/04\/8-2.jpg\" alt=\"\" width=\"800\" height=\"481\" srcset=\"https:\/\/cpl14.fr\/wp-content\/uploads\/2020\/04\/8-2.jpg 800w, https:\/\/cpl14.fr\/wp-content\/uploads\/2020\/04\/8-2-300x180.jpg 300w, https:\/\/cpl14.fr\/wp-content\/uploads\/2020\/04\/8-2-768x462.jpg 768w\" sizes=\"auto, (max-width: 800px) 100vw, 800px\" \/><\/p>\n<p><img loading=\"lazy\" decoding=\"async\" class=\"size-full wp-image-6836 aligncenter\" src=\"http:\/\/cpl14.fr\/wp-content\/uploads\/2020\/04\/9-1.jpg\" alt=\"\" width=\"700\" height=\"446\" srcset=\"https:\/\/cpl14.fr\/wp-content\/uploads\/2020\/04\/9-1.jpg 700w, https:\/\/cpl14.fr\/wp-content\/uploads\/2020\/04\/9-1-300x191.jpg 300w\" sizes=\"auto, (max-width: 700px) 100vw, 700px\" \/><\/p>\n<p><img loading=\"lazy\" decoding=\"async\" class=\"size-full wp-image-6837 aligncenter\" src=\"http:\/\/cpl14.fr\/wp-content\/uploads\/2020\/04\/10-1.jpg\" alt=\"\" width=\"800\" height=\"422\" srcset=\"https:\/\/cpl14.fr\/wp-content\/uploads\/2020\/04\/10-1.jpg 800w, https:\/\/cpl14.fr\/wp-content\/uploads\/2020\/04\/10-1-300x158.jpg 300w, https:\/\/cpl14.fr\/wp-content\/uploads\/2020\/04\/10-1-768x405.jpg 768w\" sizes=\"auto, (max-width: 800px) 100vw, 800px\" \/><\/p>\n<p><img loading=\"lazy\" decoding=\"async\" class=\"size-full wp-image-6838 aligncenter\" src=\"http:\/\/cpl14.fr\/wp-content\/uploads\/2020\/04\/11-1.jpg\" alt=\"\" width=\"700\" height=\"448\" srcset=\"https:\/\/cpl14.fr\/wp-content\/uploads\/2020\/04\/11-1.jpg 700w, https:\/\/cpl14.fr\/wp-content\/uploads\/2020\/04\/11-1-300x192.jpg 300w\" sizes=\"auto, (max-width: 700px) 100vw, 700px\" \/><\/p>\n<p><img loading=\"lazy\" decoding=\"async\" class=\"size-full wp-image-6839 aligncenter\" src=\"http:\/\/cpl14.fr\/wp-content\/uploads\/2020\/04\/12.jpg\" alt=\"\" width=\"700\" height=\"469\" srcset=\"https:\/\/cpl14.fr\/wp-content\/uploads\/2020\/04\/12.jpg 700w, https:\/\/cpl14.fr\/wp-content\/uploads\/2020\/04\/12-300x201.jpg 300w\" sizes=\"auto, (max-width: 700px) 100vw, 700px\" \/><\/p>\n<p>La Cons\u00e9cration de la Basilique aura lieu le 11 juillet 1937&#8230; voyez notre sujet suivant:<\/p>\n<p>. <a href=\"http:\/\/cpl14.fr\/?page_id=6588\">\u00c9v\u00e9nements et comm\u00e9morations<\/a><\/p>\n<p>&nbsp;<\/p>\n<p>&nbsp;<\/p>\n<p style=\"text-align: right;\"><a href=\"http:\/\/cpl14.fr\/?p=259\">retour \u00e0 l&rsquo;article Ste Th\u00e9r\u00e9se<\/a><\/p>\n","protected":false},"excerpt":{"rendered":"<div class=\"mh-excerpt\"><p>La construction de la Basilique, vu la masse du monument, fut extr\u00eamement rapide. Il faut tout au long de ces efforts informer les visiteurs, et <a class=\"mh-excerpt-more\" href=\"https:\/\/cpl14.fr\/?page_id=6824\" title=\"Construction\">[&#8230;]<\/a><\/p>\n<\/div>","protected":false},"author":1,"featured_media":0,"parent":0,"menu_order":0,"comment_status":"closed","ping_status":"closed","template":"","meta":{"footnotes":""},"class_list":["post-6824","page","type-page","status-publish","hentry"],"_links":{"self":[{"href":"https:\/\/cpl14.fr\/index.php?rest_route=\/wp\/v2\/pages\/6824","targetHints":{"allow":["GET"]}}],"collection":[{"href":"https:\/\/cpl14.fr\/index.php?rest_route=\/wp\/v2\/pages"}],"about":[{"href":"https:\/\/cpl14.fr\/index.php?rest_route=\/wp\/v2\/types\/page"}],"author":[{"embeddable":true,"href":"https:\/\/cpl14.fr\/index.php?rest_route=\/wp\/v2\/users\/1"}],"replies":[{"embeddable":true,"href":"https:\/\/cpl14.fr\/index.php?rest_route=%2Fwp%2Fv2%2Fcomments&post=6824"}],"version-history":[{"count":7,"href":"https:\/\/cpl14.fr\/index.php?rest_route=\/wp\/v2\/pages\/6824\/revisions"}],"predecessor-version":[{"id":7013,"href":"https:\/\/cpl14.fr\/index.php?rest_route=\/wp\/v2\/pages\/6824\/revisions\/7013"}],"wp:attachment":[{"href":"https:\/\/cpl14.fr\/index.php?rest_route=%2Fwp%2Fv2%2Fmedia&parent=6824"}],"curies":[{"name":"wp","href":"https:\/\/api.w.org\/{rel}","templated":true}]}}