{"id":6861,"date":"2020-04-03T11:07:51","date_gmt":"2020-04-03T09:07:51","guid":{"rendered":"http:\/\/cpl14.fr\/?page_id=6861"},"modified":"2020-04-03T11:20:12","modified_gmt":"2020-04-03T09:20:12","slug":"genereux-donateurs-le-fonds-beaufils","status":"publish","type":"page","link":"https:\/\/cpl14.fr\/?page_id=6861","title":{"rendered":"G\u00e9n\u00e9reux donateurs  \u00bb Le fonds BEAUFILS \u00bb"},"content":{"rendered":"<p style=\"text-align: left;\">C&rsquo;est avec une certaine \u00e9motion que nous vous montrons ces images, ouvertes d\u00e9sormais au Monde entier !<br \/>\nNous rappelons que leur copie priv\u00e9e est totalement libre et gratuite, cependant il faut pr\u00e9ciser que tout usage, documentaire, r\u00e9dactionnel ou commercial devra citer sa source en r\u00e9f\u00e9rence, sous cette forme: \u00a0\u00bb Collection Sylvie &amp; Michel CATHERINE \u00ab\u00a0<\/p>\n<p style=\"text-align: left;\">Cet ensemble exceptionnel est unique en son genre, il r\u00e9sume \u00e0 lui seul l&rsquo;histoire par nous racont\u00e9e \u00ab\u00a0La vie de Th\u00e9r\u00e8se depuis sa mort\u00a0\u00bb.<\/p>\n<p>RESPECT ! Merci.<\/p>\n<p><img loading=\"lazy\" decoding=\"async\" class=\" wp-image-6865 aligncenter\" src=\"http:\/\/cpl14.fr\/wp-content\/uploads\/2020\/04\/1-4.jpg\" alt=\"\" width=\"702\" height=\"476\" srcset=\"https:\/\/cpl14.fr\/wp-content\/uploads\/2020\/04\/1-4.jpg 900w, https:\/\/cpl14.fr\/wp-content\/uploads\/2020\/04\/1-4-300x203.jpg 300w, https:\/\/cpl14.fr\/wp-content\/uploads\/2020\/04\/1-4-768x521.jpg 768w\" sizes=\"auto, (max-width: 702px) 100vw, 702px\" \/><\/p>\n<p><img loading=\"lazy\" decoding=\"async\" class=\"size-full wp-image-6868 aligncenter\" src=\"http:\/\/cpl14.fr\/wp-content\/uploads\/2020\/04\/2-4.jpg\" alt=\"\" width=\"900\" height=\"952\" srcset=\"https:\/\/cpl14.fr\/wp-content\/uploads\/2020\/04\/2-4.jpg 900w, https:\/\/cpl14.fr\/wp-content\/uploads\/2020\/04\/2-4-284x300.jpg 284w, https:\/\/cpl14.fr\/wp-content\/uploads\/2020\/04\/2-4-768x812.jpg 768w\" sizes=\"auto, (max-width: 900px) 100vw, 900px\" \/><\/p>\n<p><img loading=\"lazy\" decoding=\"async\" class=\"size-full wp-image-6869 aligncenter\" src=\"http:\/\/cpl14.fr\/wp-content\/uploads\/2020\/04\/3-4.jpg\" alt=\"\" width=\"900\" height=\"951\" srcset=\"https:\/\/cpl14.fr\/wp-content\/uploads\/2020\/04\/3-4.jpg 900w, https:\/\/cpl14.fr\/wp-content\/uploads\/2020\/04\/3-4-284x300.jpg 284w, https:\/\/cpl14.fr\/wp-content\/uploads\/2020\/04\/3-4-768x812.jpg 768w\" sizes=\"auto, (max-width: 900px) 100vw, 900px\" \/><\/p>\n<p><img loading=\"lazy\" decoding=\"async\" class=\"size-full wp-image-6870 aligncenter\" src=\"http:\/\/cpl14.fr\/wp-content\/uploads\/2020\/04\/4-4.jpg\" alt=\"\" width=\"900\" height=\"947\" srcset=\"https:\/\/cpl14.fr\/wp-content\/uploads\/2020\/04\/4-4.jpg 900w, https:\/\/cpl14.fr\/wp-content\/uploads\/2020\/04\/4-4-285x300.jpg 285w, https:\/\/cpl14.fr\/wp-content\/uploads\/2020\/04\/4-4-768x808.jpg 768w\" sizes=\"auto, (max-width: 900px) 100vw, 900px\" \/><\/p>\n<p><img loading=\"lazy\" decoding=\"async\" class=\"size-full wp-image-6871 aligncenter\" src=\"http:\/\/cpl14.fr\/wp-content\/uploads\/2020\/04\/5-4.jpg\" alt=\"\" width=\"900\" height=\"961\" srcset=\"https:\/\/cpl14.fr\/wp-content\/uploads\/2020\/04\/5-4.jpg 900w, https:\/\/cpl14.fr\/wp-content\/uploads\/2020\/04\/5-4-281x300.jpg 281w, https:\/\/cpl14.fr\/wp-content\/uploads\/2020\/04\/5-4-768x820.jpg 768w\" sizes=\"auto, (max-width: 900px) 100vw, 900px\" \/><\/p>\n<p><img loading=\"lazy\" decoding=\"async\" class=\"size-full wp-image-6872 aligncenter\" src=\"http:\/\/cpl14.fr\/wp-content\/uploads\/2020\/04\/6-4.jpg\" alt=\"\" width=\"900\" height=\"951\" srcset=\"https:\/\/cpl14.fr\/wp-content\/uploads\/2020\/04\/6-4.jpg 900w, https:\/\/cpl14.fr\/wp-content\/uploads\/2020\/04\/6-4-284x300.jpg 284w, https:\/\/cpl14.fr\/wp-content\/uploads\/2020\/04\/6-4-768x812.jpg 768w\" sizes=\"auto, (max-width: 900px) 100vw, 900px\" \/><\/p>\n<p>&nbsp;<\/p>\n<p style=\"text-align: right;\"><a href=\"http:\/\/cpl14.fr\/?p=259\">retour \u00e0 l&rsquo;article Ste Th\u00e9r\u00e9se<\/a><\/p>\n","protected":false},"excerpt":{"rendered":"<div class=\"mh-excerpt\"><p>C&rsquo;est avec une certaine \u00e9motion que nous vous montrons ces images, ouvertes d\u00e9sormais au Monde entier ! Nous rappelons que leur copie priv\u00e9e est totalement <a class=\"mh-excerpt-more\" href=\"https:\/\/cpl14.fr\/?page_id=6861\" title=\"G\u00e9n\u00e9reux donateurs  \u00bb Le fonds BEAUFILS \u00bb\">[&#8230;]<\/a><\/p>\n<\/div>","protected":false},"author":1,"featured_media":0,"parent":0,"menu_order":0,"comment_status":"closed","ping_status":"closed","template":"","meta":{"footnotes":""},"class_list":["post-6861","page","type-page","status-publish","hentry"],"_links":{"self":[{"href":"https:\/\/cpl14.fr\/index.php?rest_route=\/wp\/v2\/pages\/6861","targetHints":{"allow":["GET"]}}],"collection":[{"href":"https:\/\/cpl14.fr\/index.php?rest_route=\/wp\/v2\/pages"}],"about":[{"href":"https:\/\/cpl14.fr\/index.php?rest_route=\/wp\/v2\/types\/page"}],"author":[{"embeddable":true,"href":"https:\/\/cpl14.fr\/index.php?rest_route=\/wp\/v2\/users\/1"}],"replies":[{"embeddable":true,"href":"https:\/\/cpl14.fr\/index.php?rest_route=%2Fwp%2Fv2%2Fcomments&post=6861"}],"version-history":[{"count":3,"href":"https:\/\/cpl14.fr\/index.php?rest_route=\/wp\/v2\/pages\/6861\/revisions"}],"predecessor-version":[{"id":6873,"href":"https:\/\/cpl14.fr\/index.php?rest_route=\/wp\/v2\/pages\/6861\/revisions\/6873"}],"wp:attachment":[{"href":"https:\/\/cpl14.fr\/index.php?rest_route=%2Fwp%2Fv2%2Fmedia&parent=6861"}],"curies":[{"name":"wp","href":"https:\/\/api.w.org\/{rel}","templated":true}]}}