{"id":6944,"date":"2020-04-04T14:39:22","date_gmt":"2020-04-04T12:39:22","guid":{"rendered":"http:\/\/cpl14.fr\/?page_id=6944"},"modified":"2020-04-06T11:15:53","modified_gmt":"2020-04-06T09:15:53","slug":"1fr-orange","status":"publish","type":"page","link":"https:\/\/cpl14.fr\/?page_id=6944","title":{"rendered":"1fr orange"},"content":{"rendered":"<p>Ce timbre \u00e9mis en 1933 en feuille de 100, et destin\u00e9 \u00e0 un usage tr\u00e8s limit\u00e9, n&rsquo;a eu qu&rsquo;un unique poin\u00e7on&#8230; les catalogues d\u00e9finissent 2 types qui sont soit 2 \u00e9tats correspondant \u00e0 2 p\u00e9riodes de tirage, soit une retouche du poin\u00e7on original avant la confection de nouveaux galvanos \u00e0 partir de 1935.<\/p>\n<p>Le Type ou Etat 1 pour les tirages de 1933 \u00e0 d\u00e9but 1935, puis le Type ou Etat 2 \u00e0 partir de mars 1935.<\/p>\n<p>La diff\u00e9rence entre les 2 types se situe au niveau de la ceinture, plus ou moins pourvue de traits de lumi\u00e8re.<\/p>\n<p><img loading=\"lazy\" decoding=\"async\" class=\"size-full wp-image-6949 aligncenter\" src=\"http:\/\/cpl14.fr\/wp-content\/uploads\/2020\/04\/1f-I.jpg\" alt=\"\" width=\"500\" height=\"375\" srcset=\"https:\/\/cpl14.fr\/wp-content\/uploads\/2020\/04\/1f-I.jpg 500w, https:\/\/cpl14.fr\/wp-content\/uploads\/2020\/04\/1f-I-300x225.jpg 300w, https:\/\/cpl14.fr\/wp-content\/uploads\/2020\/04\/1f-I-326x245.jpg 326w, https:\/\/cpl14.fr\/wp-content\/uploads\/2020\/04\/1f-I-80x60.jpg 80w\" sizes=\"auto, (max-width: 500px) 100vw, 500px\" \/><\/p>\n<p style=\"text-align: center;\">Type 1<\/p>\n<p>&nbsp;<\/p>\n<p><img loading=\"lazy\" decoding=\"async\" class=\"size-full wp-image-6950 aligncenter\" src=\"http:\/\/cpl14.fr\/wp-content\/uploads\/2020\/04\/1f-II.jpg\" alt=\"\" width=\"500\" height=\"375\" srcset=\"https:\/\/cpl14.fr\/wp-content\/uploads\/2020\/04\/1f-II.jpg 500w, https:\/\/cpl14.fr\/wp-content\/uploads\/2020\/04\/1f-II-300x225.jpg 300w, https:\/\/cpl14.fr\/wp-content\/uploads\/2020\/04\/1f-II-326x245.jpg 326w, https:\/\/cpl14.fr\/wp-content\/uploads\/2020\/04\/1f-II-80x60.jpg 80w\" sizes=\"auto, (max-width: 500px) 100vw, 500px\" \/><\/p>\n<p style=\"text-align: center;\">Type 2<\/p>\n<p>Les 2 Types seront surcharg\u00e9s en 1937, en surcharge \u00e0 plat, puis le Type 2 en surcharge rotative en 1938, donnant naissance \u00e0 des types incontestables <a href=\"http:\/\/cpl14.fr\/?page_id=6954\">(voir 80c\/1fr)<\/a><\/p>\n<p>&nbsp;<\/p>\n<p>collection B. BONNET<\/p>\n<p style=\"text-align: right;\"><a href=\"http:\/\/cpl14.fr\/?page_id=6722\">retour au chapitre Paix<\/a><\/p>\n","protected":false},"excerpt":{"rendered":"<div class=\"mh-excerpt\"><p>Ce timbre \u00e9mis en 1933 en feuille de 100, et destin\u00e9 \u00e0 un usage tr\u00e8s limit\u00e9, n&rsquo;a eu qu&rsquo;un unique poin\u00e7on&#8230; les catalogues d\u00e9finissent 2 <a class=\"mh-excerpt-more\" href=\"https:\/\/cpl14.fr\/?page_id=6944\" title=\"1fr orange\">[&#8230;]<\/a><\/p>\n<\/div>","protected":false},"author":1,"featured_media":6974,"parent":0,"menu_order":0,"comment_status":"closed","ping_status":"closed","template":"","meta":{"footnotes":""},"class_list":["post-6944","page","type-page","status-publish","has-post-thumbnail","hentry"],"_links":{"self":[{"href":"https:\/\/cpl14.fr\/index.php?rest_route=\/wp\/v2\/pages\/6944","targetHints":{"allow":["GET"]}}],"collection":[{"href":"https:\/\/cpl14.fr\/index.php?rest_route=\/wp\/v2\/pages"}],"about":[{"href":"https:\/\/cpl14.fr\/index.php?rest_route=\/wp\/v2\/types\/page"}],"author":[{"embeddable":true,"href":"https:\/\/cpl14.fr\/index.php?rest_route=\/wp\/v2\/users\/1"}],"replies":[{"embeddable":true,"href":"https:\/\/cpl14.fr\/index.php?rest_route=%2Fwp%2Fv2%2Fcomments&post=6944"}],"version-history":[{"count":6,"href":"https:\/\/cpl14.fr\/index.php?rest_route=\/wp\/v2\/pages\/6944\/revisions"}],"predecessor-version":[{"id":7018,"href":"https:\/\/cpl14.fr\/index.php?rest_route=\/wp\/v2\/pages\/6944\/revisions\/7018"}],"wp:featuredmedia":[{"embeddable":true,"href":"https:\/\/cpl14.fr\/index.php?rest_route=\/wp\/v2\/media\/6974"}],"wp:attachment":[{"href":"https:\/\/cpl14.fr\/index.php?rest_route=%2Fwp%2Fv2%2Fmedia&parent=6944"}],"curies":[{"name":"wp","href":"https:\/\/api.w.org\/{rel}","templated":true}]}}