{"id":6957,"date":"2020-04-04T15:14:36","date_gmt":"2020-04-04T13:14:36","guid":{"rendered":"http:\/\/cpl14.fr\/?page_id=6957"},"modified":"2020-04-06T11:15:14","modified_gmt":"2020-04-06T09:15:14","slug":"90c-outremer","status":"publish","type":"page","link":"https:\/\/cpl14.fr\/?page_id=6957","title":{"rendered":"90c outremer"},"content":{"rendered":"<p>Comme pour le 65c, le 90c n&rsquo;a eu qu&rsquo;un poin\u00e7on. Les catalogues d\u00e9finissent 2 types qui sont en r\u00e9alit\u00e9 2 \u00e9tats correspondant aux 2 formes d\u2019\u00e9missions.<\/p>\n<p>L&rsquo;Etat 1 correspond aux timbres de feuille, l&rsquo;Etat 2 aux timbres de roulette, donc avec les dents massicot\u00e9es verticalement.<\/p>\n<p>&nbsp;<\/p>\n<p>Collection B. BONNET<\/p>\n<p style=\"text-align: right;\"><a href=\"http:\/\/cpl14.fr\/?page_id=6722\">retour au chapitre Paix<\/a><\/p>\n","protected":false},"excerpt":{"rendered":"<div class=\"mh-excerpt\"><p>Comme pour le 65c, le 90c n&rsquo;a eu qu&rsquo;un poin\u00e7on. Les catalogues d\u00e9finissent 2 types qui sont en r\u00e9alit\u00e9 2 \u00e9tats correspondant aux 2 formes <a class=\"mh-excerpt-more\" href=\"https:\/\/cpl14.fr\/?page_id=6957\" title=\"90c outremer\">[&#8230;]<\/a><\/p>\n<\/div>","protected":false},"author":1,"featured_media":6973,"parent":0,"menu_order":0,"comment_status":"closed","ping_status":"closed","template":"","meta":{"footnotes":""},"class_list":["post-6957","page","type-page","status-publish","has-post-thumbnail","hentry"],"_links":{"self":[{"href":"https:\/\/cpl14.fr\/index.php?rest_route=\/wp\/v2\/pages\/6957","targetHints":{"allow":["GET"]}}],"collection":[{"href":"https:\/\/cpl14.fr\/index.php?rest_route=\/wp\/v2\/pages"}],"about":[{"href":"https:\/\/cpl14.fr\/index.php?rest_route=\/wp\/v2\/types\/page"}],"author":[{"embeddable":true,"href":"https:\/\/cpl14.fr\/index.php?rest_route=\/wp\/v2\/users\/1"}],"replies":[{"embeddable":true,"href":"https:\/\/cpl14.fr\/index.php?rest_route=%2Fwp%2Fv2%2Fcomments&post=6957"}],"version-history":[{"count":4,"href":"https:\/\/cpl14.fr\/index.php?rest_route=\/wp\/v2\/pages\/6957\/revisions"}],"predecessor-version":[{"id":7017,"href":"https:\/\/cpl14.fr\/index.php?rest_route=\/wp\/v2\/pages\/6957\/revisions\/7017"}],"wp:featuredmedia":[{"embeddable":true,"href":"https:\/\/cpl14.fr\/index.php?rest_route=\/wp\/v2\/media\/6973"}],"wp:attachment":[{"href":"https:\/\/cpl14.fr\/index.php?rest_route=%2Fwp%2Fv2%2Fmedia&parent=6957"}],"curies":[{"name":"wp","href":"https:\/\/api.w.org\/{rel}","templated":true}]}}