{"id":6980,"date":"2020-04-05T07:58:46","date_gmt":"2020-04-05T05:58:46","guid":{"rendered":"http:\/\/cpl14.fr\/?page_id=6980"},"modified":"2020-04-06T11:19:32","modified_gmt":"2020-04-06T09:19:32","slug":"les-mercure","status":"publish","type":"page","link":"https:\/\/cpl14.fr\/?page_id=6980","title":{"rendered":"Les Mercure"},"content":{"rendered":"<p>La s\u00e9rie Mercure remplace la s\u00e9rie Paix suite au changement de tarif du 12 juillet 1937. Il y a 3 \u00e9missions, en 1938, 1939, puis en 1942 pour remplacer les P\u00e9tain de Prost.<\/p>\n<p>Tous ces timbres sont \u00e9mis en feuille sauf le 30c rouge et le 70c lilas-rose de 1939 qui seront aussi \u00e9mis en roulette.<\/p>\n<h4><a href=\"http:\/\/cpl14.fr\/?page_id=6984\">30c rouge (n\u00b0412)<\/a><\/h4>\n<h4><a href=\"http:\/\/cpl14.fr\/?page_id=6985\">70c lilas-rose (n\u00b0 416)<\/a><\/h4>\n<p>&nbsp;<\/p>\n<p>&nbsp;<\/p>\n<p style=\"text-align: right;\"><a href=\"http:\/\/cpl14.fr\/?p=1150\">Retour \u00e0 l&rsquo;article Types ou Etats<\/a><\/p>\n","protected":false},"excerpt":{"rendered":"<div class=\"mh-excerpt\"><p>La s\u00e9rie Mercure remplace la s\u00e9rie Paix suite au changement de tarif du 12 juillet 1937. Il y a 3 \u00e9missions, en 1938, 1939, puis <a class=\"mh-excerpt-more\" href=\"https:\/\/cpl14.fr\/?page_id=6980\" title=\"Les Mercure\">[&#8230;]<\/a><\/p>\n<\/div>","protected":false},"author":1,"featured_media":6981,"parent":0,"menu_order":0,"comment_status":"closed","ping_status":"closed","template":"","meta":{"footnotes":""},"class_list":["post-6980","page","type-page","status-publish","has-post-thumbnail","hentry"],"_links":{"self":[{"href":"https:\/\/cpl14.fr\/index.php?rest_route=\/wp\/v2\/pages\/6980","targetHints":{"allow":["GET"]}}],"collection":[{"href":"https:\/\/cpl14.fr\/index.php?rest_route=\/wp\/v2\/pages"}],"about":[{"href":"https:\/\/cpl14.fr\/index.php?rest_route=\/wp\/v2\/types\/page"}],"author":[{"embeddable":true,"href":"https:\/\/cpl14.fr\/index.php?rest_route=\/wp\/v2\/users\/1"}],"replies":[{"embeddable":true,"href":"https:\/\/cpl14.fr\/index.php?rest_route=%2Fwp%2Fv2%2Fcomments&post=6980"}],"version-history":[{"count":5,"href":"https:\/\/cpl14.fr\/index.php?rest_route=\/wp\/v2\/pages\/6980\/revisions"}],"predecessor-version":[{"id":7021,"href":"https:\/\/cpl14.fr\/index.php?rest_route=\/wp\/v2\/pages\/6980\/revisions\/7021"}],"wp:featuredmedia":[{"embeddable":true,"href":"https:\/\/cpl14.fr\/index.php?rest_route=\/wp\/v2\/media\/6981"}],"wp:attachment":[{"href":"https:\/\/cpl14.fr\/index.php?rest_route=%2Fwp%2Fv2%2Fmedia&parent=6980"}],"curies":[{"name":"wp","href":"https:\/\/api.w.org\/{rel}","templated":true}]}}