{"id":6984,"date":"2020-04-05T08:01:58","date_gmt":"2020-04-05T06:01:58","guid":{"rendered":"http:\/\/cpl14.fr\/?page_id=6984"},"modified":"2020-04-05T12:01:24","modified_gmt":"2020-04-05T10:01:24","slug":"30c-rouge","status":"publish","type":"page","link":"https:\/\/cpl14.fr\/?page_id=6984","title":{"rendered":"30c rouge"},"content":{"rendered":"<p>Les catalogues d\u00e9finissent 2 types pour ce timbre\u2026 le type des feuilles, et le types des roulettes.<\/p>\n<p>La d\u00e9finition de P. Marion du Type I est \u00ab <em>la barre oblique terminant le haut de la boucle du chiffre 3 est courte<\/em> \u00bb et pour le Type II \u00ab <em>la barre oblique terminant le haut de la boucle du chiffre 3 est longue<\/em> \u00bb<\/p>\n<p>et il dit \u00e9galement pour le c de centimes \u00ab\u00a0<em>c \u00e9troit, &#8230;\/&#8230; sa boucle sup\u00e9rieur forme un trait horizontal<\/em>\u00a0\u00bb et \u00ab\u00a0<em>c \u00e9pais et r\u00e9gulier&#8230;\/&#8230; sa boucle sup\u00e9rieure est plus ronde\u00a0\u00bb&#8230;<\/em><\/p>\n<p>alors voici un comparatif r\u00e9alis\u00e9 par le site <a href=\"https:\/\/www.timbre-mercure.fr\/\">\u00ab\u00a0Un Timbre: Mercure\u00a0\u00bb<\/a><\/p>\n<p><img loading=\"lazy\" decoding=\"async\" class=\"wp-image-7006 aligncenter\" src=\"http:\/\/cpl14.fr\/wp-content\/uploads\/2020\/04\/412-comparaison.jpg\" alt=\"\" width=\"789\" height=\"114\" srcset=\"https:\/\/cpl14.fr\/wp-content\/uploads\/2020\/04\/412-comparaison.jpg 782w, https:\/\/cpl14.fr\/wp-content\/uploads\/2020\/04\/412-comparaison-300x43.jpg 300w, https:\/\/cpl14.fr\/wp-content\/uploads\/2020\/04\/412-comparaison-768x111.jpg 768w\" sizes=\"auto, (max-width: 789px) 100vw, 789px\" \/><\/p>\n<p>le timbre de roulette est au centre&#8230; si vous faites la diff\u00e9rence, n&rsquo;h\u00e9sitez pas \u00e0 me contacter!<\/p>\n<p>Seule certitude comme toujours, le timbre de roulette a les dents verticales massicot\u00e9es!<\/p>\n<p>Par contre, ce timbre compte bien deux \u00e9tats:<\/p>\n<h5>Etat 1<\/h5>\n<p>le mot POSTES est intact<\/p>\n<p><img loading=\"lazy\" decoding=\"async\" class=\"size-full wp-image-7007 aligncenter\" src=\"http:\/\/cpl14.fr\/wp-content\/uploads\/2020\/04\/30c-1.jpg\" alt=\"\" width=\"500\" height=\"251\" srcset=\"https:\/\/cpl14.fr\/wp-content\/uploads\/2020\/04\/30c-1.jpg 500w, https:\/\/cpl14.fr\/wp-content\/uploads\/2020\/04\/30c-1-300x151.jpg 300w\" sizes=\"auto, (max-width: 500px) 100vw, 500px\" \/><\/p>\n<p>&nbsp;<\/p>\n<h5>Etat 2<\/h5>\n<p>Le 2e S de POSTES comporte une excroissance sur la boucle sup\u00e9rieure. Cet \u00e9tat se localise aux cases 33 et 83 des feuilles de 100.<\/p>\n<p><img loading=\"lazy\" decoding=\"async\" class=\"size-full wp-image-7008 aligncenter\" src=\"http:\/\/cpl14.fr\/wp-content\/uploads\/2020\/04\/VarS-33-coll-PN-fl\u00e8che.jpg\" alt=\"\" width=\"500\" height=\"262\" srcset=\"https:\/\/cpl14.fr\/wp-content\/uploads\/2020\/04\/VarS-33-coll-PN-fl\u00e8che.jpg 500w, https:\/\/cpl14.fr\/wp-content\/uploads\/2020\/04\/VarS-33-coll-PN-fl\u00e8che-300x157.jpg 300w\" sizes=\"auto, (max-width: 500px) 100vw, 500px\" \/><\/p>\n<p>&nbsp;<\/p>\n<p>Collection B. BONNET<\/p>\n<p style=\"text-align: right;\"><a href=\"http:\/\/cpl14.fr\/?page_id=6980\">retour au chapitre Mercure<\/a><\/p>\n","protected":false},"excerpt":{"rendered":"<div class=\"mh-excerpt\"><p>Les catalogues d\u00e9finissent 2 types pour ce timbre\u2026 le type des feuilles, et le types des roulettes. La d\u00e9finition de P. Marion du Type I <a class=\"mh-excerpt-more\" href=\"https:\/\/cpl14.fr\/?page_id=6984\" title=\"30c rouge\">[&#8230;]<\/a><\/p>\n<\/div>","protected":false},"author":1,"featured_media":6991,"parent":0,"menu_order":0,"comment_status":"closed","ping_status":"closed","template":"","meta":{"footnotes":""},"class_list":["post-6984","page","type-page","status-publish","has-post-thumbnail","hentry"],"_links":{"self":[{"href":"https:\/\/cpl14.fr\/index.php?rest_route=\/wp\/v2\/pages\/6984","targetHints":{"allow":["GET"]}}],"collection":[{"href":"https:\/\/cpl14.fr\/index.php?rest_route=\/wp\/v2\/pages"}],"about":[{"href":"https:\/\/cpl14.fr\/index.php?rest_route=\/wp\/v2\/types\/page"}],"author":[{"embeddable":true,"href":"https:\/\/cpl14.fr\/index.php?rest_route=\/wp\/v2\/users\/1"}],"replies":[{"embeddable":true,"href":"https:\/\/cpl14.fr\/index.php?rest_route=%2Fwp%2Fv2%2Fcomments&post=6984"}],"version-history":[{"count":4,"href":"https:\/\/cpl14.fr\/index.php?rest_route=\/wp\/v2\/pages\/6984\/revisions"}],"predecessor-version":[{"id":7009,"href":"https:\/\/cpl14.fr\/index.php?rest_route=\/wp\/v2\/pages\/6984\/revisions\/7009"}],"wp:featuredmedia":[{"embeddable":true,"href":"https:\/\/cpl14.fr\/index.php?rest_route=\/wp\/v2\/media\/6991"}],"wp:attachment":[{"href":"https:\/\/cpl14.fr\/index.php?rest_route=%2Fwp%2Fv2%2Fmedia&parent=6984"}],"curies":[{"name":"wp","href":"https:\/\/api.w.org\/{rel}","templated":true}]}}