{"id":7041,"date":"2020-04-14T11:44:10","date_gmt":"2020-04-14T09:44:10","guid":{"rendered":"http:\/\/cpl14.fr\/?page_id=7041"},"modified":"2020-04-22T12:27:35","modified_gmt":"2020-04-22T10:27:35","slug":"blason-de-saint-lo","status":"publish","type":"page","link":"https:\/\/cpl14.fr\/?page_id=7041","title":{"rendered":"Blason de Saint-L\u00f4"},"content":{"rendered":"<p>Imprim\u00e9 en h\u00e9liogravure, le Blason de St L\u00f4 se d\u00e9cline en 3 types et des sous-types que nous allons essayer de d\u00e9tailler. Sont-ce vraiment des types ou des \u00e9tats? nous penchons pour conserver le terme Type car il y a r\u00e9ellement une diff\u00e9rence dans la fabrication du mat\u00e9riel d&rsquo;impression, cela correspond au cas 4 des exemples de P. de Lizeray (voir <a href=\"http:\/\/cpl14.fr\/?page_id=6293\">notre page Type ou Etat<\/a>).<\/p>\n<p>L&rsquo;identification des types est relativement compliqu\u00e9e car la diff\u00e9rence se fait par les cylindres d&rsquo;impression et non par une diff\u00e9rence de poin\u00e7ons.<\/p>\n<p style=\"text-align: center;\">.<\/p>\n<h4>Type I<\/h4>\n<h5>Type Ia<\/h5>\n<p>c&rsquo;est le type des feuilles imprim\u00e9es entre novembre 1966 et juin 1972 gr\u00e2ce \u00e0 des cylindres produits par l&rsquo;industrie priv\u00e9e.<\/p>\n<p>Il existe sur papier normal et sur papier azur\u00e9. Tous les timbres oblit\u00e9r\u00e9s avant 1973 sont au Type I, et la plupart des timbres sont sans bandes phosphore.<\/p>\n<p><img loading=\"lazy\" decoding=\"async\" class=\"size-full wp-image-7050 aligncenter\" src=\"http:\/\/cpl14.fr\/wp-content\/uploads\/2020\/04\/T-Ia.jpg\" alt=\"\" width=\"450\" height=\"388\" srcset=\"https:\/\/cpl14.fr\/wp-content\/uploads\/2020\/04\/T-Ia.jpg 450w, https:\/\/cpl14.fr\/wp-content\/uploads\/2020\/04\/T-Ia-300x259.jpg 300w\" sizes=\"auto, (max-width: 450px) 100vw, 450px\" \/><\/p>\n<p>&nbsp;<\/p>\n<p>l&rsquo;impression est nette (enfin presque&#8230;), la signature est compl\u00e8te, sans \u00ab\u00a0d\u00e9fauts\u00a0\u00bb.<\/p>\n<p>C&rsquo;est \u00e9galement le type des roulettes (dents verticales massicot\u00e9es). Ces roulettes ont \u00e9t\u00e9 r\u00e9alis\u00e9es \u00e0 titre exp\u00e9rimental, pour des distributeurs dans les bureaux de poste. L&rsquo;exp\u00e9rience n&rsquo;ayant pas \u00e9t\u00e9 concluante, les roulettes ont ensuite \u00e9t\u00e9 vendues aux guichets philat\u00e9liques des grandes villes (Storch et Fran\u00e7on). C&rsquo;est le seul timbre de roulette r\u00e9alis\u00e9 en h\u00e9liovravure.<\/p>\n<h5>Type Ib<\/h5>\n<p>Le 9e tirage, en ao\u00fbt 1971, comporte 3 bandes phosphore. Nous n&rsquo;avons pas encore pu v\u00e9rifier s&rsquo;il existe azur\u00e9 et normal.<\/p>\n<p>&nbsp;<\/p>\n<p style=\"text-align: center;\">.<\/p>\n<h4>Type II<\/h4>\n<h5>Type IIa<\/h5>\n<p>\u00e0 partir de janvier 1973 jusqu&rsquo;en f\u00e9vrier 1978, les timbres sont imprim\u00e9s gr\u00e2ce \u00e0 des cylindres confectionn\u00e9s \u00e0 P\u00e9rigueux. Le Type II existe sur papier normal et sur papier azur\u00e9. Il comporte 3 bandes de phosphore sauf pour le Type IIb.<\/p>\n<p>L&rsquo;impression est plus \u00ab\u00a0floue\u00a0\u00bb, la signature est souvent incompl\u00e8te&#8230;<\/p>\n<p><img loading=\"lazy\" decoding=\"async\" class=\"size-full wp-image-7046 aligncenter\" src=\"http:\/\/cpl14.fr\/wp-content\/uploads\/2020\/04\/T-II.jpg\" alt=\"\" width=\"450\" height=\"351\" srcset=\"https:\/\/cpl14.fr\/wp-content\/uploads\/2020\/04\/T-II.jpg 450w, https:\/\/cpl14.fr\/wp-content\/uploads\/2020\/04\/T-II-300x234.jpg 300w\" sizes=\"auto, (max-width: 450px) 100vw, 450px\" \/><\/p>\n<p>ou pas&#8230;, mais toujours avec des d\u00e9fauts<\/p>\n<p><img loading=\"lazy\" decoding=\"async\" class=\"size-full wp-image-7049 aligncenter\" src=\"http:\/\/cpl14.fr\/wp-content\/uploads\/2020\/04\/T-IIc.jpg\" alt=\"\" width=\"450\" height=\"381\" srcset=\"https:\/\/cpl14.fr\/wp-content\/uploads\/2020\/04\/T-IIc.jpg 450w, https:\/\/cpl14.fr\/wp-content\/uploads\/2020\/04\/T-IIc-300x254.jpg 300w\" sizes=\"auto, (max-width: 450px) 100vw, 450px\" \/><\/p>\n<h5>Type IIb<\/h5>\n<p>le 13e tirage, du 15 au 24.02.1973, et le 17e tirage, du 26.07 au 10.08.1974, ne comportent pas de bandes de phosphore. Nous n&rsquo;avons pas encore pu v\u00e9rifier si il existe azur\u00e9 et normal.<\/p>\n<p style=\"text-align: center;\">.<\/p>\n<h4>Type III<\/h4>\n<p>En attendant les Sabine, un 29e et dernier tirage est r\u00e9alis\u00e9 entre mai et juin 1978 sur des cylindres confectionn\u00e9s \u00e0 P\u00e9rigueux. Le Type III comporte 3 bandes de phosphore (Type IIIa), \u00e0 l&rsquo;exception d&rsquo;une partie du tirage du 16.05.1978 (Type IIIb). Nous ne l&rsquo;avons vu que sur papier azur\u00e9.<\/p>\n<p>Le catalogue Dallay pr\u00e9cise que l&rsquo;impression est caract\u00e9ris\u00e9e par 2 teintes de bleu se superposant (un bleu et un bleu fonc\u00e9) comme cela:<\/p>\n<p><img loading=\"lazy\" decoding=\"async\" class=\"size-full wp-image-7050 aligncenter\" src=\"http:\/\/cpl14.fr\/wp-content\/uploads\/2020\/04\/T-Ia.jpg\" alt=\"\" width=\"450\" height=\"388\" srcset=\"https:\/\/cpl14.fr\/wp-content\/uploads\/2020\/04\/T-Ia.jpg 450w, https:\/\/cpl14.fr\/wp-content\/uploads\/2020\/04\/T-Ia-300x259.jpg 300w\" sizes=\"auto, (max-width: 450px) 100vw, 450px\" \/><\/p>\n<p>ou cela:<\/p>\n<p><img loading=\"lazy\" decoding=\"async\" class=\"size-full wp-image-7047 aligncenter\" src=\"http:\/\/cpl14.fr\/wp-content\/uploads\/2020\/04\/T-IIa.jpg\" alt=\"\" width=\"450\" height=\"386\" srcset=\"https:\/\/cpl14.fr\/wp-content\/uploads\/2020\/04\/T-IIa.jpg 450w, https:\/\/cpl14.fr\/wp-content\/uploads\/2020\/04\/T-IIa-300x257.jpg 300w\" sizes=\"auto, (max-width: 450px) 100vw, 450px\" \/><\/p>\n<p>sauf que le premier exemple est un type I, et le second un type II ! Alors comment \u00eatre sur d&rsquo;identifier un Type III?<\/p>\n<p style=\"text-align: center;\">.<\/p>\n<p>Notre suggestion: vous souhaitez collectionner les Blasons de St L\u00f4&#8230; collectionnez-les en coins dat\u00e9s, c&rsquo;est le seul moyen de ne pas se tromper! ou sur lettre si l&rsquo;identification est formellement possible&#8230;<\/p>\n<p>et pour r\u00e9capituler, il vous faut trouver:<\/p>\n<p>-un Type Ia papier azur\u00e9 sans phosphore (avant juillet 1972, sauf ao\u00fbt 1971)<\/p>\n<p><img loading=\"lazy\" decoding=\"async\" class=\" wp-image-7065 aligncenter\" src=\"http:\/\/cpl14.fr\/wp-content\/uploads\/2020\/04\/a-001.jpg\" alt=\"\" width=\"335\" height=\"389\" srcset=\"https:\/\/cpl14.fr\/wp-content\/uploads\/2020\/04\/a-001.jpg 336w, https:\/\/cpl14.fr\/wp-content\/uploads\/2020\/04\/a-001-258x300.jpg 258w\" sizes=\"auto, (max-width: 335px) 100vw, 335px\" \/><\/p>\n<p>-un Type Ia papier normal sans phosphore (avant juillet 1972, sauf ao\u00fbt 1971)<\/p>\n<p><img loading=\"lazy\" decoding=\"async\" class=\"size-full wp-image-7374 aligncenter\" src=\"http:\/\/cpl14.fr\/wp-content\/uploads\/2020\/04\/Ia.jpg\" alt=\"\" width=\"519\" height=\"200\" srcset=\"https:\/\/cpl14.fr\/wp-content\/uploads\/2020\/04\/Ia.jpg 519w, https:\/\/cpl14.fr\/wp-content\/uploads\/2020\/04\/Ia-300x116.jpg 300w\" sizes=\"auto, (max-width: 519px) 100vw, 519px\" \/><\/p>\n<p>-un Type Ib papier azur\u00e9 avec phosphore (ao\u00fbt 1971)<\/p>\n<p><img loading=\"lazy\" decoding=\"async\" class=\"size-full wp-image-7373 aligncenter\" src=\"http:\/\/cpl14.fr\/wp-content\/uploads\/2020\/04\/Ib..jpg\" alt=\"\" width=\"319\" height=\"390\" srcset=\"https:\/\/cpl14.fr\/wp-content\/uploads\/2020\/04\/Ib..jpg 319w, https:\/\/cpl14.fr\/wp-content\/uploads\/2020\/04\/Ib.-245x300.jpg 245w\" sizes=\"auto, (max-width: 319px) 100vw, 319px\" \/><\/p>\n<p>-un Type Ib papier normal avec phosphore (possible ao\u00fbt 1971)<\/p>\n<p>-un Type IIa papier azur\u00e9 avec phosphore (entre janvier 1973 et juillet 1978, sauf du 15 au 24.02.1973, et du 26.07 au 10.08.1974)<\/p>\n<p><img loading=\"lazy\" decoding=\"async\" class=\"size-full wp-image-7372 aligncenter\" src=\"http:\/\/cpl14.fr\/wp-content\/uploads\/2020\/04\/IIa.jpg\" alt=\"\" width=\"339\" height=\"390\" srcset=\"https:\/\/cpl14.fr\/wp-content\/uploads\/2020\/04\/IIa.jpg 339w, https:\/\/cpl14.fr\/wp-content\/uploads\/2020\/04\/IIa-261x300.jpg 261w\" sizes=\"auto, (max-width: 339px) 100vw, 339px\" \/><\/p>\n<p>-un Type IIa papier normal avec phosphore (possible entre janvier 1973 et juillet 1978, sauf du 15 au 24.02.1973, et du 26.07 au 10.08.1974)<\/p>\n<p>-un Type IIb papier azur\u00e9 sans phosphore (du 15 au 24.02.1973, et du 26.07 au 10.08.1974)<\/p>\n<p><img loading=\"lazy\" decoding=\"async\" class=\"size-full wp-image-7376 aligncenter\" src=\"http:\/\/cpl14.fr\/wp-content\/uploads\/2020\/04\/IIb.jpg\" alt=\"\" width=\"698\" height=\"200\" srcset=\"https:\/\/cpl14.fr\/wp-content\/uploads\/2020\/04\/IIb.jpg 698w, https:\/\/cpl14.fr\/wp-content\/uploads\/2020\/04\/IIb-300x86.jpg 300w\" sizes=\"auto, (max-width: 698px) 100vw, 698px\" \/><\/p>\n<p>-un Type IIb papier normal sans phosphore (possible du 15 au 24.02.1973, et du 26.07 au 10.08.1974)<\/p>\n<p><img loading=\"lazy\" decoding=\"async\" class=\"size-full wp-image-7377 aligncenter\" src=\"http:\/\/cpl14.fr\/wp-content\/uploads\/2020\/04\/IIbn.jpg\" alt=\"\" width=\"567\" height=\"220\" srcset=\"https:\/\/cpl14.fr\/wp-content\/uploads\/2020\/04\/IIbn.jpg 567w, https:\/\/cpl14.fr\/wp-content\/uploads\/2020\/04\/IIbn-300x116.jpg 300w\" sizes=\"auto, (max-width: 567px) 100vw, 567px\" \/><\/p>\n<p>-un Type IIIa papier azur\u00e9 avec phosphore (entre mai et juin 1978)<\/p>\n<p>-un Type IIIb papier azur\u00e9 sans phosphore (16 mai 1978)<\/p>\n<p>soit au minimum 6 coins dat\u00e9s pour avoir toutes les versions si vous ne tenez pas compte des papiers.<\/p>\n<p style=\"text-align: right;\"><a href=\"http:\/\/cpl14.fr\/?p=1150\">retour \u00e0 l&rsquo;article Types et Etats<\/a><\/p>\n","protected":false},"excerpt":{"rendered":"<div class=\"mh-excerpt\"><p>Imprim\u00e9 en h\u00e9liogravure, le Blason de St L\u00f4 se d\u00e9cline en 3 types et des sous-types que nous allons essayer de d\u00e9tailler. Sont-ce vraiment des <a class=\"mh-excerpt-more\" href=\"https:\/\/cpl14.fr\/?page_id=7041\" title=\"Blason de Saint-L\u00f4\">[&#8230;]<\/a><\/p>\n<\/div>","protected":false},"author":1,"featured_media":0,"parent":0,"menu_order":0,"comment_status":"closed","ping_status":"closed","template":"","meta":{"footnotes":""},"class_list":["post-7041","page","type-page","status-publish","hentry"],"_links":{"self":[{"href":"https:\/\/cpl14.fr\/index.php?rest_route=\/wp\/v2\/pages\/7041","targetHints":{"allow":["GET"]}}],"collection":[{"href":"https:\/\/cpl14.fr\/index.php?rest_route=\/wp\/v2\/pages"}],"about":[{"href":"https:\/\/cpl14.fr\/index.php?rest_route=\/wp\/v2\/types\/page"}],"author":[{"embeddable":true,"href":"https:\/\/cpl14.fr\/index.php?rest_route=\/wp\/v2\/users\/1"}],"replies":[{"embeddable":true,"href":"https:\/\/cpl14.fr\/index.php?rest_route=%2Fwp%2Fv2%2Fcomments&post=7041"}],"version-history":[{"count":14,"href":"https:\/\/cpl14.fr\/index.php?rest_route=\/wp\/v2\/pages\/7041\/revisions"}],"predecessor-version":[{"id":7378,"href":"https:\/\/cpl14.fr\/index.php?rest_route=\/wp\/v2\/pages\/7041\/revisions\/7378"}],"wp:attachment":[{"href":"https:\/\/cpl14.fr\/index.php?rest_route=%2Fwp%2Fv2%2Fmedia&parent=7041"}],"curies":[{"name":"wp","href":"https:\/\/api.w.org\/{rel}","templated":true}]}}