{"id":7067,"date":"2020-04-18T19:22:31","date_gmt":"2020-04-18T17:22:31","guid":{"rendered":"http:\/\/cpl14.fr\/?page_id=7067"},"modified":"2020-04-20T07:00:27","modified_gmt":"2020-04-20T05:00:27","slug":"mermoz","status":"publish","type":"page","link":"https:\/\/cpl14.fr\/?page_id=7067","title":{"rendered":"Mermoz"},"content":{"rendered":"<p>D\u00e8s 1937, le Baron De Vinck avait indiqu\u00e9 que ce timbre comportait au moins 4 \u00e9tats. Mais ce n&rsquo;est qu&rsquo;\u00e0 la fin du XXe si\u00e8cle que Jo\u00ebl TETE d\u00e9crit les <strong>6 \u00e9tat<\/strong>s de ce timbre et nous donne leurs positions sur les 3 feuilles de 50 qui composent le cylindre d&rsquo;impression.<\/p>\n<p>Le cylindre se compose de 3 coquilles correspondant aux 3 feuilles, et ces coquilles, en taille douce, sont r\u00e9alis\u00e9es au moyen d&rsquo;une molette qui s&rsquo;est d\u00e9grad\u00e9e au cours de l&rsquo;op\u00e9ration de transfert. Le transfert est r\u00e9alis\u00e9 de haut en bas, puis de gauche \u00e0 droite, et nous pouvons constater l&rsquo;\u00e9volution des \u00e9tats 1 \u00e0 6 en allant du blanc au rouge:<\/p>\n<p><img loading=\"lazy\" decoding=\"async\" class=\"size-full wp-image-7085 aligncenter\" src=\"http:\/\/cpl14.fr\/wp-content\/uploads\/2020\/04\/coquille-..jpg\" alt=\"\" width=\"361\" height=\"584\" srcset=\"https:\/\/cpl14.fr\/wp-content\/uploads\/2020\/04\/coquille-..jpg 361w, https:\/\/cpl14.fr\/wp-content\/uploads\/2020\/04\/coquille-.-185x300.jpg 185w\" sizes=\"auto, (max-width: 361px) 100vw, 361px\" \/><\/p>\n<h4>Etat 1<\/h4>\n<p>C&rsquo;est l&rsquo;\u00e9tat originel du poin\u00e7on, la gravure est donc intacte.<\/p>\n<p>&nbsp;<\/p>\n<h4>Etat 2<\/h4>\n<p>note importante: comme il s&rsquo;agit d&rsquo;une d\u00e9gradation progressive de le molette de transfert, les \u00e9tats s&rsquo;ajoutent les uns aux autres<\/p>\n<p><img loading=\"lazy\" decoding=\"async\" class=\" wp-image-7072 aligncenter\" src=\"http:\/\/cpl14.fr\/wp-content\/uploads\/2020\/04\/2-5.jpg\" alt=\"\" width=\"499\" height=\"374\" srcset=\"https:\/\/cpl14.fr\/wp-content\/uploads\/2020\/04\/2-5.jpg 640w, https:\/\/cpl14.fr\/wp-content\/uploads\/2020\/04\/2-5-300x225.jpg 300w, https:\/\/cpl14.fr\/wp-content\/uploads\/2020\/04\/2-5-326x245.jpg 326w, https:\/\/cpl14.fr\/wp-content\/uploads\/2020\/04\/2-5-80x60.jpg 80w\" sizes=\"auto, (max-width: 499px) 100vw, 499px\" \/><\/p>\n<p style=\"text-align: center;\">cassure de la ligne sur la bosse de la C\u00f4te de l&rsquo;Or<\/p>\n<p>&nbsp;<\/p>\n<h4>Etat 3<\/h4>\n<p>(donc \u00e9tat 2 + cet \u00e9tat)<\/p>\n<p><img loading=\"lazy\" decoding=\"async\" class=\" wp-image-7073 aligncenter\" src=\"http:\/\/cpl14.fr\/wp-content\/uploads\/2020\/04\/3-6.jpg\" alt=\"\" width=\"500\" height=\"375\" srcset=\"https:\/\/cpl14.fr\/wp-content\/uploads\/2020\/04\/3-6.jpg 640w, https:\/\/cpl14.fr\/wp-content\/uploads\/2020\/04\/3-6-300x225.jpg 300w, https:\/\/cpl14.fr\/wp-content\/uploads\/2020\/04\/3-6-326x245.jpg 326w, https:\/\/cpl14.fr\/wp-content\/uploads\/2020\/04\/3-6-80x60.jpg 80w\" sizes=\"auto, (max-width: 500px) 100vw, 500px\" \/><\/p>\n<p style=\"text-align: center;\">cassure d&rsquo;une ligne au fond du Golfe de Guin\u00e9e<\/p>\n<p>&nbsp;<\/p>\n<h4>Etat 4<\/h4>\n<p>(\u00e9tats 2 et 3 + cet \u00e9tat)<\/p>\n<p><img loading=\"lazy\" decoding=\"async\" class=\"wp-image-7074 aligncenter\" src=\"http:\/\/cpl14.fr\/wp-content\/uploads\/2020\/04\/4-6.jpg\" alt=\"\" width=\"499\" height=\"374\" srcset=\"https:\/\/cpl14.fr\/wp-content\/uploads\/2020\/04\/4-6.jpg 640w, https:\/\/cpl14.fr\/wp-content\/uploads\/2020\/04\/4-6-300x225.jpg 300w, https:\/\/cpl14.fr\/wp-content\/uploads\/2020\/04\/4-6-326x245.jpg 326w, https:\/\/cpl14.fr\/wp-content\/uploads\/2020\/04\/4-6-80x60.jpg 80w\" sizes=\"auto, (max-width: 499px) 100vw, 499px\" \/><\/p>\n<p style=\"text-align: center;\">montant de la carlingue bris\u00e9<\/p>\n<p>&nbsp;<\/p>\n<h4>Etat 5<\/h4>\n<p>(\u00e9tats 2 \u00e0 4 + cet \u00e9tat)<\/p>\n<p><img loading=\"lazy\" decoding=\"async\" class=\" wp-image-7075 aligncenter\" src=\"http:\/\/cpl14.fr\/wp-content\/uploads\/2020\/04\/5-6.jpg\" alt=\"\" width=\"500\" height=\"375\" srcset=\"https:\/\/cpl14.fr\/wp-content\/uploads\/2020\/04\/5-6.jpg 640w, https:\/\/cpl14.fr\/wp-content\/uploads\/2020\/04\/5-6-300x225.jpg 300w, https:\/\/cpl14.fr\/wp-content\/uploads\/2020\/04\/5-6-326x245.jpg 326w, https:\/\/cpl14.fr\/wp-content\/uploads\/2020\/04\/5-6-80x60.jpg 80w\" sizes=\"auto, (max-width: 500px) 100vw, 500px\" \/><\/p>\n<p style=\"text-align: center;\">ligne horizontale sup\u00e9rieure de la barre du 3 bris\u00e9e<\/p>\n<p>&nbsp;<\/p>\n<h4>Etat 6<\/h4>\n<p>(\u00e9tats 2 \u00e0 5 + cet \u00e9tat)<\/p>\n<p><img loading=\"lazy\" decoding=\"async\" class=\" wp-image-7076 aligncenter\" src=\"http:\/\/cpl14.fr\/wp-content\/uploads\/2020\/04\/6-6.jpg\" alt=\"\" width=\"500\" height=\"375\" srcset=\"https:\/\/cpl14.fr\/wp-content\/uploads\/2020\/04\/6-6.jpg 640w, https:\/\/cpl14.fr\/wp-content\/uploads\/2020\/04\/6-6-300x225.jpg 300w, https:\/\/cpl14.fr\/wp-content\/uploads\/2020\/04\/6-6-326x245.jpg 326w, https:\/\/cpl14.fr\/wp-content\/uploads\/2020\/04\/6-6-80x60.jpg 80w\" sizes=\"auto, (max-width: 500px) 100vw, 500px\" \/><\/p>\n<p style=\"text-align: center;\">ligne horizontale inf\u00e9rieure de la barre du 3 bris\u00e9e<\/p>\n<p>&nbsp;<\/p>\n<p>collection B. BONNET<\/p>\n<p><a href=\"http:\/\/cpl14.fr\/?p=1816\">voir aussi l&rsquo;article de Michel<\/a><\/p>\n<p style=\"text-align: right;\"><a href=\"http:\/\/cpl14.fr\/?p=1150\">retour \u00e0 l&rsquo;article Types et Etats<\/a><\/p>\n","protected":false},"excerpt":{"rendered":"<div class=\"mh-excerpt\"><p>D\u00e8s 1937, le Baron De Vinck avait indiqu\u00e9 que ce timbre comportait au moins 4 \u00e9tats. Mais ce n&rsquo;est qu&rsquo;\u00e0 la fin du XXe si\u00e8cle <a class=\"mh-excerpt-more\" href=\"https:\/\/cpl14.fr\/?page_id=7067\" title=\"Mermoz\">[&#8230;]<\/a><\/p>\n<\/div>","protected":false},"author":1,"featured_media":7071,"parent":0,"menu_order":0,"comment_status":"closed","ping_status":"closed","template":"","meta":{"footnotes":""},"class_list":["post-7067","page","type-page","status-publish","has-post-thumbnail","hentry"],"_links":{"self":[{"href":"https:\/\/cpl14.fr\/index.php?rest_route=\/wp\/v2\/pages\/7067","targetHints":{"allow":["GET"]}}],"collection":[{"href":"https:\/\/cpl14.fr\/index.php?rest_route=\/wp\/v2\/pages"}],"about":[{"href":"https:\/\/cpl14.fr\/index.php?rest_route=\/wp\/v2\/types\/page"}],"author":[{"embeddable":true,"href":"https:\/\/cpl14.fr\/index.php?rest_route=\/wp\/v2\/users\/1"}],"replies":[{"embeddable":true,"href":"https:\/\/cpl14.fr\/index.php?rest_route=%2Fwp%2Fv2%2Fcomments&post=7067"}],"version-history":[{"count":8,"href":"https:\/\/cpl14.fr\/index.php?rest_route=\/wp\/v2\/pages\/7067\/revisions"}],"predecessor-version":[{"id":7086,"href":"https:\/\/cpl14.fr\/index.php?rest_route=\/wp\/v2\/pages\/7067\/revisions\/7086"}],"wp:featuredmedia":[{"embeddable":true,"href":"https:\/\/cpl14.fr\/index.php?rest_route=\/wp\/v2\/media\/7071"}],"wp:attachment":[{"href":"https:\/\/cpl14.fr\/index.php?rest_route=%2Fwp%2Fv2%2Fmedia&parent=7067"}],"curies":[{"name":"wp","href":"https:\/\/api.w.org\/{rel}","templated":true}]}}