{"id":7112,"date":"2020-04-20T08:35:32","date_gmt":"2020-04-20T06:35:32","guid":{"rendered":"http:\/\/cpl14.fr\/?page_id=7112"},"modified":"2020-05-06T08:53:47","modified_gmt":"2020-05-06T06:53:47","slug":"1913-1918-un-peu-de-calme","status":"publish","type":"page","link":"https:\/\/cpl14.fr\/?page_id=7112","title":{"rendered":"1913-1918, un peu de calme"},"content":{"rendered":"<p>Entre 1913 et 1918, pas de nouveaux essais. La machine Krag 1\u00e9re g\u00e9n\u00e9ration donne satisfaction depuis 1908. On ne verra des variations de TAD de cette machine qu&rsquo;\u00e0 la fin de sa p\u00e9riode d&rsquo;utilisation entre 1931 et 1934 <a href=\"http:\/\/cpl14.fr\/?page_id=7114\"><em>(voir chapitre: 1918-1931, retour d&rsquo;Alsace, encore des essais ).<\/em><\/a><\/p>\n<p>Les machines International F et L (maintenant \u00e9lectrifi\u00e9es) sont adopt\u00e9es, c&rsquo;est le d\u00e9but de pr\u00e9s de cinquante ann\u00e9es de bons et loyaux services.<br \/>\nDurant ces cinquante ans, elles subiront quelques \u00e9volutions amenant l&rsquo;impossibilit\u00e9 de diff\u00e9rencier les machines F des machines L (apr\u00e8s 1929 pour les flammes illustr\u00e9es, apr\u00e8s 1953 pour les lignes ondul\u00e9es), puis les machines International des machines Secap (apr\u00e9s 1954).<\/p>\n<p><img loading=\"lazy\" decoding=\"async\" class=\"size-full wp-image-7259 aligncenter\" src=\"http:\/\/cpl14.fr\/wp-content\/uploads\/2020\/04\/30-1.jpg\" alt=\"\" width=\"800\" height=\"604\" srcset=\"https:\/\/cpl14.fr\/wp-content\/uploads\/2020\/04\/30-1.jpg 800w, https:\/\/cpl14.fr\/wp-content\/uploads\/2020\/04\/30-1-300x227.jpg 300w, https:\/\/cpl14.fr\/wp-content\/uploads\/2020\/04\/30-1-768x580.jpg 768w, https:\/\/cpl14.fr\/wp-content\/uploads\/2020\/04\/30-1-326x245.jpg 326w, https:\/\/cpl14.fr\/wp-content\/uploads\/2020\/04\/30-1-80x60.jpg 80w\" sizes=\"auto, (max-width: 800px) 100vw, 800px\" \/><\/p>\n<p style=\"text-align: center;\">International, mod\u00e8le F (Flier) \u00e0 7 lignes ondul\u00e9es serr\u00e9es<br \/>\nPARIS R.P. \/ DEPART<\/p>\n<p>&nbsp;<\/p>\n<p><img loading=\"lazy\" decoding=\"async\" class=\"size-full wp-image-7260 aligncenter\" src=\"http:\/\/cpl14.fr\/wp-content\/uploads\/2020\/04\/31-1.jpg\" alt=\"\" width=\"800\" height=\"620\" srcset=\"https:\/\/cpl14.fr\/wp-content\/uploads\/2020\/04\/31-1.jpg 800w, https:\/\/cpl14.fr\/wp-content\/uploads\/2020\/04\/31-1-300x233.jpg 300w, https:\/\/cpl14.fr\/wp-content\/uploads\/2020\/04\/31-1-768x595.jpg 768w\" sizes=\"auto, (max-width: 800px) 100vw, 800px\" \/><\/p>\n<p style=\"text-align: center;\">International, mod\u00e8le L \u00e0 7 lignes ondul\u00e9es serr\u00e9es<br \/>\nPARIS XVII \/ R. JOUFFROY<\/p>\n<p>&nbsp;<\/p>\n<p>Ce mod\u00e8le de ligne sera le seul utilis\u00e9 entre 1913 et 1915. Il sera utilis\u00e9 jusqu&rsquo;en 1953 sur les machines F et L.<\/p>\n<p><img loading=\"lazy\" decoding=\"async\" class=\"size-full wp-image-7261 aligncenter\" src=\"http:\/\/cpl14.fr\/wp-content\/uploads\/2020\/04\/32.jpg\" alt=\"\" width=\"800\" height=\"594\" srcset=\"https:\/\/cpl14.fr\/wp-content\/uploads\/2020\/04\/32.jpg 800w, https:\/\/cpl14.fr\/wp-content\/uploads\/2020\/04\/32-300x223.jpg 300w, https:\/\/cpl14.fr\/wp-content\/uploads\/2020\/04\/32-768x570.jpg 768w, https:\/\/cpl14.fr\/wp-content\/uploads\/2020\/04\/32-80x60.jpg 80w\" sizes=\"auto, (max-width: 800px) 100vw, 800px\" \/><\/p>\n<p style=\"text-align: center;\">International, mod\u00e8le F \u00e0 7 lignes ondul\u00e9es serr\u00e9es<br \/>\nPARIS-XVI \/ RUE SINGER<\/p>\n<p>&nbsp;<\/p>\n<p>En 1946, le rendement de ces machines est de:<br \/>\n&#8211; 36 000 lettres \u00e0 l&rsquo;heure pour la machine L<br \/>\n&#8211; 43 000 lettres \u00e0 l&rsquo;heure pour la machine F (Flier)<\/p>\n<p>A partir de 1915, les lignes ondul\u00e9es prennent un plus grand espacement, passant de 18mm \u00e0 24mm de hauteur. Ces lignes seront utilis\u00e9es jusqu&rsquo;en 1953.<\/p>\n<p><img loading=\"lazy\" decoding=\"async\" class=\"size-full wp-image-7264 aligncenter\" src=\"http:\/\/cpl14.fr\/wp-content\/uploads\/2020\/04\/33-1.jpg\" alt=\"\" width=\"800\" height=\"637\" srcset=\"https:\/\/cpl14.fr\/wp-content\/uploads\/2020\/04\/33-1.jpg 800w, https:\/\/cpl14.fr\/wp-content\/uploads\/2020\/04\/33-1-300x239.jpg 300w, https:\/\/cpl14.fr\/wp-content\/uploads\/2020\/04\/33-1-768x612.jpg 768w\" sizes=\"auto, (max-width: 800px) 100vw, 800px\" \/><\/p>\n<p style=\"text-align: center;\">International, mod\u00e8le L \u00e0 7 lignes ondul\u00e9es \u00ab\u00a0normales\u00a0\u00bb C = 45mm<br \/>\nPARIS 118 \/ R. D&rsquo;AMSTERDAM<\/p>\n<p>&nbsp;<\/p>\n<p><img loading=\"lazy\" decoding=\"async\" class=\"size-full wp-image-7265 aligncenter\" src=\"http:\/\/cpl14.fr\/wp-content\/uploads\/2020\/04\/34-1.jpg\" alt=\"\" width=\"800\" height=\"623\" srcset=\"https:\/\/cpl14.fr\/wp-content\/uploads\/2020\/04\/34-1.jpg 800w, https:\/\/cpl14.fr\/wp-content\/uploads\/2020\/04\/34-1-300x234.jpg 300w, https:\/\/cpl14.fr\/wp-content\/uploads\/2020\/04\/34-1-768x598.jpg 768w\" sizes=\"auto, (max-width: 800px) 100vw, 800px\" \/><\/p>\n<p style=\"text-align: center;\">International, mod\u00e8le F (Flier) \u00e0 7 lignes ondul\u00e9es \u00ab\u00a0normales\u00a0\u00bb C = 55mm<br \/>\nPARIS-118-BIS \/ -STE CLE DE PUBLICITE-<\/p>\n<p style=\"text-align: left;\"><em>(une des rares machines utilis\u00e9e par un bureau sp\u00e9cial \u00ab\u00a0priv\u00e9\u00a0\u00bb, l&rsquo;usage d&rsquo;une machine F est \u00e9galement \u00e0 noter car ce bureau n&rsquo;avais probablement pas l&rsquo;usage d&rsquo;une machine aussi rapide. Le propri\u00e9taire, magasin Printemps, n&rsquo;a pas l\u00e9sin\u00e9 sur le prix d&rsquo;achat&#8230; <\/em><em>Qui peut le plus peut le moins!)<\/em><\/p>\n<p>&nbsp;<\/p>\n<p>Le montage en timbre \u00e0 date seul appos\u00e9 \u00e0 r\u00e9ception est possible avec les 2 machines (F et L) durant toutes la p\u00e9riode d&rsquo;utilisation.<\/p>\n<p><img loading=\"lazy\" decoding=\"async\" class=\"size-full wp-image-7266 aligncenter\" src=\"http:\/\/cpl14.fr\/wp-content\/uploads\/2020\/04\/35-1.jpg\" alt=\"\" width=\"700\" height=\"550\" srcset=\"https:\/\/cpl14.fr\/wp-content\/uploads\/2020\/04\/35-1.jpg 700w, https:\/\/cpl14.fr\/wp-content\/uploads\/2020\/04\/35-1-300x236.jpg 300w\" sizes=\"auto, (max-width: 700px) 100vw, 700px\" \/><\/p>\n<p style=\"text-align: center;\">International, mod\u00e8le F ou L,<br \/>\nmontage TAD seul \u00e0 r\u00e9ception<br \/>\nPARIS-R.P. \/ DISTRIBon<\/p>\n<p>&nbsp;<\/p>\n<p>Le montage avec flamme de propagande existe sur les 2 machines (F et L), mais il est courant sur la machine F, alors que sur la machine L, et avant 1929, il n&rsquo;existe qu&rsquo;\u00e0 Lyon-Exposition pour la foire exposition de 1914.<\/p>\n<p><img loading=\"lazy\" decoding=\"async\" class=\"size-full wp-image-7267 aligncenter\" src=\"http:\/\/cpl14.fr\/wp-content\/uploads\/2020\/04\/36-1.jpg\" alt=\"\" width=\"700\" height=\"454\" srcset=\"https:\/\/cpl14.fr\/wp-content\/uploads\/2020\/04\/36-1.jpg 700w, https:\/\/cpl14.fr\/wp-content\/uploads\/2020\/04\/36-1-300x195.jpg 300w\" sizes=\"auto, (max-width: 700px) 100vw, 700px\" \/><\/p>\n<p style=\"text-align: center;\">International, mod\u00e8le L, avec flamme temporaire de propagande, C = 45mm<br \/>\nLYON-EXPOSITION \/ RHONE<\/p>\n<p>&nbsp;<\/p>\n<p>Apr\u00e8s 1929, les flammes de propagande sont identiques pour les machines F et L (C = 55mm). Il n&rsquo;y a donc plus moyen de reconnaitre la machine. Seule la connaissance de la pr\u00e9sence d&rsquo;une des 2 machines sur le bureau concern\u00e9 pourrait permettre de donner une indication&#8230;.sans certitude.<\/p>\n<p><img loading=\"lazy\" decoding=\"async\" class=\"size-full wp-image-7268 aligncenter\" src=\"http:\/\/cpl14.fr\/wp-content\/uploads\/2020\/04\/37-1.jpg\" alt=\"\" width=\"800\" height=\"627\" srcset=\"https:\/\/cpl14.fr\/wp-content\/uploads\/2020\/04\/37-1.jpg 800w, https:\/\/cpl14.fr\/wp-content\/uploads\/2020\/04\/37-1-300x235.jpg 300w, https:\/\/cpl14.fr\/wp-content\/uploads\/2020\/04\/37-1-768x602.jpg 768w\" sizes=\"auto, (max-width: 800px) 100vw, 800px\" \/><\/p>\n<p style=\"text-align: center;\">International, mod\u00e8le F (Flier), avec flamme de propagande, C = 55mm<br \/>\nPARIS XVI \/ -PLACE CHOPIN-<\/p>\n<p>&nbsp;<\/p>\n<p><img loading=\"lazy\" decoding=\"async\" class=\"size-full wp-image-7269 aligncenter\" src=\"http:\/\/cpl14.fr\/wp-content\/uploads\/2020\/04\/38-1.jpg\" alt=\"\" width=\"700\" height=\"453\" srcset=\"https:\/\/cpl14.fr\/wp-content\/uploads\/2020\/04\/38-1.jpg 700w, https:\/\/cpl14.fr\/wp-content\/uploads\/2020\/04\/38-1-300x194.jpg 300w\" sizes=\"auto, (max-width: 700px) 100vw, 700px\" \/><\/p>\n<p style=\"text-align: center;\">International, mod\u00e8le F ou L, avec flamme de propagande, C = 45mm<br \/>\nPARIS 123 \/ RUE D&rsquo;ANJOU<\/p>\n<p>A partir de 1935, de nouvelles lignes apparaissent, fortement ondul\u00e9es (utilis\u00e9es jusqu&rsquo;en 1953):<\/p>\n<p><img loading=\"lazy\" decoding=\"async\" class=\"size-full wp-image-7270 aligncenter\" src=\"http:\/\/cpl14.fr\/wp-content\/uploads\/2020\/04\/39-1.jpg\" alt=\"\" width=\"800\" height=\"623\" srcset=\"https:\/\/cpl14.fr\/wp-content\/uploads\/2020\/04\/39-1.jpg 800w, https:\/\/cpl14.fr\/wp-content\/uploads\/2020\/04\/39-1-300x234.jpg 300w, https:\/\/cpl14.fr\/wp-content\/uploads\/2020\/04\/39-1-768x598.jpg 768w\" sizes=\"auto, (max-width: 800px) 100vw, 800px\" \/><\/p>\n<p style=\"text-align: center;\">International, mod\u00e8le F ou L, avec lignes ondul\u00e9es fortement, C = 55mm<br \/>\nPARIS XV \/ RUE D&rsquo;ALLERAY<\/p>\n<p>&nbsp;<\/p>\n<p style=\"text-align: right;\"><a href=\"http:\/\/cpl14.fr\/?p=7648\">retour \u00e0 l&rsquo;article De la M\u00e9canisation \u00e0 l&rsquo;Automation<\/a><\/p>\n","protected":false},"excerpt":{"rendered":"<div class=\"mh-excerpt\"><p>Entre 1913 et 1918, pas de nouveaux essais. La machine Krag 1\u00e9re g\u00e9n\u00e9ration donne satisfaction depuis 1908. On ne verra des variations de TAD de <a class=\"mh-excerpt-more\" href=\"https:\/\/cpl14.fr\/?page_id=7112\" title=\"1913-1918, un peu de calme\">[&#8230;]<\/a><\/p>\n<\/div>","protected":false},"author":1,"featured_media":0,"parent":0,"menu_order":0,"comment_status":"closed","ping_status":"closed","template":"","meta":{"footnotes":""},"class_list":["post-7112","page","type-page","status-publish","hentry"],"_links":{"self":[{"href":"https:\/\/cpl14.fr\/index.php?rest_route=\/wp\/v2\/pages\/7112","targetHints":{"allow":["GET"]}}],"collection":[{"href":"https:\/\/cpl14.fr\/index.php?rest_route=\/wp\/v2\/pages"}],"about":[{"href":"https:\/\/cpl14.fr\/index.php?rest_route=\/wp\/v2\/types\/page"}],"author":[{"embeddable":true,"href":"https:\/\/cpl14.fr\/index.php?rest_route=\/wp\/v2\/users\/1"}],"replies":[{"embeddable":true,"href":"https:\/\/cpl14.fr\/index.php?rest_route=%2Fwp%2Fv2%2Fcomments&post=7112"}],"version-history":[{"count":10,"href":"https:\/\/cpl14.fr\/index.php?rest_route=\/wp\/v2\/pages\/7112\/revisions"}],"predecessor-version":[{"id":7655,"href":"https:\/\/cpl14.fr\/index.php?rest_route=\/wp\/v2\/pages\/7112\/revisions\/7655"}],"wp:attachment":[{"href":"https:\/\/cpl14.fr\/index.php?rest_route=%2Fwp%2Fv2%2Fmedia&parent=7112"}],"curies":[{"name":"wp","href":"https:\/\/api.w.org\/{rel}","templated":true}]}}