{"id":7114,"date":"2020-04-20T08:36:26","date_gmt":"2020-04-20T06:36:26","guid":{"rendered":"http:\/\/cpl14.fr\/?page_id=7114"},"modified":"2020-05-06T08:54:31","modified_gmt":"2020-05-06T06:54:31","slug":"1918-1931-retour-dalsace-encore-des-essais","status":"publish","type":"page","link":"https:\/\/cpl14.fr\/?page_id=7114","title":{"rendered":"1918-1931, retour d&rsquo;Alsace, et encore des essais"},"content":{"rendered":"<p><a href=\"http:\/\/cpl14.fr\/?page_id=7279\">Les machines Sylbe et Pondorf (1918-1931)<\/a><\/p>\n<p><a href=\"http:\/\/cpl14.fr\/?page_id=7279\"><img loading=\"lazy\" decoding=\"async\" class=\"alignnone wp-image-7294\" src=\"http:\/\/cpl14.fr\/wp-content\/uploads\/2020\/04\/sylbe-type.jpg\" alt=\"\" width=\"588\" height=\"119\" srcset=\"https:\/\/cpl14.fr\/wp-content\/uploads\/2020\/04\/sylbe-type.jpg 786w, https:\/\/cpl14.fr\/wp-content\/uploads\/2020\/04\/sylbe-type-300x61.jpg 300w, https:\/\/cpl14.fr\/wp-content\/uploads\/2020\/04\/sylbe-type-768x155.jpg 768w\" sizes=\"auto, (max-width: 588px) 100vw, 588px\" \/><\/a><\/p>\n<p><a href=\"http:\/\/cpl14.fr\/?page_id=7282\">La machine Universal (1922-1939)<\/a><\/p>\n<p><a href=\"http:\/\/cpl14.fr\/?page_id=7282\"><img loading=\"lazy\" decoding=\"async\" class=\"alignnone size-full wp-image-7295\" src=\"http:\/\/cpl14.fr\/wp-content\/uploads\/2020\/04\/universal-type.jpg\" alt=\"\" width=\"343\" height=\"121\" srcset=\"https:\/\/cpl14.fr\/wp-content\/uploads\/2020\/04\/universal-type.jpg 343w, https:\/\/cpl14.fr\/wp-content\/uploads\/2020\/04\/universal-type-300x106.jpg 300w\" sizes=\"auto, (max-width: 343px) 100vw, 343px\" \/><\/a><\/p>\n<p><a href=\"http:\/\/cpl14.fr\/?page_id=7284\">La machine Hansen (1923-1925)<\/a><\/p>\n<p><a href=\"http:\/\/cpl14.fr\/?page_id=7284\"><img loading=\"lazy\" decoding=\"async\" class=\"alignnone size-full wp-image-7296\" src=\"http:\/\/cpl14.fr\/wp-content\/uploads\/2020\/04\/hansen-type.jpg\" alt=\"\" width=\"441\" height=\"132\" srcset=\"https:\/\/cpl14.fr\/wp-content\/uploads\/2020\/04\/hansen-type.jpg 441w, https:\/\/cpl14.fr\/wp-content\/uploads\/2020\/04\/hansen-type-300x90.jpg 300w\" sizes=\"auto, (max-width: 441px) 100vw, 441px\" \/><\/a><\/p>\n<p><a href=\"http:\/\/cpl14.fr\/?page_id=7286\">La machine Krag 2\u00e9me g\u00e9n\u00e9ration (1923-1965)<\/a><\/p>\n<p><a href=\"http:\/\/cpl14.fr\/?page_id=7286\"><img loading=\"lazy\" decoding=\"async\" class=\"alignnone size-full wp-image-7297\" src=\"http:\/\/cpl14.fr\/wp-content\/uploads\/2020\/04\/krag-2-type.jpg\" alt=\"\" width=\"889\" height=\"138\" srcset=\"https:\/\/cpl14.fr\/wp-content\/uploads\/2020\/04\/krag-2-type.jpg 889w, https:\/\/cpl14.fr\/wp-content\/uploads\/2020\/04\/krag-2-type-300x47.jpg 300w, https:\/\/cpl14.fr\/wp-content\/uploads\/2020\/04\/krag-2-type-768x119.jpg 768w\" sizes=\"auto, (max-width: 889px) 100vw, 889px\" \/><\/a><\/p>\n<p><a href=\"http:\/\/cpl14.fr\/?page_id=7290\">La machine Savava (1926-1931)<\/a><\/p>\n<p><a href=\"http:\/\/cpl14.fr\/?page_id=7290\"><img loading=\"lazy\" decoding=\"async\" class=\"alignnone size-full wp-image-7298\" src=\"http:\/\/cpl14.fr\/wp-content\/uploads\/2020\/04\/savava-type.jpg\" alt=\"\" width=\"462\" height=\"132\" srcset=\"https:\/\/cpl14.fr\/wp-content\/uploads\/2020\/04\/savava-type.jpg 462w, https:\/\/cpl14.fr\/wp-content\/uploads\/2020\/04\/savava-type-300x86.jpg 300w\" sizes=\"auto, (max-width: 462px) 100vw, 462px\" \/><\/a><\/p>\n<p><a href=\"http:\/\/cpl14.fr\/?page_id=7433\">La machine Bafra (1930-1944)<\/a><\/p>\n<p><a href=\"http:\/\/cpl14.fr\/?page_id=7433\"><img loading=\"lazy\" decoding=\"async\" class=\"alignnone size-full wp-image-7439\" src=\"http:\/\/cpl14.fr\/wp-content\/uploads\/2020\/04\/bafra.jpg\" alt=\"\" width=\"862\" height=\"170\" srcset=\"https:\/\/cpl14.fr\/wp-content\/uploads\/2020\/04\/bafra.jpg 862w, https:\/\/cpl14.fr\/wp-content\/uploads\/2020\/04\/bafra-300x59.jpg 300w, https:\/\/cpl14.fr\/wp-content\/uploads\/2020\/04\/bafra-768x151.jpg 768w\" sizes=\"auto, (max-width: 862px) 100vw, 862px\" \/><\/a><\/p>\n<p><a href=\"http:\/\/cpl14.fr\/?page_id=7288\">La machine Frankers G (1931-1941)<\/a><\/p>\n<p><a href=\"http:\/\/cpl14.fr\/?page_id=7288\"><img loading=\"lazy\" decoding=\"async\" class=\"alignnone size-full wp-image-7299\" src=\"http:\/\/cpl14.fr\/wp-content\/uploads\/2020\/04\/frankers-type.jpg\" alt=\"\" width=\"463\" height=\"140\" srcset=\"https:\/\/cpl14.fr\/wp-content\/uploads\/2020\/04\/frankers-type.jpg 463w, https:\/\/cpl14.fr\/wp-content\/uploads\/2020\/04\/frankers-type-300x91.jpg 300w\" sizes=\"auto, (max-width: 463px) 100vw, 463px\" \/><\/a><\/p>\n<p>&nbsp;<\/p>\n<p style=\"text-align: right;\"><a href=\"http:\/\/cpl14.fr\/?p=7648\">retour \u00e0 l&rsquo;article De la M\u00e9canisation \u00e0 l&rsquo;Automation<\/a><\/p>\n","protected":false},"excerpt":{"rendered":"<div class=\"mh-excerpt\"><p>Les machines Sylbe et Pondorf (1918-1931) La machine Universal (1922-1939) La machine Hansen (1923-1925) La machine Krag 2\u00e9me g\u00e9n\u00e9ration (1923-1965) La machine Savava (1926-1931) La <a class=\"mh-excerpt-more\" href=\"https:\/\/cpl14.fr\/?page_id=7114\" title=\"1918-1931, retour d&rsquo;Alsace, et encore des essais\">[&#8230;]<\/a><\/p>\n<\/div>","protected":false},"author":1,"featured_media":0,"parent":0,"menu_order":0,"comment_status":"closed","ping_status":"closed","template":"","meta":{"footnotes":""},"class_list":["post-7114","page","type-page","status-publish","hentry"],"_links":{"self":[{"href":"https:\/\/cpl14.fr\/index.php?rest_route=\/wp\/v2\/pages\/7114","targetHints":{"allow":["GET"]}}],"collection":[{"href":"https:\/\/cpl14.fr\/index.php?rest_route=\/wp\/v2\/pages"}],"about":[{"href":"https:\/\/cpl14.fr\/index.php?rest_route=\/wp\/v2\/types\/page"}],"author":[{"embeddable":true,"href":"https:\/\/cpl14.fr\/index.php?rest_route=\/wp\/v2\/users\/1"}],"replies":[{"embeddable":true,"href":"https:\/\/cpl14.fr\/index.php?rest_route=%2Fwp%2Fv2%2Fcomments&post=7114"}],"version-history":[{"count":12,"href":"https:\/\/cpl14.fr\/index.php?rest_route=\/wp\/v2\/pages\/7114\/revisions"}],"predecessor-version":[{"id":7656,"href":"https:\/\/cpl14.fr\/index.php?rest_route=\/wp\/v2\/pages\/7114\/revisions\/7656"}],"wp:attachment":[{"href":"https:\/\/cpl14.fr\/index.php?rest_route=%2Fwp%2Fv2%2Fmedia&parent=7114"}],"curies":[{"name":"wp","href":"https:\/\/api.w.org\/{rel}","templated":true}]}}