{"id":7118,"date":"2020-04-20T08:38:06","date_gmt":"2020-04-20T06:38:06","guid":{"rendered":"http:\/\/cpl14.fr\/?page_id=7118"},"modified":"2020-05-06T08:55:36","modified_gmt":"2020-05-06T06:55:36","slug":"2-machines-allemandes","status":"publish","type":"page","link":"https:\/\/cpl14.fr\/?page_id=7118","title":{"rendered":"1945-1977, Ch\u00e8ques Postaux Strasbourg et la Poste aux Arm\u00e9es"},"content":{"rendered":"<p>En 1945, une machine au coup par coup de marque allemande est adopt\u00e9e par le service des Ch\u00e8ques Postaux de Strasbourg: la machine Kl\u00fcssendorf.<\/p>\n<p>Elle est utilis\u00e9e uniquement en montage TAD seul au d\u00e9part, et servira pendant 2 ans:<\/p>\n<p><img loading=\"lazy\" decoding=\"async\" class=\"size-full wp-image-7449 aligncenter\" src=\"http:\/\/cpl14.fr\/wp-content\/uploads\/2020\/04\/89-delc.jpg\" alt=\"\" width=\"800\" height=\"563\" srcset=\"https:\/\/cpl14.fr\/wp-content\/uploads\/2020\/04\/89-delc.jpg 800w, https:\/\/cpl14.fr\/wp-content\/uploads\/2020\/04\/89-delc-300x211.jpg 300w, https:\/\/cpl14.fr\/wp-content\/uploads\/2020\/04\/89-delc-768x540.jpg 768w\" sizes=\"auto, (max-width: 800px) 100vw, 800px\" \/><\/p>\n<p style=\"text-align: center;\">Kl\u00fcssendorf , montage TAD seul<br \/>\nCHEQUES POSTAUX \/ STRASBOURG<\/p>\n<p>&nbsp;<\/p>\n<p>En 1950, cette machine est adopt\u00e9e par la Poste aux Arm\u00e9es en Allemagne, puis en Alg\u00e9rie. Elle sera utilis\u00e9e jusqu&rsquo;en 1977.<\/p>\n<p><img loading=\"lazy\" decoding=\"async\" class=\"size-full wp-image-7451 aligncenter\" src=\"http:\/\/cpl14.fr\/wp-content\/uploads\/2020\/04\/90.jpg\" alt=\"\" width=\"800\" height=\"627\" srcset=\"https:\/\/cpl14.fr\/wp-content\/uploads\/2020\/04\/90.jpg 800w, https:\/\/cpl14.fr\/wp-content\/uploads\/2020\/04\/90-300x235.jpg 300w, https:\/\/cpl14.fr\/wp-content\/uploads\/2020\/04\/90-768x602.jpg 768w\" sizes=\"auto, (max-width: 800px) 100vw, 800px\" \/><\/p>\n<p style=\"text-align: center;\">Kl\u00fcssendorf, montage lignes ondul\u00e9es \u00e0 droite<br \/>\nPOSTE AUX ARMEES \/ *<\/p>\n<p>&nbsp;<\/p>\n<p>Cette machine accepte l&rsquo;inversion de position TAD\/ flamme. On peut donc la trouver avec lignes ondul\u00e9es ou flamme, \u00e0 droite ou \u00e0 gauche. Le TAD \u00e0 pont de 28mm avec bloc-dateur sur 1 ligne et absence des minutes \u00e0 l&rsquo;heure de lev\u00e9e est caract\u00e9ristique.<\/p>\n<p><img loading=\"lazy\" decoding=\"async\" class=\"size-full wp-image-7452 aligncenter\" src=\"http:\/\/cpl14.fr\/wp-content\/uploads\/2020\/04\/91.jpg\" alt=\"\" width=\"850\" height=\"603\" srcset=\"https:\/\/cpl14.fr\/wp-content\/uploads\/2020\/04\/91.jpg 850w, https:\/\/cpl14.fr\/wp-content\/uploads\/2020\/04\/91-300x213.jpg 300w, https:\/\/cpl14.fr\/wp-content\/uploads\/2020\/04\/91-768x545.jpg 768w\" sizes=\"auto, (max-width: 850px) 100vw, 850px\" \/><\/p>\n<p style=\"text-align: center;\">Kl\u00fcssendorf, montage flamme \u00e0 droite<br \/>\nPOSTE AUX ARMEES \/*<\/p>\n<p>&nbsp;<\/p>\n<p>Le TAD existe \u00e9galement avec double cercle, flamme \u00e0 gauche ou \u00e0 droite, mais il est moins courant.<\/p>\n<p><img loading=\"lazy\" decoding=\"async\" class=\"size-full wp-image-7453 aligncenter\" src=\"http:\/\/cpl14.fr\/wp-content\/uploads\/2020\/04\/92..jpg\" alt=\"\" width=\"850\" height=\"682\" srcset=\"https:\/\/cpl14.fr\/wp-content\/uploads\/2020\/04\/92..jpg 850w, https:\/\/cpl14.fr\/wp-content\/uploads\/2020\/04\/92.-300x241.jpg 300w, https:\/\/cpl14.fr\/wp-content\/uploads\/2020\/04\/92.-768x616.jpg 768w\" sizes=\"auto, (max-width: 850px) 100vw, 850px\" \/><\/p>\n<p style=\"text-align: center;\">Kl\u00fcssendorf, TAD double cercle, montage lignes ondul\u00e9es \u00e0 droite<br \/>\nPOSTE AUX ARMEES \/ *<\/p>\n<h4>La machine Kl\u00fcssendorf:<\/h4>\n<p>d = 28 mm<br \/>\nA =<br \/>\nB = 72 mm<br \/>\nC = 38 \u00e0 40 mm<br \/>\nD = 4 \u00e0 6 mm<\/p>\n<p>&nbsp;<\/p>\n<p style=\"text-align: right;\"><a href=\"http:\/\/cpl14.fr\/?p=7648\">retour \u00e0 l&rsquo;article De la M\u00e9canisation \u00e0 l&rsquo;Automation<\/a><\/p>\n","protected":false},"excerpt":{"rendered":"<div class=\"mh-excerpt\"><p>En 1945, une machine au coup par coup de marque allemande est adopt\u00e9e par le service des Ch\u00e8ques Postaux de Strasbourg: la machine Kl\u00fcssendorf. Elle <a class=\"mh-excerpt-more\" href=\"https:\/\/cpl14.fr\/?page_id=7118\" title=\"1945-1977, Ch\u00e8ques Postaux Strasbourg et la Poste aux Arm\u00e9es\">[&#8230;]<\/a><\/p>\n<\/div>","protected":false},"author":1,"featured_media":0,"parent":0,"menu_order":0,"comment_status":"closed","ping_status":"closed","template":"","meta":{"footnotes":""},"class_list":["post-7118","page","type-page","status-publish","hentry"],"_links":{"self":[{"href":"https:\/\/cpl14.fr\/index.php?rest_route=\/wp\/v2\/pages\/7118","targetHints":{"allow":["GET"]}}],"collection":[{"href":"https:\/\/cpl14.fr\/index.php?rest_route=\/wp\/v2\/pages"}],"about":[{"href":"https:\/\/cpl14.fr\/index.php?rest_route=\/wp\/v2\/types\/page"}],"author":[{"embeddable":true,"href":"https:\/\/cpl14.fr\/index.php?rest_route=\/wp\/v2\/users\/1"}],"replies":[{"embeddable":true,"href":"https:\/\/cpl14.fr\/index.php?rest_route=%2Fwp%2Fv2%2Fcomments&post=7118"}],"version-history":[{"count":4,"href":"https:\/\/cpl14.fr\/index.php?rest_route=\/wp\/v2\/pages\/7118\/revisions"}],"predecessor-version":[{"id":7658,"href":"https:\/\/cpl14.fr\/index.php?rest_route=\/wp\/v2\/pages\/7118\/revisions\/7658"}],"wp:attachment":[{"href":"https:\/\/cpl14.fr\/index.php?rest_route=%2Fwp%2Fv2%2Fmedia&parent=7118"}],"curies":[{"name":"wp","href":"https:\/\/api.w.org\/{rel}","templated":true}]}}