{"id":7120,"date":"2020-04-20T08:38:54","date_gmt":"2020-04-20T06:38:54","guid":{"rendered":"http:\/\/cpl14.fr\/?page_id=7120"},"modified":"2020-05-06T08:56:15","modified_gmt":"2020-05-06T06:56:15","slug":"1950-1965-le-regne-de-secap","status":"publish","type":"page","link":"https:\/\/cpl14.fr\/?page_id=7120","title":{"rendered":"\u00e0 partir de 1950, le r\u00e8gne de SECAP"},"content":{"rendered":"<p><a href=\"http:\/\/cpl14.fr\/?page_id=7459\">les machines SECAP F et H<\/a><\/p>\n<p><a href=\"http:\/\/cpl14.fr\/?page_id=7459\"><img loading=\"lazy\" decoding=\"async\" class=\"alignnone size-full wp-image-7480\" src=\"http:\/\/cpl14.fr\/wp-content\/uploads\/2020\/04\/SECAP-F.jpg\" alt=\"\" width=\"489\" height=\"145\" srcset=\"https:\/\/cpl14.fr\/wp-content\/uploads\/2020\/04\/SECAP-F.jpg 489w, https:\/\/cpl14.fr\/wp-content\/uploads\/2020\/04\/SECAP-F-300x89.jpg 300w\" sizes=\"auto, (max-width: 489px) 100vw, 489px\" \/><\/a><\/p>\n<p><a href=\"http:\/\/cpl14.fr\/?page_id=7461\">la machine SECAP D<\/a><\/p>\n<p><a href=\"http:\/\/cpl14.fr\/?page_id=7461\"><img loading=\"lazy\" decoding=\"async\" class=\"alignnone size-full wp-image-7481\" src=\"http:\/\/cpl14.fr\/wp-content\/uploads\/2020\/04\/SECAP-D.jpg\" alt=\"\" width=\"486\" height=\"142\" srcset=\"https:\/\/cpl14.fr\/wp-content\/uploads\/2020\/04\/SECAP-D.jpg 486w, https:\/\/cpl14.fr\/wp-content\/uploads\/2020\/04\/SECAP-D-300x88.jpg 300w\" sizes=\"auto, (max-width: 486px) 100vw, 486px\" \/><\/a><\/p>\n<p><a href=\"http:\/\/cpl14.fr\/?page_id=7463\">la machine SECAP K<\/a><\/p>\n<p><a href=\"http:\/\/cpl14.fr\/?page_id=7463\"><img loading=\"lazy\" decoding=\"async\" class=\"alignnone size-full wp-image-7482\" src=\"http:\/\/cpl14.fr\/wp-content\/uploads\/2020\/04\/SECAP-K.jpg\" alt=\"\" width=\"483\" height=\"142\" srcset=\"https:\/\/cpl14.fr\/wp-content\/uploads\/2020\/04\/SECAP-K.jpg 483w, https:\/\/cpl14.fr\/wp-content\/uploads\/2020\/04\/SECAP-K-300x88.jpg 300w\" sizes=\"auto, (max-width: 483px) 100vw, 483px\" \/><\/a><\/p>\n<p><a href=\"http:\/\/cpl14.fr\/?page_id=7466\">la machine SECAP \u00ab\u00a0philat\u00e9lie\u00a0\u00bb<\/a><\/p>\n<p><a href=\"http:\/\/cpl14.fr\/?page_id=7466\"><img loading=\"lazy\" decoding=\"async\" class=\"alignnone size-full wp-image-7483\" src=\"http:\/\/cpl14.fr\/wp-content\/uploads\/2020\/04\/SECAP-PHIL.jpg\" alt=\"\" width=\"422\" height=\"196\" srcset=\"https:\/\/cpl14.fr\/wp-content\/uploads\/2020\/04\/SECAP-PHIL.jpg 422w, https:\/\/cpl14.fr\/wp-content\/uploads\/2020\/04\/SECAP-PHIL-300x139.jpg 300w\" sizes=\"auto, (max-width: 422px) 100vw, 422px\" \/><\/a><\/p>\n<p><a href=\"http:\/\/cpl14.fr\/?page_id=7469\">la machine SECAP GL<\/a><\/p>\n<p><a href=\"http:\/\/cpl14.fr\/?page_id=7469\"><img loading=\"lazy\" decoding=\"async\" class=\"alignnone size-full wp-image-7484\" src=\"http:\/\/cpl14.fr\/wp-content\/uploads\/2020\/04\/SECAP-GL.jpg\" alt=\"\" width=\"1000\" height=\"131\" srcset=\"https:\/\/cpl14.fr\/wp-content\/uploads\/2020\/04\/SECAP-GL.jpg 1000w, https:\/\/cpl14.fr\/wp-content\/uploads\/2020\/04\/SECAP-GL-300x39.jpg 300w, https:\/\/cpl14.fr\/wp-content\/uploads\/2020\/04\/SECAP-GL-768x101.jpg 768w\" sizes=\"auto, (max-width: 1000px) 100vw, 1000px\" \/><\/a><\/p>\n<p><a href=\"http:\/\/cpl14.fr\/?page_id=7472\">les machines SECAP BB, HM et J<\/a><\/p>\n<p><a href=\"http:\/\/cpl14.fr\/?page_id=7472\"><img loading=\"lazy\" decoding=\"async\" class=\"alignnone size-full wp-image-7530\" src=\"http:\/\/cpl14.fr\/wp-content\/uploads\/2020\/04\/SECAP-J.jpg\" alt=\"\" width=\"446\" height=\"154\" srcset=\"https:\/\/cpl14.fr\/wp-content\/uploads\/2020\/04\/SECAP-J.jpg 446w, https:\/\/cpl14.fr\/wp-content\/uploads\/2020\/04\/SECAP-J-300x104.jpg 300w\" sizes=\"auto, (max-width: 446px) 100vw, 446px\" \/><\/a><\/p>\n<p><a href=\"http:\/\/cpl14.fr\/?page_id=7477\">1966, essai HAVAS<\/a><\/p>\n<p>&nbsp;<\/p>\n<p>&nbsp;<\/p>\n<p>&nbsp;<\/p>\n<p style=\"text-align: right;\"><a href=\"http:\/\/cpl14.fr\/?p=7648\">retour \u00e0 l&rsquo;article De la M\u00e9canisation \u00e0 l&rsquo;Automation<\/a><\/p>\n","protected":false},"excerpt":{"rendered":"<div class=\"mh-excerpt\"><p>les machines SECAP F et H la machine SECAP D la machine SECAP K la machine SECAP \u00ab\u00a0philat\u00e9lie\u00a0\u00bb la machine SECAP GL les machines SECAP <a class=\"mh-excerpt-more\" href=\"https:\/\/cpl14.fr\/?page_id=7120\" title=\"\u00e0 partir de 1950, le r\u00e8gne de SECAP\">[&#8230;]<\/a><\/p>\n<\/div>","protected":false},"author":1,"featured_media":0,"parent":0,"menu_order":0,"comment_status":"closed","ping_status":"closed","template":"","meta":{"footnotes":""},"class_list":["post-7120","page","type-page","status-publish","hentry"],"_links":{"self":[{"href":"https:\/\/cpl14.fr\/index.php?rest_route=\/wp\/v2\/pages\/7120","targetHints":{"allow":["GET"]}}],"collection":[{"href":"https:\/\/cpl14.fr\/index.php?rest_route=\/wp\/v2\/pages"}],"about":[{"href":"https:\/\/cpl14.fr\/index.php?rest_route=\/wp\/v2\/types\/page"}],"author":[{"embeddable":true,"href":"https:\/\/cpl14.fr\/index.php?rest_route=\/wp\/v2\/users\/1"}],"replies":[{"embeddable":true,"href":"https:\/\/cpl14.fr\/index.php?rest_route=%2Fwp%2Fv2%2Fcomments&post=7120"}],"version-history":[{"count":13,"href":"https:\/\/cpl14.fr\/index.php?rest_route=\/wp\/v2\/pages\/7120\/revisions"}],"predecessor-version":[{"id":7659,"href":"https:\/\/cpl14.fr\/index.php?rest_route=\/wp\/v2\/pages\/7120\/revisions\/7659"}],"wp:attachment":[{"href":"https:\/\/cpl14.fr\/index.php?rest_route=%2Fwp%2Fv2%2Fmedia&parent=7120"}],"curies":[{"name":"wp","href":"https:\/\/api.w.org\/{rel}","templated":true}]}}