{"id":7126,"date":"2020-04-20T08:41:30","date_gmt":"2020-04-20T06:41:30","guid":{"rendered":"http:\/\/cpl14.fr\/?page_id=7126"},"modified":"2020-05-06T08:58:03","modified_gmt":"2020-05-06T06:58:03","slug":"1973-larrivee-des-japonaises","status":"publish","type":"page","link":"https:\/\/cpl14.fr\/?page_id=7126","title":{"rendered":"1973, l&rsquo;arriv\u00e9e des japonaises"},"content":{"rendered":"<p><a href=\"http:\/\/cpl14.fr\/?page_id=7585\">la machine Toshiba<\/a><\/p>\n<p><a href=\"http:\/\/cpl14.fr\/?page_id=7585\"><img loading=\"lazy\" decoding=\"async\" class=\"alignnone wp-image-7592\" src=\"http:\/\/cpl14.fr\/wp-content\/uploads\/2020\/04\/toshiba.jpg\" alt=\"\" width=\"400\" height=\"126\" srcset=\"https:\/\/cpl14.fr\/wp-content\/uploads\/2020\/04\/toshiba.jpg 482w, https:\/\/cpl14.fr\/wp-content\/uploads\/2020\/04\/toshiba-300x95.jpg 300w\" sizes=\"auto, (max-width: 400px) 100vw, 400px\" \/><\/a><\/p>\n<p><a href=\"http:\/\/cpl14.fr\/?page_id=7586\">les machines NEC<\/a><\/p>\n<p><a href=\"http:\/\/cpl14.fr\/?page_id=7586\"><img loading=\"lazy\" decoding=\"async\" class=\"alignnone wp-image-7593\" src=\"http:\/\/cpl14.fr\/wp-content\/uploads\/2020\/04\/nec.jpg\" alt=\"\" width=\"397\" height=\"122\" srcset=\"https:\/\/cpl14.fr\/wp-content\/uploads\/2020\/04\/nec.jpg 400w, https:\/\/cpl14.fr\/wp-content\/uploads\/2020\/04\/nec-300x92.jpg 300w\" sizes=\"auto, (max-width: 397px) 100vw, 397px\" \/><\/a><\/p>\n<p>&nbsp;<\/p>\n<p style=\"text-align: right;\"><a href=\"http:\/\/cpl14.fr\/?p=7648\">retour \u00e0 l&rsquo;article De la M\u00e9canisation \u00e0 l&rsquo;Automation<\/a><\/p>\n","protected":false},"excerpt":{"rendered":"<div class=\"mh-excerpt\"><p>la machine Toshiba les machines NEC &nbsp; retour \u00e0 l&rsquo;article De la M\u00e9canisation \u00e0 l&rsquo;Automation<\/p>\n<\/div>","protected":false},"author":1,"featured_media":0,"parent":0,"menu_order":0,"comment_status":"closed","ping_status":"closed","template":"","meta":{"footnotes":""},"class_list":["post-7126","page","type-page","status-publish","hentry"],"_links":{"self":[{"href":"https:\/\/cpl14.fr\/index.php?rest_route=\/wp\/v2\/pages\/7126","targetHints":{"allow":["GET"]}}],"collection":[{"href":"https:\/\/cpl14.fr\/index.php?rest_route=\/wp\/v2\/pages"}],"about":[{"href":"https:\/\/cpl14.fr\/index.php?rest_route=\/wp\/v2\/types\/page"}],"author":[{"embeddable":true,"href":"https:\/\/cpl14.fr\/index.php?rest_route=\/wp\/v2\/users\/1"}],"replies":[{"embeddable":true,"href":"https:\/\/cpl14.fr\/index.php?rest_route=%2Fwp%2Fv2%2Fcomments&post=7126"}],"version-history":[{"count":6,"href":"https:\/\/cpl14.fr\/index.php?rest_route=\/wp\/v2\/pages\/7126\/revisions"}],"predecessor-version":[{"id":7662,"href":"https:\/\/cpl14.fr\/index.php?rest_route=\/wp\/v2\/pages\/7126\/revisions\/7662"}],"wp:attachment":[{"href":"https:\/\/cpl14.fr\/index.php?rest_route=%2Fwp%2Fv2%2Fmedia&parent=7126"}],"curies":[{"name":"wp","href":"https:\/\/api.w.org\/{rel}","templated":true}]}}