{"id":7128,"date":"2020-04-20T08:42:23","date_gmt":"2020-04-20T06:42:23","guid":{"rendered":"http:\/\/cpl14.fr\/?page_id=7128"},"modified":"2020-05-06T08:58:34","modified_gmt":"2020-05-06T06:58:34","slug":"1992-2000-un-nouveau-venu-et-une-nouvelle-secap","status":"publish","type":"page","link":"https:\/\/cpl14.fr\/?page_id=7128","title":{"rendered":"1992-2000, un nouveau venu et une nouvelle SECAP"},"content":{"rendered":"<p><a href=\"http:\/\/cpl14.fr\/?page_id=7616\">les machines MEGRAS<\/a><\/p>\n<p><a href=\"http:\/\/cpl14.fr\/?page_id=7616\"><img loading=\"lazy\" decoding=\"async\" class=\"alignnone wp-image-7622\" src=\"http:\/\/cpl14.fr\/wp-content\/uploads\/2020\/04\/megras.jpg\" alt=\"\" width=\"369\" height=\"123\" srcset=\"https:\/\/cpl14.fr\/wp-content\/uploads\/2020\/04\/megras.jpg 438w, https:\/\/cpl14.fr\/wp-content\/uploads\/2020\/04\/megras-300x100.jpg 300w\" sizes=\"auto, (max-width: 369px) 100vw, 369px\" \/><\/a><\/p>\n<p><a href=\"http:\/\/cpl14.fr\/?page_id=7617\">la machine SECAP HPS<\/a><\/p>\n<p><a href=\"http:\/\/cpl14.fr\/?page_id=7617\"><img loading=\"lazy\" decoding=\"async\" class=\"alignnone size-full wp-image-7623\" src=\"http:\/\/cpl14.fr\/wp-content\/uploads\/2020\/04\/secap-HPS.jpg\" alt=\"\" width=\"360\" height=\"124\" srcset=\"https:\/\/cpl14.fr\/wp-content\/uploads\/2020\/04\/secap-HPS.jpg 360w, https:\/\/cpl14.fr\/wp-content\/uploads\/2020\/04\/secap-HPS-300x103.jpg 300w\" sizes=\"auto, (max-width: 360px) 100vw, 360px\" \/><\/a><\/p>\n<p>&nbsp;<\/p>\n<p style=\"text-align: right;\"><a href=\"http:\/\/cpl14.fr\/?p=7648\">retour \u00e0 l&rsquo;article De la M\u00e9canisation \u00e0 l&rsquo;Automation<\/a><\/p>\n","protected":false},"excerpt":{"rendered":"<div class=\"mh-excerpt\"><p>les machines MEGRAS la machine SECAP HPS &nbsp; retour \u00e0 l&rsquo;article De la M\u00e9canisation \u00e0 l&rsquo;Automation<\/p>\n<\/div>","protected":false},"author":1,"featured_media":0,"parent":0,"menu_order":0,"comment_status":"closed","ping_status":"closed","template":"","meta":{"footnotes":""},"class_list":["post-7128","page","type-page","status-publish","hentry"],"_links":{"self":[{"href":"https:\/\/cpl14.fr\/index.php?rest_route=\/wp\/v2\/pages\/7128","targetHints":{"allow":["GET"]}}],"collection":[{"href":"https:\/\/cpl14.fr\/index.php?rest_route=\/wp\/v2\/pages"}],"about":[{"href":"https:\/\/cpl14.fr\/index.php?rest_route=\/wp\/v2\/types\/page"}],"author":[{"embeddable":true,"href":"https:\/\/cpl14.fr\/index.php?rest_route=\/wp\/v2\/users\/1"}],"replies":[{"embeddable":true,"href":"https:\/\/cpl14.fr\/index.php?rest_route=%2Fwp%2Fv2%2Fcomments&post=7128"}],"version-history":[{"count":5,"href":"https:\/\/cpl14.fr\/index.php?rest_route=\/wp\/v2\/pages\/7128\/revisions"}],"predecessor-version":[{"id":7663,"href":"https:\/\/cpl14.fr\/index.php?rest_route=\/wp\/v2\/pages\/7128\/revisions\/7663"}],"wp:attachment":[{"href":"https:\/\/cpl14.fr\/index.php?rest_route=%2Fwp%2Fv2%2Fmedia&parent=7128"}],"curies":[{"name":"wp","href":"https:\/\/api.w.org\/{rel}","templated":true}]}}