{"id":7130,"date":"2020-04-20T08:43:10","date_gmt":"2020-04-20T06:43:10","guid":{"rendered":"http:\/\/cpl14.fr\/?page_id=7130"},"modified":"2020-05-06T08:59:09","modified_gmt":"2020-05-06T06:59:09","slug":"2000-des-machines-automatiques-de-bureaux","status":"publish","type":"page","link":"https:\/\/cpl14.fr\/?page_id=7130","title":{"rendered":"2000, des machines automatiques de bureaux"},"content":{"rendered":"<p>Et pour finir le si\u00e8cle, en juin 2000, 2 constructeurs font tester des machines automatiques de bureau. C&rsquo;est un nouveau concept destin\u00e9 aux gros bureaux et \u00e9tudi\u00e9 pour permettre la s\u00e9gr\u00e9gation (s\u00e9paration par format), la discrimination (s\u00e9paration PU et PNU), l&rsquo;oblit\u00e9ration et le tri automatique sur un petit nombre de directions (le d\u00e9partement, les d\u00e9partements limitrophes, quelques directions privil\u00e9gi\u00e9es ou quelques grands comptes).<\/p>\n<p>Test\u00e9e au bureau de Villeurbanne-Principal du 8 juin 2000 au 31 octobre 2001: la machine Mannesmann<\/p>\n<p>avec un TAD sans horaire de lev\u00e9e, et une colonne de tirets entre le TAD et les lignes ondul\u00e9es&#8230;<\/p>\n<p><img loading=\"lazy\" decoding=\"async\" class=\"size-full wp-image-7642 aligncenter\" src=\"http:\/\/cpl14.fr\/wp-content\/uploads\/2020\/04\/158.jpg\" alt=\"\" width=\"900\" height=\"451\" srcset=\"https:\/\/cpl14.fr\/wp-content\/uploads\/2020\/04\/158.jpg 900w, https:\/\/cpl14.fr\/wp-content\/uploads\/2020\/04\/158-300x150.jpg 300w, https:\/\/cpl14.fr\/wp-content\/uploads\/2020\/04\/158-768x385.jpg 768w\" sizes=\"auto, (max-width: 900px) 100vw, 900px\" \/><\/p>\n<p style=\"text-align: center;\">Mannesmann d&rsquo;essai, montage avec lignes ondul\u00e9es<br \/>\n69 VILLEURBANNE PRINCIPAL \/ FRANCE<\/p>\n<p>Test\u00e9e au Centre de Traitement du Courrier des Yvelines du 9 juin 2000 au 6 f\u00e9vrier 2002: la machine Siemens<\/p>\n<p>avec un TAD sans horaire de lev\u00e9e<\/p>\n<p><img loading=\"lazy\" decoding=\"async\" class=\"size-full wp-image-7643 aligncenter\" src=\"http:\/\/cpl14.fr\/wp-content\/uploads\/2020\/04\/159.jpg\" alt=\"\" width=\"900\" height=\"441\" srcset=\"https:\/\/cpl14.fr\/wp-content\/uploads\/2020\/04\/159.jpg 900w, https:\/\/cpl14.fr\/wp-content\/uploads\/2020\/04\/159-300x147.jpg 300w, https:\/\/cpl14.fr\/wp-content\/uploads\/2020\/04\/159-768x376.jpg 768w\" sizes=\"auto, (max-width: 900px) 100vw, 900px\" \/><\/p>\n<p style=\"text-align: center;\">Siemens d&rsquo;essai, montage avec lignes ondul\u00e9es<br \/>\n78 YVELINES CTC \/ FRANCE<\/p>\n<p>Les TAD de ces 2 machines sont marqu\u00e9s FRANCE dans le bas de la couronne. Cela correspond \u00e0 la nouvelle norme UPU \u00e0 partir de 2000.<\/p>\n<p>&nbsp;<\/p>\n<p style=\"text-align: right;\"><a href=\"http:\/\/cpl14.fr\/?p=7648\">retour \u00e0 l&rsquo;article De la M\u00e9canisation \u00e0 l&rsquo;Automation<\/a><\/p>\n","protected":false},"excerpt":{"rendered":"<div class=\"mh-excerpt\"><p>Et pour finir le si\u00e8cle, en juin 2000, 2 constructeurs font tester des machines automatiques de bureau. C&rsquo;est un nouveau concept destin\u00e9 aux gros bureaux <a class=\"mh-excerpt-more\" href=\"https:\/\/cpl14.fr\/?page_id=7130\" title=\"2000, des machines automatiques de bureaux\">[&#8230;]<\/a><\/p>\n<\/div>","protected":false},"author":1,"featured_media":0,"parent":0,"menu_order":0,"comment_status":"closed","ping_status":"closed","template":"","meta":{"footnotes":""},"class_list":["post-7130","page","type-page","status-publish","hentry"],"_links":{"self":[{"href":"https:\/\/cpl14.fr\/index.php?rest_route=\/wp\/v2\/pages\/7130","targetHints":{"allow":["GET"]}}],"collection":[{"href":"https:\/\/cpl14.fr\/index.php?rest_route=\/wp\/v2\/pages"}],"about":[{"href":"https:\/\/cpl14.fr\/index.php?rest_route=\/wp\/v2\/types\/page"}],"author":[{"embeddable":true,"href":"https:\/\/cpl14.fr\/index.php?rest_route=\/wp\/v2\/users\/1"}],"replies":[{"embeddable":true,"href":"https:\/\/cpl14.fr\/index.php?rest_route=%2Fwp%2Fv2%2Fcomments&post=7130"}],"version-history":[{"count":4,"href":"https:\/\/cpl14.fr\/index.php?rest_route=\/wp\/v2\/pages\/7130\/revisions"}],"predecessor-version":[{"id":7664,"href":"https:\/\/cpl14.fr\/index.php?rest_route=\/wp\/v2\/pages\/7130\/revisions\/7664"}],"wp:attachment":[{"href":"https:\/\/cpl14.fr\/index.php?rest_route=%2Fwp%2Fv2%2Fmedia&parent=7130"}],"curies":[{"name":"wp","href":"https:\/\/api.w.org\/{rel}","templated":true}]}}