{"id":7215,"date":"2020-04-20T12:37:05","date_gmt":"2020-04-20T10:37:05","guid":{"rendered":"http:\/\/cpl14.fr\/?page_id=7215"},"modified":"2020-04-20T18:50:06","modified_gmt":"2020-04-20T16:50:06","slug":"la-machine-chambon","status":"publish","type":"page","link":"https:\/\/cpl14.fr\/?page_id=7215","title":{"rendered":"La machine Chambon"},"content":{"rendered":"<p>Parall\u00e8lement aux essai des machines International, en 1912 une machine fran\u00e7aise \u00e0 empreinte continue est test\u00e9e: la machine Chambon.<\/p>\n<p><img loading=\"lazy\" decoding=\"async\" class=\"size-full wp-image-7249 aligncenter\" src=\"http:\/\/cpl14.fr\/wp-content\/uploads\/2020\/04\/28-1.jpg\" alt=\"\" width=\"800\" height=\"592\" srcset=\"https:\/\/cpl14.fr\/wp-content\/uploads\/2020\/04\/28-1.jpg 800w, https:\/\/cpl14.fr\/wp-content\/uploads\/2020\/04\/28-1-300x222.jpg 300w, https:\/\/cpl14.fr\/wp-content\/uploads\/2020\/04\/28-1-768x568.jpg 768w, https:\/\/cpl14.fr\/wp-content\/uploads\/2020\/04\/28-1-80x60.jpg 80w\" sizes=\"auto, (max-width: 800px) 100vw, 800px\" \/><\/p>\n<p style=\"text-align: center;\">Chambon, montage standard<br \/>\nPARIS XX \/ 200.R. DES PYRENNEES<\/p>\n<p>Cette machine \u00e9quipera 32 bureaux en France entre 1912 et 1917. Tr\u00e8s identifiable \u00e0 son TAD \u00e0 pont dispos\u00e9 verticalement et ses 7 lignes compos\u00e9es de tirets.<\/p>\n<p>On peut trouver les TAD seuls appos\u00e9s \u00e0 r\u00e9ception.<\/p>\n<h4>Les caract\u00e9ristiques de la machine Chambon:<\/h4>\n<p>d = 28 mm<br \/>\nB = 78 mm<br \/>\nX = 2<\/p>\n<p>&nbsp;<\/p>\n<p style=\"text-align: right;\"><a href=\"http:\/\/cpl14.fr\/?page_id=7109\">retour \u00e0 la page 1910-1913, nouveaux essais<\/a><\/p>\n","protected":false},"excerpt":{"rendered":"<div class=\"mh-excerpt\"><p>Parall\u00e8lement aux essai des machines International, en 1912 une machine fran\u00e7aise \u00e0 empreinte continue est test\u00e9e: la machine Chambon. Chambon, montage standard PARIS XX \/ <a class=\"mh-excerpt-more\" href=\"https:\/\/cpl14.fr\/?page_id=7215\" title=\"La machine Chambon\">[&#8230;]<\/a><\/p>\n<\/div>","protected":false},"author":1,"featured_media":0,"parent":0,"menu_order":0,"comment_status":"closed","ping_status":"closed","template":"","meta":{"footnotes":""},"class_list":["post-7215","page","type-page","status-publish","hentry"],"_links":{"self":[{"href":"https:\/\/cpl14.fr\/index.php?rest_route=\/wp\/v2\/pages\/7215","targetHints":{"allow":["GET"]}}],"collection":[{"href":"https:\/\/cpl14.fr\/index.php?rest_route=\/wp\/v2\/pages"}],"about":[{"href":"https:\/\/cpl14.fr\/index.php?rest_route=\/wp\/v2\/types\/page"}],"author":[{"embeddable":true,"href":"https:\/\/cpl14.fr\/index.php?rest_route=\/wp\/v2\/users\/1"}],"replies":[{"embeddable":true,"href":"https:\/\/cpl14.fr\/index.php?rest_route=%2Fwp%2Fv2%2Fcomments&post=7215"}],"version-history":[{"count":4,"href":"https:\/\/cpl14.fr\/index.php?rest_route=\/wp\/v2\/pages\/7215\/revisions"}],"predecessor-version":[{"id":7254,"href":"https:\/\/cpl14.fr\/index.php?rest_route=\/wp\/v2\/pages\/7215\/revisions\/7254"}],"wp:attachment":[{"href":"https:\/\/cpl14.fr\/index.php?rest_route=%2Fwp%2Fv2%2Fmedia&parent=7215"}],"curies":[{"name":"wp","href":"https:\/\/api.w.org\/{rel}","templated":true}]}}