{"id":7217,"date":"2020-04-20T12:38:09","date_gmt":"2020-04-20T10:38:09","guid":{"rendered":"http:\/\/cpl14.fr\/?page_id=7217"},"modified":"2020-04-20T18:50:14","modified_gmt":"2020-04-20T16:50:14","slug":"la-machine-garcia","status":"publish","type":"page","link":"https:\/\/cpl14.fr\/?page_id=7217","title":{"rendered":"La machine Garcia"},"content":{"rendered":"<p>Et en 1913, une seconde machine fran\u00e7aise \u00e0 empreinte continue: la machine Garcia.<\/p>\n<p><img loading=\"lazy\" decoding=\"async\" class=\"size-full wp-image-7253 aligncenter\" src=\"http:\/\/cpl14.fr\/wp-content\/uploads\/2020\/04\/29-1.jpg\" alt=\"\" width=\"800\" height=\"607\" srcset=\"https:\/\/cpl14.fr\/wp-content\/uploads\/2020\/04\/29-1.jpg 800w, https:\/\/cpl14.fr\/wp-content\/uploads\/2020\/04\/29-1-300x228.jpg 300w, https:\/\/cpl14.fr\/wp-content\/uploads\/2020\/04\/29-1-768x583.jpg 768w, https:\/\/cpl14.fr\/wp-content\/uploads\/2020\/04\/29-1-80x60.jpg 80w\" sizes=\"auto, (max-width: 800px) 100vw, 800px\" \/><\/p>\n<p style=\"text-align: center;\">Garcia, montage standard<br \/>\nNANTES R.P. \/ LOIRE INFre<\/p>\n<p>Cette machine \u00e9quipera 25 bureaux en France entre 1913 et 1924. Diff\u00e9renciable des empreintes Krag \u00e0 ses 5 lignes courtes align\u00e9es verticalement et \u00e0 sa p\u00e9riode.<\/p>\n<p>On peut trouver les T\u00e0D seuls appos\u00e9s \u00e0 r\u00e9ception.<\/p>\n<h4>Les caract\u00e9ristiques de la machine Garcia:<\/h4>\n<p>d = 27 mm<br \/>\nB = 60 mm<br \/>\nX = 2<\/p>\n<p>&nbsp;<\/p>\n<p style=\"text-align: right;\"><a href=\"http:\/\/cpl14.fr\/?page_id=7109\">retour \u00e0 la page 1910-1913, nouveaux essais<\/a><\/p>\n","protected":false},"excerpt":{"rendered":"<div class=\"mh-excerpt\"><p>Et en 1913, une seconde machine fran\u00e7aise \u00e0 empreinte continue: la machine Garcia. Garcia, montage standard NANTES R.P. \/ LOIRE INFre Cette machine \u00e9quipera 25 <a class=\"mh-excerpt-more\" href=\"https:\/\/cpl14.fr\/?page_id=7217\" title=\"La machine Garcia\">[&#8230;]<\/a><\/p>\n<\/div>","protected":false},"author":1,"featured_media":0,"parent":0,"menu_order":0,"comment_status":"closed","ping_status":"closed","template":"","meta":{"footnotes":""},"class_list":["post-7217","page","type-page","status-publish","hentry"],"_links":{"self":[{"href":"https:\/\/cpl14.fr\/index.php?rest_route=\/wp\/v2\/pages\/7217","targetHints":{"allow":["GET"]}}],"collection":[{"href":"https:\/\/cpl14.fr\/index.php?rest_route=\/wp\/v2\/pages"}],"about":[{"href":"https:\/\/cpl14.fr\/index.php?rest_route=\/wp\/v2\/types\/page"}],"author":[{"embeddable":true,"href":"https:\/\/cpl14.fr\/index.php?rest_route=\/wp\/v2\/users\/1"}],"replies":[{"embeddable":true,"href":"https:\/\/cpl14.fr\/index.php?rest_route=%2Fwp%2Fv2%2Fcomments&post=7217"}],"version-history":[{"count":3,"href":"https:\/\/cpl14.fr\/index.php?rest_route=\/wp\/v2\/pages\/7217\/revisions"}],"predecessor-version":[{"id":7255,"href":"https:\/\/cpl14.fr\/index.php?rest_route=\/wp\/v2\/pages\/7217\/revisions\/7255"}],"wp:attachment":[{"href":"https:\/\/cpl14.fr\/index.php?rest_route=%2Fwp%2Fv2%2Fmedia&parent=7217"}],"curies":[{"name":"wp","href":"https:\/\/api.w.org\/{rel}","templated":true}]}}