{"id":7279,"date":"2020-04-21T05:45:03","date_gmt":"2020-04-21T03:45:03","guid":{"rendered":"http:\/\/cpl14.fr\/?page_id=7279"},"modified":"2020-04-21T06:34:22","modified_gmt":"2020-04-21T04:34:22","slug":"les-machines-sylbe-et-pondorf","status":"publish","type":"page","link":"https:\/\/cpl14.fr\/?page_id=7279","title":{"rendered":"Les machines Sylbe et Pondorf"},"content":{"rendered":"<p>A l&rsquo;issue de la premi\u00e8re guerre mondiale, la Poste r\u00e9cup\u00e8re les rares machines \u00e0 oblit\u00e9rer en service dans les bureaux d&rsquo;Alsace et de Lorraine, \u00e0 Strasbourg et \u00e0 Metz.<\/p>\n<p>D\u00e9s 1918 \u00e0 Metz, une machine \u00e0 empreinte continue est utilis\u00e9e: la machine Sylbe et Pondorf<\/p>\n<p>C&rsquo;est une machine de fabrication allemande, avec son TAD sp\u00e9cifique. Seule modification r\u00e9alis\u00e9e avant son entr\u00e9e en service \u00ab\u00a0fran\u00e7ais\u00a0\u00bb, le nom du d\u00e9partement \u00ab\u00a0Moselle\u00a0\u00bb. Elle est en service de 1918 \u00e0 1925.<\/p>\n<p><img loading=\"lazy\" decoding=\"async\" class=\"size-full wp-image-7303 aligncenter\" src=\"http:\/\/cpl14.fr\/wp-content\/uploads\/2020\/04\/40.jpg\" alt=\"\" width=\"800\" height=\"512\" srcset=\"https:\/\/cpl14.fr\/wp-content\/uploads\/2020\/04\/40.jpg 800w, https:\/\/cpl14.fr\/wp-content\/uploads\/2020\/04\/40-300x192.jpg 300w, https:\/\/cpl14.fr\/wp-content\/uploads\/2020\/04\/40-768x492.jpg 768w\" sizes=\"auto, (max-width: 800px) 100vw, 800px\" \/><\/p>\n<p style=\"text-align: center;\">Sylbe et Pondorf de Metz 1918, montage standard<br \/>\nMETZ \/ MOSELLE<\/p>\n<h4>La machine Sylbe de Metz de 1918:<\/h4>\n<p>d = 27 mm<br \/>\nB = 52 mm<br \/>\nX = 3<\/p>\n<p style=\"text-align: center;\">.<\/p>\n<p>En 1925, elle est modifi\u00e9e pour accepter les flammes de propagande. Son empreinte passe de 3 x 52 (soit 156mm de circonf\u00e9rence) \u00e0 2 x 78 (= 156mm). Elle restera en service jusqu&rsquo;en 1931.<\/p>\n<p><img loading=\"lazy\" decoding=\"async\" class=\"size-full wp-image-7306 aligncenter\" src=\"http:\/\/cpl14.fr\/wp-content\/uploads\/2020\/04\/42.jpg\" alt=\"\" width=\"700\" height=\"254\" srcset=\"https:\/\/cpl14.fr\/wp-content\/uploads\/2020\/04\/42.jpg 700w, https:\/\/cpl14.fr\/wp-content\/uploads\/2020\/04\/42-300x109.jpg 300w\" sizes=\"auto, (max-width: 700px) 100vw, 700px\" \/><\/p>\n<p style=\"text-align: center;\">Sylbe et Pondorf de Metz 1925, montage standard<br \/>\nMETZ \/ MOSELLE<\/p>\n<h4>La machine Sylbe de Metz de 1925:<\/h4>\n<p>d = 26 mm<br \/>\nB = 78 mm<br \/>\nX = 2<\/p>\n<p style=\"text-align: center;\">.<\/p>\n<p>Entre 1921 et 1923, une machine \u00e0 empreinte continue similaire \u00e0 la machine de Metz est en service \u00e0 Paris X.<br \/>\nQualifi\u00e9e de machine \u00ab\u00a0Krag \u00e0 pont\u00a0\u00bb dans certains catalogues, il est plus probable que ce soit une machine Sylbe et Pondorf r\u00e9cup\u00e9r\u00e9e en Alsace. Cette machine n&rsquo;est connue qu&rsquo;en utilisation au verso comme marque de distribution.<\/p>\n<p><img loading=\"lazy\" decoding=\"async\" class=\"size-full wp-image-7304 aligncenter\" src=\"http:\/\/cpl14.fr\/wp-content\/uploads\/2020\/04\/41.jpg\" alt=\"\" width=\"750\" height=\"532\" srcset=\"https:\/\/cpl14.fr\/wp-content\/uploads\/2020\/04\/41.jpg 750w, https:\/\/cpl14.fr\/wp-content\/uploads\/2020\/04\/41-300x213.jpg 300w\" sizes=\"auto, (max-width: 750px) 100vw, 750px\" \/><\/p>\n<p style=\"text-align: center;\">Sylbe et Pondorf de Paris X, montage standard<br \/>\nPARIS X \/ QUAY VALMY<\/p>\n<h4>La machine Sylbe et Pondorf de Paris X en 1921:<\/h4>\n<p>d = 26 mm<br \/>\nB = 78 mm<br \/>\nX = 2<\/p>\n<p style=\"text-align: center;\">.<\/p>\n<p>En 1927, la Poste teste une machine Sylbe et Pondorf \u00e0 Paris XIX. Plus proche de la machine de Metz 1918 dans son apparence puisque \u00e9quip\u00e9 d&rsquo;un rouleau \u00e0 3 p\u00e9riodes de 52mm, le TAD a \u00e9t\u00e9 \u00ab\u00a0francis\u00e9\u00a0\u00bb suivant le mod\u00e8le Krag de 1923 (2\u00e9me g\u00e9n\u00e9ration).<\/p>\n<p><img loading=\"lazy\" decoding=\"async\" class=\"size-full wp-image-7308 aligncenter\" src=\"http:\/\/cpl14.fr\/wp-content\/uploads\/2020\/04\/43.jpg\" alt=\"\" width=\"800\" height=\"530\" srcset=\"https:\/\/cpl14.fr\/wp-content\/uploads\/2020\/04\/43.jpg 800w, https:\/\/cpl14.fr\/wp-content\/uploads\/2020\/04\/43-300x199.jpg 300w, https:\/\/cpl14.fr\/wp-content\/uploads\/2020\/04\/43-768x509.jpg 768w\" sizes=\"auto, (max-width: 800px) 100vw, 800px\" \/><\/p>\n<p style=\"text-align: center;\">Sylbe et Pondorf, montage standard<br \/>\nPARIS XIX \/ AV. JEAN JAURES<\/p>\n<h4>La machine Sylbe de Paris XIX en 1927:<\/h4>\n<p>d = 27 mm<br \/>\nB = 52 mm<br \/>\nX = 3<\/p>\n<p>&nbsp;<\/p>\n<p>&nbsp;<\/p>\n<p style=\"text-align: right;\"><a href=\"http:\/\/cpl14.fr\/?page_id=7114\">retour \u00e0 la page 1918-1931, retour d&rsquo;Alsace<\/a><\/p>\n","protected":false},"excerpt":{"rendered":"<div class=\"mh-excerpt\"><p>A l&rsquo;issue de la premi\u00e8re guerre mondiale, la Poste r\u00e9cup\u00e8re les rares machines \u00e0 oblit\u00e9rer en service dans les bureaux d&rsquo;Alsace et de Lorraine, \u00e0 <a class=\"mh-excerpt-more\" href=\"https:\/\/cpl14.fr\/?page_id=7279\" title=\"Les machines Sylbe et Pondorf\">[&#8230;]<\/a><\/p>\n<\/div>","protected":false},"author":1,"featured_media":0,"parent":0,"menu_order":0,"comment_status":"closed","ping_status":"closed","template":"","meta":{"footnotes":""},"class_list":["post-7279","page","type-page","status-publish","hentry"],"_links":{"self":[{"href":"https:\/\/cpl14.fr\/index.php?rest_route=\/wp\/v2\/pages\/7279","targetHints":{"allow":["GET"]}}],"collection":[{"href":"https:\/\/cpl14.fr\/index.php?rest_route=\/wp\/v2\/pages"}],"about":[{"href":"https:\/\/cpl14.fr\/index.php?rest_route=\/wp\/v2\/types\/page"}],"author":[{"embeddable":true,"href":"https:\/\/cpl14.fr\/index.php?rest_route=\/wp\/v2\/users\/1"}],"replies":[{"embeddable":true,"href":"https:\/\/cpl14.fr\/index.php?rest_route=%2Fwp%2Fv2%2Fcomments&post=7279"}],"version-history":[{"count":3,"href":"https:\/\/cpl14.fr\/index.php?rest_route=\/wp\/v2\/pages\/7279\/revisions"}],"predecessor-version":[{"id":7309,"href":"https:\/\/cpl14.fr\/index.php?rest_route=\/wp\/v2\/pages\/7279\/revisions\/7309"}],"wp:attachment":[{"href":"https:\/\/cpl14.fr\/index.php?rest_route=%2Fwp%2Fv2%2Fmedia&parent=7279"}],"curies":[{"name":"wp","href":"https:\/\/api.w.org\/{rel}","templated":true}]}}