{"id":7282,"date":"2020-04-21T05:45:58","date_gmt":"2020-04-21T03:45:58","guid":{"rendered":"http:\/\/cpl14.fr\/?page_id=7282"},"modified":"2020-04-21T08:00:10","modified_gmt":"2020-04-21T06:00:10","slug":"la-machine-universal","status":"publish","type":"page","link":"https:\/\/cpl14.fr\/?page_id=7282","title":{"rendered":"La machine Universal"},"content":{"rendered":"<p>Toujours dans les machines \u00ab\u00a0r\u00e9cup\u00e9r\u00e9es\u00a0\u00bb de la poste allemande, une machine est remise en service en 1922 \u00e0 Mulhouse et \u00e0 Strasbourg: la machine Universal. C&rsquo;est une machine de fabrication am\u00e9ricaine, au coup par coup. Elle est en service de 1922 \u00e0 1939.<\/p>\n<p><img loading=\"lazy\" decoding=\"async\" class=\"size-full wp-image-7312 aligncenter\" src=\"http:\/\/cpl14.fr\/wp-content\/uploads\/2020\/04\/45.jpg\" alt=\"\" width=\"700\" height=\"457\" srcset=\"https:\/\/cpl14.fr\/wp-content\/uploads\/2020\/04\/45.jpg 700w, https:\/\/cpl14.fr\/wp-content\/uploads\/2020\/04\/45-300x196.jpg 300w\" sizes=\"auto, (max-width: 700px) 100vw, 700px\" \/><\/p>\n<p style=\"text-align: center;\">Universal, montage standard avec ligne<br \/>\nMULHOUSE 1 \/ HAUT-RHIN<\/p>\n<p>&nbsp;<\/p>\n<p><img loading=\"lazy\" decoding=\"async\" class=\"size-full wp-image-7314 aligncenter\" src=\"http:\/\/cpl14.fr\/wp-content\/uploads\/2020\/04\/46.jpg\" alt=\"\" width=\"700\" height=\"459\" srcset=\"https:\/\/cpl14.fr\/wp-content\/uploads\/2020\/04\/46.jpg 700w, https:\/\/cpl14.fr\/wp-content\/uploads\/2020\/04\/46-300x197.jpg 300w\" sizes=\"auto, (max-width: 700px) 100vw, 700px\" \/><\/p>\n<p style=\"text-align: center;\">Universal, montage standard avec flamme de propagande<br \/>\nSTRASBOURG 2 \/ BAS-RHIN<\/p>\n<h4>Les machines Universal de 1922:<\/h4>\n<p>d = 22 mm<br \/>\nA = 10 mm ?<br \/>\nB = 70 mm ?<br \/>\nC = 38 mm ?<br \/>\nD = 8 mm ?<\/p>\n<p>&nbsp;<\/p>\n<p style=\"text-align: right;\"><a href=\"http:\/\/cpl14.fr\/?page_id=7114\">retour \u00e0 la page 1918-1931, retour d&rsquo;Alsace<\/a><\/p>\n","protected":false},"excerpt":{"rendered":"<div class=\"mh-excerpt\"><p>Toujours dans les machines \u00ab\u00a0r\u00e9cup\u00e9r\u00e9es\u00a0\u00bb de la poste allemande, une machine est remise en service en 1922 \u00e0 Mulhouse et \u00e0 Strasbourg: la machine Universal. <a class=\"mh-excerpt-more\" href=\"https:\/\/cpl14.fr\/?page_id=7282\" title=\"La machine Universal\">[&#8230;]<\/a><\/p>\n<\/div>","protected":false},"author":1,"featured_media":0,"parent":0,"menu_order":0,"comment_status":"closed","ping_status":"closed","template":"","meta":{"footnotes":""},"class_list":["post-7282","page","type-page","status-publish","hentry"],"_links":{"self":[{"href":"https:\/\/cpl14.fr\/index.php?rest_route=\/wp\/v2\/pages\/7282","targetHints":{"allow":["GET"]}}],"collection":[{"href":"https:\/\/cpl14.fr\/index.php?rest_route=\/wp\/v2\/pages"}],"about":[{"href":"https:\/\/cpl14.fr\/index.php?rest_route=\/wp\/v2\/types\/page"}],"author":[{"embeddable":true,"href":"https:\/\/cpl14.fr\/index.php?rest_route=\/wp\/v2\/users\/1"}],"replies":[{"embeddable":true,"href":"https:\/\/cpl14.fr\/index.php?rest_route=%2Fwp%2Fv2%2Fcomments&post=7282"}],"version-history":[{"count":5,"href":"https:\/\/cpl14.fr\/index.php?rest_route=\/wp\/v2\/pages\/7282\/revisions"}],"predecessor-version":[{"id":7360,"href":"https:\/\/cpl14.fr\/index.php?rest_route=\/wp\/v2\/pages\/7282\/revisions\/7360"}],"wp:attachment":[{"href":"https:\/\/cpl14.fr\/index.php?rest_route=%2Fwp%2Fv2%2Fmedia&parent=7282"}],"curies":[{"name":"wp","href":"https:\/\/api.w.org\/{rel}","templated":true}]}}