{"id":7284,"date":"2020-04-21T05:46:43","date_gmt":"2020-04-21T03:46:43","guid":{"rendered":"http:\/\/cpl14.fr\/?page_id=7284"},"modified":"2020-04-21T09:40:26","modified_gmt":"2020-04-21T07:40:26","slug":"la-machine-hansen","status":"publish","type":"page","link":"https:\/\/cpl14.fr\/?page_id=7284","title":{"rendered":"La machine Hansen"},"content":{"rendered":"<p>En 1923, une machine au coup par coup avec TAD Krag de 25 mm est test\u00e9 \u00e0 Paris XIV. Cette machine de marque Hansen (ou Krag-Hansen), de fabrication norv\u00e9gienne, ne sera pas retenue.<\/p>\n<p><img loading=\"lazy\" decoding=\"async\" class=\"size-full wp-image-7307 aligncenter\" src=\"http:\/\/cpl14.fr\/wp-content\/uploads\/2020\/04\/44.jpg\" alt=\"\" width=\"700\" height=\"207\" srcset=\"https:\/\/cpl14.fr\/wp-content\/uploads\/2020\/04\/44.jpg 700w, https:\/\/cpl14.fr\/wp-content\/uploads\/2020\/04\/44-300x89.jpg 300w\" sizes=\"auto, (max-width: 700px) 100vw, 700px\" \/><\/p>\n<p style=\"text-align: center;\">(reproduction du livre de Y. Nouaz\u00e9)<\/p>\n<p>On retrouve cette machine en 1925 \u00e0 Besan\u00e7on (Cf. Feuilles Marcophiles n\u00b0274), avec une flamme de propagande International et&#8230;<\/p>\n<p><img loading=\"lazy\" decoding=\"async\" class=\"size-full wp-image-7364 aligncenter\" src=\"http:\/\/cpl14.fr\/wp-content\/uploads\/2020\/04\/61.jpg\" alt=\"\" width=\"800\" height=\"638\" srcset=\"https:\/\/cpl14.fr\/wp-content\/uploads\/2020\/04\/61.jpg 800w, https:\/\/cpl14.fr\/wp-content\/uploads\/2020\/04\/61-300x239.jpg 300w, https:\/\/cpl14.fr\/wp-content\/uploads\/2020\/04\/61-768x612.jpg 768w\" sizes=\"auto, (max-width: 800px) 100vw, 800px\" \/><\/p>\n<p style=\"text-align: center;\">Hansen, montage avec lignes ondul\u00e9es International<br \/>\nBESANCON R.P. \/ DOUBS<br \/>\n<em>(les TAD simple cercle International n&rsquo;existeront que bien plus tard)<\/em><\/p>\n<p>&nbsp;<\/p>\n<p style=\"text-align: right;\"><a href=\"http:\/\/cpl14.fr\/?page_id=7114\">retour \u00e0 la page 1918-1931, retour d&rsquo;Alsace<\/a><\/p>\n","protected":false},"excerpt":{"rendered":"<div class=\"mh-excerpt\"><p>En 1923, une machine au coup par coup avec TAD Krag de 25 mm est test\u00e9 \u00e0 Paris XIV. Cette machine de marque Hansen (ou <a class=\"mh-excerpt-more\" href=\"https:\/\/cpl14.fr\/?page_id=7284\" title=\"La machine Hansen\">[&#8230;]<\/a><\/p>\n<\/div>","protected":false},"author":1,"featured_media":0,"parent":0,"menu_order":0,"comment_status":"closed","ping_status":"closed","template":"","meta":{"footnotes":""},"class_list":["post-7284","page","type-page","status-publish","hentry"],"_links":{"self":[{"href":"https:\/\/cpl14.fr\/index.php?rest_route=\/wp\/v2\/pages\/7284","targetHints":{"allow":["GET"]}}],"collection":[{"href":"https:\/\/cpl14.fr\/index.php?rest_route=\/wp\/v2\/pages"}],"about":[{"href":"https:\/\/cpl14.fr\/index.php?rest_route=\/wp\/v2\/types\/page"}],"author":[{"embeddable":true,"href":"https:\/\/cpl14.fr\/index.php?rest_route=\/wp\/v2\/users\/1"}],"replies":[{"embeddable":true,"href":"https:\/\/cpl14.fr\/index.php?rest_route=%2Fwp%2Fv2%2Fcomments&post=7284"}],"version-history":[{"count":8,"href":"https:\/\/cpl14.fr\/index.php?rest_route=\/wp\/v2\/pages\/7284\/revisions"}],"predecessor-version":[{"id":7369,"href":"https:\/\/cpl14.fr\/index.php?rest_route=\/wp\/v2\/pages\/7284\/revisions\/7369"}],"wp:attachment":[{"href":"https:\/\/cpl14.fr\/index.php?rest_route=%2Fwp%2Fv2%2Fmedia&parent=7284"}],"curies":[{"name":"wp","href":"https:\/\/api.w.org\/{rel}","templated":true}]}}