{"id":7461,"date":"2020-04-27T10:10:55","date_gmt":"2020-04-27T08:10:55","guid":{"rendered":"http:\/\/cpl14.fr\/?page_id=7461"},"modified":"2020-04-27T12:06:44","modified_gmt":"2020-04-27T10:06:44","slug":"la-machine-secap-d","status":"publish","type":"page","link":"https:\/\/cpl14.fr\/?page_id=7461","title":{"rendered":"la machine SECAP D"},"content":{"rendered":"<p>Encore en 1950, la machine Frankers-SECAP D est \u00ab\u00a0toilett\u00e9e\u00a0\u00bb: Le TAD est maintenant un SECAP \u00ab\u00a0pur\u00a0\u00bb, et les dimensions th\u00e9oriques sont l\u00e9g\u00e8rement modifi\u00e9es. Ce sera la machine SECAP D<\/p>\n<p>La principale modification est la cote D qui passe de 11mm \u00e0 7mm pour les lignes ondul\u00e9es et 12mm pour les flammes de propagande.<br \/>\nL&rsquo;identification de cette machine est compliqu\u00e9e car la souplesse du montage peut rendre l&#8217;empreinte identique \u00e0 une machine International, une Frankers-SECAP D (la m\u00eame mais fabriqu\u00e9e avant 1950), ou d&rsquo;autres machines SECAP si l&#8217;empreinte n&rsquo;est pas exactement \u00e0 13mm du bord sup\u00e9rieur.<\/p>\n<p><img loading=\"lazy\" decoding=\"async\" class=\"size-full wp-image-7501 aligncenter\" src=\"http:\/\/cpl14.fr\/wp-content\/uploads\/2020\/04\/102.jpg\" alt=\"\" width=\"800\" height=\"618\" srcset=\"https:\/\/cpl14.fr\/wp-content\/uploads\/2020\/04\/102.jpg 800w, https:\/\/cpl14.fr\/wp-content\/uploads\/2020\/04\/102-300x232.jpg 300w, https:\/\/cpl14.fr\/wp-content\/uploads\/2020\/04\/102-768x593.jpg 768w\" sizes=\"auto, (max-width: 800px) 100vw, 800px\" \/><\/p>\n<p style=\"text-align: center;\">SECAP D, montage avec flamme \u00e0 gauche (flamme de 40mm!)<br \/>\nCASTRES \/ TARN<\/p>\n<p>Dans l&#8217;empreinte ci-dessus, les dimensions A et D sont correctes, mais la dimension C est diff\u00e9rente laissant planer un doute sur l&rsquo;origine de la machine.<br \/>\nCastres avait une machine International&#8230; donc ce n&rsquo;est pas une empreinte de Frankers G. Et cette machine ne pouvait \u00eatre mont\u00e9e en flamme \u00e0 gauche, donc ce n&rsquo;est plus elle. La taille du bureau correspond plus \u00e0 une machine D qu&rsquo;\u00e0 une machine K. CQFD<\/p>\n<h4>La machine SECAP D \u00e0 flamme de propagande:<\/h4>\n<p>d = 24 mm<br \/>\nA = 13 mm<br \/>\nB = 81 mm<br \/>\nC = 45 mm<br \/>\nD = 12 mm<\/p>\n<p>&nbsp;<\/p>\n<p><img loading=\"lazy\" decoding=\"async\" class=\"size-full wp-image-7502 aligncenter\" src=\"http:\/\/cpl14.fr\/wp-content\/uploads\/2020\/04\/103.jpg\" alt=\"\" width=\"800\" height=\"625\" srcset=\"https:\/\/cpl14.fr\/wp-content\/uploads\/2020\/04\/103.jpg 800w, https:\/\/cpl14.fr\/wp-content\/uploads\/2020\/04\/103-300x234.jpg 300w, https:\/\/cpl14.fr\/wp-content\/uploads\/2020\/04\/103-768x600.jpg 768w\" sizes=\"auto, (max-width: 800px) 100vw, 800px\" \/><\/p>\n<p style=\"text-align: center;\">SECAP D, montage avec lignes ondul\u00e9es \u00e0 gauche<br \/>\nHYERES \/ VAR<\/p>\n<h4>La machine SECAP D \u00e0 lignes ondul\u00e9es:<\/h4>\n<p>d = 24 mm<br \/>\nA = 13 mm<br \/>\nB = 81 mm<br \/>\nC = 50 mm<br \/>\nD = 7 mm<\/p>\n<p>&nbsp;<\/p>\n<p style=\"text-align: right;\"><a href=\"http:\/\/cpl14.fr\/?page_id=7120\">retour \u00e0 la page le r\u00e8gne des SECAP<\/a><\/p>\n","protected":false},"excerpt":{"rendered":"<div class=\"mh-excerpt\"><p>Encore en 1950, la machine Frankers-SECAP D est \u00ab\u00a0toilett\u00e9e\u00a0\u00bb: Le TAD est maintenant un SECAP \u00ab\u00a0pur\u00a0\u00bb, et les dimensions th\u00e9oriques sont l\u00e9g\u00e8rement modifi\u00e9es. Ce sera <a class=\"mh-excerpt-more\" href=\"https:\/\/cpl14.fr\/?page_id=7461\" title=\"la machine SECAP D\">[&#8230;]<\/a><\/p>\n<\/div>","protected":false},"author":1,"featured_media":0,"parent":0,"menu_order":0,"comment_status":"closed","ping_status":"closed","template":"","meta":{"footnotes":""},"class_list":["post-7461","page","type-page","status-publish","hentry"],"_links":{"self":[{"href":"https:\/\/cpl14.fr\/index.php?rest_route=\/wp\/v2\/pages\/7461","targetHints":{"allow":["GET"]}}],"collection":[{"href":"https:\/\/cpl14.fr\/index.php?rest_route=\/wp\/v2\/pages"}],"about":[{"href":"https:\/\/cpl14.fr\/index.php?rest_route=\/wp\/v2\/types\/page"}],"author":[{"embeddable":true,"href":"https:\/\/cpl14.fr\/index.php?rest_route=\/wp\/v2\/users\/1"}],"replies":[{"embeddable":true,"href":"https:\/\/cpl14.fr\/index.php?rest_route=%2Fwp%2Fv2%2Fcomments&post=7461"}],"version-history":[{"count":3,"href":"https:\/\/cpl14.fr\/index.php?rest_route=\/wp\/v2\/pages\/7461\/revisions"}],"predecessor-version":[{"id":7503,"href":"https:\/\/cpl14.fr\/index.php?rest_route=\/wp\/v2\/pages\/7461\/revisions\/7503"}],"wp:attachment":[{"href":"https:\/\/cpl14.fr\/index.php?rest_route=%2Fwp%2Fv2%2Fmedia&parent=7461"}],"curies":[{"name":"wp","href":"https:\/\/api.w.org\/{rel}","templated":true}]}}