{"id":7463,"date":"2020-04-27T10:11:50","date_gmt":"2020-04-27T08:11:50","guid":{"rendered":"http:\/\/cpl14.fr\/?page_id=7463"},"modified":"2020-04-27T12:20:08","modified_gmt":"2020-04-27T10:20:08","slug":"la-machine-secap-k","status":"publish","type":"page","link":"https:\/\/cpl14.fr\/?page_id=7463","title":{"rendered":"la machine SECAP K"},"content":{"rendered":"<p>En 1952, nouveau concours mais cette fois pour les machines \u00e0 grand rendement.<br \/>\n1 machine RBV, 1 machine Planche et 4 machines SECAP sont retenues pour les essais, et la gagnante est: la machine SECAP K<\/p>\n<p>Les machines SECAP sont test\u00e9es \u00e0 Paris VIII, XIV , XV et 118 entre fin mars et fin juin 1953.<\/p>\n<p><img loading=\"lazy\" decoding=\"async\" class=\"size-full wp-image-7505 aligncenter\" src=\"http:\/\/cpl14.fr\/wp-content\/uploads\/2020\/04\/104.jpg\" alt=\"\" width=\"800\" height=\"632\" srcset=\"https:\/\/cpl14.fr\/wp-content\/uploads\/2020\/04\/104.jpg 800w, https:\/\/cpl14.fr\/wp-content\/uploads\/2020\/04\/104-300x237.jpg 300w, https:\/\/cpl14.fr\/wp-content\/uploads\/2020\/04\/104-768x607.jpg 768w\" sizes=\"auto, (max-width: 800px) 100vw, 800px\" \/><\/p>\n<p style=\"text-align: center;\">SECAP K d&rsquo;essai (E, R, M ou S?), montage avec flamme de test<br \/>\n(Mettez le timbre en haut et \u00e0 droite de l&rsquo;enveloppe )<br \/>\nPARIS XIV \/ AV. GENERAL LECLERC (14e)<\/p>\n<p>&nbsp;<\/p>\n<p><img loading=\"lazy\" decoding=\"async\" class=\"size-full wp-image-7506 aligncenter\" src=\"http:\/\/cpl14.fr\/wp-content\/uploads\/2020\/04\/106.jpg\" alt=\"\" width=\"800\" height=\"630\" srcset=\"https:\/\/cpl14.fr\/wp-content\/uploads\/2020\/04\/106.jpg 800w, https:\/\/cpl14.fr\/wp-content\/uploads\/2020\/04\/106-300x236.jpg 300w, https:\/\/cpl14.fr\/wp-content\/uploads\/2020\/04\/106-768x605.jpg 768w\" sizes=\"auto, (max-width: 800px) 100vw, 800px\" \/><\/p>\n<p style=\"text-align: center;\">SECAP KE d&rsquo;essai, montage avec flamme de test<br \/>\n(Mettez le timbre en haut et \u00e0 droite de l&rsquo;enveloppe )<br \/>\nPARIS VIII \/ R. LA BOETIE (8e)<\/p>\n<p>En r\u00e9alit\u00e9 2 machines sont achet\u00e9es par la Poste:<br \/>\n&#8211; la machine KR, \u00e9lectro-m\u00e9canique qui est achet\u00e9e \u00e0 100 exemplaires<br \/>\n&#8211; 10 machines KE \u00e9lectronique dont les performances exceptionnelles m\u00e9ritent des essais en service r\u00e9el dans de tr\u00e8s gros bureaux (rendement de 42 000 lettres \u00e0 l&rsquo;heure)..<br \/>\nLes machines KM et KS ne sont pas retenues.<\/p>\n<p>Le r\u00e9glage de la cote A permet d&rsquo;adapter l&#8217;empreinte aux enveloppe pour cartes de visite, sans masquer l&rsquo;adresse:<\/p>\n<p><img loading=\"lazy\" decoding=\"async\" class=\" wp-image-7507 aligncenter\" src=\"http:\/\/cpl14.fr\/wp-content\/uploads\/2020\/04\/106a.jpg\" alt=\"\" width=\"550\" height=\"333\" srcset=\"https:\/\/cpl14.fr\/wp-content\/uploads\/2020\/04\/106a.jpg 600w, https:\/\/cpl14.fr\/wp-content\/uploads\/2020\/04\/106a-300x182.jpg 300w\" sizes=\"auto, (max-width: 550px) 100vw, 550px\" \/><\/p>\n<p style=\"text-align: center;\">SECAP KE, montage pour cartes de visite\/voeux<br \/>\nPARIS 15 \/ R. D&rsquo;ALLERAY (15e)<\/p>\n<p>&nbsp;<\/p>\n<h4>La machine SECAP KE avec montage flamme:<\/h4>\n<p>d = 24 mm<br \/>\nA = 3 \u00e0 16 mm<br \/>\nB = 85 mm<br \/>\nC = 45 mm<br \/>\nD = 16 mm<\/p>\n<p>&nbsp;<\/p>\n<p><img loading=\"lazy\" decoding=\"async\" class=\"size-full wp-image-7508 aligncenter\" src=\"http:\/\/cpl14.fr\/wp-content\/uploads\/2020\/04\/107.jpg\" alt=\"\" width=\"800\" height=\"618\" srcset=\"https:\/\/cpl14.fr\/wp-content\/uploads\/2020\/04\/107.jpg 800w, https:\/\/cpl14.fr\/wp-content\/uploads\/2020\/04\/107-300x232.jpg 300w, https:\/\/cpl14.fr\/wp-content\/uploads\/2020\/04\/107-768x593.jpg 768w\" sizes=\"auto, (max-width: 800px) 100vw, 800px\" \/><\/p>\n<p style=\"text-align: center;\">SECAP KE, montage avec 5 lo \u00e0 droite<br \/>\nPARIS VIII \/ RUE LA BOETIE (8e)<\/p>\n<h4 style=\"text-align: left;\">La machine SECAP KE avec montage lignes:<\/h4>\n<p>d = 24 mm<br \/>\nA = 3 \u00e0 16 mm<br \/>\nB = 85 mm<br \/>\nC = 50 mm<br \/>\nD = 11 mm<\/p>\n<p>&nbsp;<\/p>\n<p>Quant aux machines KR, impossible de les diff\u00e9rencier des autres machines SECAP&#8230;.sauf si le r\u00e9glage est \u00e0 plus de 13mm pour la dimension A:<\/p>\n<p><img loading=\"lazy\" decoding=\"async\" class=\"size-full wp-image-7510 aligncenter\" src=\"http:\/\/cpl14.fr\/wp-content\/uploads\/2020\/04\/109.jpg\" alt=\"\" width=\"550\" height=\"273\" srcset=\"https:\/\/cpl14.fr\/wp-content\/uploads\/2020\/04\/109.jpg 550w, https:\/\/cpl14.fr\/wp-content\/uploads\/2020\/04\/109-300x149.jpg 300w\" sizes=\"auto, (max-width: 550px) 100vw, 550px\" \/><\/p>\n<p style=\"text-align: center;\">Secap KR, montage avec flamme \u00e0 droite<br \/>\n06 CANNES PPAL \/ ALPES MARITIMES<\/p>\n<p>&nbsp;<\/p>\n<p style=\"text-align: right;\"><a href=\"http:\/\/cpl14.fr\/?page_id=7120\">retour \u00e0 la page le r\u00e8gne des SECAP<\/a><\/p>\n","protected":false},"excerpt":{"rendered":"<div class=\"mh-excerpt\"><p>En 1952, nouveau concours mais cette fois pour les machines \u00e0 grand rendement. 1 machine RBV, 1 machine Planche et 4 machines SECAP sont retenues <a class=\"mh-excerpt-more\" href=\"https:\/\/cpl14.fr\/?page_id=7463\" title=\"la machine SECAP K\">[&#8230;]<\/a><\/p>\n<\/div>","protected":false},"author":1,"featured_media":0,"parent":0,"menu_order":0,"comment_status":"closed","ping_status":"closed","template":"","meta":{"footnotes":""},"class_list":["post-7463","page","type-page","status-publish","hentry"],"_links":{"self":[{"href":"https:\/\/cpl14.fr\/index.php?rest_route=\/wp\/v2\/pages\/7463","targetHints":{"allow":["GET"]}}],"collection":[{"href":"https:\/\/cpl14.fr\/index.php?rest_route=\/wp\/v2\/pages"}],"about":[{"href":"https:\/\/cpl14.fr\/index.php?rest_route=\/wp\/v2\/types\/page"}],"author":[{"embeddable":true,"href":"https:\/\/cpl14.fr\/index.php?rest_route=\/wp\/v2\/users\/1"}],"replies":[{"embeddable":true,"href":"https:\/\/cpl14.fr\/index.php?rest_route=%2Fwp%2Fv2%2Fcomments&post=7463"}],"version-history":[{"count":4,"href":"https:\/\/cpl14.fr\/index.php?rest_route=\/wp\/v2\/pages\/7463\/revisions"}],"predecessor-version":[{"id":7511,"href":"https:\/\/cpl14.fr\/index.php?rest_route=\/wp\/v2\/pages\/7463\/revisions\/7511"}],"wp:attachment":[{"href":"https:\/\/cpl14.fr\/index.php?rest_route=%2Fwp%2Fv2%2Fmedia&parent=7463"}],"curies":[{"name":"wp","href":"https:\/\/api.w.org\/{rel}","templated":true}]}}