{"id":7472,"date":"2020-04-27T10:14:52","date_gmt":"2020-04-27T08:14:52","guid":{"rendered":"http:\/\/cpl14.fr\/?page_id=7472"},"modified":"2020-04-27T12:48:00","modified_gmt":"2020-04-27T10:48:00","slug":"les-machines-secap-bb-hm-et-j","status":"publish","type":"page","link":"https:\/\/cpl14.fr\/?page_id=7472","title":{"rendered":"les machines SECAP BB, HM et J"},"content":{"rendered":"<p>Et en 1959, SECAP compl\u00e8te son offre avec une machine m\u00e9canique pour les tr\u00e8s petits bureaux&#8230; pas plus rapide qu&rsquo;une frappe manuelle mais avec la possibilit\u00e9 d&rsquo;imprimer une flamme:<\/p>\n<p>la machine Secap BB<\/p>\n<p>Mais impossible de la diff\u00e9rencier des autres machines SECAP, son porte-timbre \u00e9tant le m\u00eame.<\/p>\n<p>En 1966, la machine H est modernis\u00e9e, elle devient :<\/p>\n<p>la machine Secap HM<\/p>\n<p>En 1978, la rempla\u00e7ante de la machine D arrive sur le march\u00e9 :<\/p>\n<p>la machine Secap J<\/p>\n<p>Comme pour le mod\u00e8le K, les mod\u00e8les HM et J vont avoir leur version \u00e9lectronique (HME et JE), mais toujours impossible de les diff\u00e9rencier des autres.<\/p>\n<p>Il faut attendre mars 1991 pour voir une \u00e9volution dans les empreintes SECAP:<br \/>\nLes machines HM, KE et JE sont dor\u00e9navant \u00e9quip\u00e9es d&rsquo;un nouveau TAD double cercle, avec bloc dateur \u00ab\u00a0\u00e0 molettes\u00a0\u00bb sur une ligne.<br \/>\nCe n&rsquo;est pas une nouveaut\u00e9, le public a d\u00e9j\u00e0 vu ces blocs dateurs \u00e0 molettes, mais sur les machines automatiques NEC et TOSHIBA (<a href=\"http:\/\/cpl14.fr\/?page_id=7126\">voir chapitre \u00ab\u00a0l&rsquo;arriv\u00e9e des japonaises\u00a0\u00bb<\/a>).<\/p>\n<p>La taille du bureau donne une indication sur le mod\u00e8le de machine utilis\u00e9e::<br \/>\n-250 \u00e0 600 lettres \/jour (tr\u00e8s petit)<br \/>\n-600 \u00e0 3000 lettres\/jour (petit)<\/p>\n<p><img loading=\"lazy\" decoding=\"async\" class=\"size-full wp-image-7525 aligncenter\" src=\"http:\/\/cpl14.fr\/wp-content\/uploads\/2020\/04\/116.jpg\" alt=\"\" width=\"800\" height=\"629\" srcset=\"https:\/\/cpl14.fr\/wp-content\/uploads\/2020\/04\/116.jpg 800w, https:\/\/cpl14.fr\/wp-content\/uploads\/2020\/04\/116-300x236.jpg 300w, https:\/\/cpl14.fr\/wp-content\/uploads\/2020\/04\/116-768x604.jpg 768w\" sizes=\"auto, (max-width: 800px) 100vw, 800px\" \/><\/p>\n<p style=\"text-align: center;\">petit bureau: Secap HM, montage avec 5 lo \u00e0 droite<br \/>\n27 EPAIGNES \/ EURE<\/p>\n<p style=\"text-align: left;\">-3 \u00e0 20 000 lettres\/jour (moyen)<\/p>\n<p style=\"text-align: left;\"><img loading=\"lazy\" decoding=\"async\" class=\"size-full wp-image-7526 aligncenter\" src=\"http:\/\/cpl14.fr\/wp-content\/uploads\/2020\/04\/115.jpg\" alt=\"\" width=\"850\" height=\"647\" srcset=\"https:\/\/cpl14.fr\/wp-content\/uploads\/2020\/04\/115.jpg 850w, https:\/\/cpl14.fr\/wp-content\/uploads\/2020\/04\/115-300x228.jpg 300w, https:\/\/cpl14.fr\/wp-content\/uploads\/2020\/04\/115-768x585.jpg 768w, https:\/\/cpl14.fr\/wp-content\/uploads\/2020\/04\/115-80x60.jpg 80w\" sizes=\"auto, (max-width: 850px) 100vw, 850px\" \/><\/p>\n<p style=\"text-align: center;\">bureau petit \u00e0 moyen: SECAP HM ou JE, montage avec flamme \u00e0 gauche<br \/>\n14 PONT L&rsquo;EVEQUE \/ CALVADOS<\/p>\n<p>&nbsp;<\/p>\n<p><img loading=\"lazy\" decoding=\"async\" class=\"size-full wp-image-7527 aligncenter\" src=\"http:\/\/cpl14.fr\/wp-content\/uploads\/2020\/04\/118.jpg\" alt=\"\" width=\"900\" height=\"441\" srcset=\"https:\/\/cpl14.fr\/wp-content\/uploads\/2020\/04\/118.jpg 900w, https:\/\/cpl14.fr\/wp-content\/uploads\/2020\/04\/118-300x147.jpg 300w, https:\/\/cpl14.fr\/wp-content\/uploads\/2020\/04\/118-768x376.jpg 768w\" sizes=\"auto, (max-width: 900px) 100vw, 900px\" \/><\/p>\n<p style=\"text-align: center;\">bureau moyen: SECAP JE, montage avec lignes ondul\u00e9es \u00e0 gauche<br \/>\nLA POSTE 28513 A (Neufch\u00e2teau PPDC) \/ FRANCE (Vosges)<br \/>\nCette Plateforme de Pr\u00e9paration et de Distribution du Courrier est trop petite pour une machine KE<br \/>\net trop grosse pour une machine HM.<\/p>\n<p style=\"text-align: left;\">-plus de 20 000 lettres\/jour (gros)<\/p>\n<p style=\"text-align: left;\"><img loading=\"lazy\" decoding=\"async\" class=\"size-full wp-image-7528 aligncenter\" src=\"http:\/\/cpl14.fr\/wp-content\/uploads\/2020\/04\/119.jpg\" alt=\"\" width=\"900\" height=\"444\" srcset=\"https:\/\/cpl14.fr\/wp-content\/uploads\/2020\/04\/119.jpg 900w, https:\/\/cpl14.fr\/wp-content\/uploads\/2020\/04\/119-300x148.jpg 300w, https:\/\/cpl14.fr\/wp-content\/uploads\/2020\/04\/119-768x379.jpg 768w\" sizes=\"auto, (max-width: 900px) 100vw, 900px\" \/><\/p>\n<p style=\"text-align: center;\">bureau moyen \u00e0 gros: SECAP JE, montage avec flamme \u00e0 gauche<br \/>\n59 DUNKERQUE PPAL \/ NORD<\/p>\n<p style=\"text-align: left;\">\n-plus de 30 0000 (tr\u00e8s gros)<\/p>\n<p>&nbsp;<\/p>\n<p style=\"text-align: right;\"><a href=\"http:\/\/cpl14.fr\/?page_id=7120\">retour \u00e0 la page le r\u00e8gne des SECAP<\/a><\/p>\n","protected":false},"excerpt":{"rendered":"<div class=\"mh-excerpt\"><p>Et en 1959, SECAP compl\u00e8te son offre avec une machine m\u00e9canique pour les tr\u00e8s petits bureaux&#8230; pas plus rapide qu&rsquo;une frappe manuelle mais avec la <a class=\"mh-excerpt-more\" href=\"https:\/\/cpl14.fr\/?page_id=7472\" title=\"les machines SECAP BB, HM et J\">[&#8230;]<\/a><\/p>\n<\/div>","protected":false},"author":1,"featured_media":0,"parent":0,"menu_order":0,"comment_status":"closed","ping_status":"closed","template":"","meta":{"footnotes":""},"class_list":["post-7472","page","type-page","status-publish","hentry"],"_links":{"self":[{"href":"https:\/\/cpl14.fr\/index.php?rest_route=\/wp\/v2\/pages\/7472","targetHints":{"allow":["GET"]}}],"collection":[{"href":"https:\/\/cpl14.fr\/index.php?rest_route=\/wp\/v2\/pages"}],"about":[{"href":"https:\/\/cpl14.fr\/index.php?rest_route=\/wp\/v2\/types\/page"}],"author":[{"embeddable":true,"href":"https:\/\/cpl14.fr\/index.php?rest_route=\/wp\/v2\/users\/1"}],"replies":[{"embeddable":true,"href":"https:\/\/cpl14.fr\/index.php?rest_route=%2Fwp%2Fv2%2Fcomments&post=7472"}],"version-history":[{"count":3,"href":"https:\/\/cpl14.fr\/index.php?rest_route=\/wp\/v2\/pages\/7472\/revisions"}],"predecessor-version":[{"id":7529,"href":"https:\/\/cpl14.fr\/index.php?rest_route=\/wp\/v2\/pages\/7472\/revisions\/7529"}],"wp:attachment":[{"href":"https:\/\/cpl14.fr\/index.php?rest_route=%2Fwp%2Fv2%2Fmedia&parent=7472"}],"curies":[{"name":"wp","href":"https:\/\/api.w.org\/{rel}","templated":true}]}}