{"id":7477,"date":"2020-04-27T11:02:25","date_gmt":"2020-04-27T09:02:25","guid":{"rendered":"http:\/\/cpl14.fr\/?page_id=7477"},"modified":"2020-04-27T12:53:10","modified_gmt":"2020-04-27T10:53:10","slug":"1966-essai-havas","status":"publish","type":"page","link":"https:\/\/cpl14.fr\/?page_id=7477","title":{"rendered":"1966, essai HAVAS"},"content":{"rendered":"<p>En 1966, une machine Havas \u00e0 empreinte continue est test\u00e9e \u00e0 Paris R.P.<br \/>\nPuis transf\u00e9r\u00e9e \u00e0 Dijon Gare o\u00f9 elle fonctionne jusqu&rsquo;en 1967. Seules 3 empreintes de cette machine sont connues.<br \/>\nLa p\u00e9riode est de 78mm.<\/p>\n<p><img loading=\"lazy\" decoding=\"async\" class=\"wp-image-7532 aligncenter\" src=\"http:\/\/cpl14.fr\/wp-content\/uploads\/2020\/04\/26-havas.jpg\" alt=\"\" width=\"800\" height=\"196\" srcset=\"https:\/\/cpl14.fr\/wp-content\/uploads\/2020\/04\/26-havas.jpg 1000w, https:\/\/cpl14.fr\/wp-content\/uploads\/2020\/04\/26-havas-300x74.jpg 300w, https:\/\/cpl14.fr\/wp-content\/uploads\/2020\/04\/26-havas-768x188.jpg 768w\" sizes=\"auto, (max-width: 800px) 100vw, 800px\" \/><\/p>\n<p style=\"text-align: center;\">(reproduction du livre de Y. Nouaz\u00e9)<\/p>\n<p>&nbsp;<\/p>\n<p style=\"text-align: right;\"><a href=\"http:\/\/cpl14.fr\/?page_id=7120\">retour \u00e0 la page le r\u00e8gne des SECAP<\/a><\/p>\n","protected":false},"excerpt":{"rendered":"<div class=\"mh-excerpt\"><p>En 1966, une machine Havas \u00e0 empreinte continue est test\u00e9e \u00e0 Paris R.P. Puis transf\u00e9r\u00e9e \u00e0 Dijon Gare o\u00f9 elle fonctionne jusqu&rsquo;en 1967. Seules 3 <a class=\"mh-excerpt-more\" href=\"https:\/\/cpl14.fr\/?page_id=7477\" title=\"1966, essai HAVAS\">[&#8230;]<\/a><\/p>\n<\/div>","protected":false},"author":1,"featured_media":0,"parent":0,"menu_order":0,"comment_status":"closed","ping_status":"closed","template":"","meta":{"footnotes":""},"class_list":["post-7477","page","type-page","status-publish","hentry"],"_links":{"self":[{"href":"https:\/\/cpl14.fr\/index.php?rest_route=\/wp\/v2\/pages\/7477","targetHints":{"allow":["GET"]}}],"collection":[{"href":"https:\/\/cpl14.fr\/index.php?rest_route=\/wp\/v2\/pages"}],"about":[{"href":"https:\/\/cpl14.fr\/index.php?rest_route=\/wp\/v2\/types\/page"}],"author":[{"embeddable":true,"href":"https:\/\/cpl14.fr\/index.php?rest_route=\/wp\/v2\/users\/1"}],"replies":[{"embeddable":true,"href":"https:\/\/cpl14.fr\/index.php?rest_route=%2Fwp%2Fv2%2Fcomments&post=7477"}],"version-history":[{"count":3,"href":"https:\/\/cpl14.fr\/index.php?rest_route=\/wp\/v2\/pages\/7477\/revisions"}],"predecessor-version":[{"id":7533,"href":"https:\/\/cpl14.fr\/index.php?rest_route=\/wp\/v2\/pages\/7477\/revisions\/7533"}],"wp:attachment":[{"href":"https:\/\/cpl14.fr\/index.php?rest_route=%2Fwp%2Fv2%2Fmedia&parent=7477"}],"curies":[{"name":"wp","href":"https:\/\/api.w.org\/{rel}","templated":true}]}}