{"id":7585,"date":"2020-04-30T08:43:16","date_gmt":"2020-04-30T06:43:16","guid":{"rendered":"http:\/\/cpl14.fr\/?page_id=7585"},"modified":"2020-04-30T09:07:42","modified_gmt":"2020-04-30T07:07:42","slug":"la-machine-toshiba","status":"publish","type":"page","link":"https:\/\/cpl14.fr\/?page_id=7585","title":{"rendered":"la machine Toshiba"},"content":{"rendered":"<p>En 1973, une machine japonaise est test\u00e9e \u00e0 Marseille Gare: la machine Toshiba<\/p>\n<p>Pour tester les machines, Toshiba utilise des enveloppes de diff\u00e9rentes dimensions et diff\u00e9rentes \u00e9paisseurs. Les machines reconnaissent le tarif des lettres (urgent ou lent) il y a donc des timbres aux 2 tarifs sur les lettres d&rsquo;essais. Mais comme ce sont des sp\u00e9cimens, les timbres sont annul\u00e9s&#8230; ils sont pr\u00e9-oblit\u00e9r\u00e9s avant d&rsquo;\u00eatre coll\u00e9s sur les enveloppes.\u00a0\u00a0 <img loading=\"lazy\" decoding=\"async\" class=\" wp-image-7602 aligncenter\" src=\"http:\/\/cpl14.fr\/wp-content\/uploads\/2020\/04\/142.jpg\" alt=\"\" width=\"602\" height=\"411\" srcset=\"https:\/\/cpl14.fr\/wp-content\/uploads\/2020\/04\/142.jpg 800w, https:\/\/cpl14.fr\/wp-content\/uploads\/2020\/04\/142-300x205.jpg 300w, https:\/\/cpl14.fr\/wp-content\/uploads\/2020\/04\/142-768x524.jpg 768w\" sizes=\"auto, (max-width: 602px) 100vw, 602px\" \/><\/p>\n<p style=\"text-align: center;\">enveloppe Toshiba d&rsquo;essai,<br \/>\ntimbre pr\u00e9-oblit\u00e9r\u00e9 fran\u00e7ais de Paris 17 pour r\u00e9glage des machines, tarif rapide<br \/>\n<em>(le timbre a \u00e9t\u00e9 pr\u00e9-oblit\u00e9r\u00e9 sur les lieux du test, ils sont coll\u00e9s au dernier moment sur les enveloppes amen\u00e9es par les techniciens Toshiba)<\/em><\/p>\n<p>&nbsp;<\/p>\n<p><img loading=\"lazy\" decoding=\"async\" class=\" wp-image-7599 aligncenter\" src=\"http:\/\/cpl14.fr\/wp-content\/uploads\/2020\/04\/143.jpg\" alt=\"\" width=\"605\" height=\"418\" srcset=\"https:\/\/cpl14.fr\/wp-content\/uploads\/2020\/04\/143.jpg 800w, https:\/\/cpl14.fr\/wp-content\/uploads\/2020\/04\/143-300x207.jpg 300w, https:\/\/cpl14.fr\/wp-content\/uploads\/2020\/04\/143-768x531.jpg 768w\" sizes=\"auto, (max-width: 605px) 100vw, 605px\" \/><\/p>\n<p style=\"text-align: center;\">enveloppe Toshiba d&rsquo;essai, utilis\u00e9e \u00e0 Grenoble Centre de Tri le 26.04.1982<br \/>\ntimbre pr\u00e9-oblit\u00e9r\u00e9 fran\u00e7ais annul\u00e9 par un trait noir vertical pour r\u00e9glage des machines, tarif rapide<\/p>\n<p>Ces enveloppes ont \u00e9t\u00e9 pr\u00e9par\u00e9es&#8230; au Japon, comme le prouvent les coupures de journaux qu&rsquo;elles contiennent, et qui permettent de tester l&rsquo;\u00e9paisseur des plis.<\/p>\n<p><img loading=\"lazy\" decoding=\"async\" class=\" wp-image-7600 aligncenter\" src=\"http:\/\/cpl14.fr\/wp-content\/uploads\/2020\/04\/140.jpg\" alt=\"\" width=\"601\" height=\"307\" srcset=\"https:\/\/cpl14.fr\/wp-content\/uploads\/2020\/04\/140.jpg 900w, https:\/\/cpl14.fr\/wp-content\/uploads\/2020\/04\/140-300x153.jpg 300w, https:\/\/cpl14.fr\/wp-content\/uploads\/2020\/04\/140-768x393.jpg 768w\" sizes=\"auto, (max-width: 601px) 100vw, 601px\" \/> <img loading=\"lazy\" decoding=\"async\" class=\" wp-image-7601 aligncenter\" src=\"http:\/\/cpl14.fr\/wp-content\/uploads\/2020\/04\/141.jpg\" alt=\"\" width=\"601\" height=\"287\" srcset=\"https:\/\/cpl14.fr\/wp-content\/uploads\/2020\/04\/141.jpg 900w, https:\/\/cpl14.fr\/wp-content\/uploads\/2020\/04\/141-300x143.jpg 300w, https:\/\/cpl14.fr\/wp-content\/uploads\/2020\/04\/141-768x367.jpg 768w\" sizes=\"auto, (max-width: 601px) 100vw, 601px\" \/><\/p>\n<p style=\"text-align: center;\">enveloppe Toshiba d&rsquo;essai, timbre pr\u00e9-oblit\u00e9r\u00e9 fran\u00e7ais pour r\u00e9glage des machines, tarif lent<br \/>\nremplissage de l&rsquo;enveloppe par coupures de journaux japonais.<\/p>\n<p>Les premi\u00e8res empreintes sont au type Hotchkiss-Brandt (avec TAD SATAS):<\/p>\n<p><img loading=\"lazy\" decoding=\"async\" class=\"size-full wp-image-7595 aligncenter\" src=\"http:\/\/cpl14.fr\/wp-content\/uploads\/2020\/04\/137.jpg\" alt=\"\" width=\"800\" height=\"572\" srcset=\"https:\/\/cpl14.fr\/wp-content\/uploads\/2020\/04\/137.jpg 800w, https:\/\/cpl14.fr\/wp-content\/uploads\/2020\/04\/137-300x215.jpg 300w, https:\/\/cpl14.fr\/wp-content\/uploads\/2020\/04\/137-768x549.jpg 768w\" sizes=\"auto, (max-width: 800px) 100vw, 800px\" \/><\/p>\n<p style=\"text-align: center;\">Toshiba d&rsquo;essai, montage standard avec lignes, TAD SATAS<br \/>\n13 MARSEILLE GARE<br \/>\n(MTM de 2e p\u00e9riode, op\u00e9rateur I2, machine du CTC de Marseille Gare)<\/p>\n<p>Cette machine s\u00e9paratrice (discrimination PU\/PNU), redresseuse et oblit\u00e9ratrice sera compliqu\u00e9e \u00e0 adapter et \u00e0 r\u00e9gler comme le prouve la succession d&#8217;empreintes existantes.<\/p>\n<p>En 1974 et 1975, un nouveau TAD est essay\u00e9 avec une couronne double et un bloc dateur \u00e0 molette sur une ligne:<\/p>\n<p><img loading=\"lazy\" decoding=\"async\" class=\"size-full wp-image-7597 aligncenter\" src=\"http:\/\/cpl14.fr\/wp-content\/uploads\/2020\/04\/138.jpg\" alt=\"\" width=\"800\" height=\"564\" srcset=\"https:\/\/cpl14.fr\/wp-content\/uploads\/2020\/04\/138.jpg 800w, https:\/\/cpl14.fr\/wp-content\/uploads\/2020\/04\/138-300x212.jpg 300w, https:\/\/cpl14.fr\/wp-content\/uploads\/2020\/04\/138-768x541.jpg 768w\" sizes=\"auto, (max-width: 800px) 100vw, 800px\" \/><\/p>\n<p style=\"text-align: center;\">Toshiba d&rsquo;essai, montage standard avec ligne, TAD Braungardt<br \/>\nPARIS GARE MONTPARNASSE \/ &#8230;<\/p>\n<p>4 bureaux seront \u00e9quip\u00e9 de ce mod\u00e8le d&rsquo;essai: Marseille gare, Paris XVII(17), Paris Gare Montparnasse et Clermont-Ferrand gare.<\/p>\n<p>Et en 1975, est adopt\u00e9 le TAD d\u00e9finitif, mod\u00e8le SECAP \u00e0 1 cercle \u00e0 pont avec dateur \u00e0 molette:<\/p>\n<p><img loading=\"lazy\" decoding=\"async\" class=\"size-full wp-image-7598 aligncenter\" src=\"http:\/\/cpl14.fr\/wp-content\/uploads\/2020\/04\/139.jpg\" alt=\"\" width=\"800\" height=\"571\" srcset=\"https:\/\/cpl14.fr\/wp-content\/uploads\/2020\/04\/139.jpg 800w, https:\/\/cpl14.fr\/wp-content\/uploads\/2020\/04\/139-300x214.jpg 300w, https:\/\/cpl14.fr\/wp-content\/uploads\/2020\/04\/139-768x548.jpg 768w\" sizes=\"auto, (max-width: 800px) 100vw, 800px\" \/><\/p>\n<p style=\"text-align: center;\">Toshiba, montage standard avec ligne<br \/>\n13 MARSEILLE GARE<br \/>\n(MTM de 2e p\u00e9riode, op\u00e9rateur H5, machine du CTC de Marseille Gare)<\/p>\n<p>Entre 1974 et 1976, la machine de Marseille et une autre \u00e0 Paris XVII sont \u00e9quip\u00e9s de TAD SECAP, elles produisent des empreintes similaires \u00e0 une SECAP KE, mais avec une cote A de 7 ou 9 mm.<\/p>\n<p>Les empreintes Toshiba n&rsquo;existent qu&rsquo;avec lignes ondul\u00e9es en utilisation normale. Des flammes de propagande ont \u00e9t\u00e9 utilis\u00e9e \u00e0 Dijon, au titre de test.<\/p>\n<h4>La machine Toshiba:<\/h4>\n<p>d = 24 mm<br \/>\nA = ?<br \/>\nB = 68 \u00e0 85 mm<br \/>\nC = 40 \u00e0 50 mm<br \/>\nD = 4 \u00e0 11 mm<\/p>\n<p>&nbsp;<\/p>\n<p style=\"text-align: right;\"><a href=\"http:\/\/cpl14.fr\/?page_id=7126\">retour \u00e0 la page arriv\u00e9e des japonaises<\/a><\/p>\n","protected":false},"excerpt":{"rendered":"<div class=\"mh-excerpt\"><p>En 1973, une machine japonaise est test\u00e9e \u00e0 Marseille Gare: la machine Toshiba Pour tester les machines, Toshiba utilise des enveloppes de diff\u00e9rentes dimensions et <a class=\"mh-excerpt-more\" href=\"https:\/\/cpl14.fr\/?page_id=7585\" title=\"la machine Toshiba\">[&#8230;]<\/a><\/p>\n<\/div>","protected":false},"author":1,"featured_media":0,"parent":0,"menu_order":0,"comment_status":"closed","ping_status":"closed","template":"","meta":{"footnotes":""},"class_list":["post-7585","page","type-page","status-publish","hentry"],"_links":{"self":[{"href":"https:\/\/cpl14.fr\/index.php?rest_route=\/wp\/v2\/pages\/7585","targetHints":{"allow":["GET"]}}],"collection":[{"href":"https:\/\/cpl14.fr\/index.php?rest_route=\/wp\/v2\/pages"}],"about":[{"href":"https:\/\/cpl14.fr\/index.php?rest_route=\/wp\/v2\/types\/page"}],"author":[{"embeddable":true,"href":"https:\/\/cpl14.fr\/index.php?rest_route=\/wp\/v2\/users\/1"}],"replies":[{"embeddable":true,"href":"https:\/\/cpl14.fr\/index.php?rest_route=%2Fwp%2Fv2%2Fcomments&post=7585"}],"version-history":[{"count":3,"href":"https:\/\/cpl14.fr\/index.php?rest_route=\/wp\/v2\/pages\/7585\/revisions"}],"predecessor-version":[{"id":7603,"href":"https:\/\/cpl14.fr\/index.php?rest_route=\/wp\/v2\/pages\/7585\/revisions\/7603"}],"wp:attachment":[{"href":"https:\/\/cpl14.fr\/index.php?rest_route=%2Fwp%2Fv2%2Fmedia&parent=7585"}],"curies":[{"name":"wp","href":"https:\/\/api.w.org\/{rel}","templated":true}]}}