{"id":7616,"date":"2020-04-30T09:33:11","date_gmt":"2020-04-30T07:33:11","guid":{"rendered":"http:\/\/cpl14.fr\/?page_id=7616"},"modified":"2020-04-30T10:22:25","modified_gmt":"2020-04-30T08:22:25","slug":"les-machines-megras","status":"publish","type":"page","link":"https:\/\/cpl14.fr\/?page_id=7616","title":{"rendered":"les machines MEGRAS"},"content":{"rendered":"<p>Revenons aux simples machines \u00e0 oblit\u00e9rer des bureaux&#8230;<\/p>\n<p>Entre 1992 et 1994, la Poste teste une nouvelle machine dans le Val de Marne, \u00e0 Joinville, Thiais, puis Vincennes: la machine A.E.M. MEGRAS<\/p>\n<p>Les essais seront r\u00e9alis\u00e9s avec plusieurs TAD (de 23,5mm \u00e0 27mm, avec et sans pont)<\/p>\n<p><img loading=\"lazy\" decoding=\"async\" class=\"size-full wp-image-7625 aligncenter\" src=\"http:\/\/cpl14.fr\/wp-content\/uploads\/2020\/04\/150.jpg\" alt=\"\" width=\"900\" height=\"467\" srcset=\"https:\/\/cpl14.fr\/wp-content\/uploads\/2020\/04\/150.jpg 900w, https:\/\/cpl14.fr\/wp-content\/uploads\/2020\/04\/150-300x156.jpg 300w, https:\/\/cpl14.fr\/wp-content\/uploads\/2020\/04\/150-768x399.jpg 768w\" sizes=\"auto, (max-width: 900px) 100vw, 900px\" \/><\/p>\n<p style=\"text-align: center;\">M\u00e9gras d&rsquo;essai, TAD de 23,5 mm sans pont, montage avec flamme de propagande \u00e0 gauche<br \/>\n94 JOINVILLE LE P PPAL \/ V. DE MARNE<\/p>\n<p style=\"text-align: left;\">Cette 1\u00e8re machine est en service du 10 f\u00e9vrier au 10 avril 1992, avant d&rsquo;\u00eatre envoy\u00e9e au SRTP de Nantes pour tests par le service technique de La Poste. Au retour de Nantes, en juillet 1992, elle reprend du service jusqu&rsquo;au 27 octobre, puis entre novembre 1992 et septembre 1993. Cette machine n&rsquo;existe qu&rsquo;avec flamme \u00e0 gauche<\/p>\n<p><img loading=\"lazy\" decoding=\"async\" class=\"size-full wp-image-7627 aligncenter\" src=\"http:\/\/cpl14.fr\/wp-content\/uploads\/2020\/04\/151.jpg\" alt=\"\" width=\"800\" height=\"566\" srcset=\"https:\/\/cpl14.fr\/wp-content\/uploads\/2020\/04\/151.jpg 800w, https:\/\/cpl14.fr\/wp-content\/uploads\/2020\/04\/151-300x212.jpg 300w, https:\/\/cpl14.fr\/wp-content\/uploads\/2020\/04\/151-768x543.jpg 768w\" sizes=\"auto, (max-width: 800px) 100vw, 800px\" \/><\/p>\n<p style=\"text-align: center;\">M\u00e9gras d&rsquo;essai, T\u00e0D de 23,5 mm sans pont, montage avec flamme de propagande \u00e0 gauche<br \/>\n94 JOINVILLE LE P PPAL \/ V. DE MARNE<\/p>\n<p>Apr\u00e8s les 3 machines de test, 10 machines de pr\u00e9-s\u00e9rie seront install\u00e9es dans le Nord et le Val de Marne.<\/p>\n<p><img loading=\"lazy\" decoding=\"async\" class=\"size-full wp-image-7628 aligncenter\" src=\"http:\/\/cpl14.fr\/wp-content\/uploads\/2020\/04\/152.jpg\" alt=\"\" width=\"900\" height=\"509\" srcset=\"https:\/\/cpl14.fr\/wp-content\/uploads\/2020\/04\/152.jpg 900w, https:\/\/cpl14.fr\/wp-content\/uploads\/2020\/04\/152-300x170.jpg 300w, https:\/\/cpl14.fr\/wp-content\/uploads\/2020\/04\/152-768x434.jpg 768w\" sizes=\"auto, (max-width: 900px) 100vw, 900px\" \/><\/p>\n<p style=\"text-align: center;\">M\u00e9gras d&rsquo;essai, TAD de 26 mm avec pont, montage avec flamme de propagande \u00e0 gauche<br \/>\n94 VINCENNES PPAL \/ VAL DE MARNE<\/p>\n<p>&nbsp;<\/p>\n<p><img loading=\"lazy\" decoding=\"async\" class=\"size-full wp-image-7629 aligncenter\" src=\"http:\/\/cpl14.fr\/wp-content\/uploads\/2020\/04\/153.jpg\" alt=\"\" width=\"900\" height=\"440\" srcset=\"https:\/\/cpl14.fr\/wp-content\/uploads\/2020\/04\/153.jpg 900w, https:\/\/cpl14.fr\/wp-content\/uploads\/2020\/04\/153-300x147.jpg 300w, https:\/\/cpl14.fr\/wp-content\/uploads\/2020\/04\/153-768x375.jpg 768w\" sizes=\"auto, (max-width: 900px) 100vw, 900px\" \/><\/p>\n<p style=\"text-align: center;\">M\u00e9gras d&rsquo;essai finale, T\u00e0D de 25,5 mm avec pont, montage avec flamme de propagande \u00e0 gauche<br \/>\n94 VINCENNES PPAL \/ VAL DE MARNE<\/p>\n<p>&nbsp;<\/p>\n<p><img loading=\"lazy\" decoding=\"async\" class=\"size-full wp-image-7630 aligncenter\" src=\"http:\/\/cpl14.fr\/wp-content\/uploads\/2020\/04\/154.jpg\" alt=\"\" width=\"900\" height=\"510\" srcset=\"https:\/\/cpl14.fr\/wp-content\/uploads\/2020\/04\/154.jpg 900w, https:\/\/cpl14.fr\/wp-content\/uploads\/2020\/04\/154-300x170.jpg 300w, https:\/\/cpl14.fr\/wp-content\/uploads\/2020\/04\/154-768x435.jpg 768w\" sizes=\"auto, (max-width: 900px) 100vw, 900px\" \/><\/p>\n<p style=\"text-align: center;\">M\u00e9gras de pr\u00e9-s\u00e9rie, montage avec flamme de propagande \u00e0 gauche<br \/>\n59 ROUBAIX PPAL \/ NORD<\/p>\n<p>Mais le mod\u00e8le d\u00e9finitivement adopt\u00e9 sera un TAD 1 cercle \u00e0 pont de diam\u00e8tre variant de 25,5 \u00e0 27mm.<\/p>\n<p><img loading=\"lazy\" decoding=\"async\" class=\"size-full wp-image-7631 aligncenter\" src=\"http:\/\/cpl14.fr\/wp-content\/uploads\/2020\/04\/155.jpg\" alt=\"\" width=\"800\" height=\"558\" srcset=\"https:\/\/cpl14.fr\/wp-content\/uploads\/2020\/04\/155.jpg 800w, https:\/\/cpl14.fr\/wp-content\/uploads\/2020\/04\/155-300x209.jpg 300w, https:\/\/cpl14.fr\/wp-content\/uploads\/2020\/04\/155-768x536.jpg 768w\" sizes=\"auto, (max-width: 800px) 100vw, 800px\" \/><\/p>\n<p style=\"text-align: center;\">M\u00e9gras, montage avec lignes ondul\u00e9es \u00e0 droite<br \/>\nL&rsquo;AIGLE \/ ORNE<br \/>\n<em>(notez qu&rsquo;il n&rsquo;y a pas de N\u00b0 de D\u00e9partement dans le TAD)<\/em><\/p>\n<p>Avec un rendement de 12 600 lettres \u00e0 l&rsquo;heure en d\u00e9but d&rsquo;essai, les performances de la machine seront am\u00e9lior\u00e9es pour atteindre 18 000 lettres \/ heure. Elle devient une s\u00e9rieuse concurrente pour la SECAP HP, qui a d\u00e9j\u00e0 plus de 20 ans&#8230;.<\/p>\n<p>Les machines M\u00e9gras de s\u00e9rie existent avec flammes ou lignes ondul\u00e9es en M, \u00e0 gauche ou \u00e0 droite. Le montage de lignes ondul\u00e9es en W est impossible. Elles existent \u00e9galement avec flamme de propagande \u00e0 gauche ou \u00e0 droite.<\/p>\n<p>&nbsp;<\/p>\n<h3 style=\"text-align: center;\">1 cercle \u00e0 pont&#8230; Toshiba, NEC ou Megras?<\/h3>\n<p><img loading=\"lazy\" decoding=\"async\" class=\" wp-image-7640 aligncenter\" src=\"http:\/\/cpl14.fr\/wp-content\/uploads\/2020\/04\/les-tad.jpg\" alt=\"\" width=\"627\" height=\"257\" srcset=\"https:\/\/cpl14.fr\/wp-content\/uploads\/2020\/04\/les-tad.jpg 800w, https:\/\/cpl14.fr\/wp-content\/uploads\/2020\/04\/les-tad-300x123.jpg 300w, https:\/\/cpl14.fr\/wp-content\/uploads\/2020\/04\/les-tad-768x315.jpg 768w\" sizes=\"auto, (max-width: 627px) 100vw, 627px\" \/><\/p>\n<h4>La machine M\u00e9gras:<\/h4>\n<p>d = 25,5 \u00e0 27 mm<br \/>\nA = ?<br \/>\nB = 85 \u00e0 88 mm<br \/>\nC = 50 mm<br \/>\nD = 10 \u00e0 13 mm<\/p>\n<p>&nbsp;<\/p>\n<p>&nbsp;<\/p>\n<p style=\"text-align: right;\"><a href=\"http:\/\/cpl14.fr\/?page_id=7128\">retour \u00e0 la page un nouveau venu et une nouvelle SECAP<\/a><\/p>\n","protected":false},"excerpt":{"rendered":"<div class=\"mh-excerpt\"><p>Revenons aux simples machines \u00e0 oblit\u00e9rer des bureaux&#8230; Entre 1992 et 1994, la Poste teste une nouvelle machine dans le Val de Marne, \u00e0 Joinville, <a class=\"mh-excerpt-more\" href=\"https:\/\/cpl14.fr\/?page_id=7616\" title=\"les machines MEGRAS\">[&#8230;]<\/a><\/p>\n<\/div>","protected":false},"author":1,"featured_media":0,"parent":0,"menu_order":0,"comment_status":"closed","ping_status":"closed","template":"","meta":{"footnotes":""},"class_list":["post-7616","page","type-page","status-publish","hentry"],"_links":{"self":[{"href":"https:\/\/cpl14.fr\/index.php?rest_route=\/wp\/v2\/pages\/7616","targetHints":{"allow":["GET"]}}],"collection":[{"href":"https:\/\/cpl14.fr\/index.php?rest_route=\/wp\/v2\/pages"}],"about":[{"href":"https:\/\/cpl14.fr\/index.php?rest_route=\/wp\/v2\/types\/page"}],"author":[{"embeddable":true,"href":"https:\/\/cpl14.fr\/index.php?rest_route=\/wp\/v2\/users\/1"}],"replies":[{"embeddable":true,"href":"https:\/\/cpl14.fr\/index.php?rest_route=%2Fwp%2Fv2%2Fcomments&post=7616"}],"version-history":[{"count":5,"href":"https:\/\/cpl14.fr\/index.php?rest_route=\/wp\/v2\/pages\/7616\/revisions"}],"predecessor-version":[{"id":7641,"href":"https:\/\/cpl14.fr\/index.php?rest_route=\/wp\/v2\/pages\/7616\/revisions\/7641"}],"wp:attachment":[{"href":"https:\/\/cpl14.fr\/index.php?rest_route=%2Fwp%2Fv2%2Fmedia&parent=7616"}],"curies":[{"name":"wp","href":"https:\/\/api.w.org\/{rel}","templated":true}]}}