{"id":7617,"date":"2020-04-30T09:34:08","date_gmt":"2020-04-30T07:34:08","guid":{"rendered":"http:\/\/cpl14.fr\/?page_id=7617"},"modified":"2020-04-30T10:14:44","modified_gmt":"2020-04-30T08:14:44","slug":"la-machine-secap-hps","status":"publish","type":"page","link":"https:\/\/cpl14.fr\/?page_id=7617","title":{"rendered":"la machine SECAP HPS"},"content":{"rendered":"<p>1998, SECAP revient sur le march\u00e9 avec une machine destin\u00e9e aux Centres Courrier (CC) et Centres de Distribution (CDIS) de petite dimension, soit moins de 3 \u00e0 4 000 lettres \/ jour: la machine SECAP HPS<\/p>\n<p>Les essais sont r\u00e9alis\u00e9s \u00e0 Paris Cap 18, un guichet annexe de Paris Porte-de-la-Chapelle, situ\u00e9 dans un complexe de bureaux et d&rsquo;ateliers \u00e0 proximit\u00e9 de la Porte d&rsquo;Aubervilliers.<\/p>\n<p>Le TAD d&rsquo;origine est simple cercle de 28,5 mm.<\/p>\n<p><img loading=\"lazy\" decoding=\"async\" class=\"size-full wp-image-7634 aligncenter\" src=\"http:\/\/cpl14.fr\/wp-content\/uploads\/2020\/04\/156.jpg\" alt=\"\" width=\"900\" height=\"446\" srcset=\"https:\/\/cpl14.fr\/wp-content\/uploads\/2020\/04\/156.jpg 900w, https:\/\/cpl14.fr\/wp-content\/uploads\/2020\/04\/156-300x149.jpg 300w, https:\/\/cpl14.fr\/wp-content\/uploads\/2020\/04\/156-768x381.jpg 768w\" sizes=\"auto, (max-width: 900px) 100vw, 900px\" \/><\/p>\n<p style=\"text-align: center;\">SECAP HPS d&rsquo;essai, montage avec lignes ondul\u00e9es<br \/>\nPARIS CAP 18 \/ RUE AUBERVILLIERS<\/p>\n<p>Les premi\u00e8res machines ne seront install\u00e9es qu&rsquo;en avril 2000, et avec un TAD double cercle.<\/p>\n<p><img loading=\"lazy\" decoding=\"async\" class=\"size-full wp-image-7636 aligncenter\" src=\"http:\/\/cpl14.fr\/wp-content\/uploads\/2020\/04\/157.jpg\" alt=\"\" width=\"900\" height=\"448\" srcset=\"https:\/\/cpl14.fr\/wp-content\/uploads\/2020\/04\/157.jpg 900w, https:\/\/cpl14.fr\/wp-content\/uploads\/2020\/04\/157-300x149.jpg 300w, https:\/\/cpl14.fr\/wp-content\/uploads\/2020\/04\/157-768x382.jpg 768w\" sizes=\"auto, (max-width: 900px) 100vw, 900px\" \/><\/p>\n<p style=\"text-align: center;\">Secap HPS, montage avec flamme de propagande \u00e0 droite<br \/>\n62 DESVRES CC \/ PAS DE CALAIS<\/p>\n<p>Avec un rendement pratique de 12 000 lettres\/ jour, la machine est la rempla\u00e7ante des machines F, HM et HE.<br \/>\nSa particularit\u00e9 est que ses \u00e9l\u00e9ments mobiles sont incompatibles avec ceux des autres machines SECAP.<\/p>\n<h4>La machine SECAP HPS:<\/h4>\n<p>d = 28,5 mm<br \/>\nA = ?<br \/>\nB = variable<br \/>\nC = variable<br \/>\nD = 8 mm<\/p>\n<p style=\"text-align: right;\"><a href=\"http:\/\/cpl14.fr\/?page_id=7128\">retour \u00e0 la page un nouveau venu et une nouvelle SECAP<\/a><\/p>\n","protected":false},"excerpt":{"rendered":"<div class=\"mh-excerpt\"><p>1998, SECAP revient sur le march\u00e9 avec une machine destin\u00e9e aux Centres Courrier (CC) et Centres de Distribution (CDIS) de petite dimension, soit moins de <a class=\"mh-excerpt-more\" href=\"https:\/\/cpl14.fr\/?page_id=7617\" title=\"la machine SECAP HPS\">[&#8230;]<\/a><\/p>\n<\/div>","protected":false},"author":1,"featured_media":0,"parent":0,"menu_order":0,"comment_status":"closed","ping_status":"closed","template":"","meta":{"footnotes":""},"class_list":["post-7617","page","type-page","status-publish","hentry"],"_links":{"self":[{"href":"https:\/\/cpl14.fr\/index.php?rest_route=\/wp\/v2\/pages\/7617","targetHints":{"allow":["GET"]}}],"collection":[{"href":"https:\/\/cpl14.fr\/index.php?rest_route=\/wp\/v2\/pages"}],"about":[{"href":"https:\/\/cpl14.fr\/index.php?rest_route=\/wp\/v2\/types\/page"}],"author":[{"embeddable":true,"href":"https:\/\/cpl14.fr\/index.php?rest_route=\/wp\/v2\/users\/1"}],"replies":[{"embeddable":true,"href":"https:\/\/cpl14.fr\/index.php?rest_route=%2Fwp%2Fv2%2Fcomments&post=7617"}],"version-history":[{"count":4,"href":"https:\/\/cpl14.fr\/index.php?rest_route=\/wp\/v2\/pages\/7617\/revisions"}],"predecessor-version":[{"id":7638,"href":"https:\/\/cpl14.fr\/index.php?rest_route=\/wp\/v2\/pages\/7617\/revisions\/7638"}],"wp:attachment":[{"href":"https:\/\/cpl14.fr\/index.php?rest_route=%2Fwp%2Fv2%2Fmedia&parent=7617"}],"curies":[{"name":"wp","href":"https:\/\/api.w.org\/{rel}","templated":true}]}}