{"id":7910,"date":"2020-11-22T06:24:15","date_gmt":"2020-11-22T05:24:15","guid":{"rendered":"http:\/\/cpl14.fr\/?page_id=7910"},"modified":"2020-11-23T10:49:22","modified_gmt":"2020-11-23T09:49:22","slug":"courriers-de-paris-vers-les-communes-voisines","status":"publish","type":"page","link":"https:\/\/cpl14.fr\/?page_id=7910","title":{"rendered":"Courriers de Paris vers les communes voisines"},"content":{"rendered":"<p align=\"CENTER\"><img loading=\"lazy\" decoding=\"async\" class=\"alignnone size-full wp-image-7888\" src=\"http:\/\/cpl14.fr\/wp-content\/uploads\/2020\/11\/8-de-paris-1.png\" alt=\"\" width=\"800\" height=\"397\" srcset=\"https:\/\/cpl14.fr\/wp-content\/uploads\/2020\/11\/8-de-paris-1.png 800w, https:\/\/cpl14.fr\/wp-content\/uploads\/2020\/11\/8-de-paris-1-300x149.png 300w, https:\/\/cpl14.fr\/wp-content\/uploads\/2020\/11\/8-de-paris-1-768x381.png 768w\" sizes=\"auto, (max-width: 800px) 100vw, 800px\" \/><\/p>\n<p align=\"CENTER\"><span style=\"font-family: Arial, sans-serif;\"><span style=\"font-size: small;\">Lettre de Paris pour La Villette affranchie au tarif des Recettes R\u00e9unies,<\/span><\/span><\/p>\n<p align=\"CENTER\"><span style=\"font-family: Arial, sans-serif;\"><span style=\"font-size: small;\">oblit\u00e9ration \u00e9toile noire,<\/span><\/span><\/p>\n<p align=\"CENTER\"><span style=\"font-family: Arial, sans-serif;\"><span style=\"font-size: small;\">timbre \u00e0 date 2\u00e8 PARIS 1 (60) 20 AOUT 55<\/span><\/span><\/p>\n<p align=\"CENTER\">.<\/p>\n<p align=\"CENTER\"><img loading=\"lazy\" decoding=\"async\" class=\"alignnone size-full wp-image-7889\" src=\"http:\/\/cpl14.fr\/wp-content\/uploads\/2020\/11\/9-de-paris-2.png\" alt=\"\" width=\"800\" height=\"404\" srcset=\"https:\/\/cpl14.fr\/wp-content\/uploads\/2020\/11\/9-de-paris-2.png 800w, https:\/\/cpl14.fr\/wp-content\/uploads\/2020\/11\/9-de-paris-2-300x152.png 300w, https:\/\/cpl14.fr\/wp-content\/uploads\/2020\/11\/9-de-paris-2-768x388.png 768w\" sizes=\"auto, (max-width: 800px) 100vw, 800px\" \/><\/p>\n<p align=\"CENTER\"><span style=\"font-family: Arial, sans-serif;\"><span style=\"font-size: small;\">Lettre de Paris pour Ivry affranchie au tarif des Recettes R\u00e9unies,<\/span><\/span><\/p>\n<p align=\"CENTER\"><span style=\"font-family: Arial, sans-serif;\"><span style=\"font-size: small;\">oblit\u00e9ration losange G,<\/span><\/span><\/p>\n<p align=\"CENTER\"><span style=\"font-family: Arial, sans-serif;\"><span style=\"font-size: small;\">timbre \u00e0 date 1\u00e8 Dist<sup><u>on<\/u><\/sup> (G) 7h30Min (G) 6 MAI 57<\/span><\/span><\/p>\n<p align=\"CENTER\">.<\/p>\n<p align=\"CENTER\"><a href=\"http:\/\/cpl14.fr\/?p=7871&amp;preview=true\">Retour \u00e0 l&rsquo;article Le Grand Paris de 1860<\/a><\/p>\n","protected":false},"excerpt":{"rendered":"<div class=\"mh-excerpt\"><p>Lettre de Paris pour La Villette affranchie au tarif des Recettes R\u00e9unies, oblit\u00e9ration \u00e9toile noire, timbre \u00e0 date 2\u00e8 PARIS 1 (60) 20 AOUT 55 <a class=\"mh-excerpt-more\" href=\"https:\/\/cpl14.fr\/?page_id=7910\" title=\"Courriers de Paris vers les communes voisines\">[&#8230;]<\/a><\/p>\n<\/div>","protected":false},"author":1,"featured_media":0,"parent":0,"menu_order":0,"comment_status":"closed","ping_status":"closed","template":"","meta":{"footnotes":""},"class_list":["post-7910","page","type-page","status-publish","hentry"],"_links":{"self":[{"href":"https:\/\/cpl14.fr\/index.php?rest_route=\/wp\/v2\/pages\/7910","targetHints":{"allow":["GET"]}}],"collection":[{"href":"https:\/\/cpl14.fr\/index.php?rest_route=\/wp\/v2\/pages"}],"about":[{"href":"https:\/\/cpl14.fr\/index.php?rest_route=\/wp\/v2\/types\/page"}],"author":[{"embeddable":true,"href":"https:\/\/cpl14.fr\/index.php?rest_route=\/wp\/v2\/users\/1"}],"replies":[{"embeddable":true,"href":"https:\/\/cpl14.fr\/index.php?rest_route=%2Fwp%2Fv2%2Fcomments&post=7910"}],"version-history":[{"count":2,"href":"https:\/\/cpl14.fr\/index.php?rest_route=\/wp\/v2\/pages\/7910\/revisions"}],"predecessor-version":[{"id":7972,"href":"https:\/\/cpl14.fr\/index.php?rest_route=\/wp\/v2\/pages\/7910\/revisions\/7972"}],"wp:attachment":[{"href":"https:\/\/cpl14.fr\/index.php?rest_route=%2Fwp%2Fv2%2Fmedia&parent=7910"}],"curies":[{"name":"wp","href":"https:\/\/api.w.org\/{rel}","templated":true}]}}