{"id":7913,"date":"2020-11-22T06:26:57","date_gmt":"2020-11-22T05:26:57","guid":{"rendered":"http:\/\/cpl14.fr\/?page_id=7913"},"modified":"2020-11-23T10:48:33","modified_gmt":"2020-11-23T09:48:33","slug":"courriers-des-communes-voisines-vers-paris","status":"publish","type":"page","link":"https:\/\/cpl14.fr\/?page_id=7913","title":{"rendered":"Courriers des communes voisines vers Paris"},"content":{"rendered":"<p align=\"CENTER\"><img loading=\"lazy\" decoding=\"async\" class=\"alignnone size-full wp-image-7890\" src=\"http:\/\/cpl14.fr\/wp-content\/uploads\/2020\/11\/10-vers-paris-1.png\" alt=\"\" width=\"800\" height=\"512\" srcset=\"https:\/\/cpl14.fr\/wp-content\/uploads\/2020\/11\/10-vers-paris-1.png 800w, https:\/\/cpl14.fr\/wp-content\/uploads\/2020\/11\/10-vers-paris-1-300x192.png 300w, https:\/\/cpl14.fr\/wp-content\/uploads\/2020\/11\/10-vers-paris-1-768x492.png 768w\" sizes=\"auto, (max-width: 800px) 100vw, 800px\" \/><\/p>\n<p align=\"CENTER\"><span style=\"font-family: Arial, sans-serif;\"><span style=\"font-size: medium;\">L<span style=\"font-size: small;\">ettre de Charonne pour Paris affranchie au tarif des Recettes R\u00e9unies,<\/span><\/span><\/span><\/p>\n<p align=\"CENTER\"><span style=\"font-family: Arial, sans-serif;\"><span style=\"font-size: small;\">oblit\u00e9ration losange petits chiffres bleus 755, <\/span><\/span><\/p>\n<p align=\"CENTER\"><span style=\"font-family: Arial, sans-serif;\"><span style=\"font-size: small;\">timbre \u00e0 date CHARONNE (60) 13 JUIL. 58<\/span><\/span><\/p>\n<p align=\"CENTER\">.<\/p>\n<p align=\"CENTER\"><img loading=\"lazy\" decoding=\"async\" class=\"alignnone size-full wp-image-7891\" src=\"http:\/\/cpl14.fr\/wp-content\/uploads\/2020\/11\/11-vers-paris-2.png\" alt=\"\" width=\"800\" height=\"440\" srcset=\"https:\/\/cpl14.fr\/wp-content\/uploads\/2020\/11\/11-vers-paris-2.png 800w, https:\/\/cpl14.fr\/wp-content\/uploads\/2020\/11\/11-vers-paris-2-300x165.png 300w, https:\/\/cpl14.fr\/wp-content\/uploads\/2020\/11\/11-vers-paris-2-768x422.png 768w\" sizes=\"auto, (max-width: 800px) 100vw, 800px\" \/><\/p>\n<p align=\"CENTER\"><span style=\"font-family: Arial, sans-serif;\"><span style=\"font-size: small;\">Lettre de Saint Mand\u00e9 pour Paris affranchie au tarif des Recettes R\u00e9unies,<\/span><\/span><\/p>\n<p align=\"CENTER\"><span style=\"font-family: Arial, sans-serif;\"><span style=\"font-size: small;\">oblit\u00e9ration losange petits chiffres bleus 3180,<\/span><\/span><\/p>\n<p align=\"CENTER\"><span style=\"font-family: Arial, sans-serif;\"><span style=\"font-size: small;\">timbre \u00e0 date ST-MANDE (60) 11 AVRIL 56<\/span><\/span><\/p>\n<p align=\"CENTER\">.<\/p>\n<p align=\"CENTER\"><a href=\"http:\/\/cpl14.fr\/?p=7871&amp;preview=true\">Retour \u00e0 l&rsquo;article Le Grand Paris de 1860<\/a><\/p>\n","protected":false},"excerpt":{"rendered":"<div class=\"mh-excerpt\"><p>Lettre de Charonne pour Paris affranchie au tarif des Recettes R\u00e9unies, oblit\u00e9ration losange petits chiffres bleus 755, timbre \u00e0 date CHARONNE (60) 13 JUIL. 58 <a class=\"mh-excerpt-more\" href=\"https:\/\/cpl14.fr\/?page_id=7913\" title=\"Courriers des communes voisines vers Paris\">[&#8230;]<\/a><\/p>\n<\/div>","protected":false},"author":1,"featured_media":0,"parent":0,"menu_order":0,"comment_status":"closed","ping_status":"closed","template":"","meta":{"footnotes":""},"class_list":["post-7913","page","type-page","status-publish","hentry"],"_links":{"self":[{"href":"https:\/\/cpl14.fr\/index.php?rest_route=\/wp\/v2\/pages\/7913","targetHints":{"allow":["GET"]}}],"collection":[{"href":"https:\/\/cpl14.fr\/index.php?rest_route=\/wp\/v2\/pages"}],"about":[{"href":"https:\/\/cpl14.fr\/index.php?rest_route=\/wp\/v2\/types\/page"}],"author":[{"embeddable":true,"href":"https:\/\/cpl14.fr\/index.php?rest_route=\/wp\/v2\/users\/1"}],"replies":[{"embeddable":true,"href":"https:\/\/cpl14.fr\/index.php?rest_route=%2Fwp%2Fv2%2Fcomments&post=7913"}],"version-history":[{"count":2,"href":"https:\/\/cpl14.fr\/index.php?rest_route=\/wp\/v2\/pages\/7913\/revisions"}],"predecessor-version":[{"id":7971,"href":"https:\/\/cpl14.fr\/index.php?rest_route=\/wp\/v2\/pages\/7913\/revisions\/7971"}],"wp:attachment":[{"href":"https:\/\/cpl14.fr\/index.php?rest_route=%2Fwp%2Fv2%2Fmedia&parent=7913"}],"curies":[{"name":"wp","href":"https:\/\/api.w.org\/{rel}","templated":true}]}}