{"id":7915,"date":"2020-11-22T06:30:34","date_gmt":"2020-11-22T05:30:34","guid":{"rendered":"http:\/\/cpl14.fr\/?page_id=7915"},"modified":"2020-11-23T10:47:46","modified_gmt":"2020-11-23T09:47:46","slug":"losange-petits-chiffres-bleus","status":"publish","type":"page","link":"https:\/\/cpl14.fr\/?page_id=7915","title":{"rendered":"Losange petits chiffres bleus"},"content":{"rendered":"<p align=\"CENTER\"><img loading=\"lazy\" decoding=\"async\" class=\"alignnone size-full wp-image-7886\" src=\"http:\/\/cpl14.fr\/wp-content\/uploads\/2020\/11\/6-pc-bleu-2.png\" alt=\"\" width=\"800\" height=\"413\" srcset=\"https:\/\/cpl14.fr\/wp-content\/uploads\/2020\/11\/6-pc-bleu-2.png 800w, https:\/\/cpl14.fr\/wp-content\/uploads\/2020\/11\/6-pc-bleu-2-300x155.png 300w, https:\/\/cpl14.fr\/wp-content\/uploads\/2020\/11\/6-pc-bleu-2-768x396.png 768w\" sizes=\"auto, (max-width: 800px) 100vw, 800px\" \/><\/p>\n<p align=\"CENTER\"><span style=\"font-family: Arial, sans-serif;\"><span style=\"font-size: small;\">Lettre de Grenelle pour Paris affranchie au tarif des Recettes R\u00e9unies, <\/span><\/span><\/p>\n<p align=\"CENTER\"><span style=\"font-family: Arial, sans-serif;\"><span style=\"font-size: small;\">oblit\u00e9ration losange petits chiffres bleus 1451,<\/span><\/span><\/p>\n<p align=\"CENTER\"><span style=\"font-family: Arial, sans-serif;\"><span style=\"font-size: small;\">timbre \u00e0 date bleu GRENELLE (60) 18 NOV. 54<\/span><\/span><\/p>\n<p align=\"CENTER\">.<\/p>\n<p align=\"CENTER\"><img loading=\"lazy\" decoding=\"async\" class=\"alignnone size-full wp-image-7887\" src=\"http:\/\/cpl14.fr\/wp-content\/uploads\/2020\/11\/7-pc-bleu-3.png\" alt=\"\" width=\"800\" height=\"346\" srcset=\"https:\/\/cpl14.fr\/wp-content\/uploads\/2020\/11\/7-pc-bleu-3.png 800w, https:\/\/cpl14.fr\/wp-content\/uploads\/2020\/11\/7-pc-bleu-3-300x130.png 300w, https:\/\/cpl14.fr\/wp-content\/uploads\/2020\/11\/7-pc-bleu-3-768x332.png 768w\" sizes=\"auto, (max-width: 800px) 100vw, 800px\" \/><\/p>\n<p align=\"CENTER\"><span style=\"font-family: Arial, sans-serif;\"><span style=\"font-size: small;\">Lettre de Passy pour Paris affranchie au tarif des Recettes R\u00e9unies,<\/span><\/span><\/p>\n<p align=\"CENTER\"><span style=\"font-family: Arial, sans-serif;\"><span style=\"font-size: small;\">oblit\u00e9ration losange petits chiffres bleus 2386,<\/span><\/span><\/p>\n<p align=\"CENTER\"><span style=\"font-family: Arial, sans-serif;\"><span style=\"font-size: small;\">timbre \u00e0 date bleu PASSY-LES-PARIS (60) 17 FEVR. 55<\/span><\/span><\/p>\n<p align=\"CENTER\">.<\/p>\n<p align=\"CENTER\"><a href=\"http:\/\/cpl14.fr\/?p=7871&amp;preview=true\">Retour \u00e0 l&rsquo;article Le Grand Paris de 1860<\/a><\/p>\n","protected":false},"excerpt":{"rendered":"<div class=\"mh-excerpt\"><p>Lettre de Grenelle pour Paris affranchie au tarif des Recettes R\u00e9unies, oblit\u00e9ration losange petits chiffres bleus 1451, timbre \u00e0 date bleu GRENELLE (60) 18 NOV. <a class=\"mh-excerpt-more\" href=\"https:\/\/cpl14.fr\/?page_id=7915\" title=\"Losange petits chiffres bleus\">[&#8230;]<\/a><\/p>\n<\/div>","protected":false},"author":1,"featured_media":0,"parent":0,"menu_order":0,"comment_status":"closed","ping_status":"closed","template":"","meta":{"footnotes":""},"class_list":["post-7915","page","type-page","status-publish","hentry"],"_links":{"self":[{"href":"https:\/\/cpl14.fr\/index.php?rest_route=\/wp\/v2\/pages\/7915","targetHints":{"allow":["GET"]}}],"collection":[{"href":"https:\/\/cpl14.fr\/index.php?rest_route=\/wp\/v2\/pages"}],"about":[{"href":"https:\/\/cpl14.fr\/index.php?rest_route=\/wp\/v2\/types\/page"}],"author":[{"embeddable":true,"href":"https:\/\/cpl14.fr\/index.php?rest_route=\/wp\/v2\/users\/1"}],"replies":[{"embeddable":true,"href":"https:\/\/cpl14.fr\/index.php?rest_route=%2Fwp%2Fv2%2Fcomments&post=7915"}],"version-history":[{"count":2,"href":"https:\/\/cpl14.fr\/index.php?rest_route=\/wp\/v2\/pages\/7915\/revisions"}],"predecessor-version":[{"id":7970,"href":"https:\/\/cpl14.fr\/index.php?rest_route=\/wp\/v2\/pages\/7915\/revisions\/7970"}],"wp:attachment":[{"href":"https:\/\/cpl14.fr\/index.php?rest_route=%2Fwp%2Fv2%2Fmedia&parent=7915"}],"curies":[{"name":"wp","href":"https:\/\/api.w.org\/{rel}","templated":true}]}}