{"id":7919,"date":"2020-11-22T11:25:32","date_gmt":"2020-11-22T10:25:32","guid":{"rendered":"http:\/\/cpl14.fr\/?page_id=7919"},"modified":"2020-11-23T10:39:49","modified_gmt":"2020-11-23T09:39:49","slug":"auteuil","status":"publish","type":"page","link":"https:\/\/cpl14.fr\/?page_id=7919","title":{"rendered":"AUTEUIL"},"content":{"rendered":"<p align=\"JUSTIFY\"><span style=\"font-family: Arial, sans-serif;\"><span style=\"font-size: medium;\">Au 19<sup>\u00e8me<\/sup> si\u00e8cle Auteuil \u00e9tait r\u00e9put\u00e9e pour ses sources. En 1820 le docteur Dardonville y fonda un \u00e9tablissement d\u2019hydroth\u00e9rapie fr\u00e9quent\u00e9 par de nombreux artistes et \u00e9crivains. En 1851 Jules Quicherat obtint l\u2019autorisation d\u2019ouvrir un \u00e9tablissement d\u2019eau min\u00e9rale o\u00f9 il accueillait des curistes. <\/span><\/span><\/p>\n<p align=\"JUSTIFY\"><span style=\"font-family: Arial, sans-serif;\"><span style=\"font-size: medium;\">Les riches parisiens attir\u00e9s par le calme y firent construire leur maison de campagne. <\/span><\/span><\/p>\n<p align=\"JUSTIFY\"><span style=\"font-family: Arial, sans-serif;\"><span style=\"font-size: medium;\">La commune fut divis\u00e9e en 1860 entre Paris et Boulogne-Billancourt. La partie annex\u00e9e \u00e0 Paris est devenue le quartier d&rsquo;Auteui<a href=\"http:\/\/fr.wikipedia.org\/wiki\/Quartier_d%27Auteuil\">l<\/a> dans le 16<\/span><\/span><sup><span style=\"font-family: Arial, sans-serif;\"><span style=\"font-size: medium;\">\u00e8me<\/span><\/span><\/sup><span style=\"font-family: Arial, sans-serif;\"><span style=\"font-size: medium;\"> \u00a0arrondissement<\/span><\/span><span style=\"font-family: Arial, sans-serif;\"><span style=\"font-size: medium;\">.<\/span><\/span><\/p>\n<p align=\"JUSTIFY\"><span style=\"font-family: Arial, sans-serif;\"><span style=\"font-size: medium;\">Le bureau de recette fut cr\u00e9\u00e9 en 1838. En 1860 le bureau de poste situ\u00e9 18 rue Moli\u00e8re (av. Th\u00e9ophile Gautier et rue de R\u00e9musat actuelles) devint le bureau de quartier Paris-Auteuil. Le losange oblit\u00e9rant petits chiffres num\u00e9ro 191 fut utilis\u00e9 jusqu\u2019\u00e0 fin 1862.<\/span><\/span><\/p>\n<p align=\"JUSTIFY\"><img loading=\"lazy\" decoding=\"async\" class=\"size-full wp-image-7939 aligncenter\" src=\"http:\/\/cpl14.fr\/wp-content\/uploads\/2020\/11\/31.png\" alt=\"\" width=\"700\" height=\"220\" srcset=\"https:\/\/cpl14.fr\/wp-content\/uploads\/2020\/11\/31.png 700w, https:\/\/cpl14.fr\/wp-content\/uploads\/2020\/11\/31-300x94.png 300w\" sizes=\"auto, (max-width: 700px) 100vw, 700px\" \/><\/p>\n<p align=\"JUSTIFY\"><img loading=\"lazy\" decoding=\"async\" class=\"size-full wp-image-7940 aligncenter\" src=\"http:\/\/cpl14.fr\/wp-content\/uploads\/2020\/11\/32.png\" alt=\"\" width=\"600\" height=\"336\" srcset=\"https:\/\/cpl14.fr\/wp-content\/uploads\/2020\/11\/32.png 600w, https:\/\/cpl14.fr\/wp-content\/uploads\/2020\/11\/32-300x168.png 300w\" sizes=\"auto, (max-width: 600px) 100vw, 600px\" \/><\/p>\n<p align=\"CENTER\"><span style=\"color: #000000;\"><span style=\"font-family: Arial, sans-serif;\"><span style=\"font-size: small;\">Losange petits chiffres 191 sur lettre pour l\u2019Eure<\/span><\/span><\/span><\/p>\n<p align=\"CENTER\"><span style=\"color: #000000;\"><span style=\"font-family: Arial, sans-serif;\"><span style=\"font-size: small;\">Timbre \u00e0 date sans lev\u00e9e AUTEUIL (60) <i>29 JUIL. 60<\/i><\/span><\/span><\/span><\/p>\n<p align=\"CENTER\">.<\/p>\n<p><span style=\"color: #000000;\"><span style=\"font-family: Arial, sans-serif;\"><span style=\"font-size: medium;\">A partir de d\u00e9cembre 1862, le losange petits chiffres fut remplac\u00e9 par le losange gros chiffres 241.<\/span><\/span><\/span><\/p>\n<p><img loading=\"lazy\" decoding=\"async\" class=\"size-full wp-image-7941 aligncenter\" src=\"http:\/\/cpl14.fr\/wp-content\/uploads\/2020\/11\/33.png\" alt=\"\" width=\"700\" height=\"325\" srcset=\"https:\/\/cpl14.fr\/wp-content\/uploads\/2020\/11\/33.png 700w, https:\/\/cpl14.fr\/wp-content\/uploads\/2020\/11\/33-300x139.png 300w\" sizes=\"auto, (max-width: 700px) 100vw, 700px\" \/><\/p>\n<p align=\"CENTER\"><span style=\"color: #000000;\"><span style=\"font-family: Arial, sans-serif;\"><span style=\"font-size: small;\">Losange gros chiffre 241 sur lettre pour l\u2019Aude<\/span><\/span><\/span><\/p>\n<p align=\"CENTER\"><span style=\"font-family: Arial, sans-serif;\"><span style=\"font-size: small;\">Timbre \u00e0 date sans lev\u00e9e AUTEUIL (60) <i>18 AVRIL 65<\/i><\/span><\/span><\/p>\n<p align=\"CENTER\">.<\/p>\n<p align=\"CENTER\"><img loading=\"lazy\" decoding=\"async\" class=\"alignnone wp-image-7942\" src=\"http:\/\/cpl14.fr\/wp-content\/uploads\/2020\/11\/34.png\" alt=\"\" width=\"651\" height=\"382\" srcset=\"https:\/\/cpl14.fr\/wp-content\/uploads\/2020\/11\/34.png 700w, https:\/\/cpl14.fr\/wp-content\/uploads\/2020\/11\/34-300x176.png 300w\" sizes=\"auto, (max-width: 651px) 100vw, 651px\" \/><\/p>\n<p align=\"CENTER\"><span style=\"color: #000000;\"><span style=\"font-family: Arial, sans-serif;\"><span style=\"font-size: small;\">Losange gros chiffres 241 sur lettre pour Gaillac dans le Tarn<\/span><\/span><\/span><\/p>\n<p align=\"CENTER\"><span style=\"font-family: Arial, sans-serif;\"><span style=\"font-size: small;\">Timbre \u00e0 date PARIS AUTEUIL <i>10 AOUT 67<\/i><\/span><\/span><\/p>\n<p align=\"CENTER\">.<\/p>\n<p align=\"CENTER\"><img loading=\"lazy\" decoding=\"async\" class=\"alignnone size-full wp-image-7943\" src=\"http:\/\/cpl14.fr\/wp-content\/uploads\/2020\/11\/35.png\" alt=\"\" width=\"600\" height=\"387\" srcset=\"https:\/\/cpl14.fr\/wp-content\/uploads\/2020\/11\/35.png 600w, https:\/\/cpl14.fr\/wp-content\/uploads\/2020\/11\/35-300x194.png 300w\" sizes=\"auto, (max-width: 600px) 100vw, 600px\" \/><\/p>\n<p align=\"CENTER\"><span style=\"color: #000000;\"><span style=\"font-family: Arial, sans-serif;\"><span style=\"font-size: small;\">Losange gros chiffres 241 sur lettre pour Paris<\/span><\/span><\/span><\/p>\n<p align=\"CENTER\"><span style=\"font-family: Arial, sans-serif;\"><span style=\"font-size: small;\">Timbre \u00e0 date PARIS AUTEUIL <i>3 JUIL. 68<\/i><\/span><\/span><\/p>\n<p align=\"CENTER\"><a href=\"http:\/\/cpl14.fr\/?p=7871&amp;preview=true\">Retour \u00e0 l&rsquo;article Le Grand Paris de 1860<\/a><\/p>\n<p style=\"text-align: right;\" align=\"CENTER\">Collection Patrick Caillot<\/p>\n","protected":false},"excerpt":{"rendered":"<div class=\"mh-excerpt\"><p>Au 19\u00e8me si\u00e8cle Auteuil \u00e9tait r\u00e9put\u00e9e pour ses sources. En 1820 le docteur Dardonville y fonda un \u00e9tablissement d\u2019hydroth\u00e9rapie fr\u00e9quent\u00e9 par de nombreux artistes et <a class=\"mh-excerpt-more\" href=\"https:\/\/cpl14.fr\/?page_id=7919\" title=\"AUTEUIL\">[&#8230;]<\/a><\/p>\n<\/div>","protected":false},"author":1,"featured_media":0,"parent":0,"menu_order":0,"comment_status":"closed","ping_status":"closed","template":"","meta":{"footnotes":""},"class_list":["post-7919","page","type-page","status-publish","hentry"],"_links":{"self":[{"href":"https:\/\/cpl14.fr\/index.php?rest_route=\/wp\/v2\/pages\/7919","targetHints":{"allow":["GET"]}}],"collection":[{"href":"https:\/\/cpl14.fr\/index.php?rest_route=\/wp\/v2\/pages"}],"about":[{"href":"https:\/\/cpl14.fr\/index.php?rest_route=\/wp\/v2\/types\/page"}],"author":[{"embeddable":true,"href":"https:\/\/cpl14.fr\/index.php?rest_route=\/wp\/v2\/users\/1"}],"replies":[{"embeddable":true,"href":"https:\/\/cpl14.fr\/index.php?rest_route=%2Fwp%2Fv2%2Fcomments&post=7919"}],"version-history":[{"count":2,"href":"https:\/\/cpl14.fr\/index.php?rest_route=\/wp\/v2\/pages\/7919\/revisions"}],"predecessor-version":[{"id":7967,"href":"https:\/\/cpl14.fr\/index.php?rest_route=\/wp\/v2\/pages\/7919\/revisions\/7967"}],"wp:attachment":[{"href":"https:\/\/cpl14.fr\/index.php?rest_route=%2Fwp%2Fv2%2Fmedia&parent=7919"}],"curies":[{"name":"wp","href":"https:\/\/api.w.org\/{rel}","templated":true}]}}