{"id":7945,"date":"2020-11-22T11:50:55","date_gmt":"2020-11-22T10:50:55","guid":{"rendered":"http:\/\/cpl14.fr\/?page_id=7945"},"modified":"2020-11-23T10:41:11","modified_gmt":"2020-11-23T09:41:11","slug":"passy-les-paris","status":"publish","type":"page","link":"https:\/\/cpl14.fr\/?page_id=7945","title":{"rendered":"PASSY-LES-PARIS"},"content":{"rendered":"<p align=\"JUSTIFY\"><span style=\"font-family: Arial, sans-serif;\"><span style=\"font-size: medium;\">assy \u00e9tait un agr\u00e9able village b\u00e2ti sur une colline creus\u00e9e de nombreuses carri\u00e8res. Les h\u00f4tels particuliers et les maisons \u00e9taient lou\u00e9es par appartement \u00e0 un prix tr\u00e8s raisonnable. Balzac r\u00e9sidait dans l\u2019un ce ceux-ci. Le quartier resta bon march\u00e9 jusqu\u2019\u00e0 la fin du 19<sup>\u00e8me<\/sup> si\u00e8cle. <\/span><\/span><\/p>\n<p align=\"JUSTIFY\"><span style=\"font-family: Arial, sans-serif;\"><span style=\"font-size: medium;\">La plus grande partie de la commune fut rattach\u00e9e \u00e0 Paris en 1860. Son territoire, une partie de l\u2019ancienne commune d\u2019Auteuil et le quartier de Chaillot forment le 16<sup>\u00e8me<\/sup> arrondissement de Paris.<\/span><\/span><\/p>\n<p align=\"JUSTIFY\"><span style=\"font-family: Arial, sans-serif;\"><span style=\"font-size: medium;\">Le service postal date de la Petite Poste. En 1860 le bureau de poste \u00e9tait situ\u00e9 au 4 rue Guichard. L\u2019utilisation du losange oblit\u00e9rant petits chiffres 2386 fut prolong\u00e9e jusqu\u2019\u00e0 fin 1862.<\/span><\/span><\/p>\n<p align=\"JUSTIFY\"><img loading=\"lazy\" decoding=\"async\" class=\"size-full wp-image-7946 aligncenter\" src=\"http:\/\/cpl14.fr\/wp-content\/uploads\/2020\/11\/36.png\" alt=\"\" width=\"700\" height=\"326\" srcset=\"https:\/\/cpl14.fr\/wp-content\/uploads\/2020\/11\/36.png 700w, https:\/\/cpl14.fr\/wp-content\/uploads\/2020\/11\/36-300x140.png 300w\" sizes=\"auto, (max-width: 700px) 100vw, 700px\" \/><\/p>\n<p align=\"CENTER\"><span style=\"font-family: Arial, sans-serif;\"><span style=\"font-size: small;\">Losange petits chiffres 2386<b> <\/b> sur lettre pour l\u2019Oise<\/span><\/span><\/p>\n<p align=\"CENTER\"><span style=\"font-family: Arial, sans-serif;\"><span style=\"font-size: small;\">Timbre \u00e0 date PASSY-LES-PARIS (60) 15 OCT. 61<\/span><\/span><\/p>\n<p align=\"CENTER\">.<\/p>\n<p align=\"CENTER\"><img loading=\"lazy\" decoding=\"async\" class=\"alignnone size-full wp-image-7947\" src=\"http:\/\/cpl14.fr\/wp-content\/uploads\/2020\/11\/37.png\" alt=\"\" width=\"600\" height=\"341\" srcset=\"https:\/\/cpl14.fr\/wp-content\/uploads\/2020\/11\/37.png 600w, https:\/\/cpl14.fr\/wp-content\/uploads\/2020\/11\/37-300x171.png 300w\" sizes=\"auto, (max-width: 600px) 100vw, 600px\" \/><\/p>\n<p align=\"CENTER\"><span style=\"font-family: Arial, sans-serif;\"><span style=\"font-size: small;\">Losange petits chiffres 2386<b> <\/b>sur lettre pour l\u2019Yonne<\/span><\/span><\/p>\n<p align=\"CENTER\"><span style=\"font-family: Arial, sans-serif;\"><span style=\"font-size: small;\">Timbre \u00e0 date bleu PASSY-LES-PARIS (60) 21 MARS 64<\/span><\/span><\/p>\n<p align=\"CENTER\">.<\/p>\n<p align=\"JUSTIFY\"><span style=\"font-family: Arial, sans-serif;\"><span style=\"font-size: medium;\">Le losange oblit\u00e9rant petits chiffres \u00e9tait peu lisible par cause d\u2019encrassement ou d\u2019usure. L\u2019administration des Postes d\u00e9cida de les remplacer par des losanges gros chiffres plus lisibles. Une nouvelle nomenclature alphab\u00e9tique des bureaux fut \u00e9tablie. <\/span><\/span><\/p>\n<p align=\"JUSTIFY\"><img loading=\"lazy\" decoding=\"async\" class=\"size-full wp-image-7948 aligncenter\" src=\"http:\/\/cpl14.fr\/wp-content\/uploads\/2020\/11\/38.png\" alt=\"\" width=\"700\" height=\"421\" srcset=\"https:\/\/cpl14.fr\/wp-content\/uploads\/2020\/11\/38.png 700w, https:\/\/cpl14.fr\/wp-content\/uploads\/2020\/11\/38-300x180.png 300w\" sizes=\"auto, (max-width: 700px) 100vw, 700px\" \/><\/p>\n<p align=\"CENTER\"><span style=\"font-family: Arial, sans-serif;\"><span style=\"font-size: small;\">Losange gros chiffres 2793<b> <\/b>sur lettre pour Paris<\/span><\/span><\/p>\n<p align=\"CENTER\"><span style=\"font-family: Arial, sans-serif;\"><span style=\"font-size: small;\">Timbre \u00e0 date PASSY-LES-PARIS (60) 20 MAI 64<\/span><\/span><\/p>\n<p align=\"CENTER\">.<\/p>\n<p align=\"CENTER\"><img loading=\"lazy\" decoding=\"async\" class=\"alignnone size-full wp-image-7949\" src=\"http:\/\/cpl14.fr\/wp-content\/uploads\/2020\/11\/39.png\" alt=\"\" width=\"650\" height=\"497\" srcset=\"https:\/\/cpl14.fr\/wp-content\/uploads\/2020\/11\/39.png 650w, https:\/\/cpl14.fr\/wp-content\/uploads\/2020\/11\/39-300x229.png 300w, https:\/\/cpl14.fr\/wp-content\/uploads\/2020\/11\/39-80x60.png 80w\" sizes=\"auto, (max-width: 650px) 100vw, 650px\" \/><\/p>\n<p align=\"CENTER\"><span style=\"font-family: Arial, sans-serif;\"><span style=\"font-size: small;\">Lettre non affranchie<\/span><\/span><\/p>\n<p align=\"CENTER\"><span style=\"font-family: Arial, sans-serif;\"><span style=\"font-size: small;\">Timbre \u00e0 date avec taxe15c PASSY-LES-PARIS (60) 14 JANV. 62<\/span><\/span><\/p>\n<p align=\"CENTER\">.<\/p>\n<p align=\"JUSTIFY\"><span style=\"font-family: Arial, sans-serif;\"><span style=\"font-size: medium;\">Il existait en r\u00e9serve un jeu de petits chiffres 2793 pr\u00e9c\u00e9demment utilis\u00e9 par bureau de Samadet dans les Landes, pour remplacement d\u2019une griffe perdue ou endommag\u00e9e. Cette griffe dite Petits Chiffres des Gros Chiffres fut utilis\u00e9e par le bureau de Passy durant la m\u00eame p\u00e9riode que la griffe Gros Chiffres.<\/span><\/span><\/p>\n<p style=\"text-align: center;\" align=\"JUSTIFY\"><img loading=\"lazy\" decoding=\"async\" class=\"alignnone size-full wp-image-7950\" src=\"http:\/\/cpl14.fr\/wp-content\/uploads\/2020\/11\/40.png\" alt=\"\" width=\"700\" height=\"312\" srcset=\"https:\/\/cpl14.fr\/wp-content\/uploads\/2020\/11\/40.png 700w, https:\/\/cpl14.fr\/wp-content\/uploads\/2020\/11\/40-300x134.png 300w\" sizes=\"auto, (max-width: 700px) 100vw, 700px\" \/><\/p>\n<p align=\"CENTER\"><span style=\"font-family: Arial, sans-serif;\"><span style=\"font-size: small;\">Losange petits chiffres des gros chiffres 2793 sur lettre pour Paris<\/span><\/span><\/p>\n<p align=\"CENTER\"><span style=\"font-family: Arial, sans-serif;\"><span style=\"font-size: small;\">Timbre \u00e0 date PASSY-LES-PARIS (60) 30 OCT. 65<\/span><\/span><\/p>\n<p align=\"CENTER\">.<\/p>\n<p align=\"CENTER\"><img loading=\"lazy\" decoding=\"async\" class=\"alignnone size-full wp-image-7951\" src=\"http:\/\/cpl14.fr\/wp-content\/uploads\/2020\/11\/41.png\" alt=\"\" width=\"650\" height=\"419\" srcset=\"https:\/\/cpl14.fr\/wp-content\/uploads\/2020\/11\/41.png 650w, https:\/\/cpl14.fr\/wp-content\/uploads\/2020\/11\/41-300x193.png 300w\" sizes=\"auto, (max-width: 650px) 100vw, 650px\" \/><\/p>\n<p align=\"CENTER\"><span style=\"font-family: Arial, sans-serif;\"><span style=\"font-size: small;\">Losange petit chiffres des gros chiffres 2793 sur lettre pour Hanovre (royaume de Hanovre),<\/span><\/span><\/p>\n<p align=\"CENTER\"><span style=\"font-family: Arial, sans-serif;\"><span style=\"font-size: small;\">indication de port pay\u00e9 jusqu\u2019\u00e0 destination PD<\/span><\/span><\/p>\n<p align=\"CENTER\"><span style=\"font-family: Arial, sans-serif;\"><span style=\"font-size: small;\">Timbre \u00e0 date PARIS PASSY-LES-PARIS 8 MAI 66<\/span><\/span><\/p>\n<p align=\"CENTER\">.<\/p>\n<p align=\"CENTER\"><img loading=\"lazy\" decoding=\"async\" class=\"alignnone size-full wp-image-7952\" src=\"http:\/\/cpl14.fr\/wp-content\/uploads\/2020\/11\/42.png\" alt=\"\" width=\"654\" height=\"856\" srcset=\"https:\/\/cpl14.fr\/wp-content\/uploads\/2020\/11\/42.png 654w, https:\/\/cpl14.fr\/wp-content\/uploads\/2020\/11\/42-229x300.png 229w\" sizes=\"auto, (max-width: 654px) 100vw, 654px\" \/><\/p>\n<p align=\"CENTER\"><span style=\"font-family: Arial, sans-serif;\"><span style=\"font-size: small;\">Losange gros chiffres 2793<b> <\/b> sur lettre pour Cuba par St Nazaire, <\/span><\/span><\/p>\n<p align=\"CENTER\"><span style=\"font-family: Arial, sans-serif;\"><span style=\"font-size: small;\">indication de port pay\u00e9 PP <\/span><\/span><\/p>\n<p align=\"CENTER\"><span style=\"font-family: Arial, sans-serif;\"><span style=\"font-size: small;\">Timbre \u00e0 date PARIS PASSY-LES-PARIS 14 JANV. 67,<\/span><\/span><\/p>\n<p align=\"CENTER\"><span style=\"font-family: Arial, sans-serif;\"><span style=\"font-size: small;\">au dos cachet de paquebot 16 JANV. 67<\/span><\/span><\/p>\n<p align=\"CENTER\">.<\/p>\n<p align=\"JUSTIFY\"><span style=\"font-family: Arial, sans-serif;\"><span style=\"font-size: medium;\">Suite \u00e0 une erreur de l\u2019administration des Postes un losange gros chiffres 2783 de Param\u00e9 (Ile et Vilaine) au lieu de 2793 fut envoy\u00e9 au bureau de Passy. Cette utilisation exceptionnelle ne dura que quelques mois de 1869.<\/span><\/span><\/p>\n<p style=\"text-align: center;\" align=\"JUSTIFY\"><img loading=\"lazy\" decoding=\"async\" class=\"alignnone size-full wp-image-7953\" src=\"http:\/\/cpl14.fr\/wp-content\/uploads\/2020\/11\/43.png\" alt=\"\" width=\"600\" height=\"386\" srcset=\"https:\/\/cpl14.fr\/wp-content\/uploads\/2020\/11\/43.png 600w, https:\/\/cpl14.fr\/wp-content\/uploads\/2020\/11\/43-300x193.png 300w\" sizes=\"auto, (max-width: 600px) 100vw, 600px\" \/><\/p>\n<p align=\"CENTER\"><span style=\"font-family: Arial, sans-serif;\"><span style=\"font-size: small;\">Losange gros chiffres 2783 sur lettre pour Neuilly <\/span><\/span><\/p>\n<p align=\"CENTER\"><span style=\"font-family: Arial, sans-serif;\"><span style=\"font-size: small;\">Timbre \u00e0 date PARIS PASSY-LES-PARIS 1<sup>er<\/sup> JUIN 69<\/span><\/span><\/p>\n<p align=\"CENTER\">.<\/p>\n<p align=\"LEFT\"><span style=\"font-family: Arial, sans-serif;\"><span style=\"font-size: medium;\">L\u2019une des griffes 2793 fut endommag\u00e9e, le chiffre 2 dut \u00eatre refait. <\/span><\/span><\/p>\n<p align=\"CENTER\"><img loading=\"lazy\" decoding=\"async\" class=\"alignnone size-full wp-image-7954\" src=\"http:\/\/cpl14.fr\/wp-content\/uploads\/2020\/11\/44.png\" alt=\"\" width=\"650\" height=\"486\" srcset=\"https:\/\/cpl14.fr\/wp-content\/uploads\/2020\/11\/44.png 650w, https:\/\/cpl14.fr\/wp-content\/uploads\/2020\/11\/44-300x224.png 300w, https:\/\/cpl14.fr\/wp-content\/uploads\/2020\/11\/44-326x245.png 326w, https:\/\/cpl14.fr\/wp-content\/uploads\/2020\/11\/44-80x60.png 80w\" sizes=\"auto, (max-width: 650px) 100vw, 650px\" \/><\/p>\n<p align=\"CENTER\"><span style=\"font-family: Arial, sans-serif;\"><span style=\"font-size: small;\">Losange gros chiffres 2793 refait (chiffre 2 modifi\u00e9) sur lettre pour Paris <\/span><\/span><\/p>\n<p align=\"CENTER\"><span style=\"font-family: Arial, sans-serif;\"><span style=\"font-size: small;\">Timbre \u00e0 date PARIS PASSY-LES-PARIS <i>18 MARS 73<\/i><\/span><\/span><\/p>\n<p align=\"CENTER\">.<\/p>\n<p align=\"CENTER\"><img loading=\"lazy\" decoding=\"async\" class=\"alignnone size-full wp-image-7955\" src=\"http:\/\/cpl14.fr\/wp-content\/uploads\/2020\/11\/45.png\" alt=\"\" width=\"700\" height=\"406\" srcset=\"https:\/\/cpl14.fr\/wp-content\/uploads\/2020\/11\/45.png 700w, https:\/\/cpl14.fr\/wp-content\/uploads\/2020\/11\/45-300x174.png 300w\" sizes=\"auto, (max-width: 700px) 100vw, 700px\" \/><\/p>\n<p align=\"CENTER\"><span style=\"font-family: Arial, sans-serif;\"><span style=\"font-size: small;\">Losange gros chiffres 2793<b> <\/b> sur lettre pour Louviers <\/span><\/span><\/p>\n<p align=\"CENTER\"><span style=\"font-family: Arial, sans-serif;\"><span style=\"font-size: small;\">Timbre \u00e0 date PARIS PASSY-LES-PARIS <i>17 JANV. 68<\/i><\/span><\/span><\/p>\n<p align=\"CENTER\">.<\/p>\n<p align=\"JUSTIFY\"><span style=\"font-family: Arial, sans-serif;\"><span style=\"font-size: medium;\">La loi de finances du 16 septembre 1871 d\u00e9cida la cr\u00e9ation d\u2019un nouveau bureau dans le quartier de Passy, le bureau de la rue Guichard fut d\u00e9sign\u00e9 sous le nom de PASSY 1 PARIS.<\/span><\/span><\/p>\n<p align=\"JUSTIFY\"><span style=\"font-family: Arial, sans-serif;\"><span style=\"font-size: medium;\">Les cachets \u00e0 date furent modifi\u00e9s, trois diff\u00e9rents furent utilis\u00e9s.<\/span><\/span><\/p>\n<p style=\"text-align: center;\" align=\"JUSTIFY\"><img loading=\"lazy\" decoding=\"async\" class=\"alignnone wp-image-7956\" src=\"http:\/\/cpl14.fr\/wp-content\/uploads\/2020\/11\/46.png\" alt=\"\" width=\"603\" height=\"397\" srcset=\"https:\/\/cpl14.fr\/wp-content\/uploads\/2020\/11\/46.png 600w, https:\/\/cpl14.fr\/wp-content\/uploads\/2020\/11\/46-300x198.png 300w\" sizes=\"auto, (max-width: 603px) 100vw, 603px\" \/><\/p>\n<p align=\"CENTER\"><span style=\"font-family: Arial, sans-serif;\"><span style=\"font-size: small;\">Losange gros chiffres 2793 sur lettre pour Clermont Ferrand <\/span><\/span><\/p>\n<p align=\"CENTER\"><span style=\"font-family: Arial, sans-serif;\"><span style=\"font-size: small;\">Timbre \u00e0 date 1 PARIS PASSY-LES-PARIS <i>18 NOV. 74<\/i><\/span><\/span><\/p>\n<p align=\"CENTER\">.<\/p>\n<p align=\"CENTER\"><img loading=\"lazy\" decoding=\"async\" class=\"alignnone size-full wp-image-7957\" src=\"http:\/\/cpl14.fr\/wp-content\/uploads\/2020\/11\/47.png\" alt=\"\" width=\"600\" height=\"396\" srcset=\"https:\/\/cpl14.fr\/wp-content\/uploads\/2020\/11\/47.png 600w, https:\/\/cpl14.fr\/wp-content\/uploads\/2020\/11\/47-300x198.png 300w\" sizes=\"auto, (max-width: 600px) 100vw, 600px\" \/><\/p>\n<p align=\"CENTER\"><span style=\"font-family: Arial, sans-serif;\"><span style=\"font-size: small;\">Losange gros chiffres 2793 sur lettre pour Paris <\/span><\/span><\/p>\n<p align=\"CENTER\"><span style=\"font-family: Arial, sans-serif;\"><span style=\"font-size: small;\">Timbre \u00e0 date 1 PARIS 1 PASSY-LES-PARIS 13 JUIL. 75<\/span><\/span><\/p>\n<p align=\"CENTER\">.<\/p>\n<p align=\"CENTER\"><img loading=\"lazy\" decoding=\"async\" class=\"alignnone size-full wp-image-7958\" src=\"http:\/\/cpl14.fr\/wp-content\/uploads\/2020\/11\/48.png\" alt=\"\" width=\"600\" height=\"382\" srcset=\"https:\/\/cpl14.fr\/wp-content\/uploads\/2020\/11\/48.png 600w, https:\/\/cpl14.fr\/wp-content\/uploads\/2020\/11\/48-300x191.png 300w\" sizes=\"auto, (max-width: 600px) 100vw, 600px\" \/><\/p>\n<p align=\"CENTER\"><span style=\"font-family: Arial, sans-serif;\"><span style=\"font-size: small;\">Losange gros chiffres 2793 sur lettre pour Paris<\/span><\/span><\/p>\n<p align=\"CENTER\"><span style=\"font-family: Arial, sans-serif;\"><span style=\"font-size: small;\">Timbre \u00e0 date 1 PARIS 1 PASSY 22 DEC. 75<\/span><\/span><\/p>\n<p align=\"CENTER\">.<\/p>\n<p align=\"JUSTIFY\"><span style=\"font-family: Arial, sans-serif;\"><span style=\"font-size: medium;\">Le nouveau bureau de Passy fut ouvert le 16 janvier 1872. Le num\u00e9ro 6120 lui fut attribu\u00e9. Des griffes gros chiffres et des cachets \u00e0 date type 17 libell\u00e9s PARIS 2 PASSY 2 furent envoy\u00e9es au nouveau bureau.<\/span><\/span><\/p>\n<p style=\"text-align: center;\" align=\"JUSTIFY\"><img loading=\"lazy\" decoding=\"async\" class=\"alignnone size-full wp-image-7959\" src=\"http:\/\/cpl14.fr\/wp-content\/uploads\/2020\/11\/49.png\" alt=\"\" width=\"600\" height=\"393\" srcset=\"https:\/\/cpl14.fr\/wp-content\/uploads\/2020\/11\/49.png 600w, https:\/\/cpl14.fr\/wp-content\/uploads\/2020\/11\/49-300x197.png 300w\" sizes=\"auto, (max-width: 600px) 100vw, 600px\" \/><\/p>\n<p align=\"CENTER\"><span style=\"font-family: Arial, sans-serif;\"><span style=\"font-size: small;\">Losange gros chiffres 6120 sur carte pour Paris <\/span><\/span><\/p>\n<p align=\"CENTER\"><span style=\"font-family: Arial, sans-serif;\"><span style=\"font-size: small;\">Timbre \u00e0 date 2 PARIS 2 PASSY 12 DEC. 75<\/span><\/span><\/p>\n<p align=\"CENTER\">.<\/p>\n<p align=\"CENTER\"><img loading=\"lazy\" decoding=\"async\" class=\"alignnone size-full wp-image-7960\" src=\"http:\/\/cpl14.fr\/wp-content\/uploads\/2020\/11\/50.png\" alt=\"\" width=\"700\" height=\"507\" srcset=\"https:\/\/cpl14.fr\/wp-content\/uploads\/2020\/11\/50.png 700w, https:\/\/cpl14.fr\/wp-content\/uploads\/2020\/11\/50-300x217.png 300w\" sizes=\"auto, (max-width: 700px) 100vw, 700px\" \/><\/p>\n<p align=\"CENTER\"><span style=\"font-family: Arial, sans-serif;\"><span style=\"font-size: small;\">Losange gros chiffres 6120 sur lettre recommand\u00e9e pour St Quentin<\/span><\/span><\/p>\n<p align=\"CENTER\"><span style=\"font-family: Arial, sans-serif;\"><span style=\"font-size: small;\">Timbre \u00e0 date 2 PARIS 2 PASSY 6 DEC. 74<\/span><\/span><\/p>\n<p align=\"CENTER\">.<\/p>\n<p align=\"JUSTIFY\"><span style=\"font-family: Arial, sans-serif;\"><span style=\"font-size: medium;\">A partir de fin mars 1876, le cachet losange gros chiffres est remplac\u00e9 par le cachet \u00e0 date.<\/span><\/span><\/p>\n<p align=\"JUSTIFY\"><img loading=\"lazy\" decoding=\"async\" class=\"size-full wp-image-7961 aligncenter\" src=\"http:\/\/cpl14.fr\/wp-content\/uploads\/2020\/11\/51.png\" alt=\"\" width=\"600\" height=\"401\" srcset=\"https:\/\/cpl14.fr\/wp-content\/uploads\/2020\/11\/51.png 600w, https:\/\/cpl14.fr\/wp-content\/uploads\/2020\/11\/51-300x201.png 300w\" sizes=\"auto, (max-width: 600px) 100vw, 600px\" \/><\/p>\n<p align=\"CENTER\"><span style=\"font-family: Arial, sans-serif;\"><span style=\"font-size: small;\">Timbre \u00e0 date 1 PARIS 1 PASSY sur carte pour Paris 11 JUIN 76<\/span><\/span><\/p>\n<p align=\"CENTER\">.<\/p>\n<p align=\"CENTER\"><img loading=\"lazy\" decoding=\"async\" class=\"alignnone size-full wp-image-7962\" src=\"http:\/\/cpl14.fr\/wp-content\/uploads\/2020\/11\/52.png\" alt=\"\" width=\"700\" height=\"541\" srcset=\"https:\/\/cpl14.fr\/wp-content\/uploads\/2020\/11\/52.png 700w, https:\/\/cpl14.fr\/wp-content\/uploads\/2020\/11\/52-300x232.png 300w\" sizes=\"auto, (max-width: 700px) 100vw, 700px\" \/><\/p>\n<p align=\"CENTER\"><span style=\"font-family: Arial, sans-serif;\"><span style=\"font-size: small;\">Timbre \u00e0 date 2 PARIS 2 PASSY sur lettre pour Vienne 7 MAI 76<\/span><\/span><\/p>\n<p align=\"CENTER\">.<\/p>\n<p align=\"CENTER\"><a href=\"http:\/\/cpl14.fr\/?p=7871&amp;preview=true\">Retour \u00e0 l&rsquo;article Le Grand Paris de 1860<\/a><\/p>\n<p style=\"text-align: right;\" align=\"CENTER\">Collection Patrick Caillot<\/p>\n","protected":false},"excerpt":{"rendered":"<div class=\"mh-excerpt\"><p>assy \u00e9tait un agr\u00e9able village b\u00e2ti sur une colline creus\u00e9e de nombreuses carri\u00e8res. Les h\u00f4tels particuliers et les maisons \u00e9taient lou\u00e9es par appartement \u00e0 un <a class=\"mh-excerpt-more\" href=\"https:\/\/cpl14.fr\/?page_id=7945\" title=\"PASSY-LES-PARIS\">[&#8230;]<\/a><\/p>\n<\/div>","protected":false},"author":1,"featured_media":0,"parent":0,"menu_order":0,"comment_status":"closed","ping_status":"closed","template":"","meta":{"footnotes":""},"class_list":["post-7945","page","type-page","status-publish","hentry"],"_links":{"self":[{"href":"https:\/\/cpl14.fr\/index.php?rest_route=\/wp\/v2\/pages\/7945","targetHints":{"allow":["GET"]}}],"collection":[{"href":"https:\/\/cpl14.fr\/index.php?rest_route=\/wp\/v2\/pages"}],"about":[{"href":"https:\/\/cpl14.fr\/index.php?rest_route=\/wp\/v2\/types\/page"}],"author":[{"embeddable":true,"href":"https:\/\/cpl14.fr\/index.php?rest_route=\/wp\/v2\/users\/1"}],"replies":[{"embeddable":true,"href":"https:\/\/cpl14.fr\/index.php?rest_route=%2Fwp%2Fv2%2Fcomments&post=7945"}],"version-history":[{"count":3,"href":"https:\/\/cpl14.fr\/index.php?rest_route=\/wp\/v2\/pages\/7945\/revisions"}],"predecessor-version":[{"id":7969,"href":"https:\/\/cpl14.fr\/index.php?rest_route=\/wp\/v2\/pages\/7945\/revisions\/7969"}],"wp:attachment":[{"href":"https:\/\/cpl14.fr\/index.php?rest_route=%2Fwp%2Fv2%2Fmedia&parent=7945"}],"curies":[{"name":"wp","href":"https:\/\/api.w.org\/{rel}","templated":true}]}}