{"id":7983,"date":"2020-11-30T18:33:18","date_gmt":"2020-11-30T17:33:18","guid":{"rendered":"http:\/\/cpl14.fr\/?page_id=7983"},"modified":"2020-11-30T18:33:52","modified_gmt":"2020-11-30T17:33:52","slug":"les-batignolles","status":"publish","type":"page","link":"https:\/\/cpl14.fr\/?page_id=7983","title":{"rendered":"LES BATIGNOLLES"},"content":{"rendered":"<p align=\"JUSTIFY\"><span style=\"font-family: Arial, sans-serif;\"><span style=\"font-size: medium;\">La commune des Batignolles fut cr\u00e9\u00e9e en 1830 en la d\u00e9tachant de celle de Clichy. En 1860, la commune est supprim\u00e9e et la plus grande partie est int\u00e9gr\u00e9e au 17<sup>\u00e8me<\/sup> arrondissement de Paris.<\/span><\/span><\/p>\n<p align=\"JUSTIFY\"><span style=\"font-family: Arial, sans-serif;\"><span style=\"font-size: medium;\">Le bureau de poste \u00e9tait situ\u00e9 10 rue de l\u2019H\u00f4tel-de-Ville, la rue des Batignolles fut form\u00e9e des anciennes \u00a0rue de l&rsquo;\u00c9glise\u00a0 et \u00a0rue de l&rsquo;H\u00f4tel-de-Ville re\u00e7ut son nom actuel en 1868. Le losange oblit\u00e9rant petits chiffres 2386 fut utilis\u00e9 jusqu\u2019\u00e0 fin 1862.<\/span><\/span><\/p>\n<p align=\"JUSTIFY\"><span style=\"font-family: Arial, sans-serif;\"><span style=\"font-size: medium;\">En 1871 l\u2019administration des Postes d\u00e9cida la cr\u00e9ation d\u2019un deuxi\u00e8me bureau dans le quartier Monceau. Le bureau de la rue des Batignolles devint le bureau de quartier PARIS 1 BATIGNOLLES. <\/span><\/span><\/p>\n<p align=\"JUSTIFY\"><img loading=\"lazy\" decoding=\"async\" class=\"size-full wp-image-7985 aligncenter\" src=\"http:\/\/cpl14.fr\/wp-content\/uploads\/2020\/11\/57.png\" alt=\"\" width=\"700\" height=\"402\" srcset=\"https:\/\/cpl14.fr\/wp-content\/uploads\/2020\/11\/57.png 700w, https:\/\/cpl14.fr\/wp-content\/uploads\/2020\/11\/57-300x172.png 300w\" sizes=\"auto, (max-width: 700px) 100vw, 700px\" \/><\/p>\n<p align=\"CENTER\"><span style=\"font-family: Arial, sans-serif;\"><span style=\"font-size: small;\">Losange petits chiffres 285 sur lettre pour Paris <\/span><\/span><\/p>\n<p align=\"CENTER\"><span style=\"font-family: Arial, sans-serif;\"><span style=\"font-size: small;\">timbre \u00e0 date LES BATIGNOLLES (60) 28 AOUT 62<\/span><\/span><\/p>\n<p align=\"CENTER\">.<\/p>\n<p align=\"CENTER\"><img loading=\"lazy\" decoding=\"async\" class=\"size-full wp-image-7986 aligncenter\" src=\"http:\/\/cpl14.fr\/wp-content\/uploads\/2020\/11\/58.png\" alt=\"\" width=\"700\" height=\"456\" srcset=\"https:\/\/cpl14.fr\/wp-content\/uploads\/2020\/11\/58.png 700w, https:\/\/cpl14.fr\/wp-content\/uploads\/2020\/11\/58-300x195.png 300w\" sizes=\"auto, (max-width: 700px) 100vw, 700px\" \/><\/p>\n<p align=\"CENTER\"><span style=\"font-family: Arial, sans-serif;\"><span style=\"font-size: small;\">Losange gros chiffres 347 sur lettre pour Tournai en Belgique <\/span><\/span><\/p>\n<p align=\"CENTER\"><span style=\"font-family: Arial, sans-serif;\"><span style=\"font-size: small;\">timbre \u00e0 date LES BATIGNOLLES (60) 15 JUIL. 64<\/span><\/span><\/p>\n<p align=\"CENTER\">.<\/p>\n<p align=\"CENTER\"><img loading=\"lazy\" decoding=\"async\" class=\"size-full wp-image-7987 aligncenter\" src=\"http:\/\/cpl14.fr\/wp-content\/uploads\/2020\/11\/59.png\" alt=\"\" width=\"700\" height=\"553\" srcset=\"https:\/\/cpl14.fr\/wp-content\/uploads\/2020\/11\/59.png 700w, https:\/\/cpl14.fr\/wp-content\/uploads\/2020\/11\/59-300x237.png 300w\" sizes=\"auto, (max-width: 700px) 100vw, 700px\" \/><\/p>\n<p align=\"CENTER\"><span style=\"font-family: Arial, sans-serif;\"><span style=\"font-size: small;\">Losange gros chiffres 347 sur lettre pour Paris<\/span><\/span><\/p>\n<p align=\"CENTER\"><span style=\"font-family: Arial, sans-serif;\"><span style=\"font-size: small;\">timbre \u00e0 date PARIS LES BATIGNOLLES 30 NOV. 73<\/span><\/span><\/p>\n<p align=\"CENTER\">.<\/p>\n<p align=\"CENTER\"><img loading=\"lazy\" decoding=\"async\" class=\"size-full wp-image-7988 aligncenter\" src=\"http:\/\/cpl14.fr\/wp-content\/uploads\/2020\/11\/60.png\" alt=\"\" width=\"700\" height=\"320\" srcset=\"https:\/\/cpl14.fr\/wp-content\/uploads\/2020\/11\/60.png 700w, https:\/\/cpl14.fr\/wp-content\/uploads\/2020\/11\/60-300x137.png 300w\" sizes=\"auto, (max-width: 700px) 100vw, 700px\" \/><\/p>\n<p align=\"CENTER\"><span style=\"font-family: Arial, sans-serif;\"><span style=\"font-size: small;\">Losange gros chiffres 347 sur lettre pour Paris<\/span><\/span><\/p>\n<p align=\"CENTER\"><span style=\"font-family: Arial, sans-serif;\"><span style=\"font-size: small;\">timbre \u00e0 date PARIS 1 BATIGNOLLES 1\u00a0 \u00a021 JANV. 76<\/span><\/span><\/p>\n<p align=\"CENTER\">.<\/p>\n<p align=\"JUSTIFY\"><span style=\"font-family: Arial, sans-serif;\"><span style=\"font-size: medium;\">Le bureau de Monceau PARIS 2 BATIGNOLLES se vit attribuer le num\u00e9ro 6121.<\/span><\/span><\/p>\n<p align=\"JUSTIFY\"><img loading=\"lazy\" decoding=\"async\" class=\"size-full wp-image-7989 aligncenter\" src=\"http:\/\/cpl14.fr\/wp-content\/uploads\/2020\/11\/61.png\" alt=\"\" width=\"700\" height=\"451\" srcset=\"https:\/\/cpl14.fr\/wp-content\/uploads\/2020\/11\/61.png 700w, https:\/\/cpl14.fr\/wp-content\/uploads\/2020\/11\/61-300x193.png 300w\" sizes=\"auto, (max-width: 700px) 100vw, 700px\" \/><\/p>\n<p align=\"CENTER\"><span style=\"font-family: Arial, sans-serif;\"><span style=\"font-size: small;\">Losange gros chiffres 6121 sur lettre pour la province<\/span><\/span><\/p>\n<p align=\"CENTER\"><span style=\"font-family: Arial, sans-serif;\"><span style=\"font-size: small;\">timbre \u00e0 date PARIS 2 LES BATIGNOLLES 2 13 MARS 72<\/span><\/span><\/p>\n<p align=\"CENTER\">.<\/p>\n<p align=\"JUSTIFY\"><span style=\"font-family: Arial, sans-serif;\"><span style=\"font-size: medium;\">A partir de fin mars 1876, le cachet \u00e0 date remplace le losange gros chiffres.<\/span><\/span><\/p>\n<p align=\"JUSTIFY\"><img loading=\"lazy\" decoding=\"async\" class=\"size-full wp-image-7990 aligncenter\" src=\"http:\/\/cpl14.fr\/wp-content\/uploads\/2020\/11\/62.png\" alt=\"\" width=\"700\" height=\"460\" srcset=\"https:\/\/cpl14.fr\/wp-content\/uploads\/2020\/11\/62.png 700w, https:\/\/cpl14.fr\/wp-content\/uploads\/2020\/11\/62-300x197.png 300w\" sizes=\"auto, (max-width: 700px) 100vw, 700px\" \/><\/p>\n<p align=\"CENTER\"><span style=\"font-family: Arial, sans-serif;\"><span style=\"font-size: small;\">Timbre \u00e0 date PARIS 2 LES BATIGNOLLES 2 sur lettre pour la Norv\u00e8ge<\/span><\/span><\/p>\n<p align=\"CENTER\"><span style=\"font-family: Arial, sans-serif;\"><span style=\"font-size: small;\">13 MARS 72<\/span><\/span><\/p>\n<p align=\"CENTER\">.<\/p>\n<p align=\"CENTER\"><a href=\"http:\/\/cpl14.fr\/?p=7871&amp;preview=true\">Retour \u00e0 l&rsquo;article Le Grand Paris de 1860<\/a><\/p>\n<p style=\"text-align: right;\" align=\"CENTER\">Collection Patrick Caillot<\/p>\n","protected":false},"excerpt":{"rendered":"<div class=\"mh-excerpt\"><p>La commune des Batignolles fut cr\u00e9\u00e9e en 1830 en la d\u00e9tachant de celle de Clichy. En 1860, la commune est supprim\u00e9e et la plus grande <a class=\"mh-excerpt-more\" href=\"https:\/\/cpl14.fr\/?page_id=7983\" title=\"LES BATIGNOLLES\">[&#8230;]<\/a><\/p>\n<\/div>","protected":false},"author":1,"featured_media":0,"parent":0,"menu_order":0,"comment_status":"closed","ping_status":"closed","template":"","meta":{"footnotes":""},"class_list":["post-7983","page","type-page","status-publish","hentry"],"_links":{"self":[{"href":"https:\/\/cpl14.fr\/index.php?rest_route=\/wp\/v2\/pages\/7983","targetHints":{"allow":["GET"]}}],"collection":[{"href":"https:\/\/cpl14.fr\/index.php?rest_route=\/wp\/v2\/pages"}],"about":[{"href":"https:\/\/cpl14.fr\/index.php?rest_route=\/wp\/v2\/types\/page"}],"author":[{"embeddable":true,"href":"https:\/\/cpl14.fr\/index.php?rest_route=\/wp\/v2\/users\/1"}],"replies":[{"embeddable":true,"href":"https:\/\/cpl14.fr\/index.php?rest_route=%2Fwp%2Fv2%2Fcomments&post=7983"}],"version-history":[{"count":3,"href":"https:\/\/cpl14.fr\/index.php?rest_route=\/wp\/v2\/pages\/7983\/revisions"}],"predecessor-version":[{"id":7992,"href":"https:\/\/cpl14.fr\/index.php?rest_route=\/wp\/v2\/pages\/7983\/revisions\/7992"}],"wp:attachment":[{"href":"https:\/\/cpl14.fr\/index.php?rest_route=%2Fwp%2Fv2%2Fmedia&parent=7983"}],"curies":[{"name":"wp","href":"https:\/\/api.w.org\/{rel}","templated":true}]}}