{"id":7993,"date":"2020-11-30T18:45:13","date_gmt":"2020-11-30T17:45:13","guid":{"rendered":"http:\/\/cpl14.fr\/?page_id=7993"},"modified":"2020-11-30T18:45:13","modified_gmt":"2020-11-30T17:45:13","slug":"montmartre","status":"publish","type":"page","link":"https:\/\/cpl14.fr\/?page_id=7993","title":{"rendered":"MONTMARTRE"},"content":{"rendered":"<p align=\"JUSTIFY\"><span style=\"font-family: Arial, sans-serif;\"><span style=\"font-size: medium;\">Le village de Montmartre situ\u00e9 au sommet de la colline \u00e9tait constitu\u00e9 de petites maisons et de moulins \u00e0 vent et peupl\u00e9 de paysans. La commune de Montmartre connut une tr\u00e8s forte progression d\u00e9mographique entre 1830 et 1860 et atteignait 40 000 habitants en 1860. L\u2019arriv\u00e9e de populations chass\u00e9es par les travaux d\u2019Hausmann en est l\u2019une des causes. <\/span><\/span><\/p>\n<p align=\"JUSTIFY\"><span style=\"font-family: Arial, sans-serif;\"><span style=\"font-size: medium;\">Au 1<\/span><\/span><sup><span style=\"font-family: Arial, sans-serif;\"><span style=\"font-size: medium;\">er<\/span><\/span><\/sup><span style=\"font-family: Arial, sans-serif;\"><span style=\"font-size: medium;\"> janvier 1860, la commune de Montmartre fut dissoute et la plus grande partie, situ\u00e9e \u00e0 l&rsquo;int\u00e9rieur de l&rsquo;enceinte, fut rattach\u00e9e \u00e0 Paris au sein du 18<\/span><\/span><sup><span style=\"font-family: Arial, sans-serif;\"><span style=\"font-size: medium;\">e<\/span><\/span><\/sup><span style=\"font-family: Arial, sans-serif;\"><span style=\"font-size: medium;\"> arrondissement<\/span><\/span><span style=\"font-family: Arial, sans-serif;\"><span style=\"font-size: medium;\">, appel\u00e9 \u00ab\u00a0Buttes-Montmartre\u00a0\u00bb\u00a0; la petite partie restante, situ\u00e9e hors des fortifications, fut rattach\u00e9e \u00e0 la commune de Saint-Ouen. <\/span><\/span><\/p>\n<p align=\"JUSTIFY\"><span style=\"font-family: Arial, sans-serif;\"><span style=\"font-size: medium;\">Le bureau de poste est situ\u00e9 au 11 rue de l\u2019Abbaye qui prit la d\u00e9nomination de rue des Abbesses en 1867. Le losange oblit\u00e9rant petits chiffres 2116 fut utilis\u00e9 jusqu\u2019\u00e0 fin<i> <\/i>1862.<\/span><\/span><\/p>\n<p align=\"JUSTIFY\"><img loading=\"lazy\" decoding=\"async\" class=\"size-full wp-image-7994 aligncenter\" src=\"http:\/\/cpl14.fr\/wp-content\/uploads\/2020\/11\/63.png\" alt=\"\" width=\"700\" height=\"319\" srcset=\"https:\/\/cpl14.fr\/wp-content\/uploads\/2020\/11\/63.png 700w, https:\/\/cpl14.fr\/wp-content\/uploads\/2020\/11\/63-300x137.png 300w\" sizes=\"auto, (max-width: 700px) 100vw, 700px\" \/><\/p>\n<p align=\"CENTER\"><span style=\"font-family: Arial, sans-serif;\"><span style=\"font-size: small;\">Losange petits chiffres 2116 sur lettre pour Paris,<\/span><\/span><\/p>\n<p align=\"CENTER\"><span style=\"font-family: Arial, sans-serif;\"><span style=\"font-size: small;\">timbre \u00e0 date MONTMARTRE (60) <i>6 NOV. 62<\/i><\/span><\/span><\/p>\n<p align=\"CENTER\">.<\/p>\n<p><span style=\"font-family: Arial, sans-serif;\"><span style=\"font-size: medium;\">Le losange gros chiffres 2488 rempla\u00e7a le losange petits chiffres en fin 1862.<\/span><\/span><\/p>\n<p><img loading=\"lazy\" decoding=\"async\" class=\"size-full wp-image-7995 aligncenter\" src=\"http:\/\/cpl14.fr\/wp-content\/uploads\/2020\/11\/64.png\" alt=\"\" width=\"700\" height=\"414\" srcset=\"https:\/\/cpl14.fr\/wp-content\/uploads\/2020\/11\/64.png 700w, https:\/\/cpl14.fr\/wp-content\/uploads\/2020\/11\/64-300x177.png 300w\" sizes=\"auto, (max-width: 700px) 100vw, 700px\" \/><\/p>\n<p align=\"CENTER\"><span style=\"font-family: Arial, sans-serif;\"><span style=\"font-size: small;\">Losange gros chiffres 2488 sur lettre pour Paris,<\/span><\/span><\/p>\n<p align=\"CENTER\"><span style=\"font-family: Arial, sans-serif;\"><span style=\"font-size: small;\">timbre \u00e0 date MONTMARTRE (60) <i>17 AOUT 65<\/i><\/span><\/span><\/p>\n<p align=\"CENTER\">.<\/p>\n<p align=\"CENTER\"><img loading=\"lazy\" decoding=\"async\" class=\"size-full wp-image-7996 aligncenter\" src=\"http:\/\/cpl14.fr\/wp-content\/uploads\/2020\/11\/65.png\" alt=\"\" width=\"700\" height=\"473\" srcset=\"https:\/\/cpl14.fr\/wp-content\/uploads\/2020\/11\/65.png 700w, https:\/\/cpl14.fr\/wp-content\/uploads\/2020\/11\/65-300x203.png 300w\" sizes=\"auto, (max-width: 700px) 100vw, 700px\" \/><\/p>\n<p align=\"CENTER\"><span style=\"font-family: Arial, sans-serif;\"><span style=\"font-size: small;\">Losange petits chiffres des gros chiffres 2488 sur lettre pour Reims, timbre \u00e0 date MONTMARTRE (60) <i>19 AVRIL 64<\/i><\/span><\/span><\/p>\n<p align=\"CENTER\">.<\/p>\n<p align=\"CENTER\"><img loading=\"lazy\" decoding=\"async\" class=\"size-full wp-image-7997 aligncenter\" src=\"http:\/\/cpl14.fr\/wp-content\/uploads\/2020\/11\/66.png\" alt=\"\" width=\"700\" height=\"455\" srcset=\"https:\/\/cpl14.fr\/wp-content\/uploads\/2020\/11\/66.png 700w, https:\/\/cpl14.fr\/wp-content\/uploads\/2020\/11\/66-300x195.png 300w\" sizes=\"auto, (max-width: 700px) 100vw, 700px\" \/><\/p>\n<p align=\"CENTER\"><span style=\"font-family: Arial, sans-serif;\"><span style=\"font-size: small;\">Losange gros chiffres 2488 sur lettre pour l\u2019Ard\u00e8che,<\/span><\/span><\/p>\n<p align=\"CENTER\"><span style=\"font-family: Arial, sans-serif;\"><span style=\"font-size: small;\">timbre \u00e0 date PARIS MONTMARTRE <i>12 MARS 71<\/i><\/span><\/span><\/p>\n<p align=\"CENTER\">.<\/p>\n<p align=\"CENTER\"><img loading=\"lazy\" decoding=\"async\" class=\"size-full wp-image-7998 aligncenter\" src=\"http:\/\/cpl14.fr\/wp-content\/uploads\/2020\/11\/67.png\" alt=\"\" width=\"700\" height=\"470\" srcset=\"https:\/\/cpl14.fr\/wp-content\/uploads\/2020\/11\/67.png 700w, https:\/\/cpl14.fr\/wp-content\/uploads\/2020\/11\/67-300x201.png 300w\" sizes=\"auto, (max-width: 700px) 100vw, 700px\" \/><\/p>\n<p align=\"CENTER\"><span style=\"color: #000000;\"><span style=\"font-family: Arial, sans-serif;\"><span style=\"font-size: small;\">Losange gros chiffres 2488 sur lettre pour B\u00e9ziers, <\/span><\/span><\/span><\/p>\n<p align=\"CENTER\"><span style=\"font-family: Arial, sans-serif;\"><span style=\"font-size: small;\">timbre \u00e0 date PARIS MONTMARTRE <i>2 JUIL. 74<\/i><\/span><\/span><\/p>\n<p align=\"CENTER\">.<\/p>\n<p align=\"CENTER\"><img loading=\"lazy\" decoding=\"async\" class=\"alignnone size-full wp-image-7999\" src=\"http:\/\/cpl14.fr\/wp-content\/uploads\/2020\/11\/68.png\" alt=\"\" width=\"700\" height=\"470\" srcset=\"https:\/\/cpl14.fr\/wp-content\/uploads\/2020\/11\/68.png 700w, https:\/\/cpl14.fr\/wp-content\/uploads\/2020\/11\/68-300x201.png 300w\" sizes=\"auto, (max-width: 700px) 100vw, 700px\" \/><\/p>\n<p align=\"CENTER\"><img loading=\"lazy\" decoding=\"async\" class=\"alignnone size-full wp-image-8000\" src=\"http:\/\/cpl14.fr\/wp-content\/uploads\/2020\/11\/69.png\" alt=\"\" width=\"300\" height=\"245\" \/><\/p>\n<p align=\"CENTER\"><span style=\"color: #000000;\"><span style=\"font-family: Arial, sans-serif;\"><span style=\"font-size: small;\">Losange gros chiffres 2488 retouch\u00e9 sur lettre pour le Rh\u00f4ne, <\/span><\/span><\/span><\/p>\n<p align=\"CENTER\"><span style=\"font-family: Arial, sans-serif;\"><span style=\"font-size: small;\">timbre \u00e0 date PARIS MONTMARTRE <i>13 DEC.71<\/i><\/span><\/span><\/p>\n<p align=\"CENTER\">.<\/p>\n<p align=\"CENTER\"><img loading=\"lazy\" decoding=\"async\" class=\"size-full wp-image-8001 aligncenter\" src=\"http:\/\/cpl14.fr\/wp-content\/uploads\/2020\/11\/70.png\" alt=\"\" width=\"700\" height=\"479\" srcset=\"https:\/\/cpl14.fr\/wp-content\/uploads\/2020\/11\/70.png 700w, https:\/\/cpl14.fr\/wp-content\/uploads\/2020\/11\/70-300x205.png 300w\" sizes=\"auto, (max-width: 700px) 100vw, 700px\" \/><\/p>\n<p align=\"CENTER\"><span style=\"font-family: Arial, sans-serif;\"><span style=\"font-size: small;\">Timbre \u00e0 date PARIS MONTMARTRE 1\u00b0 sur lettre pour l\u2019Aveyron <i>17 AVRIL 76<\/i><\/span><\/span><\/p>\n<p align=\"CENTER\">.<\/p>\n<p align=\"JUSTIFY\"><span style=\"color: #000000;\"><span style=\"font-family: Arial, sans-serif;\"><span style=\"font-size: medium;\">A partir de 1871 un deuxi\u00e8me bureau de poste fut ouvert \u00e0 Montmartre dans le quartier Clignancourt. Le nouveau bureau appel\u00e9 Paris 2 Montmartre se vit attribuer le num\u00e9ro 6122 dans la nomenclature des gros chiffres.<\/span><\/span><\/span><\/p>\n<p align=\"JUSTIFY\"><img loading=\"lazy\" decoding=\"async\" class=\"size-full wp-image-8002 aligncenter\" src=\"http:\/\/cpl14.fr\/wp-content\/uploads\/2020\/11\/71.png\" alt=\"\" width=\"700\" height=\"366\" srcset=\"https:\/\/cpl14.fr\/wp-content\/uploads\/2020\/11\/71.png 700w, https:\/\/cpl14.fr\/wp-content\/uploads\/2020\/11\/71-300x157.png 300w\" sizes=\"auto, (max-width: 700px) 100vw, 700px\" \/><\/p>\n<p align=\"CENTER\"><span style=\"color: #000000;\"><span style=\"font-family: Arial, sans-serif;\"><span style=\"font-size: small;\">Losange gros chiffres 6122 sur lettre pour Mirecourt, <\/span><\/span><\/span><\/p>\n<p align=\"CENTER\"><span style=\"font-family: Arial, sans-serif;\"><span style=\"font-size: small;\">timbre \u00e0 date 2 PARIS 2 MONTMARTRE <i>28 AVRIL 73<\/i><\/span><\/span><\/p>\n<p align=\"CENTER\">.<\/p>\n<p align=\"CENTER\"><a href=\"http:\/\/cpl14.fr\/?p=7871&amp;preview=true\">Retour \u00e0 l&rsquo;article Le Grand Paris de 1860<\/a><\/p>\n<p style=\"text-align: right;\" align=\"CENTER\">collection Patrick Caillot<\/p>\n","protected":false},"excerpt":{"rendered":"<div class=\"mh-excerpt\"><p>Le village de Montmartre situ\u00e9 au sommet de la colline \u00e9tait constitu\u00e9 de petites maisons et de moulins \u00e0 vent et peupl\u00e9 de paysans. La <a class=\"mh-excerpt-more\" href=\"https:\/\/cpl14.fr\/?page_id=7993\" title=\"MONTMARTRE\">[&#8230;]<\/a><\/p>\n<\/div>","protected":false},"author":1,"featured_media":0,"parent":0,"menu_order":0,"comment_status":"closed","ping_status":"closed","template":"","meta":{"footnotes":""},"class_list":["post-7993","page","type-page","status-publish","hentry"],"_links":{"self":[{"href":"https:\/\/cpl14.fr\/index.php?rest_route=\/wp\/v2\/pages\/7993","targetHints":{"allow":["GET"]}}],"collection":[{"href":"https:\/\/cpl14.fr\/index.php?rest_route=\/wp\/v2\/pages"}],"about":[{"href":"https:\/\/cpl14.fr\/index.php?rest_route=\/wp\/v2\/types\/page"}],"author":[{"embeddable":true,"href":"https:\/\/cpl14.fr\/index.php?rest_route=\/wp\/v2\/users\/1"}],"replies":[{"embeddable":true,"href":"https:\/\/cpl14.fr\/index.php?rest_route=%2Fwp%2Fv2%2Fcomments&post=7993"}],"version-history":[{"count":1,"href":"https:\/\/cpl14.fr\/index.php?rest_route=\/wp\/v2\/pages\/7993\/revisions"}],"predecessor-version":[{"id":8003,"href":"https:\/\/cpl14.fr\/index.php?rest_route=\/wp\/v2\/pages\/7993\/revisions\/8003"}],"wp:attachment":[{"href":"https:\/\/cpl14.fr\/index.php?rest_route=%2Fwp%2Fv2%2Fmedia&parent=7993"}],"curies":[{"name":"wp","href":"https:\/\/api.w.org\/{rel}","templated":true}]}}