{"id":8014,"date":"2020-12-01T10:15:19","date_gmt":"2020-12-01T09:15:19","guid":{"rendered":"http:\/\/cpl14.fr\/?page_id=8014"},"modified":"2020-12-01T10:15:19","modified_gmt":"2020-12-01T09:15:19","slug":"la-villette","status":"publish","type":"page","link":"https:\/\/cpl14.fr\/?page_id=8014","title":{"rendered":"LA VILLETTE"},"content":{"rendered":"<p align=\"JUSTIFY\"><span style=\"color: #000000;\"><span style=\"font-family: Arial, sans-serif;\"><span style=\"font-size: medium;\">La Villette poss\u00e9dait un atout\u00a0: la pr\u00e9sence sur son territoire d\u2019un bassin, point d\u2019intersection d\u2019un syst\u00e8me de trois canaux (Ourcq, Saint-Denis et Saint-Martin). D\u00e8s les ann\u00e9es 1820 alors que l\u2019activit\u00e9 restait encore avant tout li\u00e9e \u00e0 l\u2019exploitation de la terre, des activit\u00e9s commerciales et industrielles se d\u00e9velopp\u00e8rent le long des canaux. Les premi\u00e8res raffineries de sucre s\u2019y install\u00e8rent en 1824. En 1859 la commune de La Villette regroupait plus de trente-mille habitants,\u00a0il fut d\u00e9cid\u00e9 la construction d\u2019un march\u00e9 aux bestiaux et un abattoir entre le canal de l\u2019Ourcq et l\u2019enceinte fortifi\u00e9e. Les march\u00e9s de Sceaux et de Poissy furent ainsi transf\u00e9r\u00e9s \u00e0 l\u2019int\u00e9rieur des murs de Paris. En 1860 La Villette fut enti\u00e8rement annex\u00e9e par Paris. <\/span><\/span><\/span><\/p>\n<p align=\"JUSTIFY\"><span style=\"font-family: Arial, sans-serif;\"><span style=\"font-size: medium;\">Le bureau de poste situ\u00e9 au 101 rue de Flandres utilisa le losange petits chiffres 3637 jusqu\u2019\u00e0 fin d\u00e9cembre 1862.<\/span><\/span><\/p>\n<p align=\"JUSTIFY\"><img loading=\"lazy\" decoding=\"async\" class=\"size-full wp-image-8015 aligncenter\" src=\"http:\/\/cpl14.fr\/wp-content\/uploads\/2020\/12\/78.png\" alt=\"\" width=\"700\" height=\"311\" srcset=\"https:\/\/cpl14.fr\/wp-content\/uploads\/2020\/12\/78.png 700w, https:\/\/cpl14.fr\/wp-content\/uploads\/2020\/12\/78-300x133.png 300w\" sizes=\"auto, (max-width: 700px) 100vw, 700px\" \/><\/p>\n<p align=\"CENTER\"><span style=\"color: #000000;\"><span style=\"font-family: Arial, sans-serif;\"><span style=\"font-size: small;\">Losange petits chiffres 3637 sur lettre pour Paris<\/span><\/span><\/span><\/p>\n<p align=\"CENTER\"><span style=\"color: #000000;\"><span style=\"font-family: Arial, sans-serif;\"><span style=\"font-size: small;\"><span style=\"font-family: Cambria, serif;\"><span style=\"font-size: large;\">t<\/span><\/span>imbre \u00e0 date LA VILLETTE (60) <span style=\"color: #262626;\"><i>2O NOV. 57<\/i><\/span><\/span><\/span><\/span><\/p>\n<p align=\"CENTER\">.<\/p>\n<p align=\"JUSTIFY\"><span style=\"font-family: Arial, sans-serif;\"><span style=\"font-size: medium;\">En d\u00e9cembre 1862 le losange petits chiffres fut remplac\u00e9 par le losange gros chiffres 4277.<\/span><\/span><\/p>\n<p align=\"JUSTIFY\"><img loading=\"lazy\" decoding=\"async\" class=\"size-full wp-image-8016 aligncenter\" src=\"http:\/\/cpl14.fr\/wp-content\/uploads\/2020\/12\/79.png\" alt=\"\" width=\"700\" height=\"417\" srcset=\"https:\/\/cpl14.fr\/wp-content\/uploads\/2020\/12\/79.png 700w, https:\/\/cpl14.fr\/wp-content\/uploads\/2020\/12\/79-300x179.png 300w\" sizes=\"auto, (max-width: 700px) 100vw, 700px\" \/><\/p>\n<p align=\"CENTER\"><span style=\"color: #000000;\"><span style=\"font-family: Arial, sans-serif;\"><span style=\"font-size: small;\">Losange gros chiffres 4277 sur lettre pour Paris<\/span><\/span><\/span><\/p>\n<p align=\"CENTER\"><span style=\"color: #000000;\"><span style=\"font-family: Arial, sans-serif;\"><span style=\"font-size: small;\">timbre \u00e0 date LA VILLETTE (60) <span style=\"color: #262626;\"><i>24 NOV. 64<\/i><\/span><\/span><\/span><\/span><\/p>\n<p align=\"CENTER\">.<\/p>\n<p align=\"CENTER\"><img loading=\"lazy\" decoding=\"async\" class=\"size-full wp-image-8018 aligncenter\" src=\"http:\/\/cpl14.fr\/wp-content\/uploads\/2020\/12\/80.png\" alt=\"\" width=\"700\" height=\"440\" srcset=\"https:\/\/cpl14.fr\/wp-content\/uploads\/2020\/12\/80.png 700w, https:\/\/cpl14.fr\/wp-content\/uploads\/2020\/12\/80-300x189.png 300w\" sizes=\"auto, (max-width: 700px) 100vw, 700px\" \/><\/p>\n<p align=\"CENTER\"><span style=\"color: #000000;\"><span style=\"font-family: Arial, sans-serif;\"><span style=\"font-size: small;\">Losange gros chiffres 4277 sur lettre pour Lille,<\/span><\/span><\/span><\/p>\n<p align=\"CENTER\"><span style=\"color: #000000;\"><span style=\"font-family: Arial, sans-serif;\"><span style=\"font-size: small;\">cachet APRES LE DEPART,<\/span><\/span><\/span><\/p>\n<p align=\"CENTER\"><span style=\"color: #000000;\"><span style=\"font-family: Arial, sans-serif;\"><span style=\"font-size: small;\">timbre \u00e0 date PARIS LA VILLETTE <span style=\"color: #262626;\"><i>5 DEC. 66<\/i><\/span><\/span><\/span><\/span><\/p>\n<p align=\"CENTER\">.<\/p>\n<p align=\"CENTER\"><a href=\"http:\/\/cpl14.fr\/?p=7871&amp;preview=true\">retour \u00e0 l&rsquo;article Le Grand Paris de 1860<\/a><\/p>\n<p style=\"text-align: right;\" align=\"CENTER\">collection Patrick Caillot<\/p>\n","protected":false},"excerpt":{"rendered":"<div class=\"mh-excerpt\"><p>La Villette poss\u00e9dait un atout\u00a0: la pr\u00e9sence sur son territoire d\u2019un bassin, point d\u2019intersection d\u2019un syst\u00e8me de trois canaux (Ourcq, Saint-Denis et Saint-Martin). D\u00e8s les <a class=\"mh-excerpt-more\" href=\"https:\/\/cpl14.fr\/?page_id=8014\" title=\"LA VILLETTE\">[&#8230;]<\/a><\/p>\n<\/div>","protected":false},"author":1,"featured_media":0,"parent":0,"menu_order":0,"comment_status":"closed","ping_status":"closed","template":"","meta":{"footnotes":""},"class_list":["post-8014","page","type-page","status-publish","hentry"],"_links":{"self":[{"href":"https:\/\/cpl14.fr\/index.php?rest_route=\/wp\/v2\/pages\/8014","targetHints":{"allow":["GET"]}}],"collection":[{"href":"https:\/\/cpl14.fr\/index.php?rest_route=\/wp\/v2\/pages"}],"about":[{"href":"https:\/\/cpl14.fr\/index.php?rest_route=\/wp\/v2\/types\/page"}],"author":[{"embeddable":true,"href":"https:\/\/cpl14.fr\/index.php?rest_route=\/wp\/v2\/users\/1"}],"replies":[{"embeddable":true,"href":"https:\/\/cpl14.fr\/index.php?rest_route=%2Fwp%2Fv2%2Fcomments&post=8014"}],"version-history":[{"count":1,"href":"https:\/\/cpl14.fr\/index.php?rest_route=\/wp\/v2\/pages\/8014\/revisions"}],"predecessor-version":[{"id":8019,"href":"https:\/\/cpl14.fr\/index.php?rest_route=\/wp\/v2\/pages\/8014\/revisions\/8019"}],"wp:attachment":[{"href":"https:\/\/cpl14.fr\/index.php?rest_route=%2Fwp%2Fv2%2Fmedia&parent=8014"}],"curies":[{"name":"wp","href":"https:\/\/api.w.org\/{rel}","templated":true}]}}